{"id":197,"date":"2019-08-20T19:30:16","date_gmt":"2019-08-20T12:30:16","guid":{"rendered":"http:\/\/demo1.muathemewordpress.net\/?page_id=197"},"modified":"2019-09-03T16:20:32","modified_gmt":"2019-09-03T09:20:32","slug":"du-an","status":"publish","type":"page","link":"https:\/\/renren.vn\/w\/bds232011\/du-an","title":{"rendered":"D\u1ef1 \u00e1n"},"content":{"rendered":"\t<section class=\"section\" id=\"section_47291599\">\n\t\t<div class=\"bg section-bg fill bg-fill  bg-loaded\" >\n\n\t\t\t\n\t\t\t\n\t\t\t\n\n\t\t<\/div>\n\n\t\t<div class=\"section-content relative\">\n\t\t\t\n\t<div class=\"img has-hover x md-x lg-x y md-y lg-y\" id=\"image_119399990\">\n\t\t\t\t\t\t\t\t<div class=\"img-inner dark\" >\n\t\t\t<img width=\"1787\" height=\"484\" src=\"https:\/\/renren.vn\/w\/bds232011\/wp-content\/uploads\/2019\/09\/Banner-Du-An.jpg\" class=\"attachment-original size-original\" alt=\"\" loading=\"lazy\" srcset=\"https:\/\/renren.vn\/w\/bds232011\/wp-content\/uploads\/2019\/09\/Banner-Du-An.jpg 1787w, https:\/\/renren.vn\/w\/bds232011\/wp-content\/uploads\/2019\/09\/Banner-Du-An-600x163.jpg 600w, https:\/\/renren.vn\/w\/bds232011\/wp-content\/uploads\/2019\/09\/Banner-Du-An-768x208.jpg 768w, https:\/\/renren.vn\/w\/bds232011\/wp-content\/uploads\/2019\/09\/Banner-Du-An-1200x325.jpg 1200w\" sizes=\"(max-width: 1787px) 100vw, 1787px\" \/>\t\t\t\t\t\t\n\t\t\t\t\t<\/div>\n\t\t\t\t\t\t\t\t\n<style>\n#image_119399990 {\n  width: 100%;\n}\n<\/style>\n\t<\/div>\n\t\n\t\t<\/div>\n\n\t\t\n<style>\n#section_47291599 {\n  padding-top: 0px;\n  padding-bottom: 0px;\n}\n<\/style>\n\t<\/section>\n\t\n\t<section class=\"section\" id=\"section_1677176004\">\n\t\t<div class=\"bg section-bg fill bg-fill  bg-loaded\" >\n\n\t\t\t\n\t\t\t\n\t\t\t\n\n\t\t<\/div>\n\n\t\t<div class=\"section-content relative\">\n\t\t\t\n<div class=\"sago_title\">\n<h2>\nD\u1ef0 \u00c1N B\u1ea4T \u0110\u1ed8NG S\u1ea2N<\/h2>\n<div class=\"title-line\">\n<div class=\"tl-1\"><\/div>\n<div class=\"tl-2\"><\/div>\n<div class=\"tl-3\"><\/div>\n<\/div>\n<\/div>\n<div class=\"row\"  id=\"row-1388244629\">\n\n\t<div id=\"col-659366763\" class=\"col small-12 large-12\"  >\n\t\t<div class=\"col-inner\"  >\n\t\t\t\n\t\t\t\n<div id=\"portfolio-823897056\" class=\"portfolio-element-wrapper has-filtering\">\n  \n    <div class=\"row large-columns-4 medium-columns-3 small-columns-2 row-small\">\n              <div class=\"col\" data-id=\"\" >\n          <div class=\"col-inner\" >\n          <a href=\"https:\/\/renren.vn\/w\/bds232011\/du-an\/hoi-an-golden-sea\" class=\"plain \">\n          <div class=\"portfolio-box box has-hover box-normal\">\n            <div class=\"box-image\" >\n                <div class=\"image-overlay-add-50 image-zoom image-cover\" style=\"padding-top:230px;\">\n                <img width=\"600\" height=\"338\" src=\"https:\/\/renren.vn\/w\/bds232011\/wp-content\/uploads\/2019\/09\/to\u00e0n-c\u1ea3nh-golden-sea-h\u1ed9i-an-1-600x338.jpg\" class=\"attachment-medium size-medium\" alt=\"to\u00e0n c\u1ea3nh golden sea h\u1ed9i an\" loading=\"lazy\" srcset=\"https:\/\/renren.vn\/w\/bds232011\/wp-content\/uploads\/2019\/09\/to\u00e0n-c\u1ea3nh-golden-sea-h\u1ed9i-an-1-600x338.jpg 600w, https:\/\/renren.vn\/w\/bds232011\/wp-content\/uploads\/2019\/09\/to\u00e0n-c\u1ea3nh-golden-sea-h\u1ed9i-an-1-768x432.jpg 768w, https:\/\/renren.vn\/w\/bds232011\/wp-content\/uploads\/2019\/09\/to\u00e0n-c\u1ea3nh-golden-sea-h\u1ed9i-an-1-1200x675.jpg 1200w, https:\/\/renren.vn\/w\/bds232011\/wp-content\/uploads\/2019\/09\/to\u00e0n-c\u1ea3nh-golden-sea-h\u1ed9i-an-1.jpg 1500w\" sizes=\"(max-width: 600px) 100vw, 600px\" \/>                                                <\/div>\n            <\/div>\n            <div class=\"box-text show-on-hover hover-bounce text-center is-large\" >\n                  <div class=\"box-text-inner\">\n                      <h6 class=\"uppercase portfolio-box-title\">H\u1ed8I AN GOLDEN SEA<\/h6>\n                      <p class=\"uppercase portfolio-box-category is-xsmall op-6\">\n                        <span class=\"show-on-hover\">\n                                                 <\/span>\n                      <\/p>\n                  <\/div>\n            <\/div>\n           <\/div>\n           <\/a>\n           <\/div>\n           <\/div>\n                    <div class=\"col\" data-id=\"\" >\n          <div class=\"col-inner\" >\n          <a href=\"https:\/\/renren.vn\/w\/bds232011\/du-an\/vincom-shophouse-vinh\" class=\"plain \">\n          <div class=\"portfolio-box box has-hover box-normal\">\n            <div class=\"box-image\" >\n                <div class=\"image-overlay-add-50 image-zoom image-cover\" style=\"padding-top:230px;\">\n                <img width=\"600\" height=\"203\" src=\"https:\/\/renren.vn\/w\/bds232011\/wp-content\/uploads\/2019\/09\/shophouse-vinh-600x203.jpg\" class=\"attachment-medium size-medium\" alt=\"\" loading=\"lazy\" srcset=\"https:\/\/renren.vn\/w\/bds232011\/wp-content\/uploads\/2019\/09\/shophouse-vinh-600x203.jpg 600w, https:\/\/renren.vn\/w\/bds232011\/wp-content\/uploads\/2019\/09\/shophouse-vinh-768x259.jpg 768w, https:\/\/renren.vn\/w\/bds232011\/wp-content\/uploads\/2019\/09\/shophouse-vinh-1200x405.jpg 1200w, https:\/\/renren.vn\/w\/bds232011\/wp-content\/uploads\/2019\/09\/shophouse-vinh.jpg 2000w\" sizes=\"(max-width: 600px) 100vw, 600px\" \/>                                                <\/div>\n            <\/div>\n            <div class=\"box-text show-on-hover hover-bounce text-center is-large\" >\n                  <div class=\"box-text-inner\">\n                      <h6 class=\"uppercase portfolio-box-title\">Vincom Shophouse Vinh<\/h6>\n                      <p class=\"uppercase portfolio-box-category is-xsmall op-6\">\n                        <span class=\"show-on-hover\">\n                                                 <\/span>\n                      <\/p>\n                  <\/div>\n            <\/div>\n           <\/div>\n           <\/a>\n           <\/div>\n           <\/div>\n                    <div class=\"col\" data-id=\"C\u0103n h\u1ed9\" >\n          <div class=\"col-inner\" >\n          <a href=\"https:\/\/renren.vn\/w\/bds232011\/du-an\/can-ho\/homeland-paradise-village\" class=\"plain \">\n          <div class=\"portfolio-box box has-hover box-normal\">\n            <div class=\"box-image\" >\n                <div class=\"image-overlay-add-50 image-zoom image-cover\" style=\"padding-top:230px;\">\n                <img width=\"600\" height=\"308\" src=\"https:\/\/renren.vn\/w\/bds232011\/wp-content\/uploads\/2019\/09\/HOMELAND-PARADISE-VILLAGE-600x308.jpg\" class=\"attachment-medium size-medium\" alt=\"\" loading=\"lazy\" srcset=\"https:\/\/renren.vn\/w\/bds232011\/wp-content\/uploads\/2019\/09\/HOMELAND-PARADISE-VILLAGE-600x308.jpg 600w, https:\/\/renren.vn\/w\/bds232011\/wp-content\/uploads\/2019\/09\/HOMELAND-PARADISE-VILLAGE-768x394.jpg 768w, https:\/\/renren.vn\/w\/bds232011\/wp-content\/uploads\/2019\/09\/HOMELAND-PARADISE-VILLAGE-1200x616.jpg 1200w, https:\/\/renren.vn\/w\/bds232011\/wp-content\/uploads\/2019\/09\/HOMELAND-PARADISE-VILLAGE.jpg 1600w\" sizes=\"(max-width: 600px) 100vw, 600px\" \/>                                                <\/div>\n            <\/div>\n            <div class=\"box-text show-on-hover hover-bounce text-center is-large\" >\n                  <div class=\"box-text-inner\">\n                      <h6 class=\"uppercase portfolio-box-title\">HOMELAND PARADISE VILLAGE<\/h6>\n                      <p class=\"uppercase portfolio-box-category is-xsmall op-6\">\n                        <span class=\"show-on-hover\">\n                         C\u0103n h\u1ed9                        <\/span>\n                      <\/p>\n                  <\/div>\n            <\/div>\n           <\/div>\n           <\/a>\n           <\/div>\n           <\/div>\n                    <div class=\"col\" data-id=\"\u0110\u1ea5t n\u1ec1n, Nh\u00e0 ph\u1ed1\" >\n          <div class=\"col-inner\" >\n          <a href=\"https:\/\/renren.vn\/w\/bds232011\/du-an\/dat-nen,nha-pho\/fpt-city-da-nang\" class=\"plain \">\n          <div class=\"portfolio-box box has-hover box-normal\">\n            <div class=\"box-image\" >\n                <div class=\"image-overlay-add-50 image-zoom image-cover\" style=\"padding-top:230px;\">\n                <img width=\"600\" height=\"310\" src=\"https:\/\/renren.vn\/w\/bds232011\/wp-content\/uploads\/2019\/09\/fpt-city-\u0111\u00e0-n\u1eb5ng-600x310.jpg\" class=\"attachment-medium size-medium\" alt=\"\" loading=\"lazy\" srcset=\"https:\/\/renren.vn\/w\/bds232011\/wp-content\/uploads\/2019\/09\/fpt-city-\u0111\u00e0-n\u1eb5ng-600x310.jpg 600w, https:\/\/renren.vn\/w\/bds232011\/wp-content\/uploads\/2019\/09\/fpt-city-\u0111\u00e0-n\u1eb5ng-768x396.jpg 768w, https:\/\/renren.vn\/w\/bds232011\/wp-content\/uploads\/2019\/09\/fpt-city-\u0111\u00e0-n\u1eb5ng-1200x619.jpg 1200w\" sizes=\"(max-width: 600px) 100vw, 600px\" \/>                                                <\/div>\n            <\/div>\n            <div class=\"box-text show-on-hover hover-bounce text-center is-large\" >\n                  <div class=\"box-text-inner\">\n                      <h6 class=\"uppercase portfolio-box-title\">FPT CITY \u0110\u00c0 N\u1eb4NG<\/h6>\n                      <p class=\"uppercase portfolio-box-category is-xsmall op-6\">\n                        <span class=\"show-on-hover\">\n                         \u0110\u1ea5t n\u1ec1n, Nh\u00e0 ph\u1ed1                        <\/span>\n                      <\/p>\n                  <\/div>\n            <\/div>\n           <\/div>\n           <\/a>\n           <\/div>\n           <\/div>\n                    <div class=\"col\" data-id=\"C\u0103n h\u1ed9\" >\n          <div class=\"col-inner\" >\n          <a href=\"https:\/\/renren.vn\/w\/bds232011\/du-an\/can-ho\/du-an-nhon-hoi-new-city-phan-khu-2\" class=\"plain \">\n          <div class=\"portfolio-box box has-hover box-normal\">\n            <div class=\"box-image\" >\n                <div class=\"image-overlay-add-50 image-zoom image-cover\" style=\"padding-top:230px;\">\n                <img width=\"600\" height=\"263\" src=\"https:\/\/renren.vn\/w\/bds232011\/wp-content\/uploads\/2019\/09\/nh\u01a1n-h\u1ed9i-new-city-600x263.jpg\" class=\"attachment-medium size-medium\" alt=\"\" loading=\"lazy\" srcset=\"https:\/\/renren.vn\/w\/bds232011\/wp-content\/uploads\/2019\/09\/nh\u01a1n-h\u1ed9i-new-city-600x263.jpg 600w, https:\/\/renren.vn\/w\/bds232011\/wp-content\/uploads\/2019\/09\/nh\u01a1n-h\u1ed9i-new-city-768x336.jpg 768w, https:\/\/renren.vn\/w\/bds232011\/wp-content\/uploads\/2019\/09\/nh\u01a1n-h\u1ed9i-new-city-1200x526.jpg 1200w, https:\/\/renren.vn\/w\/bds232011\/wp-content\/uploads\/2019\/09\/nh\u01a1n-h\u1ed9i-new-city.jpg 1920w\" sizes=\"(max-width: 600px) 100vw, 600px\" \/>                                                <\/div>\n            <\/div>\n            <div class=\"box-text show-on-hover hover-bounce text-center is-large\" >\n                  <div class=\"box-text-inner\">\n                      <h6 class=\"uppercase portfolio-box-title\">NH\u01a0N H\u1ed8I NEW CITY \u2013 PH\u00c2N KHU 2<\/h6>\n                      <p class=\"uppercase portfolio-box-category is-xsmall op-6\">\n                        <span class=\"show-on-hover\">\n                         C\u0103n h\u1ed9                        <\/span>\n                      <\/p>\n                  <\/div>\n            <\/div>\n           <\/div>\n           <\/a>\n           <\/div>\n           <\/div>\n                    <div class=\"col\" data-id=\"C\u0103n h\u1ed9\" >\n          <div class=\"col-inner\" >\n          <a href=\"https:\/\/renren.vn\/w\/bds232011\/du-an\/can-ho\/hoa-binh-green-da-nang\" class=\"plain \">\n          <div class=\"portfolio-box box has-hover box-normal\">\n            <div class=\"box-image\" >\n                <div class=\"image-overlay-add-50 image-zoom image-cover\" style=\"padding-top:230px;\">\n                <img width=\"600\" height=\"321\" src=\"https:\/\/renren.vn\/w\/bds232011\/wp-content\/uploads\/2019\/09\/h\u00f2a-b\u00ecnh-green-600x321.jpg\" class=\"attachment-medium size-medium\" alt=\"\" loading=\"lazy\" srcset=\"https:\/\/renren.vn\/w\/bds232011\/wp-content\/uploads\/2019\/09\/h\u00f2a-b\u00ecnh-green-600x321.jpg 600w, https:\/\/renren.vn\/w\/bds232011\/wp-content\/uploads\/2019\/09\/h\u00f2a-b\u00ecnh-green-768x411.jpg 768w, https:\/\/renren.vn\/w\/bds232011\/wp-content\/uploads\/2019\/09\/h\u00f2a-b\u00ecnh-green-1200x642.jpg 1200w, https:\/\/renren.vn\/w\/bds232011\/wp-content\/uploads\/2019\/09\/h\u00f2a-b\u00ecnh-green.jpg 1500w\" sizes=\"(max-width: 600px) 100vw, 600px\" \/>                                                <\/div>\n            <\/div>\n            <div class=\"box-text show-on-hover hover-bounce text-center is-large\" >\n                  <div class=\"box-text-inner\">\n                      <h6 class=\"uppercase portfolio-box-title\">H\u00f2a B\u00ecnh Green \u0110\u00e0 N\u1eb5ng<\/h6>\n                      <p class=\"uppercase portfolio-box-category is-xsmall op-6\">\n                        <span class=\"show-on-hover\">\n                         C\u0103n h\u1ed9                        <\/span>\n                      <\/p>\n                  <\/div>\n            <\/div>\n           <\/div>\n           <\/a>\n           <\/div>\n           <\/div>\n          <\/div><\/div>\n\t\t<\/div>\n\t\t\t<\/div>\n\n\t\n<\/div>\n\t\t<\/div>\n\n\t\t\n<style>\n#section_1677176004 {\n  padding-top: 29px;\n  padding-bottom: 29px;\n}\n<\/style>\n\t<\/section>\n\t\n","protected":false},"excerpt":{"rendered":"","protected":false},"author":4,"featured_media":0,"parent":0,"menu_order":0,"comment_status":"closed","ping_status":"closed","template":"page-blank.php","meta":[],"_links":{"self":[{"href":"https:\/\/renren.vn\/w\/bds232011\/wp-json\/wp\/v2\/pages\/197"}],"collection":[{"href":"https:\/\/renren.vn\/w\/bds232011\/wp-json\/wp\/v2\/pages"}],"about":[{"href":"https:\/\/renren.vn\/w\/bds232011\/wp-json\/wp\/v2\/types\/page"}],"author":[{"embeddable":true,"href":"https:\/\/renren.vn\/w\/bds232011\/wp-json\/wp\/v2\/users\/4"}],"replies":[{"embeddable":true,"href":"https:\/\/renren.vn\/w\/bds232011\/wp-json\/wp\/v2\/comments?post=197"}],"version-history":[{"count":20,"href":"https:\/\/renren.vn\/w\/bds232011\/wp-json\/wp\/v2\/pages\/197\/revisions"}],"predecessor-version":[{"id":622,"href":"https:\/\/renren.vn\/w\/bds232011\/wp-json\/wp\/v2\/pages\/197\/revisions\/622"}],"wp:attachment":[{"href":"https:\/\/renren.vn\/w\/bds232011\/wp-json\/wp\/v2\/media?parent=197"}],"curies":[{"name":"wp","href":"https:\/\/api.w.org\/{rel}","templated":true}]}}