{"id":320,"date":"2020-02-13T02:37:12","date_gmt":"2020-02-13T02:37:12","guid":{"rendered":"http:\/\/bds37.muathemewordpress.net\/?post_type=product&#038;p=320"},"modified":"2020-02-13T02:39:32","modified_gmt":"2020-02-13T02:39:32","slug":"ban-biet-thu-nguyen-can-sang-trong","status":"publish","type":"product","link":"https:\/\/renren.vn\/w\/bds142011\/san-pham\/ban-biet-thu-nguyen-can-sang-trong\/","title":{"rendered":"B\u00e1n bi\u1ec7t th\u1ef1 nguy\u00ean c\u0103n sang tr\u1ecdng"},"content":{"rendered":"<p>B\u00e1n Nh\u00e0 khu Bi\u1ec7t Th\u1ef1 Bi\u1ec3n An Vi\u00ean Nh\u00e0 \u0110\u1eb9p N\u1ed9i th\u1ea5t \u0111\u1eb9p. Gi\u00e1 ch\u1ec9 11 t\u1ef7<br \/>\n&#8211; H\u00ecnh th\u1ee9c : bi\u1ec7t th\u1ef1 b\u00e1n<br \/>\n&#8211; Di\u1ec7n t\u00edch : 180m2<br \/>\n&#8211; \u0110\u01b0\u1eddng : 2B<br \/>\n&#8211; Ph\u01b0\u1eddng : V\u0129nh nguy\u00ean<br \/>\n&#8211; T\u1ec9nh : Kh\u00e1nh Ho\u00e0<br \/>\n&#8211; D\u1ef1 \u00e1n : An vi\u00ean<br \/>\n&#8211; Gi\u00e1 : 11 t\u1ef7 ( th\u01b0\u01a1ng l\u01b0\u1ee3ng nh\u1eb9 cho kh\u00e1ch thi\u1ec7n ch\u00ed )<br \/>\n&#8211; M\u00f4 t\u1ea3 ti\u1ec7n \u00edch : g\u1ea7n v\u1edbi \u0111\u01b0\u1eddng ch\u00ednh r\u1ed9ng 20m, b\u00e3i t\u1eafm nh\u00e2n t\u1ea1o<br \/>\n&#8211; M\u1eb7t ti\u1ec1n : 12m<br \/>\n&#8211; T\u1ea7ng : 3 t\u1ea7ng<br \/>\n&#8211; S\u1ed1 ph\u00f2ng ng\u1ee7 v\u00e0 toilet : 6pn, 5wc<br \/>\n&#8211; \u0110\u01b0\u1eddng tr\u01b0\u1edbc nh\u00e0 : 13m<br \/>\n&#8211; H\u01b0\u1edbng : \u0110\u00f4ng b\u1eafc<br \/>\n&#8211; N\u1ed9i th\u1ea5t : \u0111\u1ea7y \u0111\u1ee7<br \/>\n&#8211; Thanh to\u00e1n : c\u1ecdc 10-20%, 10-15 ng\u00e0y sau thanh to\u00e1n \u0111\u1ee7<br \/>\n&#8211; Ph\u00e1p L\u00fd : s\u1ed5 \u0111\u1ecf<\/p>\n<p>&nbsp;<\/p>\n","protected":false},"excerpt":{"rendered":"<p>B\u00e1n Nh\u00e0 khu Bi\u1ec7t Th\u1ef1 Bi\u1ec3n An Vi\u00ean Nh\u00e0 \u0110\u1eb9p N\u1ed9i th\u1ea5t \u0111\u1eb9p. Gi\u00e1 ch\u1ec9 11 t\u1ef7 &#8211; H\u00ecnh th\u1ee9c : bi\u1ec7t th\u1ef1 b\u00e1n &#8211; Di\u1ec7n t\u00edch : 180m2 &#8211; \u0110\u01b0\u1eddng : 2B &#8211; Ph\u01b0\u1eddng : V\u0129nh nguy\u00ean &#8211; T\u1ec9nh : Kh\u00e1nh Ho\u00e0 &#8211; D\u1ef1 \u00e1n : An vi\u00ean &#8211; Gi\u00e1 : 11 t\u1ef7 (&#8230;<\/p>\n","protected":false},"featured_media":321,"comment_status":"open","ping_status":"closed","template":"","meta":[],"_links":{"self":[{"href":"https:\/\/renren.vn\/w\/bds142011\/wp-json\/wp\/v2\/product\/320"}],"collection":[{"href":"https:\/\/renren.vn\/w\/bds142011\/wp-json\/wp\/v2\/product"}],"about":[{"href":"https:\/\/renren.vn\/w\/bds142011\/wp-json\/wp\/v2\/types\/product"}],"replies":[{"embeddable":true,"href":"https:\/\/renren.vn\/w\/bds142011\/wp-json\/wp\/v2\/comments?post=320"}],"wp:featuredmedia":[{"embeddable":true,"href":"https:\/\/renren.vn\/w\/bds142011\/wp-json\/wp\/v2\/media\/321"}],"wp:attachment":[{"href":"https:\/\/renren.vn\/w\/bds142011\/wp-json\/wp\/v2\/media?parent=320"}],"curies":[{"name":"wp","href":"https:\/\/api.w.org\/{rel}","templated":true}]}}