{"id":308,"date":"2020-02-12T18:31:54","date_gmt":"2020-02-12T18:31:54","guid":{"rendered":"http:\/\/bds37.muathemewordpress.net\/?post_type=product&#038;p=308"},"modified":"2020-02-12T18:32:13","modified_gmt":"2020-02-12T18:32:13","slug":"can-ho-view-bien-dhome","status":"publish","type":"product","link":"https:\/\/renren.vn\/w\/bds142011\/san-pham\/can-ho-view-bien-dhome\/","title":{"rendered":"C\u0103n h\u1ed9 view bi\u1ec3n D&#8217;home"},"content":{"rendered":"<h3>T\u1ed4NG QUAN<\/h3>\n<div class=\"stay_detail_content_tongquan_main\">\n<p>V\u1edbi l\u1ee3i th\u1ebf n\u1eb1m \u1edf v\u1ecb tr\u00ed \u0111\u1eafc \u0111\u1ecba qu\u1eadn 1, <strong>D&#8217;home Nha Trang <\/strong>\u00a0lu\u00f4n \u0111\u01b0\u1ee3c kh\u00e1ch h\u00e0ng l\u1ef1a ch\u1ecdn l\u00e0 top \u0111\u1ea7u trong chu\u1ed7i c\u0103n h\u1ed9 d\u1ecbch v\u1ee5 c\u1ee7a Happy Homes.<\/p>\n<p><strong>D&#8217;home Nha Trang <\/strong>ghi \u0111i\u1ec3m trong l\u00f2ng du kh\u00e1ch v\u1edbi d\u1ecbch v\u1ee5 ch\u1ea5t l\u01b0\u1ee3ng v\u00e0 chuy\u00ean nghi\u1ec7p. V\u1edbi h\u1ec7 th\u1ed1ng ph\u00f2ng \u0111a d\u1ea1ng \u0111\u00e1p \u1ee9ng theo nhu c\u1ea7u kh\u00e1ch h\u00e0ng, \u0111\u1ebfn \u0111\u00e2y du kh\u00e1ch s\u1ebd \u0111\u01b0\u1ee3c t\u1eadn h\u01b0\u1edfng nh\u1eefng gi\u00e2y ph\u00fat ngh\u1ec9 ng\u01a1i th\u01b0 gi\u00e3n tuy\u1ec7t v\u1eddi nh\u1ea5t.<\/p>\n<p>T\u1ea5t c\u1ea3 ph\u00f2ng ngh\u1ec9 t\u1ea1i \u0111\u00e2y \u0111\u1ec1u \u0111\u01b0\u1ee3c trang b\u1ecb b\u00e0n l\u00e0m vi\u1ec7c, Ti vi m\u00e0n h\u00ecnh ph\u1eb3ng, ph\u00f2ng t\u1eafm ri\u00eang, m\u00e1y \u0111i\u1ec1u h\u00f2a v\u00e0 t\u1ee7 l\u1ea1nh. M\u1ed9t s\u1ed1 ph\u00f2ng c\u00f2n c\u00f3 ban c\u00f4ng ph\u00f3ng t\u1ea7m nh\u00ecn to\u00e0n c\u1ea3nh b\u00e3i bi\u1ec3n th\u01a1 m\u1ed9ng .<\/p>\n<h3>N\u1ed8I QUY NH\u00c0 \u1ede<\/h3>\n<div class=\"stay_detail_content_main_list\">\n<ul>\n<li><i class=\"zmdi zmdi-check-square\"><\/i>Nh\u1eadn ph\u00f2ng b\u1ea5t c\u1ee9 l\u00fac n\u00e0o sau 2 gi\u1edd chi\u1ec1u h\u00e0ng ng\u00e0y. N\u1ebfu Qu\u00fd kh\u00e1ch \u0111\u1ebfn s\u1edbm, c\u00f3 th\u1ec3 g\u1edfi \u0111\u1ed3 t\u1ea1i qu\u1ea7y l\u1ec5 t\u00e2n ho\u1eb7c ph\u00f2ng b\u1ea3o v\u1ec7<\/li>\n<li><i class=\"zmdi zmdi-check-square\"><\/i>Tr\u1ea3 ph\u00f2ng l\u00fac 11 gi\u1edd s\u00e1ng h\u00e0ng ng\u00e0y. Tr\u1ea3 ph\u00f2ng v\u00e0o bu\u1ed5i chi\u1ec1u s\u1ebd t\u00ednh ph\u1ee5 thu<\/li>\n<li><i class=\"zmdi zmdi-check-square\"><\/i>Th\u1eddi gian l\u01b0u tr\u00fa: ng\u1eafn h\u1ea1n (theo ng\u00e0y) \u0111\u1ebfn d\u00e0i h\u1ea1n (theo th\u00e1ng)<\/li>\n<li><i class=\"zmdi zmdi-check-square\"><\/i>Kh\u00e1ch thu\u00ea d\u00e0i h\u1ea1n (theo th\u00e1ng): d\u1ecbch v\u1ee5 v\u1ec7 sinh ph\u00f2ng mi\u1ec5n ph\u00ed 2 l\u1ea7n\/tu\u1ea7n. Kh\u00e1ch h\u00e0ng \u0111\u01b0\u1ee3c ch\u1ee7 \u0111\u1ed9ng ch\u1ecdn ng\u00e0y &amp; ch\u1ecdn th\u1eddi gian v\u1ec7 sinh ph\u00f9 h\u1ee3p. Gi\u00e1 thu\u00ea ch\u01b0a bao g\u1ed3m chi ph\u00ed \u0111i\u1ec7n sinh ho\u1ea1t<\/li>\n<li><i class=\"zmdi zmdi-check-square\"><\/i>Kh\u00e1ch thu\u00ea d\u00e0i h\u1ea1n (theo th\u00e1ng): d\u1ecbch v\u1ee5 v\u1ec7 sinh ph\u00f2ng mi\u1ec5n ph\u00ed 2 l\u1ea7n\/tu\u1ea7n. Kh\u00e1ch h\u00e0ng \u0111\u01b0\u1ee3c ch\u1ee7 \u0111\u1ed9ng ch\u1ecdn ng\u00e0y &amp; ch\u1ecdn th\u1eddi gian v\u1ec7 sinh ph\u00f9 h\u1ee3p. Gi\u00e1 thu\u00ea ch\u01b0a bao g\u1ed3m chi ph\u00ed \u0111i\u1ec7n sinh ho\u1ea1t<\/li>\n<li><i class=\"zmdi zmdi-check-square\"><\/i>Kh\u00e1ch thu\u00ea d\u00e0i h\u1ea1n (theo th\u00e1ng): d\u1ecbch v\u1ee5 v\u1ec7 sinh ph\u00f2ng mi\u1ec5n ph\u00ed 2 l\u1ea7n\/tu\u1ea7n. Kh\u00e1ch h\u00e0ng \u0111\u01b0\u1ee3c ch\u1ee7 \u0111\u1ed9ng ch\u1ecdn ng\u00e0y &amp; ch\u1ecdn th\u1eddi gian v\u1ec7 sinh ph\u00f9 h\u1ee3p. Gi\u00e1 thu\u00ea ch\u01b0a bao g\u1ed3m chi ph\u00ed \u0111i\u1ec7n sinh ho\u1ea1t<\/li>\n<\/ul>\n<\/div>\n<\/div>\n<p>&nbsp;<\/p>\n","protected":false},"excerpt":{"rendered":"<p>T\u1ed4NG QUAN V\u1edbi l\u1ee3i th\u1ebf n\u1eb1m \u1edf v\u1ecb tr\u00ed \u0111\u1eafc \u0111\u1ecba qu\u1eadn 1, D&#8217;home Nha Trang \u00a0lu\u00f4n \u0111\u01b0\u1ee3c kh\u00e1ch h\u00e0ng l\u1ef1a ch\u1ecdn l\u00e0 top \u0111\u1ea7u trong chu\u1ed7i c\u0103n h\u1ed9 d\u1ecbch v\u1ee5 c\u1ee7a Happy Homes. D&#8217;home Nha Trang ghi \u0111i\u1ec3m trong l\u00f2ng du kh\u00e1ch v\u1edbi d\u1ecbch v\u1ee5 ch\u1ea5t l\u01b0\u1ee3ng v\u00e0 chuy\u00ean nghi\u1ec7p. V\u1edbi h\u1ec7 th\u1ed1ng ph\u00f2ng&#8230;<\/p>\n","protected":false},"featured_media":298,"comment_status":"open","ping_status":"closed","template":"","meta":[],"_links":{"self":[{"href":"https:\/\/renren.vn\/w\/bds142011\/wp-json\/wp\/v2\/product\/308"}],"collection":[{"href":"https:\/\/renren.vn\/w\/bds142011\/wp-json\/wp\/v2\/product"}],"about":[{"href":"https:\/\/renren.vn\/w\/bds142011\/wp-json\/wp\/v2\/types\/product"}],"replies":[{"embeddable":true,"href":"https:\/\/renren.vn\/w\/bds142011\/wp-json\/wp\/v2\/comments?post=308"}],"wp:featuredmedia":[{"embeddable":true,"href":"https:\/\/renren.vn\/w\/bds142011\/wp-json\/wp\/v2\/media\/298"}],"wp:attachment":[{"href":"https:\/\/renren.vn\/w\/bds142011\/wp-json\/wp\/v2\/media?parent=308"}],"curies":[{"name":"wp","href":"https:\/\/api.w.org\/{rel}","templated":true}]}}