{"id":155,"date":"2018-12-17T08:02:55","date_gmt":"2018-12-17T08:02:55","guid":{"rendered":"http:\/\/bds37.muathemewordpress.net\/?page_id=155"},"modified":"2020-05-23T15:24:21","modified_gmt":"2020-05-23T08:24:21","slug":"lien-he","status":"publish","type":"page","link":"https:\/\/renren.vn\/w\/bds142011\/lien-he\/","title":{"rendered":"Li\u00ean h\u1ec7"},"content":{"rendered":"  <div id=\"page-header-1050069555\" class=\"page-header-wrapper\">\n  <div class=\"page-title dark featured-title\">\n\n        <div class=\"page-title-bg\">\n      <div class=\"title-bg fill bg-fill\"\n        data-parallax-container=\".page-title\"\n        data-parallax-background\n        data-parallax=\"-\">\n      <\/div>\n      <div class=\"title-overlay fill\"><\/div>\n    <\/div>\n    \n    <div class=\"page-title-inner container align-center text-center flex-row-col medium-flex-wrap\" >\n              <div class=\"title-wrapper uppercase flex-col\">\n          <h1 class=\"entry-title mb-0\">\n            Li\u00ean h\u1ec7          <\/h1>\n        <\/div>\n                    <div class=\"title-content flex-col\">\n        <div class=\"title-breadcrumbs pb-half pt-half\"><nav class=\"woocommerce-breadcrumb breadcrumbs uppercase\">Trang ch\u1ee7<\/nav><\/div>      <\/div>\n    <\/div>\n\n     \n<style>\n#page-header-1050069555 .page-title-inner {\n  min-height: 250px;\n}\n#page-header-1050069555 .title-bg {\n  background-image: url(https:\/\/renren.vn\/w\/bds142011\/wp-content\/uploads\/2018\/12\/bg_breadcrumb_nt.jpg);\n}\n<\/style>\n  <\/div>\n    <\/div>\n  \n\t<section class=\"section\" id=\"section_1817560296\">\n\t\t<div class=\"bg section-bg fill bg-fill  bg-loaded\" >\n\n\t\t\t\n\t\t\t\n\t\t\t\n\n\t\t<\/div>\n\n\t\t<div class=\"section-content relative\">\n\t\t\t\n<div class=\"row\"  id=\"row-1718000091\">\n\n\t<div id=\"col-153726036\" class=\"col small-12 large-12\"  >\n\t\t<div class=\"col-inner\"  >\n\t\t\t\n\t\t\t\n<p><iframe loading=\"lazy\" src=\"https:\/\/www.google.com\/maps\/embed?pb=!1m18!1m12!1m3!1d13115.67951755086!2d109.19340090884504!3d12.226948102130404!2m3!1f0!2f0!3f0!3m2!1i1024!2i768!4f13.1!3m3!1m2!1s0x317067c4ef30ac6b%3A0x4eaeb01f3f34d120!2sEmerald+Bay+Hotel+%26+Spa!5e0!3m2!1svi!2sus!4v1545035200546\" width=\"100%\" height=\"350\" frameborder=\"0\" style=\"border:0\" allowfullscreen><\/iframe><\/p>\n<div class=\"row\"  id=\"row-655854643\">\n\n\t<div id=\"col-314068326\" class=\"col div-lien-he medium-4 small-12 large-4\"  >\n\t\t<div class=\"col-inner\"  >\n\t\t\t\n\t\t\t\n<div class=\"container section-title-container\" ><h3 class=\"section-title section-title-normal\"><b><\/b><span class=\"section-title-main\" >EMERALD BAY NHA TRANG<\/span><b><\/b><\/h3><\/div>\n<ul>\n<li><i class=\"fa fa-map-marker\" aria-hidden=\"true\"><\/i>231-233 L\u00ea Th\u00e1nh T\u00f4n, Ph\u01b0\u1eddng B\u1ebfn Th\u00e0nh, Qu\u1eadn 1<\/li>\n<li><i class=\"fa fa-envelope-o\" aria-hidden=\"true\"><\/i> Email: info@renren.vn<\/li>\n<li><i class=\"fa fa-phone\" aria-hidden=\"true\"><\/i> Hotline: 0941119900<\/li>\n<\/ul>\n<div class=\"container section-title-container\" ><h3 class=\"section-title section-title-normal\"><b><\/b><span class=\"section-title-main\" >EMERALD BAY H\u00c0 N\u1ed8I<\/span><b><\/b><\/h3><\/div>\n<ul>\n<li><i class=\"fa fa-map-marker\" aria-hidden=\"true\"><\/i>1231-233 L\u00ea Th\u00e1nh T\u00f4n, Ph\u01b0\u1eddng B\u1ebfn Th\u00e0nh, Qu\u1eadn 1<\/li>\n<li><i class=\"fa fa-envelope-o\" aria-hidden=\"true\"><\/i> Email: info@renren.vn<\/li>\n<li><i class=\"fa fa-phone\" aria-hidden=\"true\"><\/i> Hotline: 0941119900<\/li>\n<\/ul>\n\t\t<\/div>\n\t\t\t<\/div>\n\n\t\n\n\t<div id=\"col-771702925\" class=\"col medium-8 small-12 large-8\"  >\n\t\t<div class=\"col-inner\"  >\n\t\t\t\n\t\t\t\n<div role=\"form\" class=\"wpcf7\" id=\"wpcf7-f5-o1\" lang=\"vi\" dir=\"ltr\">\n<div class=\"screen-reader-response\"><p role=\"status\" aria-live=\"polite\" aria-atomic=\"true\"><\/p> <ul><\/ul><\/div>\n<form action=\"\/w\/bds142011\/wp-json\/wp\/v2\/pages\/155#wpcf7-f5-o1\" method=\"post\" class=\"wpcf7-form init\" novalidate=\"novalidate\" data-status=\"init\">\n<div style=\"display: none;\">\n<input type=\"hidden\" name=\"_wpcf7\" value=\"5\" \/>\n<input type=\"hidden\" name=\"_wpcf7_version\" value=\"5.3\" \/>\n<input type=\"hidden\" name=\"_wpcf7_locale\" value=\"vi\" \/>\n<input type=\"hidden\" name=\"_wpcf7_unit_tag\" value=\"wpcf7-f5-o1\" \/>\n<input type=\"hidden\" name=\"_wpcf7_container_post\" value=\"0\" \/>\n<input type=\"hidden\" name=\"_wpcf7_posted_data_hash\" value=\"\" \/>\n<\/div>\n<p><label> H\u1ecd v\u00e0 t\u00ean<br \/>\n    <span class=\"wpcf7-form-control-wrap your-name\"><input type=\"text\" name=\"your-name\" value=\"\" size=\"40\" class=\"wpcf7-form-control wpcf7-text wpcf7-validates-as-required\" aria-required=\"true\" aria-invalid=\"false\" \/><\/span> <\/label><br \/>\n<label> \u0110i\u1ec7n tho\u1ea1i<br \/>\n    <span class=\"wpcf7-form-control-wrap your-subject\"><input type=\"tel\" name=\"your-subject\" value=\"\" size=\"40\" class=\"wpcf7-form-control wpcf7-text wpcf7-tel wpcf7-validates-as-required wpcf7-validates-as-tel\" aria-required=\"true\" aria-invalid=\"false\" \/><\/span> <\/label><br \/>\n<label> Email<br \/>\n    <span class=\"wpcf7-form-control-wrap your-email\"><input type=\"email\" name=\"your-email\" value=\"\" size=\"40\" class=\"wpcf7-form-control wpcf7-text wpcf7-email wpcf7-validates-as-email\" aria-invalid=\"false\" \/><\/span> <\/label><br \/>\n<label> L\u1eddi nh\u1eafn<br \/>\n    <span class=\"wpcf7-form-control-wrap your-message\"><textarea name=\"your-message\" cols=\"40\" rows=\"10\" class=\"wpcf7-form-control wpcf7-textarea\" aria-invalid=\"false\"><\/textarea><\/span> <\/label><\/p>\n<p><input type=\"submit\" value=\"G\u1eedi \u0111i\" class=\"wpcf7-form-control wpcf7-submit\" \/><\/p>\n<div class=\"wpcf7-response-output\" aria-hidden=\"true\"><\/div><\/form><\/div>\n\t\t<\/div>\n\t\t\t<\/div>\n\n\t\n<\/div>\n\t\t<\/div>\n\t\t\t<\/div>\n\n\t\n<\/div>\n\t\t<\/div>\n\n\t\t\n<style>\n#section_1817560296 {\n  padding-top: 30px;\n  padding-bottom: 30px;\n}\n<\/style>\n\t<\/section>\n\t\n","protected":false},"excerpt":{"rendered":"","protected":false},"author":1,"featured_media":0,"parent":0,"menu_order":0,"comment_status":"closed","ping_status":"closed","template":"page-blank.php","meta":[],"_links":{"self":[{"href":"https:\/\/renren.vn\/w\/bds142011\/wp-json\/wp\/v2\/pages\/155"}],"collection":[{"href":"https:\/\/renren.vn\/w\/bds142011\/wp-json\/wp\/v2\/pages"}],"about":[{"href":"https:\/\/renren.vn\/w\/bds142011\/wp-json\/wp\/v2\/types\/page"}],"author":[{"embeddable":true,"href":"https:\/\/renren.vn\/w\/bds142011\/wp-json\/wp\/v2\/users\/1"}],"replies":[{"embeddable":true,"href":"https:\/\/renren.vn\/w\/bds142011\/wp-json\/wp\/v2\/comments?post=155"}],"version-history":[{"count":4,"href":"https:\/\/renren.vn\/w\/bds142011\/wp-json\/wp\/v2\/pages\/155\/revisions"}],"predecessor-version":[{"id":341,"href":"https:\/\/renren.vn\/w\/bds142011\/wp-json\/wp\/v2\/pages\/155\/revisions\/341"}],"wp:attachment":[{"href":"https:\/\/renren.vn\/w\/bds142011\/wp-json\/wp\/v2\/media?parent=155"}],"curies":[{"name":"wp","href":"https:\/\/api.w.org\/{rel}","templated":true}]}}