{"id":550,"date":"2019-07-15T01:40:19","date_gmt":"2019-07-14T18:40:19","guid":{"rendered":"http:\/\/bds11.w2steam.com\/?page_id=550"},"modified":"2019-07-15T02:15:38","modified_gmt":"2019-07-14T19:15:38","slug":"quy-dinh-su-dung","status":"publish","type":"page","link":"https:\/\/renren.vn\/w\/bds12011\/quy-dinh-su-dung\/","title":{"rendered":"Quy \u0111\u1ecbnh s\u1eed d\u1ee5ng"},"content":{"rendered":"<p>Quy \u0111\u1ecbnh s\u1eed d\u1ee5ng<\/p>\n<p><strong>A. Quy \u0111\u1ecbnh chung:<\/strong><\/p>\n<ul>\n<li>Kh\u00f4ng \u0111\u01b0\u1ee3c \u0111\u0103ng k\u00fd t\u00e0i kho\u1ea3n v\u00e0 khai b\u00e1o nh\u1eefng th\u00f4ng tin gi\u1ea3 m\u1ea1o; nick g\u00e2y hi\u1ec3u nh\u1ea7m v\u1edbi nh\u1eefng th\u00e0nh vi\u00ean kh\u00e1c; nick tr\u00f9ng t\u00ean v\u1edbi t\u00ean c\u1ee7a c\u00e1c ch\u00ednh tr\u1ecb gia;&#8230;<\/li>\n<li>Kh\u00f4ng \u0111\u01b0\u1ee3c ph\u00e9p \u0111\u0103ng tin li\u00ean quan \u0111\u1ebfn c\u00e1c v\u1ea5n \u0111\u1ec1 m\u00e0 Ph\u00e1p lu\u1eadt Vi\u1ec7t Nam kh\u00f4ng cho ph\u00e9p.<\/li>\n<li>Kh\u00f4ng \u0111\u01b0\u1ee3c \u0111\u0103ng nh\u1eefng b\u00e0i vi\u1ebft, th\u00f4ng tin c\u00f3 n\u1ed9i dung vi ph\u1ea1m ph\u00e1p lu\u1eadt; \u0111\u1ea3 k\u00edch, b\u00f4i nh\u1ecd, ch\u1ec9 tr\u00edch hay b\u00e0n lu\u1eadn v\u1ec1 ch\u00ednh tr\u1ecb, t\u00f4n gi\u00e1o, ph\u1ea3n \u0111\u1ed9ng, k\u1ef3 th\u1ecb v\u0103n h\u00f3a, d\u00e2n t\u1ed9c, c\u0169ng nh\u01b0 vi ph\u1ea1m kh\u00e1c li\u00ean quan \u0111\u1ebfn thu\u1ea7n phong m\u1ef9 t\u1ee5c c\u1ee7a d\u00e2n t\u1ed9c Vi\u1ec7t Nam.<\/li>\n<li>Kh\u00f4ng \u0111\u01b0\u1ee3c x\u00e2m ph\u1ea1m quy\u1ec1n l\u1ee3i, uy t\u00edn, \u0111\u1eddi t\u01b0 c\u1ee7a c\u00e1c c\u00e1 nh\u00e2n hay th\u00e0nh vi\u00ean kh\u00e1c, kh\u00f4ng \u0111\u01b0\u1ee3c d\u00f9ng ng\u00f4n t\u1eeb t\u1ee5c t\u0129u, th\u00f3a m\u1ea1 trong c\u00e1c th\u00f4ng tin tham gia. Kh\u00f4ng \u0111\u01b0\u1ee3c l\u1ee3i d\u1ee5ng website \u0111\u1ec3 tuy\u00ean truy\u1ec1n, \u0111\u1ec1 x\u01b0\u1edbng, l\u00f4i k\u00e9o v\u1edbi nh\u1eefng n\u1ed9i dung kh\u00f4ng l\u00e0nh m\u1ea1nh.<\/li>\n<li>Ph\u1ea3i d\u00f9ng ng\u00f4n t\u1eeb trong s\u00e1ng, r\u00f5 r\u00e0ng, \u0111\u00fang ch\u00ednh t\u1ea3, nghi\u00eam c\u1ea5m m\u1ecdi h\u00ecnh th\u1ee9c vi\u1ebft nh\u1ecbu, vi\u1ebft t\u1eaft theo h\u00ecnh th\u1ee9c chat, ng\u00f4n ng\u1eef t\u1ed1i ngh\u0129a.<\/li>\n<\/ul>\n<p><strong>B. Qui \u0111\u1ecbnh v\u1ec1 b\u00e0i vi\u1ebft:<\/strong><\/p>\n<ul>\n<li>\u0110\u0103ng tin ph\u1ea3i \u0111\u0103ng \u0111\u00fang chuy\u00ean m\u1ee5c. B\u1ea3n quy\u1ec1n tin \u0111\u0103ng thu\u1ed9c v\u1ec1 ch\u00ednh kh\u00e1ch h\u00e0ng.<\/li>\n<li>Nh\u1eefng b\u00e0i vi\u1ebft vi ph\u1ea1m c\u00e1c \u0111i\u1ec1u sau s\u1ebd b\u1ecb ch\u1ec9nh s\u1eeda, bi\u00ean t\u1eadp l\u1ea1i n\u1ed9i dung ho\u1eb7c xo\u00e1 ngay m\u00e0 kh\u00f4ng c\u1ea7n ph\u1ea3i th\u00f4ng b\u00e1o:\n<ul class=\"child\">\n<li>B\u00e0i vi\u1ebft c\u00f3 n\u1ed9i dung kh\u00f4ng ph\u00f9 h\u1ee3p v\u1edbi chuy\u00ean m\u1ee5c.<\/li>\n<li>B\u00e0i vi\u1ebft d\u00f9ng ti\u1ebfng Vi\u1ec7t kh\u00f4ng c\u00f3 d\u1ea5u, ho\u1eb7c b\u00e0i vi\u1ebft to\u00e0n b\u1eb1ng ch\u1eef HOA, c\u00f3 qu\u00e1 nhi\u1ec1u k\u00fd t\u1ef1 \u0111\u1eb7c bi\u1ec7t.<\/li>\n<li>Nh\u1eefng b\u00e0i vi\u1ebft tr\u00f9ng l\u1eb7p trong m\u1ed9t ho\u1eb7c nhi\u1ec1u chuy\u00ean m\u1ee5c.<\/li>\n<li>N\u1ed9i dung, h\u00ecnh \u1ea3nh b\u00e0i vi\u1ebft mang t\u00ednh ch\u1ea5t qu\u1ea3ng c\u00e1o \u0111\u1ebfn c\u00e1c website c\u00f3 n\u1ed9i dung t\u01b0\u01a1ng t\u1ef1 alonhadat.com.vn.<\/li>\n<li>B\u00e0i vi\u1ebft g\u1eedi sai chuy\u00ean m\u1ee5c.<\/li>\n<li>B\u00e0i vi\u1ebft s\u1eed d\u1ee5ng nh\u1eefng t\u1eeb ng\u1eef th\u00f4 t\u1ee5c, ho\u1eb7c s\u1eed d\u1ee5ng nhi\u1ec1u t\u1eeb c\u1ed1 \u00fd vi\u1ebft sai ch\u00ednh t\u1ea3.<\/li>\n<li>C\u00e1c b\u00e0i vi\u1ebft kh\u00f4ng c\u00f3 n\u1ed9i dung ho\u1eb7c n\u1ed9i dung kh\u00f4ng li\u00ean quan \u0111\u1ebfn chuy\u00ean m\u1ee5c. Nh\u1eefng b\u00e0i vi\u1ebft n\u00e0y s\u1ebd b\u1ecb x\u00f3a ho\u1eb7c chuy\u1ec3n sang chuy\u00ean m\u1ee5c c\u00f3 n\u1ed9i dung ph\u00f9 h\u1ee3p h\u01a1n.<\/li>\n<\/ul>\n<\/li>\n<li>Tin \u0111\u0103ng ph\u1ea3i c\u00f3 \u0111\u1ecba ch\u1ec9 li\u00ean l\u1ea1c c\u1ee5 th\u1ec3.<\/li>\n<li>Ti\u00eau \u0111\u1ec1 ph\u1ea3i c\u1ee5 th\u1ec3 v\u00e0 ng\u1eafn g\u1ecdn \u0111\u1ec3 ng\u01b0\u1eddi \u0111\u1ecdc bi\u1ebft ngay b\u1ea1n mu\u1ed1n n\u00f3i g\u00ec tr\u01b0\u1edbc khi xem tin.<\/li>\n<li>Nh\u1eefng b\u00e0i \u0111\u0103ng tin m\u1edbi n\u1ebfu g\u1eedi qu\u00e1 2 b\u00e0i c\u00f9ng n\u1ed9i dung ho\u1eb7c n\u1ed9i dung t\u01b0\u01a1ng t\u1ef1 trong 1 ho\u1eb7c nhi\u1ec1u chuy\u00ean m\u1ee5c s\u1ebd b\u1ecb x\u00f3a b\u1ecf m\u00e0 kh\u00f4ng c\u1ea7n b\u00e1o tr\u01b0\u1edbc.<\/li>\n<\/ul>\n<p><b>Xin c\u00e1m \u01a1n s\u1ef1 h\u1ee3p t\u00e1c c\u1ee7a c\u00e1c b\u1ea1n<\/b><\/p>\n","protected":false},"excerpt":{"rendered":"<p>Quy \u0111\u1ecbnh s\u1eed d\u1ee5ng A. Quy \u0111\u1ecbnh chung: Kh\u00f4ng \u0111\u01b0\u1ee3c \u0111\u0103ng k\u00fd t\u00e0i kho\u1ea3n v\u00e0 khai b\u00e1o nh\u1eefng th\u00f4ng tin gi\u1ea3 m\u1ea1o; nick g\u00e2y hi\u1ec3u nh\u1ea7m v\u1edbi nh\u1eefng th\u00e0nh vi\u00ean kh\u00e1c; nick tr\u00f9ng t\u00ean v\u1edbi t\u00ean c\u1ee7a c\u00e1c ch\u00ednh tr\u1ecb gia;&#8230; Kh\u00f4ng \u0111\u01b0\u1ee3c ph\u00e9p \u0111\u0103ng tin li\u00ean quan \u0111\u1ebfn c\u00e1c v\u1ea5n \u0111\u1ec1 m\u00e0 Ph\u00e1p lu\u1eadt &#8230;<\/p>\n","protected":false},"author":1,"featured_media":0,"parent":0,"menu_order":0,"comment_status":"closed","ping_status":"closed","template":"page-right-sidebar.php","meta":[],"_links":{"self":[{"href":"https:\/\/renren.vn\/w\/bds12011\/wp-json\/wp\/v2\/pages\/550"}],"collection":[{"href":"https:\/\/renren.vn\/w\/bds12011\/wp-json\/wp\/v2\/pages"}],"about":[{"href":"https:\/\/renren.vn\/w\/bds12011\/wp-json\/wp\/v2\/types\/page"}],"author":[{"embeddable":true,"href":"https:\/\/renren.vn\/w\/bds12011\/wp-json\/wp\/v2\/users\/1"}],"replies":[{"embeddable":true,"href":"https:\/\/renren.vn\/w\/bds12011\/wp-json\/wp\/v2\/comments?post=550"}],"version-history":[{"count":0,"href":"https:\/\/renren.vn\/w\/bds12011\/wp-json\/wp\/v2\/pages\/550\/revisions"}],"wp:attachment":[{"href":"https:\/\/renren.vn\/w\/bds12011\/wp-json\/wp\/v2\/media?parent=550"}],"curies":[{"name":"wp","href":"https:\/\/api.w.org\/{rel}","templated":true}]}}