{"id":382,"date":"2019-10-07T22:56:28","date_gmt":"2019-10-07T15:56:28","guid":{"rendered":"http:\/\/shop2.muathemewordpress.net\/?post_type=product&#038;p=382"},"modified":"2020-05-23T09:47:58","modified_gmt":"2020-05-23T02:47:58","slug":"may-hut-mun-gia-re-4-dau-hut-hanna-115","status":"publish","type":"product","link":"https:\/\/renren.vn\/w\/bachhoa22011\/san-pham\/may-hut-mun-gia-re-4-dau-hut-hanna-115\/","title":{"rendered":"M\u00e1y h\u00fat m\u1ee5n gi\u00e1 r\u1ebb 4 \u0111\u1ea7u h\u00fat Hanna 115"},"content":{"rendered":"<h3><strong>T\u00ednh n\u0103ng, \u0111\u1eb7c \u0111i\u1ec3m c\u1ee7a m\u00e1y h\u00fat m\u1ee5n Hanna 115<\/strong><\/h3>\n<ul>\n<li>S\u1ea3n ph\u1ea9m c\u00f3 l\u1ef1c h\u00fat l\u00ean t\u1edbi 65Kpa r\u1ea5t m\u1ea1nh<\/li>\n<li>S\u1edf h\u1eefu 04 \u0111\u1ea7u h\u00fat chuy\u00ean d\u1ee5ng ch\u1eafc ch\u1eafn, b\u1ec1n \u0111\u1eb9p<\/li>\n<li>Ngo\u00e0i ch\u1ee9c n\u0103ng h\u00fat m\u1ee5n, s\u1ea3n ph\u1ea9m c\u00f2n t\u1ea9y da ch\u1ebft<\/li>\n<li>Ki\u1ec3u d\u00e1ng thon g\u1ecdn, \u0111\u1ed9 rung \u00eam \u00e1i<\/li>\n<li>S\u1eed d\u1ee5ng pin s\u1ea1c Lithium<\/li>\n<li>Thi\u1ebft k\u1ebf l\u1ea1 m\u1eaft v\u1edbi 2 \u0111i\u1ec3m nh\u1ea5n h\u00ecnh b\u1ea7u d\u1ee5c n\u1eb1m \u1edf 2 s\u01b0\u1eddn c\u1ee7a th\u00e2n m\u00e1y.<\/li>\n<\/ul>\n<h3><strong>L\u1ee3i \u00edch kh\u00e1ch h\u00e0ng nh\u1eadn \u0111\u01b0\u1ee3c<\/strong><\/h3>\n<ul>\n<li>Gi\u00e1 b\u00e1n c\u1ef1c r\u1ebb, hi\u1ec7u qu\u1ea3 cao.<\/li>\n<li>Thay v\u00ec ph\u1ea3i \u0111i h\u00fat m\u1ee5n t\u1ea1i Spa t\u1ed1n th\u1eddi gian, t\u1ed1n ti\u1ec1n, gi\u1edd \u0111\u00e2y b\u1ea1n ho\u00e0n to\u00e0n c\u00f3 th\u1ec3 h\u00fat m\u1ee5n ngay t\u1ea1i nh\u00e0 v\u1eeba r\u1ebb, kh\u00f4ng t\u1ed1n th\u1eddi gian v\u00e0 an to\u00e0n cho s\u1ee9c kh\u1ecfe.<\/li>\n<li>Kh\u00f4ng g\u00e2y t\u1ed5n th\u01b0\u01a1ng sau qu\u00e1 tr\u00ecnh h\u00fat m\u1ee5n<\/li>\n<li>Da m\u1ecbn m\u00e0ng, s\u00e1ng b\u00f3ng, se kh\u00edt l\u1ed7 ch\u00e2n l\u00f4ng. \u0110\u00e1nh bay m\u1ee5n \u0111\u1ea7u \u0111en, m\u1ee5n c\u00e1m, m\u1ee5n b\u1ecdc,\u2026 v\u00e0 c\u1ea3 b\u00e3 nh\u1eddn, t\u1ebf b\u00e0o ch\u1ebft.<\/li>\n<li>s\u1eed d\u1ee5ng d\u00f2ng pin Lithium b\u1ec1n kh\u00f4ng \u1ea3nh h\u01b0\u1edfng t\u1edbi m\u00f4i tr\u01b0\u1eddng v\u00e0 s\u1ee9c kh\u1ecfe<\/li>\n<li>Tr\u1ecdng l\u01b0\u1ee3ng nh\u1eb9 gi\u00fap d\u1ec5 di chuy\u1ec3n trong qu\u00e1 tr\u00ecnh s\u1eed d\u1ee5ng.<\/li>\n<li>Khi mua s\u1ea3n ph\u1ea9m t\u1ea1i V\u1ea1n Ni\u1ec1m Tin nh\u00e2n vi\u00ean ch\u0103m s\u00f3c kh\u00e1ch h\u00e0ng h\u1ed7 tr\u1ee3 b\u1ea1n tr\u01b0\u1edbc v\u00e0 sau khi mua h\u00e0ng. N\u1ebfu nh\u01b0 b\u1ea1n ch\u01b0a hi\u1ec3u r\u00f5 c\u00e1ch s\u1eed d\u1ee5ng ho\u1eb7c c\u00f3 v\u1ea5n \u0111\u1ec1 g\u00ec v\u1ec1 b\u1ea3o h\u00e0nh trong v\u00f2ng 1 n\u0103m k\u1ec3 t\u1eeb ng\u00e0y mua s\u1ea3n ph\u1ea9m, ch\u00fang t\u00f4i s\u1eb5n s\u00e0ng h\u1ed7 tr\u1ee3 b\u1ea1n t\u1eadn t\u00ecnh nh\u1ea5t.<\/li>\n<li>Nh\u00e2n vi\u00ean giao h\u00e0ng mang s\u1ea3n ph\u1ea9m \u0111\u1ebfn b\u1ea1n \u0111\u01b0\u1ee3c quy\u1ec1n ki\u1ec3m tra s\u1ea3n ph\u1ea9m, c\u00f3 quy\u1ec1n \u0111\u1ed5i tr\u1ea3 n\u1ebfu nh\u01b0 s\u1ea3n ph\u1ea9m l\u1ed7i trong v\u00f2ng 30 ng\u00e0y k\u1ec3 t\u1eeb ng\u00e0y mua s\u1ea3n ph\u1ea9m.<\/li>\n<\/ul>\n<h3><strong>B\u1ed9 s\u1ea3n ph\u1ea9m ch\u00ednh h\u00e3ng bao g\u1ed3m<\/strong><\/h3>\n<ul>\n<li>01 m\u00e1y h\u00fat m\u1ee5n Hanna 115<\/li>\n<li>04 \u0111\u1ea7u h\u00fat m\u1ee5n chuy\u00ean d\u1ee5ng<\/li>\n<li>01 c\u00e1p s\u1ea1c MicroUSB<\/li>\n<li>01 b\u1ed9 b\u00f4ng kh\u00e1ng khu\u1ea9n<\/li>\n<li>01 phi\u1ebfu h\u01b0\u1edbng d\u1eabn s\u1eed d\u1ee5ng<\/li>\n<li>01 th\u1ebb b\u1ea3o h\u00e0nh 12 th\u00e1ng<\/li>\n<\/ul>\n","protected":false},"excerpt":{"rendered":"<p>M\u00e1y h\u00fat m\u1ee5n Hanna 115 l\u00e0 s\u1ea3n ph\u1ea9m m\u1edbi nh\u1ea5t tr\u00ean th\u1ecb tr\u01b0\u1eddng hi\u1ec7n nay. S\u1eed d\u1ee5ng pin s\u1ea1c Lithium t\u1ea1o l\u1ef1c h\u00fat m\u1ea1nh l\u00e0m s\u1ea1ch s\u00e2u c\u00e1c lo\u1ea1i m\u1ee5n gi\u00fap da m\u1eb7t lu\u00f4n m\u1ecbn m\u00e0n v\u00e0 s\u00e1ng b\u00f3ng. S\u1ea3n ph\u1ea9m v\u1eeba t\u00fai ti\u1ec1n m\u1ecdi ng\u01b0\u1eddi, hi\u1ec7u qu\u1ea3 h\u00fat m\u1ee5n cao nhi\u1ec1u kh\u00e1ch h\u00e0ng l\u1ef1a ch\u1ecdn<\/p>\n","protected":false},"featured_media":383,"comment_status":"open","ping_status":"closed","template":"","meta":[],"_links":{"self":[{"href":"https:\/\/renren.vn\/w\/bachhoa22011\/wp-json\/wp\/v2\/product\/382"}],"collection":[{"href":"https:\/\/renren.vn\/w\/bachhoa22011\/wp-json\/wp\/v2\/product"}],"about":[{"href":"https:\/\/renren.vn\/w\/bachhoa22011\/wp-json\/wp\/v2\/types\/product"}],"replies":[{"embeddable":true,"href":"https:\/\/renren.vn\/w\/bachhoa22011\/wp-json\/wp\/v2\/comments?post=382"}],"wp:featuredmedia":[{"embeddable":true,"href":"https:\/\/renren.vn\/w\/bachhoa22011\/wp-json\/wp\/v2\/media\/383"}],"wp:attachment":[{"href":"https:\/\/renren.vn\/w\/bachhoa22011\/wp-json\/wp\/v2\/media?parent=382"}],"curies":[{"name":"wp","href":"https:\/\/api.w.org\/{rel}","templated":true}]}}