{"id":326,"date":"2019-10-07T22:36:12","date_gmt":"2019-10-07T15:36:12","guid":{"rendered":"http:\/\/shop2.muathemewordpress.net\/?post_type=product&#038;p=326"},"modified":"2020-05-23T09:47:59","modified_gmt":"2020-05-23T02:47:59","slug":"may-tro-thinh-nhat-ban-sieu-nho-rionet-hm-06","status":"publish","type":"product","link":"https:\/\/renren.vn\/w\/bachhoa22011\/san-pham\/may-tro-thinh-nhat-ban-sieu-nho-rionet-hm-06\/","title":{"rendered":"M\u00e1y tr\u1ee3 th\u00ednh Nh\u1eadt B\u1ea3n si\u00eau nh\u1ecf Rionet HM-06"},"content":{"rendered":"<h3><strong>\u0110\u1eb7c \u0111i\u1ec3m n\u1ed5i b\u1eadt c\u1ee7a m\u00e1y tr\u1ee3 th\u00ednh Rionet HM-06<\/strong><\/h3>\n<ul>\n<li>L\u00e0 d\u00f2ng m\u00e1y k\u1ef9 thu\u1eadt s\u1ed1 n\u00ean \u00e2m thanh trong, r\u00f5 n\u00e9t nghe th\u1eadt tai h\u01a1n nhi\u1ec1u so v\u1edbi c\u00e1c d\u00f2ng c\u01a1 th\u00f4ng th\u01b0\u1eddng<\/li>\n<li>Ch\u1ea5t l\u01b0\u1ee3ng \u00e2m thanh ho\u00e0n h\u1ea3o \u0111\u01b0\u1ee3c trang b\u1ecb nh\u1eefng t\u00ednh n\u0103ng cao c\u1ea5p nh\u1ea5t nh\u01b0 gi\u1ea3m ti\u1ebfng \u1ed3n, tri\u1ec7t ti\u00eau xung nhi\u1ec5u, lo\u1ea1i b\u1ecf \u0111\u01b0\u1ee3c ti\u1ebfng h\u00fa v\u00f9ng l\u1eb7p,\u2026<\/li>\n<li>S\u1ea3n ph\u1ea9m nh\u1ecf g\u1ecdn nh\u00e9t h\u1eb3n trong tai n\u00ean ph\u00f9 h\u1ee3p v\u1edbi th\u1ea9m m\u1ef9 ng\u01b0\u1eddi nghe, th\u00edch h\u1ee3p cho ng\u01b0\u1eddi tr\u1ebb ho\u1eb7c trung ni\u00ean.<\/li>\n<li>M\u00e1y tr\u1ee3 th\u00ednh Rionet HM-06 c\u00f3 n\u00fat \u0111i\u1ec1u ch\u1ec9nh \u00e2m l\u01b0\u1ee3ng, xoay v\u1eb7n tinh t\u1ebf v\u00e0 d\u1ec5 d\u00e0ng.<\/li>\n<li>\u00c2m thanh r\u00f5 n\u00e9t, t\u1ef1 nhi\u00ean, b\u1ed9 l\u1ecdc \u00e2m k\u1ef9 thu\u1eadt s\u1ed1 gi\u00fap cho \u00e2m thanh nghe \u0111\u01b0\u1ee3c c\u00f3 s\u1ef1 \u00eam \u00e1i, kh\u00f4ng ch\u00f3i tai.<\/li>\n<li>S\u1ea3n ph\u1ea9m th\u00edch h\u1ee3p cho ng\u01b0\u1eddi b\u1ecb \u0111i\u1ebfc \u1edf m\u1ee9c nh\u1eb9 v\u00e0 t\u1ea7m trung.<\/li>\n<li>H\u1ed9p \u0111\u1ef1ng m\u00e1y \u0111\u1ed9c \u0111\u00e1o, c\u00f3 c\u01a1 c\u1ea5u k\u00e9o h\u1edf ng\u0103n ch\u1ee9a pin \u0111\u1ec3 t\u1eaft m\u00e1y khi n\u1eafp h\u1ed9p \u0111\u01b0\u1ee3c \u0111\u00f3ng kh\u00edt l\u1ea1i<\/li>\n<li>Pin lo\u1ea1i PR41, r\u1ea5t d\u1ec5 mua t\u1ea1i b\u1ea5t k\u1ef3 c\u1eeda h\u00e0ng n\u00e0o<\/li>\n<li>Ch\u1ec9 c\u1ea7n g\u00e0i m\u00e1y v\u00e0o tai l\u00e0 c\u00f3 th\u1ec3 s\u1eed d\u1ee5ng ngay<\/li>\n<li>M\u00e1y tr\u1ee3 th\u00ednh s\u1ebd t\u1ef1 \u0111\u1ed9ng t\u1eaft khi \u0111\u01b0\u1ee3c c\u1ea5t tr\u1edf l\u1ea1i v\u00e0o h\u1ed9p \u0111\u1ef1ng m\u00e1y<\/li>\n<\/ul>\n<h3><strong>B\u1ed9 s\u1ea3n ph\u1ea9m bao g\u1ed3m:<\/strong><\/h3>\n<ul>\n<li>01 m\u00e1y<\/li>\n<li>3 c\u1ee1 l\u00f3t tai cho ng\u01b0\u1eddi d\u00f9ng kh\u00e1c nhau<\/li>\n<li>1 b\u00e0n ch\u1ea3i v\u1ec7 sinh m\u00e1y<\/li>\n<li>01 pin PR41<\/li>\n<li>01 h\u1ed9p nh\u1ef1a \u0111\u1ef1ng m\u00e1y<\/li>\n<li>01 c\u1ea7n h\u00fat nam ch\u00e2m \u0111\u1ec3 l\u1ea5y pin khi c\u1ea7n thay th\u1ebf pin.<\/li>\n<li>H\u01b0\u1edbng d\u1eabn s\u1eed d\u1ee5ng ti\u1ebfng Vi\u1ec7t, ti\u1ebfng Anh, phi\u1ebfu b\u1ea3o h\u00e0nh s\u1ea3n ph\u1ea9m.<\/li>\n<\/ul>\n<h3><strong>C\u00e1ch b\u1ea3o qu\u1ea3n m\u00e1y tr\u1ee3 th\u00ednh sau khi s\u1eed d\u1ee5ng<\/strong><\/h3>\n<ul>\n<li>Khi kh\u00f4ng s\u1eed d\u1ee5ng, b\u1ea1n th\u00e1o m\u00e1y v\u00e0 cho v\u00e0o h\u1ed9p \u0111\u1ec3 b\u1ea3o qu\u1ea3n theo khung c\u1ed1 \u0111\u1ecbnh c\u1ee7a m\u00e1y \u0111\u01b0\u1ee3c l\u1eadp tr\u00ecnh s\u1eb5n trong h\u1ed9p<\/li>\n<li>Khi c\u1ea5t b\u1ea3o qu\u1ea3n t\u1ea1m th\u1eddi kh\u00f4ng nh\u1ea5t thi\u1ebft ph\u1ea3i th\u00e1o pin ra kh\u1ecfi m\u00e1y, v\u00e0 m\u00e1y s\u1ebd t\u1ef1 \u0111\u1ed9ng t\u1eaft khi n\u1eafp h\u1ed9p b\u1ea3o v\u1ec7 \u0111\u01b0\u1ee3c \u0111\u00f3ng l\u1ea1i.<\/li>\n<\/ul>\n","protected":false},"excerpt":{"rendered":"<p>M\u00e1y tr\u1ee3 th\u00ednh kh\u00f4ng d\u00e2y Rionet HM-06 l\u00e0 chi\u1ebfc m\u00e1y tr\u1ee3 th\u00ednh si\u00eau nh\u1ecf \u0111\u01b0\u1ee3c thi\u1ebft k\u1ebf m\u1ec1m m\u1ea1i v\u1edbi t\u1eebng \u0111\u01b0\u1eddng n\u00e9t \u00f4m v\u00e0o trong \u0111\u00f4i tai, nh\u01b0ng v\u1eabn t\u1ea1o \u0111\u01b0\u1ee3c c\u1ea3m gi\u00e1c d\u1ec5 ch\u1ecbu cho ng\u01b0\u1eddi s\u1eed d\u1ee5ng, k\u1ec3 c\u1ea3 khi ph\u1ea3i \u0111eo l\u00e2u th\u00ec b\u1ea1n v\u1eabn c\u1ea3m th\u1ea5y tho\u1ea3i m\u00e1i, d\u1ec5 ch\u1ecbu.<\/p>\n","protected":false},"featured_media":327,"comment_status":"open","ping_status":"closed","template":"","meta":[],"_links":{"self":[{"href":"https:\/\/renren.vn\/w\/bachhoa22011\/wp-json\/wp\/v2\/product\/326"}],"collection":[{"href":"https:\/\/renren.vn\/w\/bachhoa22011\/wp-json\/wp\/v2\/product"}],"about":[{"href":"https:\/\/renren.vn\/w\/bachhoa22011\/wp-json\/wp\/v2\/types\/product"}],"replies":[{"embeddable":true,"href":"https:\/\/renren.vn\/w\/bachhoa22011\/wp-json\/wp\/v2\/comments?post=326"}],"wp:featuredmedia":[{"embeddable":true,"href":"https:\/\/renren.vn\/w\/bachhoa22011\/wp-json\/wp\/v2\/media\/327"}],"wp:attachment":[{"href":"https:\/\/renren.vn\/w\/bachhoa22011\/wp-json\/wp\/v2\/media?parent=326"}],"curies":[{"name":"wp","href":"https:\/\/api.w.org\/{rel}","templated":true}]}}