{"id":268,"date":"2019-10-07T16:16:08","date_gmt":"2019-10-07T09:16:08","guid":{"rendered":"http:\/\/shop2.muathemewordpress.net\/?post_type=product&#038;p=268"},"modified":"2020-05-23T09:47:59","modified_gmt":"2020-05-23T02:47:59","slug":"may-rua-mat-gia-re-sach-sau-lam-dep-da-koli-k200","status":"publish","type":"product","link":"https:\/\/renren.vn\/w\/bachhoa22011\/san-pham\/may-rua-mat-gia-re-sach-sau-lam-dep-da-koli-k200\/","title":{"rendered":"M\u00e1y r\u1eeda m\u1eb7t gi\u00e1 r\u1ebb s\u1ea1ch s\u00e2u l\u00e0m \u0111\u1eb9p da Koli K200"},"content":{"rendered":"<p><img loading=\"lazy\" class=\"aligncenter wp-image-274 size-full\" src=\"http:\/\/shop2.muathemewordpress.net\/wp-content\/uploads\/2019\/10\/2344.jpg\" alt=\"\" width=\"750\" height=\"1225\" srcset=\"https:\/\/renren.vn\/w\/bachhoa22011\/wp-content\/uploads\/2019\/10\/2344.jpg 750w, https:\/\/renren.vn\/w\/bachhoa22011\/wp-content\/uploads\/2019\/10\/2344-510x833.jpg 510w, https:\/\/renren.vn\/w\/bachhoa22011\/wp-content\/uploads\/2019\/10\/2344-184x300.jpg 184w, https:\/\/renren.vn\/w\/bachhoa22011\/wp-content\/uploads\/2019\/10\/2344-627x1024.jpg 627w\" sizes=\"(max-width: 750px) 100vw, 750px\" \/><\/p>\n","protected":false},"excerpt":{"rendered":"<p>M\u00e1y r\u1eeda m\u1eb7t con c\u00f4ng Koli s\u1edf h\u1eefu thi\u1ebft k\u1ebf \u0111\u1eb7c bi\u1ec7t d\u00e0nh cho m\u1ecdi lo\u1ea1i da v\u00e0 \u0111\u01b0\u1ee3c c\u1ea3i ti\u1ebfn v\u1edbi nhi\u1ec1u t\u00ednh n\u0103ng m\u1edbi, th\u00f4ng minh. \u0110\u1eb7c bi\u1ec7t \u0111\u01b0\u1ee3c k\u1ebft h\u1ee3p c\u00f4ng ngh\u1ec7 \u00e1nh s\u00e1ng sinh h\u1ecdc m\u1edbi nh\u1ea5t th\u1ecb tr\u01b0\u1eddng, ch\u1ec9 c\u00f3 t\u1ea1i H\u00e0ng T\u1ed1t Nh\u1eadp Kh\u1ea9u.<\/p>\n","protected":false},"featured_media":270,"comment_status":"open","ping_status":"closed","template":"","meta":[],"_links":{"self":[{"href":"https:\/\/renren.vn\/w\/bachhoa22011\/wp-json\/wp\/v2\/product\/268"}],"collection":[{"href":"https:\/\/renren.vn\/w\/bachhoa22011\/wp-json\/wp\/v2\/product"}],"about":[{"href":"https:\/\/renren.vn\/w\/bachhoa22011\/wp-json\/wp\/v2\/types\/product"}],"replies":[{"embeddable":true,"href":"https:\/\/renren.vn\/w\/bachhoa22011\/wp-json\/wp\/v2\/comments?post=268"}],"wp:featuredmedia":[{"embeddable":true,"href":"https:\/\/renren.vn\/w\/bachhoa22011\/wp-json\/wp\/v2\/media\/270"}],"wp:attachment":[{"href":"https:\/\/renren.vn\/w\/bachhoa22011\/wp-json\/wp\/v2\/media?parent=268"}],"curies":[{"name":"wp","href":"https:\/\/api.w.org\/{rel}","templated":true}]}}