{"id":120,"date":"2017-05-23T08:07:04","date_gmt":"2017-05-23T08:07:04","guid":{"rendered":"https:\/\/bachhoa.khowebseotop.vn\/?post_type=product&#038;p=120"},"modified":"2017-05-25T03:36:38","modified_gmt":"2017-05-25T03:36:38","slug":"khan-uot-luck-lady-khong-mui-goi-10-200x150mm","status":"publish","type":"product","link":"https:\/\/renren.vn\/w\/bachhoa2011\/khan-uot-luck-lady-khong-mui-goi-10-200x150mm\/","title":{"rendered":"Kh\u0103n \u01b0\u1edbt Luck Lady kh\u00f4ng m\u00f9i g\u00f3i 10 t\u1edd (200x150mm)"},"content":{"rendered":"<p><strong>\u0110\u1eb7c \u0111i\u1ec3m n\u1ed5i b\u1eadt<\/strong><\/p>\n<ul>\n<li>S\u1ea3n ph\u1ea9m kh\u00f4ng m\u00f9i d\u1ec5 s\u1eed d\u1ee5ng<\/li>\n<li>Th\u00edch h\u1ee3p v\u1edbi m\u1ecdi lo\u1ea1i da<\/li>\n<li>D\u00f9ng \u0111\u1ec3 lau m\u1eb7t v\u00e0 tay<\/li>\n<li>Bao b\u00ec nh\u1ecf g\u1ecdn, ti\u1ec7n d\u1ee5ng<\/li>\n<li>Kh\u00f4ng h\u00f3a ch\u1ea5t b\u1ea3o qu\u1ea3n g\u1ed1c Paraben<\/li>\n<li>Kh\u00f4ng ch\u1ea5t hu\u1ef3nh quang trong v\u1ea3i<\/li>\n<li>L\u00e0m t\u1eeb v\u1ea3i kh\u00f4ng d\u1ec7t 2 chi\u1ec1u<\/li>\n<li>S\u1ea3n xu\u1ea5t t\u1ea1i Vi\u1ec7t Nam<\/li>\n<li>Luck Lady l\u00e0 th\u01b0\u01a1ng hi\u1ec7u c\u1ee7a Vi\u1ec7t Nam<\/li>\n<li>S\u1ed1 l\u01b0\u1ee3ng 10 t\u1edd (200x150mm)<\/li>\n<\/ul>\n<p><strong>Th\u00e0nh ph\u1ea7n v\u00e0 c\u00f4ng d\u1ee5ng:<\/strong><\/p>\n<ul>\n<li>V\u1ea3i kh\u00f4ng d\u1ec7t 2 chi\u1ec1u m\u1ec1m m\u1ea1i, kh\u00f4ng x\u01a1 gi\u00fap gi\u1eef \u1ea9m nh\u01b0ng kh\u00f4ng l\u00e0m nh\u1edbt da tay khi lau.<\/li>\n<li>S\u1ea3n ph\u1ea9m kh\u00f4ng ch\u1ee9a c\u1ed3n, kh\u00f4ng g\u00e2y k\u00edch \u1ee9ng da, th\u00edch h\u1ee3p cho c\u1ea3 l\u00e0n da nh\u1ea1y c\u1ea3m.<\/li>\n<li>Kh\u00f4ng h\u00f3a ch\u1ea5t b\u1ea3o qu\u1ea3n g\u1ed1c Paraben, kh\u00f4ng ch\u1ea5t hu\u1ef3nh quang trong v\u1ea3i tuy\u1ec7t \u0111\u1ed1i v\u1ec7 sinh, tr\u00e1nh vi tr\u00f9ng th\u00e2m nh\u1eadp, th\u00e2n thi\u1ec7n v\u1edbi m\u00f4i tr\u01b0\u1eddng.<\/li>\n<li>S\u1ea3n ph\u1ea9m kh\u00f4ng m\u00f9i d\u1ec5 s\u1eed d\u1ee5ng, ph\u00f9 h\u1ee3p v\u1edbi nhi\u1ec1u ng\u01b0\u1eddi d\u00f9ng.<\/li>\n<\/ul>\n<p><strong>H\u01b0\u1edbng d\u1eabn s\u1eed d\u1ee5ng:<\/strong><\/p>\n<ul>\n<li>M\u1edf mi\u1ebfng decal.<\/li>\n<li>R\u00fat t\u1eebng chi\u1ebfc kh\u0103n \u0111\u1ec3 s\u1eed d\u1ee5ng.<\/li>\n<li>Sau khi d\u00f9ng xong, \u0111\u00f3ng mi\u1ebfng decal l\u1ea1i \u0111\u1ec3 gi\u1eef \u1ea9m v\u00e0 tr\u00e1nh khu\u1ea9n.<\/li>\n<\/ul>\n<p><strong>B\u1ea3o qu\u1ea3n:<\/strong><\/p>\n<ul>\n<li>B\u1ea3o qu\u1ea3n \u1edf n\u01a1i kh\u00f4, m\u00e1t, tr\u00e1nh \u00e1nh n\u1eafng v\u00e0 nh\u1eefng n\u01a1i c\u00f3 nhi\u1ec7t \u0111\u1ed9 cao<\/li>\n<\/ul>\n","protected":false},"excerpt":{"rendered":"<p>\u0110\u1eb7c \u0111i\u1ec3m n\u1ed5i b\u1eadt S\u1ea3n ph\u1ea9m kh\u00f4ng m\u00f9i d\u1ec5 s\u1eed d\u1ee5ng Th\u00edch h\u1ee3p v\u1edbi m\u1ecdi lo\u1ea1i da D\u00f9ng \u0111\u1ec3 lau m\u1eb7t v\u00e0 tay Bao b\u00ec nh\u1ecf g\u1ecdn, ti\u1ec7n d\u1ee5ng Kh\u00f4ng h\u00f3a ch\u1ea5t b\u1ea3o qu\u1ea3n g\u1ed1c Paraben Kh\u00f4ng ch\u1ea5t hu\u1ef3nh quang trong v\u1ea3i L\u00e0m t\u1eeb v\u1ea3i kh\u00f4ng d\u1ec7t 2 chi\u1ec1u S\u1ea3n xu\u1ea5t t\u1ea1i Vi\u1ec7t Nam Luck [&#8230;]\n","protected":false},"featured_media":202,"comment_status":"open","ping_status":"closed","template":"","meta":[],"_links":{"self":[{"href":"https:\/\/renren.vn\/w\/bachhoa2011\/wp-json\/wp\/v2\/product\/120"}],"collection":[{"href":"https:\/\/renren.vn\/w\/bachhoa2011\/wp-json\/wp\/v2\/product"}],"about":[{"href":"https:\/\/renren.vn\/w\/bachhoa2011\/wp-json\/wp\/v2\/types\/product"}],"replies":[{"embeddable":true,"href":"https:\/\/renren.vn\/w\/bachhoa2011\/wp-json\/wp\/v2\/comments?post=120"}],"wp:featuredmedia":[{"embeddable":true,"href":"https:\/\/renren.vn\/w\/bachhoa2011\/wp-json\/wp\/v2\/media\/202"}],"wp:attachment":[{"href":"https:\/\/renren.vn\/w\/bachhoa2011\/wp-json\/wp\/v2\/media?parent=120"}],"curies":[{"name":"wp","href":"https:\/\/api.w.org\/{rel}","templated":true}]}}