{"id":1501,"date":"2018-12-07T16:23:50","date_gmt":"2018-12-07T09:23:50","guid":{"rendered":"http:\/\/shop2.khowebseotop.vn\/?post_type=product&#038;p=1501"},"modified":"2018-12-07T16:24:14","modified_gmt":"2018-12-07T09:24:14","slug":"camera-mini-sq11-full-hd-camera-hanh-trinh-sieu-nho","status":"publish","type":"product","link":"https:\/\/renren.vn\/w\/bachhoa12011\/san-pham\/camera-mini-sq11-full-hd-camera-hanh-trinh-sieu-nho\/","title":{"rendered":"Camera mini SQ11 Full HD &#8211; Camera h\u00e0nh tr\u00ecnh si\u00eau nh\u1ecf"},"content":{"rendered":"<h2>Camera mini SQ11 Full HD &#8211; Camera h\u00e0nh tr\u00ecnh si\u00eau nh\u1ecf<\/h2>\n<p><strong>Camera mini SQ11 Full HD<\/strong> l\u00e0 m\u1ed9t thi\u1ebft b\u1ecb ti\u1ec7n \u00edch tr\u00ean m\u1ecdi chi\u1ebfc xe \u00f4 t\u00f4, \u0111\u1eb7c bi\u1ec7t l\u00e0 \u1edf Vi\u1ec7t Nam v\u1edbi \u0111i\u1ec1u ki\u1ec7n giao th\u00f4ng kh\u00e1 ph\u1ee9c t\u1ea1p, d\u1ec5 d\u00e0ng x\u1ea3y ra nh\u1eefng s\u1ef1 c\u1ed1, va ch\u1ea1m kh\u00f4ng mong mu\u1ed1n. S\u1ea3n ph\u1ea9m c\u00f2n l\u00e0 ng\u01b0\u1eddi b\u1ea1n \u0111\u1ed3ng h\u00e0nh gi\u00fap b\u1ea1n l\u01b0u tr\u1eef nh\u1eefng kho\u1ea3nh kh\u1eafc c\u00f9ng v\u1edbi ng\u01b0\u1eddi th\u00e2n hay b\u1ea1n b\u00e8 trong nh\u1eefng chuy\u1ebfn \u0111i \u0111\u00e1ng nh\u1edb.<\/p>\n<p><a href=\"http:\/\/shop2.khowebseotop.vn\/wp-content\/uploads\/2018\/12\/Camera-hanh-trinh-sieu-nho-SQ11-Full-HD-7.jpg\"><img loading=\"lazy\" class=\"alignnone size-full wp-image-1508\" src=\"http:\/\/shop2.khowebseotop.vn\/wp-content\/uploads\/2018\/12\/Camera-hanh-trinh-sieu-nho-SQ11-Full-HD-7.jpg\" alt=\"Camera mini SQ11 Full HD\" width=\"900\" height=\"900\" srcset=\"https:\/\/renren.vn\/w\/bachhoa12011\/wp-content\/uploads\/2018\/12\/Camera-hanh-trinh-sieu-nho-SQ11-Full-HD-7.jpg 900w, https:\/\/renren.vn\/w\/bachhoa12011\/wp-content\/uploads\/2018\/12\/Camera-hanh-trinh-sieu-nho-SQ11-Full-HD-7-510x510.jpg 510w, https:\/\/renren.vn\/w\/bachhoa12011\/wp-content\/uploads\/2018\/12\/Camera-hanh-trinh-sieu-nho-SQ11-Full-HD-7-150x150.jpg 150w, https:\/\/renren.vn\/w\/bachhoa12011\/wp-content\/uploads\/2018\/12\/Camera-hanh-trinh-sieu-nho-SQ11-Full-HD-7-300x300.jpg 300w, https:\/\/renren.vn\/w\/bachhoa12011\/wp-content\/uploads\/2018\/12\/Camera-hanh-trinh-sieu-nho-SQ11-Full-HD-7-768x768.jpg 768w, https:\/\/renren.vn\/w\/bachhoa12011\/wp-content\/uploads\/2018\/12\/Camera-hanh-trinh-sieu-nho-SQ11-Full-HD-7-100x100.jpg 100w\" sizes=\"(max-width: 900px) 100vw, 900px\" \/><\/a><\/p>\n<p>VIDEO REVIEW CAMERA H\u00c0NH TR\u00ccNH SI\u00caU NH\u1ece SQ11 FULL HD :<\/p>\n<p><iframe src=\"\/wp-content\/uploads\/2018\/12\/Camera-hanh-trinh-sieu-nho-SQ11-Full-HD-1.jpg\"><img loading=\"lazy\" class=\"alignnone size-full wp-image-1502\" src=\"http:\/\/shop2.khowebseotop.vn\/wp-content\/uploads\/2018\/12\/Camera-hanh-trinh-sieu-nho-SQ11-Full-HD-1.jpg\" alt=\"Camera mini SQ11 Full HD\" width=\"900\" height=\"900\" srcset=\"https:\/\/renren.vn\/w\/bachhoa12011\/wp-content\/uploads\/2018\/12\/Camera-hanh-trinh-sieu-nho-SQ11-Full-HD-1.jpg 900w, https:\/\/renren.vn\/w\/bachhoa12011\/wp-content\/uploads\/2018\/12\/Camera-hanh-trinh-sieu-nho-SQ11-Full-HD-1-510x510.jpg 510w, https:\/\/renren.vn\/w\/bachhoa12011\/wp-content\/uploads\/2018\/12\/Camera-hanh-trinh-sieu-nho-SQ11-Full-HD-1-150x150.jpg 150w, https:\/\/renren.vn\/w\/bachhoa12011\/wp-content\/uploads\/2018\/12\/Camera-hanh-trinh-sieu-nho-SQ11-Full-HD-1-300x300.jpg 300w, https:\/\/renren.vn\/w\/bachhoa12011\/wp-content\/uploads\/2018\/12\/Camera-hanh-trinh-sieu-nho-SQ11-Full-HD-1-768x768.jpg 768w, https:\/\/renren.vn\/w\/bachhoa12011\/wp-content\/uploads\/2018\/12\/Camera-hanh-trinh-sieu-nho-SQ11-Full-HD-1-100x100.jpg 100w\" sizes=\"(max-width: 900px) 100vw, 900px\" \/><\/a><\/p>\n<p><strong>Camera h\u00e0nh tr\u00ecnh SQ11 Full HD<\/strong> l\u00e0 phi\u00ean b\u1ea3n n\u00e2ng c\u1ea5p c\u1ee7a c\u00e1c \u0111\u1eddi c\u0169 nh\u01b0 SQ8, 9, 10. S\u1ea3n ph\u1ea9m cho ch\u1ea5t l\u01b0\u1ee3ng ghi h\u00ecnh n\u00e9t h\u01a1n, b\u1eaft s\u00e1ng t\u1ed1t h\u01a1n v\u00e0 th\u1eddi gian ghi h\u00ecnh l\u00e2u h\u01a1n c\u00e1c th\u1ebf h\u1ec7 c\u0169. Ch\u1ebf \u0111\u1ed9 quay khi chuy\u1ec3n \u0111\u1ed9ng: 720P v\u00e0 1080P. N\u1ebfu b\u1eadt ch\u1ebf \u0111\u1ed9 quay khi g\u1eb7p chuy\u1ec3n \u0111\u1ed9ng th\u00ec camera s\u1ebd quay v\u00e0 t\u1eaft sau 1 ph\u00fat n\u1ebfu kh\u00f4ng g\u1eb7p chuy\u1ec3n \u0111\u1ed9ng n\u1eefa.<\/p>\n<p><a href=\"http:\/\/shop2.khowebseotop.vn\/wp-content\/uploads\/2018\/12\/Camera-hanh-trinh-sieu-nho-SQ11-Full-HD-2.jpg\"><img loading=\"lazy\" class=\"alignnone size-full wp-image-1503\" src=\"http:\/\/shop2.khowebseotop.vn\/wp-content\/uploads\/2018\/12\/Camera-hanh-trinh-sieu-nho-SQ11-Full-HD-2.jpg\" alt=\"B\u00e1n s\u1ec9 Camera mini SQ11 Full HD\" width=\"900\" height=\"600\" srcset=\"https:\/\/renren.vn\/w\/bachhoa12011\/wp-content\/uploads\/2018\/12\/Camera-hanh-trinh-sieu-nho-SQ11-Full-HD-2.jpg 900w, https:\/\/renren.vn\/w\/bachhoa12011\/wp-content\/uploads\/2018\/12\/Camera-hanh-trinh-sieu-nho-SQ11-Full-HD-2-510x340.jpg 510w, https:\/\/renren.vn\/w\/bachhoa12011\/wp-content\/uploads\/2018\/12\/Camera-hanh-trinh-sieu-nho-SQ11-Full-HD-2-300x200.jpg 300w, https:\/\/renren.vn\/w\/bachhoa12011\/wp-content\/uploads\/2018\/12\/Camera-hanh-trinh-sieu-nho-SQ11-Full-HD-2-768x512.jpg 768w\" sizes=\"(max-width: 900px) 100vw, 900px\" \/><\/a><\/p>\n<p><strong>Camera mini SQ11 1080p<\/strong> \u0111\u01b0\u1ee3c t\u00edch h\u1ee3p 4 m\u1eaft \u0111\u00e8n h\u1ed3ng ngo\u1ea1i, h\u1ed7 tr\u1ee3 nh\u00ecn r\u1ea5t r\u00f5 v\u00e0o ban \u0111\u00eam, \u0111i\u1ec1u ki\u1ec7n thi\u1ebfu s\u00e1ng m\u00e0 kh\u00f4ng b\u1ecf l\u1ee1 nh\u1eefng kho\u1ea3nh kh\u1eafc c\u1ea7n l\u01b0u l\u1ea1i<\/p>\n<p><a href=\"http:\/\/shop2.khowebseotop.vn\/wp-content\/uploads\/2018\/12\/Camera-hanh-trinh-sieu-nho-SQ11-Full-HD-3.jpg\"><img loading=\"lazy\" class=\"alignnone size-full wp-image-1504\" src=\"http:\/\/shop2.khowebseotop.vn\/wp-content\/uploads\/2018\/12\/Camera-hanh-trinh-sieu-nho-SQ11-Full-HD-3.jpg\" alt=\"B\u00e1n s\u1ec9 Camera mini SQ11 Full HD\" width=\"900\" height=\"600\" srcset=\"https:\/\/renren.vn\/w\/bachhoa12011\/wp-content\/uploads\/2018\/12\/Camera-hanh-trinh-sieu-nho-SQ11-Full-HD-3.jpg 900w, https:\/\/renren.vn\/w\/bachhoa12011\/wp-content\/uploads\/2018\/12\/Camera-hanh-trinh-sieu-nho-SQ11-Full-HD-3-510x340.jpg 510w, https:\/\/renren.vn\/w\/bachhoa12011\/wp-content\/uploads\/2018\/12\/Camera-hanh-trinh-sieu-nho-SQ11-Full-HD-3-300x200.jpg 300w, https:\/\/renren.vn\/w\/bachhoa12011\/wp-content\/uploads\/2018\/12\/Camera-hanh-trinh-sieu-nho-SQ11-Full-HD-3-768x512.jpg 768w\" sizes=\"(max-width: 900px) 100vw, 900px\" \/><\/a><\/p>\n<h3>Camera mini SQ11 c\u00f3 nh\u1eefng \u0111\u1eb7c \u0111i\u1ec3m n\u1ed5i b\u1eadt sau:<\/h3>\n<ul>\n<li>K\u00edch th\u01b0\u1edbc si\u00eau nh\u1ecf d\u1ea1ng kh\u1ed1i l\u1eadp ph\u01b0\u01a1ng c\u1ea1nh ch\u1ec9 23mm, v\u1ecf nh\u1ef1a ABS b\u1ec1n \u0111\u1eb9p.<\/li>\n<li>C\u1ea3m bi\u1ebfn 1080P l\u00ean \u0111\u1ebfn 2 tri\u1ec7u \u0111i\u1ec3m \u1ea3nh cho h\u00ecnh \u1ea3nh ch\u1ea5t l\u01b0\u1ee3ng full HD.<\/li>\n<li>Trang b\u1ecb \u0111\u00e8n h\u1ed3ng ngo\u1ea1i gi\u00fap camera th\u1ea5y r\u00f5 v\u00e0o ban \u0111\u00eam.<\/li>\n<li>G\u00f3c quay l\u00ean \u0111\u1ebfn 140 \u0111\u1ed9, ch\u00e2n \u0111\u1ebf xoay linh ho\u1ea1t<\/li>\n<li>Dung l\u01b0\u1ee3ng pin 200mAh ghi h\u00ecnh li\u00ean t\u1ee5c trong th\u1eddi gian 100 ph\u00fat, s\u1ea1c pin trong kho\u1ea3ng 2-3 gi\u1edd.<\/li>\n<li>Ph\u00e1t hi\u1ec7n chuy\u1ec3n \u0111\u1ed9ng th\u00f4ng minh, \u1ee9ng d\u1ee5ng quay camera an ninh, ph\u00f3ng s\u1ef1, nghi\u00ean c\u1ee9u sinh v\u1eadt\u2026<\/li>\n<li>Ghi \u0111\u00e8 d\u1eef li\u1ec7u th\u00f4ng minh<\/li>\n<\/ul>\n<p><a href=\"http:\/\/shop2.khowebseotop.vn\/wp-content\/uploads\/2018\/12\/Camera-hanh-trinh-sieu-nho-SQ11-Full-HD-6.jpg\"><img loading=\"lazy\" class=\"alignnone size-full wp-image-1507\" src=\"http:\/\/shop2.khowebseotop.vn\/wp-content\/uploads\/2018\/12\/Camera-hanh-trinh-sieu-nho-SQ11-Full-HD-6.jpg\" alt=\"B\u00e1n s\u1ec9 Camera mini SQ11 Full HD\" width=\"900\" height=\"900\" srcset=\"https:\/\/renren.vn\/w\/bachhoa12011\/wp-content\/uploads\/2018\/12\/Camera-hanh-trinh-sieu-nho-SQ11-Full-HD-6.jpg 900w, https:\/\/renren.vn\/w\/bachhoa12011\/wp-content\/uploads\/2018\/12\/Camera-hanh-trinh-sieu-nho-SQ11-Full-HD-6-510x510.jpg 510w, https:\/\/renren.vn\/w\/bachhoa12011\/wp-content\/uploads\/2018\/12\/Camera-hanh-trinh-sieu-nho-SQ11-Full-HD-6-150x150.jpg 150w, https:\/\/renren.vn\/w\/bachhoa12011\/wp-content\/uploads\/2018\/12\/Camera-hanh-trinh-sieu-nho-SQ11-Full-HD-6-300x300.jpg 300w, https:\/\/renren.vn\/w\/bachhoa12011\/wp-content\/uploads\/2018\/12\/Camera-hanh-trinh-sieu-nho-SQ11-Full-HD-6-768x768.jpg 768w, https:\/\/renren.vn\/w\/bachhoa12011\/wp-content\/uploads\/2018\/12\/Camera-hanh-trinh-sieu-nho-SQ11-Full-HD-6-100x100.jpg 100w\" sizes=\"(max-width: 900px) 100vw, 900px\" \/><\/a><\/p>\n<p><strong>B\u1ed9 s\u1ea3n ph\u1ea9m g\u1ed3m:<\/strong><\/p>\n<p>\u2013 Camera<br \/>\n\u2013 D\u00e2y s\u1ea1c USB v\u00e0 AV<br \/>\n\u2013 \u0110\u1ebf c\u00e0i v\u00e0 k\u1eb9p<br \/>\n\u2013 S\u00e1ch h\u01b0\u1edbng d\u1eabn ti\u1ebfng Anh<\/p>\n<p><a href=\"http:\/\/shop2.khowebseotop.vn\/wp-content\/uploads\/2018\/12\/Camera-hanh-trinh-sieu-nho-SQ11-Full-HD-8.jpg\"><img loading=\"lazy\" class=\"alignnone size-full wp-image-1509\" src=\"http:\/\/shop2.khowebseotop.vn\/wp-content\/uploads\/2018\/12\/Camera-hanh-trinh-sieu-nho-SQ11-Full-HD-8.jpg\" alt=\"B\u00e1n s\u1ec9 Camera mini SQ11 Full HD\" width=\"900\" height=\"900\" srcset=\"https:\/\/renren.vn\/w\/bachhoa12011\/wp-content\/uploads\/2018\/12\/Camera-hanh-trinh-sieu-nho-SQ11-Full-HD-8.jpg 900w, https:\/\/renren.vn\/w\/bachhoa12011\/wp-content\/uploads\/2018\/12\/Camera-hanh-trinh-sieu-nho-SQ11-Full-HD-8-510x510.jpg 510w, https:\/\/renren.vn\/w\/bachhoa12011\/wp-content\/uploads\/2018\/12\/Camera-hanh-trinh-sieu-nho-SQ11-Full-HD-8-150x150.jpg 150w, https:\/\/renren.vn\/w\/bachhoa12011\/wp-content\/uploads\/2018\/12\/Camera-hanh-trinh-sieu-nho-SQ11-Full-HD-8-300x300.jpg 300w, https:\/\/renren.vn\/w\/bachhoa12011\/wp-content\/uploads\/2018\/12\/Camera-hanh-trinh-sieu-nho-SQ11-Full-HD-8-768x768.jpg 768w, https:\/\/renren.vn\/w\/bachhoa12011\/wp-content\/uploads\/2018\/12\/Camera-hanh-trinh-sieu-nho-SQ11-Full-HD-8-100x100.jpg 100w\" sizes=\"(max-width: 900px) 100vw, 900px\" \/><\/a><\/p>\n<h4><strong>Th\u00f4ng s\u1ed1 k\u1ef9 thu\u1eadt Camera mini SQ11 :<\/strong><\/h4>\n<p>\u2013 Pin Li-Po 200mAh quay \u0111\u01b0\u1ee3c t\u1ed1i \u0111a 60 \u2013 100 ph\u00fat<br \/>\n\u2013 C\u1eafm d\u00e2y s\u1ea1c t\u1ef1 \u0111\u1ed9ng quay nh\u01b0 camera h\u00e0nh tr\u00ecnh \u00f4 t\u00f4, camera quan s\u00e1t. C\u1eafm v\u00e0o m\u00e1y t\u00ednh quay webcam<br \/>\n\u2013 \u0110\u1ecbnh d\u1ea1ng video: AVI<br \/>\n\u2013 Video m\u00e3 h\u00f3a: M-JPEG<br \/>\n\u2013 Video frame rate: 30 fps<br \/>\n\u2013 \u0110\u1ecbnh d\u1ea1ng \u1ea3nh: JPG<br \/>\n\u2013 H\u00ecnh \u1ea3nh t\u1ef7 l\u1ec7: 4:3<br \/>\n\u2013 H\u1ed7 tr\u1ee3 h\u1ec7 th\u1ed1ng: Windows\/2000\/XP\/2003\/Vista; Mac OS; Linux;<br \/>\n\u2013 Mini USB 8 Pin<br \/>\n\u2013 2 ch\u1ebf \u0111\u1ed9 quay phim: Quay phim Video: 1280X720 P\/Quay phim Video: 1920X1080 P<br \/>\n\u2013 Ch\u1ebf \u0111\u1ed9 \u0111\u1ec3 ch\u1ee5p \u1ea3nh: 12MP (4032X3024)<br \/>\n\u2013 Quay ch\u1ebf \u0111\u1ed9 khi chuy\u1ec3n \u0111\u1ed9ng: 720P v\u00e0 1080P. Khi b\u1eadt ch\u1ebf \u0111\u1ed9 quay khi g\u1eb7p chuy\u1ec3n \u0111\u1ed9ng th\u00ec camera s\u1ebd quay v\u00e0 t\u1eaft sau \u2013 1 ph\u00fat n\u1ebfu kh\u00f4ng g\u1eb7p chuy\u1ec3n \u0111\u1ed9ng n\u1eefa<br \/>\n\u2013 G\u00f3c quay: 120 \u0111\u1ed9<br \/>\n\u2013 D\u00e2y v\u00e0 \u1ed5 c\u1eafm USB 2.0 truy\u1ec1n t\u1ea3i nhanh<br \/>\n\u2013 H\u1ed7 tr\u1ee3 th\u1ebb nh\u1edb t\u1edbi 32GB<br \/>\n\u2013 D\u00e2y TV OUT TV xem tr\u1ef1c ti\u1ebfp qua TV Livestream<br \/>\n\u2013 Chi\u1ec1u d\u00e0i c\u00e1p USB v\u00e0 AV: 80cm<br \/>\n\u2013 Kh\u00f4ng bao g\u1ed3m th\u1ebb nh\u1edb<\/p>\n<p><a href=\"http:\/\/shop2.khowebseotop.vn\/wp-content\/uploads\/2018\/12\/Camera-hanh-trinh-sieu-nho-SQ11-Full-HD-5.jpg\"><img loading=\"lazy\" class=\"alignnone size-full wp-image-1506\" src=\"http:\/\/shop2.khowebseotop.vn\/wp-content\/uploads\/2018\/12\/Camera-hanh-trinh-sieu-nho-SQ11-Full-HD-5.jpg\" alt=\"B\u00e1n bu\u00f4n Camera mini SQ11 Full HD\" width=\"900\" height=\"600\" srcset=\"https:\/\/renren.vn\/w\/bachhoa12011\/wp-content\/uploads\/2018\/12\/Camera-hanh-trinh-sieu-nho-SQ11-Full-HD-5.jpg 900w, https:\/\/renren.vn\/w\/bachhoa12011\/wp-content\/uploads\/2018\/12\/Camera-hanh-trinh-sieu-nho-SQ11-Full-HD-5-510x340.jpg 510w, https:\/\/renren.vn\/w\/bachhoa12011\/wp-content\/uploads\/2018\/12\/Camera-hanh-trinh-sieu-nho-SQ11-Full-HD-5-300x200.jpg 300w, https:\/\/renren.vn\/w\/bachhoa12011\/wp-content\/uploads\/2018\/12\/Camera-hanh-trinh-sieu-nho-SQ11-Full-HD-5-768x512.jpg 768w\" sizes=\"(max-width: 900px) 100vw, 900px\" \/><\/a><\/p>\n<p><a href=\"http:\/\/shop2.khowebseotop.vn\/wp-content\/uploads\/2018\/12\/Camera-hanh-trinh-sieu-nho-SQ11-Full-HD-4.jpg\"><img loading=\"lazy\" class=\"alignnone size-full wp-image-1505\" src=\"http:\/\/shop2.khowebseotop.vn\/wp-content\/uploads\/2018\/12\/Camera-hanh-trinh-sieu-nho-SQ11-Full-HD-4.jpg\" alt=\"B\u00e1n bu\u00f4n Camera mini SQ11 Full HD\" width=\"900\" height=\"600\" srcset=\"https:\/\/renren.vn\/w\/bachhoa12011\/wp-content\/uploads\/2018\/12\/Camera-hanh-trinh-sieu-nho-SQ11-Full-HD-4.jpg 900w, https:\/\/renren.vn\/w\/bachhoa12011\/wp-content\/uploads\/2018\/12\/Camera-hanh-trinh-sieu-nho-SQ11-Full-HD-4-510x340.jpg 510w, https:\/\/renren.vn\/w\/bachhoa12011\/wp-content\/uploads\/2018\/12\/Camera-hanh-trinh-sieu-nho-SQ11-Full-HD-4-300x200.jpg 300w, https:\/\/renren.vn\/w\/bachhoa12011\/wp-content\/uploads\/2018\/12\/Camera-hanh-trinh-sieu-nho-SQ11-Full-HD-4-768x512.jpg 768w\" sizes=\"(max-width: 900px) 100vw, 900px\" \/><\/a><\/p>\n<p><strong>Xem th\u00eam : <a href=\"http:\/\/shop2.khowebseotop.vn\/do-cong-nghe\/\">\u0110\u1ed3 c\u00f4ng ngh\u1ec7 ti\u1ec7n \u00edch<\/a><\/strong><\/p>\n","protected":false},"excerpt":{"rendered":"<ul>\n<li>K\u00edch th\u01b0\u1edbc si\u00eau nh\u1ecf d\u1ea1ng kh\u1ed1i l\u1eadp ph\u01b0\u01a1ng c\u1ea1nh ch\u1ec9 23mm, v\u1ecf nh\u1ef1a ABS b\u1ec1n \u0111\u1eb9p.<\/li>\n<li>C\u1ea3m bi\u1ebfn 1080P l\u00ean \u0111\u1ebfn 2 tri\u1ec7u \u0111i\u1ec3m \u1ea3nh cho h\u00ecnh \u1ea3nh ch\u1ea5t l\u01b0\u1ee3ng full HD.<\/li>\n<li>Trang b\u1ecb \u0111\u00e8n h\u1ed3ng ngo\u1ea1i gi\u00fap camera th\u1ea5y r\u00f5 v\u00e0o ban \u0111\u00eam.<\/li>\n<li>G\u00f3c quay l\u00ean \u0111\u1ebfn 140 \u0111\u1ed9, ch\u00e2n \u0111\u1ebf xoay linh ho\u1ea1t<\/li>\n<li>Dung l\u01b0\u1ee3ng pin 200mAh ghi h\u00ecnh li\u00ean t\u1ee5c trong th\u1eddi gian 100 ph\u00fat, s\u1ea1c pin trong kho\u1ea3ng 2-3 gi\u1edd.<\/li>\n<li>Ph\u00e1t hi\u1ec7n chuy\u1ec3n \u0111\u1ed9ng th\u00f4ng minh, \u1ee9ng d\u1ee5ng quay camera an ninh, ph\u00f3ng s\u1ef1, nghi\u00ean c\u1ee9u sinh v\u1eadt\u2026<\/li>\n<li>Ghi \u0111\u00e8 d\u1eef li\u1ec7u th\u00f4ng minh<\/li>\n<\/ul>\n","protected":false},"featured_media":1508,"comment_status":"open","ping_status":"closed","template":"","meta":[],"_links":{"self":[{"href":"https:\/\/renren.vn\/w\/bachhoa12011\/wp-json\/wp\/v2\/product\/1501"}],"collection":[{"href":"https:\/\/renren.vn\/w\/bachhoa12011\/wp-json\/wp\/v2\/product"}],"about":[{"href":"https:\/\/renren.vn\/w\/bachhoa12011\/wp-json\/wp\/v2\/types\/product"}],"replies":[{"embeddable":true,"href":"https:\/\/renren.vn\/w\/bachhoa12011\/wp-json\/wp\/v2\/comments?post=1501"}],"wp:featuredmedia":[{"embeddable":true,"href":"https:\/\/renren.vn\/w\/bachhoa12011\/wp-json\/wp\/v2\/media\/1508"}],"wp:attachment":[{"href":"https:\/\/renren.vn\/w\/bachhoa12011\/wp-json\/wp\/v2\/media?parent=1501"}],"curies":[{"name":"wp","href":"https:\/\/api.w.org\/{rel}","templated":true}]}}