{"id":1492,"date":"2018-12-07T16:01:54","date_gmt":"2018-12-07T09:01:54","guid":{"rendered":"http:\/\/shop2.khowebseotop.vn\/?post_type=product&#038;p=1492"},"modified":"2018-12-07T16:01:54","modified_gmt":"2018-12-07T09:01:54","slug":"pin-sac-du-phong-iwalk-3300mah-dbl3300l-cong-lightning","status":"publish","type":"product","link":"https:\/\/renren.vn\/w\/bachhoa12011\/san-pham\/pin-sac-du-phong-iwalk-3300mah-dbl3300l-cong-lightning\/","title":{"rendered":"Pin s\u1ea1c d\u1ef1 ph\u00f2ng iWALK 3300mAh DBL3300L c\u1ed5ng Lightning"},"content":{"rendered":"<h2>Pin s\u1ea1c d\u1ef1 ph\u00f2ng iWALK 3300mAh DBL3300L c\u1ed5ng Lightning<\/h2>\n<p><strong>Pin s\u1ea1c d\u1ef1 ph\u00f2ng iWALK 3300mAh DBL3300L c\u1ed5ng Lightning<\/strong> m\u1edbi d\u00e0nh ri\u00eang cho d\u00f2ng iPhone. S\u1ea3n ph\u1ea9m c\u00f3 t\u00ednh di \u0111\u1ed9ng cao v\u00e0 v\u00f4 c\u00f9ng ti\u1ec7n d\u1ee5ng v\u00ec c\u00f3 th\u1ec3 c\u1eafm s\u1ea1c tr\u1ef1c ti\u1ebfp cho iPhone.<\/p>\n<p><a href=\"http:\/\/shop2.khowebseotop.vn\/wp-content\/uploads\/2018\/12\/Pin-sac-du-phong-iwalk-3300mah-dbl3300l-lightning-8.jpg\"><img loading=\"lazy\" class=\"alignnone size-full wp-image-1500\" src=\"http:\/\/shop2.khowebseotop.vn\/wp-content\/uploads\/2018\/12\/Pin-sac-du-phong-iwalk-3300mah-dbl3300l-lightning-8.jpg\" alt=\"Pin s\u1ea1c d\u1ef1 ph\u00f2ng iWALK 3300mAh DBL3300L c\u1ed5ng Lightning\" width=\"900\" height=\"900\" srcset=\"https:\/\/renren.vn\/w\/bachhoa12011\/wp-content\/uploads\/2018\/12\/Pin-sac-du-phong-iwalk-3300mah-dbl3300l-lightning-8.jpg 900w, https:\/\/renren.vn\/w\/bachhoa12011\/wp-content\/uploads\/2018\/12\/Pin-sac-du-phong-iwalk-3300mah-dbl3300l-lightning-8-510x510.jpg 510w, https:\/\/renren.vn\/w\/bachhoa12011\/wp-content\/uploads\/2018\/12\/Pin-sac-du-phong-iwalk-3300mah-dbl3300l-lightning-8-150x150.jpg 150w, https:\/\/renren.vn\/w\/bachhoa12011\/wp-content\/uploads\/2018\/12\/Pin-sac-du-phong-iwalk-3300mah-dbl3300l-lightning-8-300x300.jpg 300w, https:\/\/renren.vn\/w\/bachhoa12011\/wp-content\/uploads\/2018\/12\/Pin-sac-du-phong-iwalk-3300mah-dbl3300l-lightning-8-768x768.jpg 768w, https:\/\/renren.vn\/w\/bachhoa12011\/wp-content\/uploads\/2018\/12\/Pin-sac-du-phong-iwalk-3300mah-dbl3300l-lightning-8-100x100.jpg 100w\" sizes=\"(max-width: 900px) 100vw, 900px\" \/><\/a><\/p>\n<p><strong>VIDEO REVIEW S\u1ea0C D\u1ef0 PH\u00d2NG IWALK 3300MAH :<\/strong><\/p>\n<p><iframe src=\"\/wp-content\/uploads\/2018\/12\/Pin-sac-du-phong-iwalk-3300mah-dbl3300l-lightning-1.jpg\"><img loading=\"lazy\" class=\"alignnone size-full wp-image-1493\" src=\"http:\/\/shop2.khowebseotop.vn\/wp-content\/uploads\/2018\/12\/Pin-sac-du-phong-iwalk-3300mah-dbl3300l-lightning-1.jpg\" alt=\"Pin s\u1ea1c d\u1ef1 ph\u00f2ng iWALK 3300mAh DBL3300L c\u1ed5ng Lightning\" width=\"900\" height=\"900\" srcset=\"https:\/\/renren.vn\/w\/bachhoa12011\/wp-content\/uploads\/2018\/12\/Pin-sac-du-phong-iwalk-3300mah-dbl3300l-lightning-1.jpg 900w, https:\/\/renren.vn\/w\/bachhoa12011\/wp-content\/uploads\/2018\/12\/Pin-sac-du-phong-iwalk-3300mah-dbl3300l-lightning-1-510x510.jpg 510w, https:\/\/renren.vn\/w\/bachhoa12011\/wp-content\/uploads\/2018\/12\/Pin-sac-du-phong-iwalk-3300mah-dbl3300l-lightning-1-150x150.jpg 150w, https:\/\/renren.vn\/w\/bachhoa12011\/wp-content\/uploads\/2018\/12\/Pin-sac-du-phong-iwalk-3300mah-dbl3300l-lightning-1-300x300.jpg 300w, https:\/\/renren.vn\/w\/bachhoa12011\/wp-content\/uploads\/2018\/12\/Pin-sac-du-phong-iwalk-3300mah-dbl3300l-lightning-1-768x768.jpg 768w, https:\/\/renren.vn\/w\/bachhoa12011\/wp-content\/uploads\/2018\/12\/Pin-sac-du-phong-iwalk-3300mah-dbl3300l-lightning-1-100x100.jpg 100w\" sizes=\"(max-width: 900px) 100vw, 900px\" \/><\/a><\/p>\n<p><em><strong>Ki\u1ec3u d\u00e1ng nh\u1ecf g\u1ecdn, t\u00ednh n\u0103ng hi\u1ec7n \u0111\u1ea1i<\/strong><\/em><\/p>\n<p>Sau nhi\u1ec1u n\u0103m d\u00e0y c\u00f4ng nghi\u00ean c\u1ee9u \u0111\u1ec3 c\u00e2n b\u1eb1ng hai y\u1ebfu t\u1ed1 hi\u1ec7u n\u0103ng v\u00e0 k\u00edch th\u01b0\u1edbc, s\u1ea1c d\u1ef1 ph\u00f2ng iWalk DBL3300L 3300mAh lightning \u0111\u01b0\u1ee3c ra \u0111\u1eddi v\u1edbi k\u00edch th\u01b0\u1edbc ch\u1ec9 b\u1eb1ng m\u1ed9t th\u1ecfi son, n\u1eb7ng 75g nh\u01b0ng l\u1ea1i c\u00f3 th\u1ec3 s\u1ea1c \u0111\u01b0\u1ee3c iPhone 7 \u0111\u1ebfn 1,2 l\u1ea7n.<\/p>\n<p><a href=\"http:\/\/shop2.khowebseotop.vn\/wp-content\/uploads\/2018\/12\/Pin-sac-du-phong-iwalk-3300mah-dbl3300l-lightning-4.jpg\"><img loading=\"lazy\" class=\"alignnone size-full wp-image-1496\" src=\"http:\/\/shop2.khowebseotop.vn\/wp-content\/uploads\/2018\/12\/Pin-sac-du-phong-iwalk-3300mah-dbl3300l-lightning-4.jpg\" alt=\"Pin s\u1ea1c d\u1ef1 ph\u00f2ng iWALK 3300mAh DBL3300L c\u1ed5ng Lightning\" width=\"900\" height=\"900\" srcset=\"https:\/\/renren.vn\/w\/bachhoa12011\/wp-content\/uploads\/2018\/12\/Pin-sac-du-phong-iwalk-3300mah-dbl3300l-lightning-4.jpg 900w, https:\/\/renren.vn\/w\/bachhoa12011\/wp-content\/uploads\/2018\/12\/Pin-sac-du-phong-iwalk-3300mah-dbl3300l-lightning-4-510x510.jpg 510w, https:\/\/renren.vn\/w\/bachhoa12011\/wp-content\/uploads\/2018\/12\/Pin-sac-du-phong-iwalk-3300mah-dbl3300l-lightning-4-150x150.jpg 150w, https:\/\/renren.vn\/w\/bachhoa12011\/wp-content\/uploads\/2018\/12\/Pin-sac-du-phong-iwalk-3300mah-dbl3300l-lightning-4-300x300.jpg 300w, https:\/\/renren.vn\/w\/bachhoa12011\/wp-content\/uploads\/2018\/12\/Pin-sac-du-phong-iwalk-3300mah-dbl3300l-lightning-4-768x768.jpg 768w, https:\/\/renren.vn\/w\/bachhoa12011\/wp-content\/uploads\/2018\/12\/Pin-sac-du-phong-iwalk-3300mah-dbl3300l-lightning-4-100x100.jpg 100w\" sizes=\"(max-width: 900px) 100vw, 900px\" \/><\/a><\/p>\n<p><em><strong>C\u00f4ng ngh\u1ec7 t\u00edch h\u1ee3p ti\u1ec7n l\u1ee3i<\/strong><\/em><\/p>\n<p>S\u1ea1c d\u1ef1 ph\u00f2ng iWalk DBL3300L 3300mAh lightning \u0111\u01b0\u1ee3c t\u00edch h\u1ee3p c\u1ed5ng s\u1ea1c c\u0169ng l\u00e0 lightning, b\u1ea1n kh\u00f4ng c\u1ea7n ph\u1ea3i s\u1eafm th\u00eam c\u00e1p s\u1ea1c hay c\u00f3c s\u1ea1c n\u00e0o mang l\u1ea1i s\u1ef1 ti\u1ec7n l\u1ee3i t\u1ed1i \u01b0u khi s\u1eed d\u1ee5ng.<\/p>\n<p><a href=\"http:\/\/shop2.khowebseotop.vn\/wp-content\/uploads\/2018\/12\/Pin-sac-du-phong-iwalk-3300mah-dbl3300l-lightning-2.jpg\"><img loading=\"lazy\" class=\"alignnone size-full wp-image-1494\" src=\"http:\/\/shop2.khowebseotop.vn\/wp-content\/uploads\/2018\/12\/Pin-sac-du-phong-iwalk-3300mah-dbl3300l-lightning-2.jpg\" alt=\"B\u00e1n s\u1ec9 Pin s\u1ea1c d\u1ef1 ph\u00f2ng iWALK 3300mAh DBL3300L c\u1ed5ng Lightning\" width=\"900\" height=\"900\" srcset=\"https:\/\/renren.vn\/w\/bachhoa12011\/wp-content\/uploads\/2018\/12\/Pin-sac-du-phong-iwalk-3300mah-dbl3300l-lightning-2.jpg 900w, https:\/\/renren.vn\/w\/bachhoa12011\/wp-content\/uploads\/2018\/12\/Pin-sac-du-phong-iwalk-3300mah-dbl3300l-lightning-2-510x510.jpg 510w, https:\/\/renren.vn\/w\/bachhoa12011\/wp-content\/uploads\/2018\/12\/Pin-sac-du-phong-iwalk-3300mah-dbl3300l-lightning-2-150x150.jpg 150w, https:\/\/renren.vn\/w\/bachhoa12011\/wp-content\/uploads\/2018\/12\/Pin-sac-du-phong-iwalk-3300mah-dbl3300l-lightning-2-300x300.jpg 300w, https:\/\/renren.vn\/w\/bachhoa12011\/wp-content\/uploads\/2018\/12\/Pin-sac-du-phong-iwalk-3300mah-dbl3300l-lightning-2-768x768.jpg 768w, https:\/\/renren.vn\/w\/bachhoa12011\/wp-content\/uploads\/2018\/12\/Pin-sac-du-phong-iwalk-3300mah-dbl3300l-lightning-2-100x100.jpg 100w\" sizes=\"(max-width: 900px) 100vw, 900px\" \/><\/a><\/p>\n<h3>\u0110\u1eb7c \u0111i\u1ec3m c\u1ee7a pin s\u1ea1c d\u1ef1 ph\u00f2ng iWALK 3300mAh DBL3300L c\u1ed5ng Lightning cho iPhone<\/h3>\n<ul>\n<li>Pin d\u1ef1 ph\u00f2ng iWALK DBL3300L Lightning c\u00f3 dung l\u01b0\u1ee3ng 3300mAh, s\u1ea1c \u0111\u01b0\u1ee3c cho iPhone 7 \u0111\u1ebfn 1,2 l\u1ea7n<\/li>\n<li>Input 5V\/1.5A ; Output: 5V\/1.5A<\/li>\n<li>Thi\u1ebft k\u1ebf ph\u1ee5 ki\u1ec7n iWALK g\u1ecdn nh\u1eb9 v\u1edbi k\u00edch th\u01b0\u1edbc ch\u1ec9 72x42x23mm v\u00e0 n\u1eb7ng 75g, ti\u1ec7n l\u1ee3i cho ng\u01b0\u1eddi d\u00f9ng hay di chuy\u1ec3n<\/li>\n<li>S\u1ea3n ph\u1ea9m t\u01b0\u01a1ng th\u00edch v\u1edbi c\u00e1c d\u00f2ng iPhone t\u1eeb iPhone 5 \u0111\u1ebfn iPhone X.<\/li>\n<li>Ng\u01b0\u1eddi d\u00f9ng iWALK 3300mAh DBL3300L c\u1ed5ng Lightning c\u00f3 th\u1ec3 c\u1eafm s\u1ea1c tr\u1ef1c ti\u1ebfp cho iPhone m\u00e0 kh\u00f4ng c\u1ea7n s\u1eed d\u1ee5ng c\u00e1p k\u1ebft n\u1ed1i<\/li>\n<li>\u0110\u1ea7u jack c\u1eafm s\u1ea1c c\u1ee7a pin s\u1ea1c d\u1ef1 ph\u00f2ng c\u00f3 n\u1eafp b\u1ea3o v\u1ec7, tr\u00e1nh b\u1ee5i b\u1ea9n v\u00e0 n\u01b0\u1edbc<\/li>\n<\/ul>\n<p><a href=\"http:\/\/shop2.khowebseotop.vn\/wp-content\/uploads\/2018\/12\/Pin-sac-du-phong-iwalk-3300mah-dbl3300l-lightning-3.jpg\"><img loading=\"lazy\" class=\"alignnone size-full wp-image-1495\" src=\"http:\/\/shop2.khowebseotop.vn\/wp-content\/uploads\/2018\/12\/Pin-sac-du-phong-iwalk-3300mah-dbl3300l-lightning-3.jpg\" alt=\"B\u00e1n s\u1ec9 Pin s\u1ea1c d\u1ef1 ph\u00f2ng iWALK 3300mAh DBL3300L c\u1ed5ng Lightning\" width=\"900\" height=\"900\" srcset=\"https:\/\/renren.vn\/w\/bachhoa12011\/wp-content\/uploads\/2018\/12\/Pin-sac-du-phong-iwalk-3300mah-dbl3300l-lightning-3.jpg 900w, https:\/\/renren.vn\/w\/bachhoa12011\/wp-content\/uploads\/2018\/12\/Pin-sac-du-phong-iwalk-3300mah-dbl3300l-lightning-3-510x510.jpg 510w, https:\/\/renren.vn\/w\/bachhoa12011\/wp-content\/uploads\/2018\/12\/Pin-sac-du-phong-iwalk-3300mah-dbl3300l-lightning-3-150x150.jpg 150w, https:\/\/renren.vn\/w\/bachhoa12011\/wp-content\/uploads\/2018\/12\/Pin-sac-du-phong-iwalk-3300mah-dbl3300l-lightning-3-300x300.jpg 300w, https:\/\/renren.vn\/w\/bachhoa12011\/wp-content\/uploads\/2018\/12\/Pin-sac-du-phong-iwalk-3300mah-dbl3300l-lightning-3-768x768.jpg 768w, https:\/\/renren.vn\/w\/bachhoa12011\/wp-content\/uploads\/2018\/12\/Pin-sac-du-phong-iwalk-3300mah-dbl3300l-lightning-3-100x100.jpg 100w\" sizes=\"(max-width: 900px) 100vw, 900px\" \/><\/a><\/p>\n<p><a href=\"http:\/\/shop2.khowebseotop.vn\/wp-content\/uploads\/2018\/12\/Pin-sac-du-phong-iwalk-3300mah-dbl3300l-lightning-5.jpg\"><img loading=\"lazy\" class=\"alignnone size-full wp-image-1497\" src=\"http:\/\/shop2.khowebseotop.vn\/wp-content\/uploads\/2018\/12\/Pin-sac-du-phong-iwalk-3300mah-dbl3300l-lightning-5.jpg\" alt=\"B\u00e1n s\u1ec9 Pin s\u1ea1c d\u1ef1 ph\u00f2ng iWALK 3300mAh DBL3300L c\u1ed5ng Lightning\" width=\"900\" height=\"900\" srcset=\"https:\/\/renren.vn\/w\/bachhoa12011\/wp-content\/uploads\/2018\/12\/Pin-sac-du-phong-iwalk-3300mah-dbl3300l-lightning-5.jpg 900w, https:\/\/renren.vn\/w\/bachhoa12011\/wp-content\/uploads\/2018\/12\/Pin-sac-du-phong-iwalk-3300mah-dbl3300l-lightning-5-510x510.jpg 510w, https:\/\/renren.vn\/w\/bachhoa12011\/wp-content\/uploads\/2018\/12\/Pin-sac-du-phong-iwalk-3300mah-dbl3300l-lightning-5-150x150.jpg 150w, https:\/\/renren.vn\/w\/bachhoa12011\/wp-content\/uploads\/2018\/12\/Pin-sac-du-phong-iwalk-3300mah-dbl3300l-lightning-5-300x300.jpg 300w, https:\/\/renren.vn\/w\/bachhoa12011\/wp-content\/uploads\/2018\/12\/Pin-sac-du-phong-iwalk-3300mah-dbl3300l-lightning-5-768x768.jpg 768w, https:\/\/renren.vn\/w\/bachhoa12011\/wp-content\/uploads\/2018\/12\/Pin-sac-du-phong-iwalk-3300mah-dbl3300l-lightning-5-100x100.jpg 100w\" sizes=\"(max-width: 900px) 100vw, 900px\" \/><\/a><\/p>\n<p><a href=\"http:\/\/shop2.khowebseotop.vn\/wp-content\/uploads\/2018\/12\/Pin-sac-du-phong-iwalk-3300mah-dbl3300l-lightning-6.jpg\"><img loading=\"lazy\" class=\"alignnone size-full wp-image-1498\" src=\"http:\/\/shop2.khowebseotop.vn\/wp-content\/uploads\/2018\/12\/Pin-sac-du-phong-iwalk-3300mah-dbl3300l-lightning-6.jpg\" alt=\"B\u00e1n bu\u00f4n Pin s\u1ea1c d\u1ef1 ph\u00f2ng iWALK 3300mAh DBL3300L c\u1ed5ng Lightning\" width=\"900\" height=\"900\" srcset=\"https:\/\/renren.vn\/w\/bachhoa12011\/wp-content\/uploads\/2018\/12\/Pin-sac-du-phong-iwalk-3300mah-dbl3300l-lightning-6.jpg 900w, https:\/\/renren.vn\/w\/bachhoa12011\/wp-content\/uploads\/2018\/12\/Pin-sac-du-phong-iwalk-3300mah-dbl3300l-lightning-6-510x510.jpg 510w, https:\/\/renren.vn\/w\/bachhoa12011\/wp-content\/uploads\/2018\/12\/Pin-sac-du-phong-iwalk-3300mah-dbl3300l-lightning-6-150x150.jpg 150w, https:\/\/renren.vn\/w\/bachhoa12011\/wp-content\/uploads\/2018\/12\/Pin-sac-du-phong-iwalk-3300mah-dbl3300l-lightning-6-300x300.jpg 300w, https:\/\/renren.vn\/w\/bachhoa12011\/wp-content\/uploads\/2018\/12\/Pin-sac-du-phong-iwalk-3300mah-dbl3300l-lightning-6-768x768.jpg 768w, https:\/\/renren.vn\/w\/bachhoa12011\/wp-content\/uploads\/2018\/12\/Pin-sac-du-phong-iwalk-3300mah-dbl3300l-lightning-6-100x100.jpg 100w\" sizes=\"(max-width: 900px) 100vw, 900px\" \/><\/a><\/p>\n<p><a href=\"http:\/\/shop2.khowebseotop.vn\/wp-content\/uploads\/2018\/12\/Pin-sac-du-phong-iwalk-3300mah-dbl3300l-lightning-7.jpg\"><img loading=\"lazy\" class=\"alignnone size-full wp-image-1499\" src=\"http:\/\/shop2.khowebseotop.vn\/wp-content\/uploads\/2018\/12\/Pin-sac-du-phong-iwalk-3300mah-dbl3300l-lightning-7.jpg\" alt=\"B\u00e1n bu\u00f4n Pin s\u1ea1c d\u1ef1 ph\u00f2ng iWALK 3300mAh DBL3300L c\u1ed5ng Lightning\" width=\"900\" height=\"900\" srcset=\"https:\/\/renren.vn\/w\/bachhoa12011\/wp-content\/uploads\/2018\/12\/Pin-sac-du-phong-iwalk-3300mah-dbl3300l-lightning-7.jpg 900w, https:\/\/renren.vn\/w\/bachhoa12011\/wp-content\/uploads\/2018\/12\/Pin-sac-du-phong-iwalk-3300mah-dbl3300l-lightning-7-510x510.jpg 510w, https:\/\/renren.vn\/w\/bachhoa12011\/wp-content\/uploads\/2018\/12\/Pin-sac-du-phong-iwalk-3300mah-dbl3300l-lightning-7-150x150.jpg 150w, https:\/\/renren.vn\/w\/bachhoa12011\/wp-content\/uploads\/2018\/12\/Pin-sac-du-phong-iwalk-3300mah-dbl3300l-lightning-7-300x300.jpg 300w, https:\/\/renren.vn\/w\/bachhoa12011\/wp-content\/uploads\/2018\/12\/Pin-sac-du-phong-iwalk-3300mah-dbl3300l-lightning-7-768x768.jpg 768w, https:\/\/renren.vn\/w\/bachhoa12011\/wp-content\/uploads\/2018\/12\/Pin-sac-du-phong-iwalk-3300mah-dbl3300l-lightning-7-100x100.jpg 100w\" sizes=\"(max-width: 900px) 100vw, 900px\" \/><\/a><\/p>\n<p><strong>Th\u00f4ng s\u1ed1 k\u1ef9 thu\u1eadt<\/strong><\/p>\n<table border=\"1\">\n<tbody>\n<tr>\n<td>T\u00ean s\u1ea3n ph\u1ea9m<\/td>\n<td>S\u1ea1c d\u1ef1 ph\u00f2ng iWalk DBL3300L 3300mAh Lightning<\/td>\n<\/tr>\n<tr>\n<td>Th\u01b0\u01a1ng hi\u1ec7u<\/td>\n<td>iWalk<\/td>\n<\/tr>\n<tr>\n<td>Dung l\u01b0\u1ee3ng<\/td>\n<td>3300mAh<\/td>\n<\/tr>\n<tr>\n<td>Input<\/td>\n<td>5V-1.5A<\/td>\n<\/tr>\n<tr>\n<td>Output<\/td>\n<td>5V-1.5A<\/td>\n<\/tr>\n<tr>\n<td>C\u1ed5ng giao ti\u1ebfp<\/td>\n<td>Lightning cho iPhone<\/td>\n<\/tr>\n<tr>\n<td>K\u00edch th\u01b0\u1edbc<\/td>\n<td>72x42x23mm<\/td>\n<\/tr>\n<tr>\n<td>Tr\u1ecdng l\u01b0\u1ee3ng<\/td>\n<td>75g<\/td>\n<\/tr>\n<tr>\n<td>M\u00e0u s\u1eafc<\/td>\n<td>\u0110en, H\u1ed3ng, Tr\u1eafng, Xanh<\/td>\n<\/tr>\n<tr>\n<td>B\u1ea3o h\u00e0nh<\/td>\n<td>12 th\u00e1ng<\/td>\n<\/tr>\n<\/tbody>\n<\/table>\n<p>VUATIENICH.VN uy t\u00edn, ch\u1ea5t l\u01b0\u1ee3ng lu\u00f4n \u0111em \u0111\u1ebfn s\u1ef1 an t\u00e2m cho ng\u01b0\u1eddi ti\u00eau d\u00f9ng. \u0110\u1ed3ng th\u1eddi, khi mua pin d\u1ef1 ph\u00f2ng iWALK 3300mAh DBL3300L Lightning gi\u00e1 r\u1ebb t\u1ea1i Vua Ti\u1ec7n \u00cdch, ng\u01b0\u1eddi d\u00f9ng c\u00f2n \u0111\u01b0\u1ee3c h\u01b0\u1edfng ch\u1ebf \u0111\u1ed9 b\u1ea3o h\u00e0nh ch\u00ednh h\u00e3ng v\u01b0\u1ee3t tr\u1ed9i \u0111\u1ebfn 12 th\u00e1ng.<\/p>\n<p><strong>Xem th\u00eam : <a href=\"http:\/\/shop2.khowebseotop.vn\/do-cong-nghe\/\">\u0110\u1ed3 c\u00f4ng ngh\u1ec7 ti\u1ec7n \u00edch<\/a><\/strong><\/p>\n","protected":false},"excerpt":{"rendered":"<ul>\n<li>Pin d\u1ef1 ph\u00f2ng iWALK DBL3300L Lightning c\u00f3 dung l\u01b0\u1ee3ng 3300mAh, s\u1ea1c \u0111\u01b0\u1ee3c cho iPhone 7 \u0111\u1ebfn 1,2 l\u1ea7n<\/li>\n<li>Input 5V\/1.5A ; Output: 5V\/1.5A<\/li>\n<li>Thi\u1ebft k\u1ebf ph\u1ee5 ki\u1ec7n iWALK g\u1ecdn nh\u1eb9 v\u1edbi k\u00edch th\u01b0\u1edbc ch\u1ec9 72x42x23mm v\u00e0 n\u1eb7ng 75g, ti\u1ec7n l\u1ee3i cho ng\u01b0\u1eddi d\u00f9ng hay di chuy\u1ec3n<\/li>\n<li>S\u1ea3n ph\u1ea9m t\u01b0\u01a1ng th\u00edch v\u1edbi c\u00e1c d\u00f2ng iPhone t\u1eeb iPhone 5 \u0111\u1ebfn iPhone X.<\/li>\n<li>Ng\u01b0\u1eddi d\u00f9ng iWALK 3300mAh DBL3300L c\u1ed5ng Lightning c\u00f3 th\u1ec3 c\u1eafm s\u1ea1c tr\u1ef1c ti\u1ebfp cho iPhone m\u00e0 kh\u00f4ng c\u1ea7n s\u1eed d\u1ee5ng c\u00e1p k\u1ebft n\u1ed1i<\/li>\n<li>\u0110\u1ea7u jack c\u1eafm s\u1ea1c c\u1ee7a pin s\u1ea1c d\u1ef1 ph\u00f2ng c\u00f3 n\u1eafp b\u1ea3o v\u1ec7, tr\u00e1nh b\u1ee5i b\u1ea9n v\u00e0 n\u01b0\u1edbc<\/li>\n<\/ul>\n","protected":false},"featured_media":1499,"comment_status":"open","ping_status":"closed","template":"","meta":[],"_links":{"self":[{"href":"https:\/\/renren.vn\/w\/bachhoa12011\/wp-json\/wp\/v2\/product\/1492"}],"collection":[{"href":"https:\/\/renren.vn\/w\/bachhoa12011\/wp-json\/wp\/v2\/product"}],"about":[{"href":"https:\/\/renren.vn\/w\/bachhoa12011\/wp-json\/wp\/v2\/types\/product"}],"replies":[{"embeddable":true,"href":"https:\/\/renren.vn\/w\/bachhoa12011\/wp-json\/wp\/v2\/comments?post=1492"}],"wp:featuredmedia":[{"embeddable":true,"href":"https:\/\/renren.vn\/w\/bachhoa12011\/wp-json\/wp\/v2\/media\/1499"}],"wp:attachment":[{"href":"https:\/\/renren.vn\/w\/bachhoa12011\/wp-json\/wp\/v2\/media?parent=1492"}],"curies":[{"name":"wp","href":"https:\/\/api.w.org\/{rel}","templated":true}]}}