{"id":1490,"date":"2018-12-07T15:22:52","date_gmt":"2018-12-07T08:22:52","guid":{"rendered":"http:\/\/shop2.khowebseotop.vn\/?post_type=product&#038;p=1490"},"modified":"2018-12-07T15:22:52","modified_gmt":"2018-12-07T08:22:52","slug":"den-diet-muoi-thong-minh-dung-cong-usb-lamp-pro","status":"publish","type":"product","link":"https:\/\/renren.vn\/w\/bachhoa12011\/san-pham\/den-diet-muoi-thong-minh-dung-cong-usb-lamp-pro\/","title":{"rendered":"\u0110\u00e8n di\u1ec7t mu\u1ed7i th\u00f4ng minh d\u00f9ng c\u1ed5ng usb &#8211; Lamp Pro"},"content":{"rendered":"<h2>\u0110\u00e8n di\u1ec7t mu\u1ed7i th\u00f4ng minh d\u00f9ng c\u1ed5ng usb &#8211; Lamp Pro<\/h2>\n<p><strong>\u0110\u00e8n di\u1ec7t mu\u1ed7i th\u00f4ng minh Lamp Pro<\/strong> \u1ee9ng d\u1ee5ng c\u00f4ng ngh\u1ec7 \u0111\u00e8n LED UV ti\u00ean ti\u1ebfn l\u00e0 k\u1ebft qu\u1ea3 c\u1ee7a s\u1ef1 nghi\u00ean c\u1ee9u v\u00e0 ph\u00e1t tri\u1ec3n trong 4 n\u0103m v\u1ec1 \u0111\u00e8n b\u1eaft mu\u1ed7i. S\u1ea3n ph\u1ea9m \u0111\u01b0\u1ee3c c\u00e1c nh\u00e0 khoa h\u1ecdc ch\u1ee9ng minh l\u00e0 b\u1eaft mu\u1ed7i \u0111\u01b0\u1ee3c nhi\u1ec1u h\u01a1n g\u1ea5p 13 l\u1ea7n so v\u1edbi c\u00e1c s\u1ea3n ph\u1ea9m c\u00f9ng lo\u1ea1i.<\/p>\n<p><a href=\"http:\/\/shop2.khowebseotop.vn\/wp-content\/uploads\/2018\/12\/Den-bat-muoi-thong-minh-Mosquito-Killer-Lamp-Pro-2.jpg\"><img loading=\"lazy\" class=\"alignnone size-full wp-image-1483\" src=\"http:\/\/shop2.khowebseotop.vn\/wp-content\/uploads\/2018\/12\/Den-bat-muoi-thong-minh-Mosquito-Killer-Lamp-Pro-2.jpg\" alt=\"\u0110\u00e8n di\u1ec7t mu\u1ed7i th\u00f4ng minh d\u00f9ng c\u1ed5ng usb\" width=\"900\" height=\"900\" srcset=\"https:\/\/renren.vn\/w\/bachhoa12011\/wp-content\/uploads\/2018\/12\/Den-bat-muoi-thong-minh-Mosquito-Killer-Lamp-Pro-2.jpg 900w, https:\/\/renren.vn\/w\/bachhoa12011\/wp-content\/uploads\/2018\/12\/Den-bat-muoi-thong-minh-Mosquito-Killer-Lamp-Pro-2-510x510.jpg 510w, https:\/\/renren.vn\/w\/bachhoa12011\/wp-content\/uploads\/2018\/12\/Den-bat-muoi-thong-minh-Mosquito-Killer-Lamp-Pro-2-150x150.jpg 150w, https:\/\/renren.vn\/w\/bachhoa12011\/wp-content\/uploads\/2018\/12\/Den-bat-muoi-thong-minh-Mosquito-Killer-Lamp-Pro-2-300x300.jpg 300w, https:\/\/renren.vn\/w\/bachhoa12011\/wp-content\/uploads\/2018\/12\/Den-bat-muoi-thong-minh-Mosquito-Killer-Lamp-Pro-2-768x768.jpg 768w, https:\/\/renren.vn\/w\/bachhoa12011\/wp-content\/uploads\/2018\/12\/Den-bat-muoi-thong-minh-Mosquito-Killer-Lamp-Pro-2-100x100.jpg 100w\" sizes=\"(max-width: 900px) 100vw, 900px\" \/><\/a><\/p>\n<p><strong>VIDEO REVIEW S\u1ea2N PH\u1ea8M :<\/strong><\/p>\n<p><iframe src=\"\/wp-content\/uploads\/2018\/12\/Den-bat-muoi-thong-minh-Mosquito-Killer-Lamp-Pro-9.jpg\"><img loading=\"lazy\" class=\"alignnone size-full wp-image-1491\" src=\"http:\/\/shop2.khowebseotop.vn\/wp-content\/uploads\/2018\/12\/Den-bat-muoi-thong-minh-Mosquito-Killer-Lamp-Pro-9.jpg\" alt=\"\u0110\u00e8n di\u1ec7t mu\u1ed7i th\u00f4ng minh d\u00f9ng c\u1ed5ng usb\" width=\"900\" height=\"900\" srcset=\"https:\/\/renren.vn\/w\/bachhoa12011\/wp-content\/uploads\/2018\/12\/Den-bat-muoi-thong-minh-Mosquito-Killer-Lamp-Pro-9.jpg 900w, https:\/\/renren.vn\/w\/bachhoa12011\/wp-content\/uploads\/2018\/12\/Den-bat-muoi-thong-minh-Mosquito-Killer-Lamp-Pro-9-510x510.jpg 510w, https:\/\/renren.vn\/w\/bachhoa12011\/wp-content\/uploads\/2018\/12\/Den-bat-muoi-thong-minh-Mosquito-Killer-Lamp-Pro-9-150x150.jpg 150w, https:\/\/renren.vn\/w\/bachhoa12011\/wp-content\/uploads\/2018\/12\/Den-bat-muoi-thong-minh-Mosquito-Killer-Lamp-Pro-9-300x300.jpg 300w, https:\/\/renren.vn\/w\/bachhoa12011\/wp-content\/uploads\/2018\/12\/Den-bat-muoi-thong-minh-Mosquito-Killer-Lamp-Pro-9-768x768.jpg 768w, https:\/\/renren.vn\/w\/bachhoa12011\/wp-content\/uploads\/2018\/12\/Den-bat-muoi-thong-minh-Mosquito-Killer-Lamp-Pro-9-100x100.jpg 100w\" sizes=\"(max-width: 900px) 100vw, 900px\" \/><\/a><\/p>\n<p>Thi\u1ebft k\u1ebf nh\u1ecf g\u1ecdn, \u0111\u01a1n gi\u1ea3n nh\u01b0ng v\u00f4 c\u00f9ng hi\u1ec7u qu\u1ea3. V\u1edbi thi\u1ebft k\u1ebf \u0111\u00e8n led \u00e1nh s\u00e1ng \u0111\u1eb7c bi\u1ec7t gi\u00fap thu h\u00fat mu\u1ed7i bay t\u1edbi. B\u00ean trong c\u00f3 qu\u1ea1t h\u00fat mu\u1ed7i v\u00e0 v\u00e0 mu\u1ed7i t\u1ef1 ch\u1ebft b\u00ean trong. Kh\u00f4ng s\u1eed d\u1ee5ng b\u1ea5t k\u1ef3 h\u00f3a ch\u1ea5t n\u00e0o, th\u1eadt an to\u00e0n v\u00e0 ti\u1ec7n d\u1ee5ng.<\/p>\n<p><a href=\"http:\/\/shop2.khowebseotop.vn\/wp-content\/uploads\/2018\/12\/Den-bat-muoi-thong-minh-Mosquito-Killer-Lamp-Pro-1.jpg\"><img loading=\"lazy\" class=\"alignnone size-full wp-image-1482\" src=\"http:\/\/shop2.khowebseotop.vn\/wp-content\/uploads\/2018\/12\/Den-bat-muoi-thong-minh-Mosquito-Killer-Lamp-Pro-1.jpg\" alt=\"\u0110\u00e8n di\u1ec7t mu\u1ed7i th\u00f4ng minh d\u00f9ng c\u1ed5ng usb\" width=\"900\" height=\"900\" srcset=\"https:\/\/renren.vn\/w\/bachhoa12011\/wp-content\/uploads\/2018\/12\/Den-bat-muoi-thong-minh-Mosquito-Killer-Lamp-Pro-1.jpg 900w, https:\/\/renren.vn\/w\/bachhoa12011\/wp-content\/uploads\/2018\/12\/Den-bat-muoi-thong-minh-Mosquito-Killer-Lamp-Pro-1-510x510.jpg 510w, https:\/\/renren.vn\/w\/bachhoa12011\/wp-content\/uploads\/2018\/12\/Den-bat-muoi-thong-minh-Mosquito-Killer-Lamp-Pro-1-150x150.jpg 150w, https:\/\/renren.vn\/w\/bachhoa12011\/wp-content\/uploads\/2018\/12\/Den-bat-muoi-thong-minh-Mosquito-Killer-Lamp-Pro-1-300x300.jpg 300w, https:\/\/renren.vn\/w\/bachhoa12011\/wp-content\/uploads\/2018\/12\/Den-bat-muoi-thong-minh-Mosquito-Killer-Lamp-Pro-1-768x768.jpg 768w, https:\/\/renren.vn\/w\/bachhoa12011\/wp-content\/uploads\/2018\/12\/Den-bat-muoi-thong-minh-Mosquito-Killer-Lamp-Pro-1-100x100.jpg 100w\" sizes=\"(max-width: 900px) 100vw, 900px\" \/><\/a><\/p>\n<h3>\u0110\u1eb7c \u0111i\u1ec3m n\u1ed5i b\u1eadt c\u1ee7a \u0111\u00e8n di\u1ec7t mu\u1ed7i th\u00f4ng minh Lamp Pro :<\/h3>\n<ul>\n<li>An to\u00e0n, v\u00f4 c\u00f9ng th\u00e2n thi\u1ec7n v\u00e0 ti\u1ec7n d\u1ee5ng.<\/li>\n<li>Ti\u1ebft ki\u1ec7m v\u1edbi c\u00f4ng su\u1ea5t ti\u00eau th\u1ee5 t\u1ed1i \u0111a l\u00e0: 5W.<\/li>\n<li>Ch\u1ec9 s\u1eed d\u1ee5ng 1 l\u01b0\u1ee3ng tia UV r\u1ea5t nh\u1ecf kh\u00f4ng g\u00e2y \u1ea3nh h\u01b0\u1edfng \u0111\u1ebfn con ng\u01b0\u1eddi.<\/li>\n<li>Kh\u00f4ng c\u00f3 m\u00f9i x\u00e1c mu\u1ed7i ch\u1ebft kh\u00f3 ch\u1ecbu nh\u01b0 nh\u1eefng lo\u1ea1i d\u00f9ng \u0111i\u1ec7n cao \u00e1p hay v\u1ee3t mu\u1ed7i.<\/li>\n<li>Kh\u00f4ng ch\u1ea5t h\u00f3a h\u1ecdc \u2013 Kh\u00f4ng kh\u00ed ga.<\/li>\n<li>B\u1eaft mu\u1ed7i v\u00e0 di\u1ec7t c\u00f4n tr\u00f9ng hi\u1ec7u qu\u1ea3 m\u00e0 kh\u00f4ng g\u00e2y m\u00f9i kh\u00f3 ch\u1ecbu do mu\u1ed7i b\u1ecb s\u1ea5y kh\u00f4.<\/li>\n<li>L\u1eafp \u0111\u1eb7t \u0111\u01a1n gi\u1ea3n,s\u1eed d\u1ee5ng d\u1ec5 d\u00e0ng.<\/li>\n<\/ul>\n<p><a href=\"http:\/\/shop2.khowebseotop.vn\/wp-content\/uploads\/2018\/12\/Den-bat-muoi-thong-minh-Mosquito-Killer-Lamp-Pro-3.jpg\"><img loading=\"lazy\" class=\"alignnone size-full wp-image-1484\" src=\"http:\/\/shop2.khowebseotop.vn\/wp-content\/uploads\/2018\/12\/Den-bat-muoi-thong-minh-Mosquito-Killer-Lamp-Pro-3.jpg\" alt=\"B\u00e1n s\u1ec9 \u0110\u00e8n di\u1ec7t mu\u1ed7i th\u00f4ng minh d\u00f9ng c\u1ed5ng usb\" width=\"900\" height=\"900\" srcset=\"https:\/\/renren.vn\/w\/bachhoa12011\/wp-content\/uploads\/2018\/12\/Den-bat-muoi-thong-minh-Mosquito-Killer-Lamp-Pro-3.jpg 900w, https:\/\/renren.vn\/w\/bachhoa12011\/wp-content\/uploads\/2018\/12\/Den-bat-muoi-thong-minh-Mosquito-Killer-Lamp-Pro-3-510x510.jpg 510w, https:\/\/renren.vn\/w\/bachhoa12011\/wp-content\/uploads\/2018\/12\/Den-bat-muoi-thong-minh-Mosquito-Killer-Lamp-Pro-3-150x150.jpg 150w, https:\/\/renren.vn\/w\/bachhoa12011\/wp-content\/uploads\/2018\/12\/Den-bat-muoi-thong-minh-Mosquito-Killer-Lamp-Pro-3-300x300.jpg 300w, https:\/\/renren.vn\/w\/bachhoa12011\/wp-content\/uploads\/2018\/12\/Den-bat-muoi-thong-minh-Mosquito-Killer-Lamp-Pro-3-768x768.jpg 768w, https:\/\/renren.vn\/w\/bachhoa12011\/wp-content\/uploads\/2018\/12\/Den-bat-muoi-thong-minh-Mosquito-Killer-Lamp-Pro-3-100x100.jpg 100w\" sizes=\"(max-width: 900px) 100vw, 900px\" \/><\/a><\/p>\n<p><strong>Th\u00f4ng s\u1ed1 k\u1ef9 thu\u1eadt :<\/strong><\/p>\n<p>\u2013 Ch\u1ea5t li\u1ec7u : Nh\u1ef1a<br \/>\n\u2013 K\u00edch th\u01b0\u1edbc: 19x13x13 cm.<br \/>\n\u2013 \u0110i\u1ec7n \u00e1p \u0111\u1ecbnh m\u1ee9c: 5 V.<br \/>\n\u2013 C\u00f4ng su\u1ea5t \u0111\u1ecbnh m\u1ee9c: 5 W.<br \/>\n\u2013 Ph\u1ea1m vi ph\u1ee5c v\u1ee5: 20-40\u33a1.<\/p>\n<p><a href=\"http:\/\/shop2.khowebseotop.vn\/wp-content\/uploads\/2018\/12\/Den-bat-muoi-thong-minh-Mosquito-Killer-Lamp-Pro-8.jpg\"><img loading=\"lazy\" class=\"alignnone size-full wp-image-1489\" src=\"http:\/\/shop2.khowebseotop.vn\/wp-content\/uploads\/2018\/12\/Den-bat-muoi-thong-minh-Mosquito-Killer-Lamp-Pro-8.jpg\" alt=\"B\u00e1n s\u1ec9 \u0110\u00e8n di\u1ec7t mu\u1ed7i th\u00f4ng minh d\u00f9ng c\u1ed5ng usb\" width=\"900\" height=\"900\" srcset=\"https:\/\/renren.vn\/w\/bachhoa12011\/wp-content\/uploads\/2018\/12\/Den-bat-muoi-thong-minh-Mosquito-Killer-Lamp-Pro-8.jpg 900w, https:\/\/renren.vn\/w\/bachhoa12011\/wp-content\/uploads\/2018\/12\/Den-bat-muoi-thong-minh-Mosquito-Killer-Lamp-Pro-8-510x510.jpg 510w, https:\/\/renren.vn\/w\/bachhoa12011\/wp-content\/uploads\/2018\/12\/Den-bat-muoi-thong-minh-Mosquito-Killer-Lamp-Pro-8-150x150.jpg 150w, https:\/\/renren.vn\/w\/bachhoa12011\/wp-content\/uploads\/2018\/12\/Den-bat-muoi-thong-minh-Mosquito-Killer-Lamp-Pro-8-300x300.jpg 300w, https:\/\/renren.vn\/w\/bachhoa12011\/wp-content\/uploads\/2018\/12\/Den-bat-muoi-thong-minh-Mosquito-Killer-Lamp-Pro-8-768x768.jpg 768w, https:\/\/renren.vn\/w\/bachhoa12011\/wp-content\/uploads\/2018\/12\/Den-bat-muoi-thong-minh-Mosquito-Killer-Lamp-Pro-8-100x100.jpg 100w\" sizes=\"(max-width: 900px) 100vw, 900px\" \/><\/a><\/p>\n<p><a href=\"http:\/\/shop2.khowebseotop.vn\/wp-content\/uploads\/2018\/12\/Den-bat-muoi-thong-minh-Mosquito-Killer-Lamp-Pro-4.jpg\"><img loading=\"lazy\" class=\"alignnone size-full wp-image-1485\" src=\"http:\/\/shop2.khowebseotop.vn\/wp-content\/uploads\/2018\/12\/Den-bat-muoi-thong-minh-Mosquito-Killer-Lamp-Pro-4.jpg\" alt=\"B\u00e1n s\u1ec9 \u0110\u00e8n di\u1ec7t mu\u1ed7i th\u00f4ng minh d\u00f9ng c\u1ed5ng usb\" width=\"900\" height=\"900\" srcset=\"https:\/\/renren.vn\/w\/bachhoa12011\/wp-content\/uploads\/2018\/12\/Den-bat-muoi-thong-minh-Mosquito-Killer-Lamp-Pro-4.jpg 900w, https:\/\/renren.vn\/w\/bachhoa12011\/wp-content\/uploads\/2018\/12\/Den-bat-muoi-thong-minh-Mosquito-Killer-Lamp-Pro-4-510x510.jpg 510w, https:\/\/renren.vn\/w\/bachhoa12011\/wp-content\/uploads\/2018\/12\/Den-bat-muoi-thong-minh-Mosquito-Killer-Lamp-Pro-4-150x150.jpg 150w, https:\/\/renren.vn\/w\/bachhoa12011\/wp-content\/uploads\/2018\/12\/Den-bat-muoi-thong-minh-Mosquito-Killer-Lamp-Pro-4-300x300.jpg 300w, https:\/\/renren.vn\/w\/bachhoa12011\/wp-content\/uploads\/2018\/12\/Den-bat-muoi-thong-minh-Mosquito-Killer-Lamp-Pro-4-768x768.jpg 768w, https:\/\/renren.vn\/w\/bachhoa12011\/wp-content\/uploads\/2018\/12\/Den-bat-muoi-thong-minh-Mosquito-Killer-Lamp-Pro-4-100x100.jpg 100w\" sizes=\"(max-width: 900px) 100vw, 900px\" \/><\/a><\/p>\n<p><a href=\"http:\/\/shop2.khowebseotop.vn\/wp-content\/uploads\/2018\/12\/Den-bat-muoi-thong-minh-Mosquito-Killer-Lamp-Pro-5.jpg\"><img loading=\"lazy\" class=\"alignnone size-full wp-image-1486\" src=\"http:\/\/shop2.khowebseotop.vn\/wp-content\/uploads\/2018\/12\/Den-bat-muoi-thong-minh-Mosquito-Killer-Lamp-Pro-5.jpg\" alt=\"B\u00e1n bu\u00f4n \u0110\u00e8n di\u1ec7t mu\u1ed7i th\u00f4ng minh d\u00f9ng c\u1ed5ng usb\" width=\"900\" height=\"900\" srcset=\"https:\/\/renren.vn\/w\/bachhoa12011\/wp-content\/uploads\/2018\/12\/Den-bat-muoi-thong-minh-Mosquito-Killer-Lamp-Pro-5.jpg 900w, https:\/\/renren.vn\/w\/bachhoa12011\/wp-content\/uploads\/2018\/12\/Den-bat-muoi-thong-minh-Mosquito-Killer-Lamp-Pro-5-510x510.jpg 510w, https:\/\/renren.vn\/w\/bachhoa12011\/wp-content\/uploads\/2018\/12\/Den-bat-muoi-thong-minh-Mosquito-Killer-Lamp-Pro-5-150x150.jpg 150w, https:\/\/renren.vn\/w\/bachhoa12011\/wp-content\/uploads\/2018\/12\/Den-bat-muoi-thong-minh-Mosquito-Killer-Lamp-Pro-5-300x300.jpg 300w, https:\/\/renren.vn\/w\/bachhoa12011\/wp-content\/uploads\/2018\/12\/Den-bat-muoi-thong-minh-Mosquito-Killer-Lamp-Pro-5-768x768.jpg 768w, https:\/\/renren.vn\/w\/bachhoa12011\/wp-content\/uploads\/2018\/12\/Den-bat-muoi-thong-minh-Mosquito-Killer-Lamp-Pro-5-100x100.jpg 100w\" sizes=\"(max-width: 900px) 100vw, 900px\" \/><\/a><\/p>\n<p><a href=\"http:\/\/shop2.khowebseotop.vn\/wp-content\/uploads\/2018\/12\/Den-bat-muoi-thong-minh-Mosquito-Killer-Lamp-Pro-6.jpg\"><img loading=\"lazy\" class=\"alignnone size-full wp-image-1487\" src=\"http:\/\/shop2.khowebseotop.vn\/wp-content\/uploads\/2018\/12\/Den-bat-muoi-thong-minh-Mosquito-Killer-Lamp-Pro-6.jpg\" alt=\"B\u00e1n bu\u00f4n \u0110\u00e8n di\u1ec7t mu\u1ed7i th\u00f4ng minh d\u00f9ng c\u1ed5ng usb\" width=\"900\" height=\"900\" srcset=\"https:\/\/renren.vn\/w\/bachhoa12011\/wp-content\/uploads\/2018\/12\/Den-bat-muoi-thong-minh-Mosquito-Killer-Lamp-Pro-6.jpg 900w, https:\/\/renren.vn\/w\/bachhoa12011\/wp-content\/uploads\/2018\/12\/Den-bat-muoi-thong-minh-Mosquito-Killer-Lamp-Pro-6-510x510.jpg 510w, https:\/\/renren.vn\/w\/bachhoa12011\/wp-content\/uploads\/2018\/12\/Den-bat-muoi-thong-minh-Mosquito-Killer-Lamp-Pro-6-150x150.jpg 150w, https:\/\/renren.vn\/w\/bachhoa12011\/wp-content\/uploads\/2018\/12\/Den-bat-muoi-thong-minh-Mosquito-Killer-Lamp-Pro-6-300x300.jpg 300w, https:\/\/renren.vn\/w\/bachhoa12011\/wp-content\/uploads\/2018\/12\/Den-bat-muoi-thong-minh-Mosquito-Killer-Lamp-Pro-6-768x768.jpg 768w, https:\/\/renren.vn\/w\/bachhoa12011\/wp-content\/uploads\/2018\/12\/Den-bat-muoi-thong-minh-Mosquito-Killer-Lamp-Pro-6-100x100.jpg 100w\" sizes=\"(max-width: 900px) 100vw, 900px\" \/><\/a><\/p>\n<p><a href=\"http:\/\/shop2.khowebseotop.vn\/wp-content\/uploads\/2018\/12\/Den-bat-muoi-thong-minh-Mosquito-Killer-Lamp-Pro-7.jpg\"><img loading=\"lazy\" class=\"alignnone size-full wp-image-1488\" src=\"http:\/\/shop2.khowebseotop.vn\/wp-content\/uploads\/2018\/12\/Den-bat-muoi-thong-minh-Mosquito-Killer-Lamp-Pro-7.jpg\" alt=\"B\u00e1n bu\u00f4n \u0110\u00e8n di\u1ec7t mu\u1ed7i th\u00f4ng minh d\u00f9ng c\u1ed5ng usb\" width=\"900\" height=\"900\" srcset=\"https:\/\/renren.vn\/w\/bachhoa12011\/wp-content\/uploads\/2018\/12\/Den-bat-muoi-thong-minh-Mosquito-Killer-Lamp-Pro-7.jpg 900w, https:\/\/renren.vn\/w\/bachhoa12011\/wp-content\/uploads\/2018\/12\/Den-bat-muoi-thong-minh-Mosquito-Killer-Lamp-Pro-7-510x510.jpg 510w, https:\/\/renren.vn\/w\/bachhoa12011\/wp-content\/uploads\/2018\/12\/Den-bat-muoi-thong-minh-Mosquito-Killer-Lamp-Pro-7-150x150.jpg 150w, https:\/\/renren.vn\/w\/bachhoa12011\/wp-content\/uploads\/2018\/12\/Den-bat-muoi-thong-minh-Mosquito-Killer-Lamp-Pro-7-300x300.jpg 300w, https:\/\/renren.vn\/w\/bachhoa12011\/wp-content\/uploads\/2018\/12\/Den-bat-muoi-thong-minh-Mosquito-Killer-Lamp-Pro-7-768x768.jpg 768w, https:\/\/renren.vn\/w\/bachhoa12011\/wp-content\/uploads\/2018\/12\/Den-bat-muoi-thong-minh-Mosquito-Killer-Lamp-Pro-7-100x100.jpg 100w\" sizes=\"(max-width: 900px) 100vw, 900px\" \/><\/a><\/p>\n<p><strong>Xem th\u00eam : <a href=\"http:\/\/shop2.khowebseotop.vn\/do-gia-dung-tien-ich\/\">\u0110\u1ed3 gia d\u1ee5ng ti\u1ec7n \u00edch<\/a><\/strong><\/p>\n","protected":false},"excerpt":{"rendered":"<ul>\n<li>Thi\u1ebft k\u1ebf nh\u1ecf g\u1ecdn, th\u00f4ng minh, d\u1ec5 s\u1eed d\u1ee5ng, an to\u00e0n<\/li>\n<li>C\u00f3 \u0111\u00e8n led \u00e1nh s\u00e1ng \u0111\u1eb7c bi\u1ec7t gi\u00fap thu h\u00fat mu\u1ed7i t\u1edbi<\/li>\n<li>V\u1edbi qu\u1ea1t h\u00fat mu\u1ed7i ch\u1ea1y \u00eam, an to\u00e0n<\/li>\n<li>S\u1eed d\u1ee5ng ngu\u1ed3n \u0111i\u1ec7n 5V (S\u1eed d\u1ee5ng ngu\u1ed3n \u0111i\u1ec7n t\u1eeb c\u1ed5ng USB, adapter s\u1ea1c \u0111i\u1ec7n tho\u1ea1i)<\/li>\n<li>S\u1ea3n ph\u1ea9m kh\u00f4ng bao g\u1ed3m c\u1ee5c ngu\u1ed3n adapter<\/li>\n<li>Kh\u00f4ng s\u1eed d\u1ee5ng b\u1ea5t k\u1ef3 h\u00f3a ch\u1ea5t n\u00e0o<\/li>\n<li>V\u1ecf nh\u1ef1a cao c\u1ea5p, d\u1ec5 d\u00e0ng th\u00e1o \u0111\u1ec3 l\u1ea5y b\u1ecf mu\u1ed7i<\/li>\n<li>Nguy\u00ean l\u00fd ho\u1ea1t \u0111\u1ed9ng: \u0110\u00e8n thu h\u00fat mu\u1ed7i t\u1edbi, qu\u1ea1t s\u1ebd h\u00fat mu\u1ed7i v\u00e0o<\/li>\n<\/ul>\n","protected":false},"featured_media":1491,"comment_status":"open","ping_status":"closed","template":"","meta":[],"_links":{"self":[{"href":"https:\/\/renren.vn\/w\/bachhoa12011\/wp-json\/wp\/v2\/product\/1490"}],"collection":[{"href":"https:\/\/renren.vn\/w\/bachhoa12011\/wp-json\/wp\/v2\/product"}],"about":[{"href":"https:\/\/renren.vn\/w\/bachhoa12011\/wp-json\/wp\/v2\/types\/product"}],"replies":[{"embeddable":true,"href":"https:\/\/renren.vn\/w\/bachhoa12011\/wp-json\/wp\/v2\/comments?post=1490"}],"wp:featuredmedia":[{"embeddable":true,"href":"https:\/\/renren.vn\/w\/bachhoa12011\/wp-json\/wp\/v2\/media\/1491"}],"wp:attachment":[{"href":"https:\/\/renren.vn\/w\/bachhoa12011\/wp-json\/wp\/v2\/media?parent=1490"}],"curies":[{"name":"wp","href":"https:\/\/api.w.org\/{rel}","templated":true}]}}