{"id":1467,"date":"2018-12-07T12:22:25","date_gmt":"2018-12-07T05:22:25","guid":{"rendered":"http:\/\/shop2.khowebseotop.vn\/?post_type=product&#038;p=1467"},"modified":"2018-12-07T12:22:25","modified_gmt":"2018-12-07T05:22:25","slug":"tai-nghe-bluetooth-i7s","status":"publish","type":"product","link":"https:\/\/renren.vn\/w\/bachhoa12011\/san-pham\/tai-nghe-bluetooth-i7s\/","title":{"rendered":"Tai nghe Bluetooth I7S"},"content":{"rendered":"<h2>Tai nghe Bluetooth I7S ch\u00ednh h\u00e3ng<\/h2>\n<p>Tai nghe Bluetooth ng\u00e0y c\u00e0ng chi\u1ebfm th\u1ecb ph\u1ea7n l\u1edbn tr\u00ean th\u1ecb tr\u01b0\u1eddng b\u1edfi \u01b0u \u0111i\u1ec3m nh\u1ecf g\u1ecdn, ti\u1ec7n l\u1ee3i h\u01a1n h\u1eb3n so v\u1edbi tai nghe c\u00f3 d\u00e2y truy\u1ec1n th\u1ed1ng. N\u1ebfu b\u1ea1n \u0111ang t\u00ecm ki\u1ebfm m\u1ed9t m\u1eabu tai nghe bluetooth ch\u1ea5t l\u01b0\u1ee3ng th\u00ec h\u00e3y tham kh\u1ea3o m\u1eabu Tai nghe Bluetooth i7S cao c\u1ea5p \u0111\u1ec3 c\u00f3 th\u1ec3 d\u1ec5 d\u00e0ng h\u01a1n khi \u0111\u01b0a ra quy\u1ebft \u0111\u1ecbnh .<\/p>\n<p><strong>VIDEO REVIEW TAI NGHE BLUETOOTH I7S :<\/strong><\/p>\n<p><iframe src=\"\/wp-content\/uploads\/2018\/12\/Tai-nghe-bluetooth-i7s-1.jpg\"><img loading=\"lazy\" class=\"alignnone size-full wp-image-1465\" src=\"http:\/\/shop2.khowebseotop.vn\/wp-content\/uploads\/2018\/12\/Tai-nghe-bluetooth-i7s-1.jpg\" alt=\"Tai nghe Bluetooth I7S ch\u00ednh h\u00e3ng\" width=\"900\" height=\"900\" srcset=\"https:\/\/renren.vn\/w\/bachhoa12011\/wp-content\/uploads\/2018\/12\/Tai-nghe-bluetooth-i7s-1.jpg 900w, https:\/\/renren.vn\/w\/bachhoa12011\/wp-content\/uploads\/2018\/12\/Tai-nghe-bluetooth-i7s-1-510x510.jpg 510w, https:\/\/renren.vn\/w\/bachhoa12011\/wp-content\/uploads\/2018\/12\/Tai-nghe-bluetooth-i7s-1-150x150.jpg 150w, https:\/\/renren.vn\/w\/bachhoa12011\/wp-content\/uploads\/2018\/12\/Tai-nghe-bluetooth-i7s-1-300x300.jpg 300w, https:\/\/renren.vn\/w\/bachhoa12011\/wp-content\/uploads\/2018\/12\/Tai-nghe-bluetooth-i7s-1-768x768.jpg 768w, https:\/\/renren.vn\/w\/bachhoa12011\/wp-content\/uploads\/2018\/12\/Tai-nghe-bluetooth-i7s-1-100x100.jpg 100w\" sizes=\"(max-width: 900px) 100vw, 900px\" \/><\/a><\/p>\n<h3>Tai nghe Bluetooth i7S \u0111\u01b0\u1ee3c \u0111\u00e1nh gi\u00e1 cao b\u1edfi nhi\u1ec1u \u01b0u \u0111i\u1ec3m sau:<\/h3>\n<ul>\n<li>Thi\u1ebft k\u1ebf s\u00e0nh \u0111i\u1ec7u, g\u1ecdn nh\u1eb9 v\u00e0 c\u1ef1c k\u1ef3 kh\u00f3 r\u1edbt.<\/li>\n<li>\u00c2m thanh \u1ed5n \u0111\u1ecbnh cho \u0111\u00e0m tho\u1ea1i v\u00e0 nghe nh\u1ea1c, h\u1ea1n ch\u1ebf \u0111au tai so v\u1edbi c\u00e1c lo\u1ea1i tai nghe th\u00f4ng th\u01b0\u1eddng kh\u00e1c<\/li>\n<li>\u0110\u1ebf s\u1ea1c pin ki\u00eam h\u1ed9p \u0111\u1ef1ng tai nghe ti\u1ec7n l\u1ee3i. dung l\u01b0\u1ee3ng 500mAh c\u00f3 th\u1ec3 s\u1ea1c cho tai nghe 4-5 l\u1ea7n.<\/li>\n<li>K\u1ebft n\u1ed1i Bluetooth 4.1 g\u1ecdn g\u00e0ng, hi\u1ec7n \u0111\u1ea1i, ph\u1ea1m vi k\u1ebft n\u1ed1i l\u00ean t\u1edbi 10m<\/li>\n<li>Th\u1eddi gian nghe nh\u1ea1c, \u0111\u00e0m tho\u1ea1i li\u00ean t\u1ee5c kho\u1ea3ng 1-2 gi\u1edd (ph\u1ee5 thu\u1ed9c m\u1ee9c \u00e2m l\u01b0\u1ee3ng s\u1eed d\u1ee5ng) th\u1eddi gian ch\u1edd 100 gi\u1edd.<\/li>\n<li>N\u00fat b\u1ea5m \u0111\u01a1n gi\u1ea3n, d\u1ec5 s\u1eed d\u1ee5ng. Ch\u1ea5t li\u1ec7u nh\u1ef1a cao c\u1ea5p b\u1ec1n \u0111\u1eb9p.<\/li>\n<li>B\u1ea3o h\u00e0nh l\u1ed7i k\u0129 thu\u1eadt 12 th\u00e1ng tr\u00ean h\u1ec7 th\u1ed1ng c\u1ee7a Vuatienich.vn<\/li>\n<\/ul>\n<figure id=\"attachment_1466\" aria-describedby=\"caption-attachment-1466\" style=\"width: 900px\" class=\"wp-caption alignnone\"><a href=\"http:\/\/shop2.khowebseotop.vn\/wp-content\/uploads\/2018\/12\/Tai-nghe-bluetooth-i7s-2.jpg\"><img loading=\"lazy\" class=\"wp-image-1466 size-full\" src=\"http:\/\/shop2.khowebseotop.vn\/wp-content\/uploads\/2018\/12\/Tai-nghe-bluetooth-i7s-2.jpg\" alt=\"Tai nghe Bluetooth I7S ch\u00ednh h\u00e3ng\" width=\"900\" height=\"600\" srcset=\"https:\/\/renren.vn\/w\/bachhoa12011\/wp-content\/uploads\/2018\/12\/Tai-nghe-bluetooth-i7s-2.jpg 900w, https:\/\/renren.vn\/w\/bachhoa12011\/wp-content\/uploads\/2018\/12\/Tai-nghe-bluetooth-i7s-2-510x340.jpg 510w, https:\/\/renren.vn\/w\/bachhoa12011\/wp-content\/uploads\/2018\/12\/Tai-nghe-bluetooth-i7s-2-300x200.jpg 300w, https:\/\/renren.vn\/w\/bachhoa12011\/wp-content\/uploads\/2018\/12\/Tai-nghe-bluetooth-i7s-2-768x512.jpg 768w\" sizes=\"(max-width: 900px) 100vw, 900px\" \/><\/a><figcaption id=\"caption-attachment-1466\" class=\"wp-caption-text\">I7S s\u1edf h\u1eefu ch\u1ea5t l\u01b0\u1ee3ng \u00e2m thanh r\u1ea5t t\u1ed1t mang l\u1ea1i nh\u1eefng tr\u1ea3i nghi\u1ec7m t\u1ed1t nh\u1ea5t cho ng\u01b0\u1eddi d\u00f9ng, c\u00f3 kh\u1ea3 n\u0103ng l\u1ecdc t\u1ea1p \u00e2m t\u1ed1t.<\/figcaption><\/figure>\n<figure id=\"attachment_1469\" aria-describedby=\"caption-attachment-1469\" style=\"width: 900px\" class=\"wp-caption alignnone\"><a href=\"http:\/\/shop2.khowebseotop.vn\/wp-content\/uploads\/2018\/12\/Tai-nghe-bluetooth-i7s-4.jpg\"><img loading=\"lazy\" class=\"wp-image-1469 size-full\" src=\"http:\/\/shop2.khowebseotop.vn\/wp-content\/uploads\/2018\/12\/Tai-nghe-bluetooth-i7s-4.jpg\" alt=\"Tai nghe Bluetooth I7S ch\u00ednh h\u00e3ng\" width=\"900\" height=\"600\" srcset=\"https:\/\/renren.vn\/w\/bachhoa12011\/wp-content\/uploads\/2018\/12\/Tai-nghe-bluetooth-i7s-4.jpg 900w, https:\/\/renren.vn\/w\/bachhoa12011\/wp-content\/uploads\/2018\/12\/Tai-nghe-bluetooth-i7s-4-510x340.jpg 510w, https:\/\/renren.vn\/w\/bachhoa12011\/wp-content\/uploads\/2018\/12\/Tai-nghe-bluetooth-i7s-4-300x200.jpg 300w, https:\/\/renren.vn\/w\/bachhoa12011\/wp-content\/uploads\/2018\/12\/Tai-nghe-bluetooth-i7s-4-768x512.jpg 768w\" sizes=\"(max-width: 900px) 100vw, 900px\" \/><\/a><figcaption id=\"caption-attachment-1469\" class=\"wp-caption-text\">Thi\u1ebft k\u1ebf c\u1ee7 loa tinh t\u1ebf, \u0111eo v\u00e0o tai ch\u1eafc ch\u1eafn m\u00e0 kh\u00f4ng g\u00e2y \u0111au khi s\u1eed d\u1ee5ng l\u00e2u, cho c\u1ea3m gi\u00e1c tho\u1ea3i m\u00e1i, nh\u1eb9 nh\u00e0ng. Ch\u1ea5t li\u1ec7u nh\u1ef1a ABS b\u1ec1n \u0111\u1eb9p an to\u00e0n cho s\u1ee9c kh\u1ecfe.<\/figcaption><\/figure>\n<figure id=\"attachment_1470\" aria-describedby=\"caption-attachment-1470\" style=\"width: 900px\" class=\"wp-caption alignnone\"><a href=\"http:\/\/shop2.khowebseotop.vn\/wp-content\/uploads\/2018\/12\/Tai-nghe-bluetooth-i7s-5.jpg\"><img loading=\"lazy\" class=\"wp-image-1470 size-full\" src=\"http:\/\/shop2.khowebseotop.vn\/wp-content\/uploads\/2018\/12\/Tai-nghe-bluetooth-i7s-5.jpg\" alt=\"B\u00e1n s\u1ec9 Tai nghe Bluetooth I7S ch\u00ednh h\u00e3ng\" width=\"900\" height=\"600\" srcset=\"https:\/\/renren.vn\/w\/bachhoa12011\/wp-content\/uploads\/2018\/12\/Tai-nghe-bluetooth-i7s-5.jpg 900w, https:\/\/renren.vn\/w\/bachhoa12011\/wp-content\/uploads\/2018\/12\/Tai-nghe-bluetooth-i7s-5-510x340.jpg 510w, https:\/\/renren.vn\/w\/bachhoa12011\/wp-content\/uploads\/2018\/12\/Tai-nghe-bluetooth-i7s-5-300x200.jpg 300w, https:\/\/renren.vn\/w\/bachhoa12011\/wp-content\/uploads\/2018\/12\/Tai-nghe-bluetooth-i7s-5-768x512.jpg 768w\" sizes=\"(max-width: 900px) 100vw, 900px\" \/><\/a><figcaption id=\"caption-attachment-1470\" class=\"wp-caption-text\">K\u1ebft n\u1ed1i kh\u00f4ng d\u00e2y Bluetooth 4.1 t\u01b0\u01a1ng th\u00edch v\u1edbi h\u1ea7u h\u1ebft c\u00e1c smartphone hi\u1ec7n nay, k\u1ebft n\u1ed1i nhanh ch\u00f3ng, \u1ed5n \u0111\u1ecbnh, d\u1ec5 d\u00e0ng trong ph\u1ea1m vi 10m.<\/figcaption><\/figure>\n<figure id=\"attachment_1471\" aria-describedby=\"caption-attachment-1471\" style=\"width: 900px\" class=\"wp-caption alignnone\"><a href=\"http:\/\/shop2.khowebseotop.vn\/wp-content\/uploads\/2018\/12\/Tai-nghe-bluetooth-i7s-6.jpg\"><img loading=\"lazy\" class=\"wp-image-1471 size-full\" src=\"http:\/\/shop2.khowebseotop.vn\/wp-content\/uploads\/2018\/12\/Tai-nghe-bluetooth-i7s-6.jpg\" alt=\"B\u00e1n s\u1ec9 Tai nghe Bluetooth I7S ch\u00ednh h\u00e3ng\" width=\"900\" height=\"600\" srcset=\"https:\/\/renren.vn\/w\/bachhoa12011\/wp-content\/uploads\/2018\/12\/Tai-nghe-bluetooth-i7s-6.jpg 900w, https:\/\/renren.vn\/w\/bachhoa12011\/wp-content\/uploads\/2018\/12\/Tai-nghe-bluetooth-i7s-6-510x340.jpg 510w, https:\/\/renren.vn\/w\/bachhoa12011\/wp-content\/uploads\/2018\/12\/Tai-nghe-bluetooth-i7s-6-300x200.jpg 300w, https:\/\/renren.vn\/w\/bachhoa12011\/wp-content\/uploads\/2018\/12\/Tai-nghe-bluetooth-i7s-6-768x512.jpg 768w\" sizes=\"(max-width: 900px) 100vw, 900px\" \/><\/a><figcaption id=\"caption-attachment-1471\" class=\"wp-caption-text\">Chi\u1ebfc tai nghe n\u00e0y \u0111\u01b0\u1ee3c s\u1ea1c qua m\u1ed9t \u0111\u1ebf s\u1ea1c c\u00f3 dung l\u01b0\u1ee3ng pin 500mAh, s\u1eb5n s\u00e0ng s\u1ea1c 4-5 l\u1ea7n cho tai nghe.<\/figcaption><\/figure>\n<figure id=\"attachment_1472\" aria-describedby=\"caption-attachment-1472\" style=\"width: 900px\" class=\"wp-caption alignnone\"><a href=\"http:\/\/shop2.khowebseotop.vn\/wp-content\/uploads\/2018\/12\/Tai-nghe-bluetooth-i7s-7.jpg\"><img loading=\"lazy\" class=\"wp-image-1472 size-full\" src=\"http:\/\/shop2.khowebseotop.vn\/wp-content\/uploads\/2018\/12\/Tai-nghe-bluetooth-i7s-7.jpg\" alt=\"B\u00e1n bu\u00f4n Tai nghe Bluetooth I7S ch\u00ednh h\u00e3ng\" width=\"900\" height=\"600\" srcset=\"https:\/\/renren.vn\/w\/bachhoa12011\/wp-content\/uploads\/2018\/12\/Tai-nghe-bluetooth-i7s-7.jpg 900w, https:\/\/renren.vn\/w\/bachhoa12011\/wp-content\/uploads\/2018\/12\/Tai-nghe-bluetooth-i7s-7-510x340.jpg 510w, https:\/\/renren.vn\/w\/bachhoa12011\/wp-content\/uploads\/2018\/12\/Tai-nghe-bluetooth-i7s-7-300x200.jpg 300w, https:\/\/renren.vn\/w\/bachhoa12011\/wp-content\/uploads\/2018\/12\/Tai-nghe-bluetooth-i7s-7-768x512.jpg 768w\" sizes=\"(max-width: 900px) 100vw, 900px\" \/><\/a><figcaption id=\"caption-attachment-1472\" class=\"wp-caption-text\">Tai nghe c\u00f3 th\u1ec3 tho\u1ea3i m\u00e1i nghe nh\u1ea1c, \u0111\u00e0m tho\u1ea1i li\u00ean t\u1ee5c trong 3 gi\u1edd, th\u1eddi gian ch\u1edd l\u00ean t\u1edbi 100 gi\u1edd lu\u00f4n s\u1eb5n s\u00e0ng cho nh\u1eefng tr\u1ea3i nghi\u1ec7m \u00e2m thanh tuy\u1ec7t v\u1eddi.<\/figcaption><\/figure>\n<figure id=\"attachment_1473\" aria-describedby=\"caption-attachment-1473\" style=\"width: 900px\" class=\"wp-caption alignnone\"><a href=\"http:\/\/shop2.khowebseotop.vn\/wp-content\/uploads\/2018\/12\/Tai-nghe-bluetooth-i7s-8.jpg\"><img loading=\"lazy\" class=\"wp-image-1473 size-full\" src=\"http:\/\/shop2.khowebseotop.vn\/wp-content\/uploads\/2018\/12\/Tai-nghe-bluetooth-i7s-8.jpg\" alt=\"B\u00e1n bu\u00f4n Tai nghe Bluetooth I7S ch\u00ednh h\u00e3ng\" width=\"900\" height=\"600\" srcset=\"https:\/\/renren.vn\/w\/bachhoa12011\/wp-content\/uploads\/2018\/12\/Tai-nghe-bluetooth-i7s-8.jpg 900w, https:\/\/renren.vn\/w\/bachhoa12011\/wp-content\/uploads\/2018\/12\/Tai-nghe-bluetooth-i7s-8-510x340.jpg 510w, https:\/\/renren.vn\/w\/bachhoa12011\/wp-content\/uploads\/2018\/12\/Tai-nghe-bluetooth-i7s-8-300x200.jpg 300w, https:\/\/renren.vn\/w\/bachhoa12011\/wp-content\/uploads\/2018\/12\/Tai-nghe-bluetooth-i7s-8-768x512.jpg 768w\" sizes=\"(max-width: 900px) 100vw, 900px\" \/><\/a><figcaption id=\"caption-attachment-1473\" class=\"wp-caption-text\">Ph\u1ee5 ki\u1ec7n n\u00e0y kh\u00f4ng ch\u1ec9 g\u1ecdn nh\u1eb9, ti\u1ec7n d\u1ee5ng, mang l\u1ea1i phong c\u00e1ch hi\u1ec7n \u0111\u1ea1i, n\u0103ng \u0111\u1ed9ng cho ng\u01b0\u1eddi d\u00f9ng m\u00e0 c\u00f2n gi\u00fap \u0111\u1ea3m b\u1ea3o an to\u00e0n khi l\u00e1i xe.<\/figcaption><\/figure>\n<h4><strong>Th\u00f4ng s\u1ed1 k\u1ef9 thu\u1eadt tai nghe Bluetooth i7S :<\/strong><\/h4>\n<p>&#8211; Thi\u1ebft k\u1ebf \u0111\u01a1n gi\u1ea3n, tinh t\u1ebf, gia c\u00f4ng t\u1ec9 m\u1ec9<br \/>\n&#8211; Ch\u1ea5t li\u1ec7u b\u1eb1ng nh\u1ef1a ABS b\u1ec1n \u0111\u1eb9p<br \/>\n&#8211; Si\u00eau nh\u1eb9 ch\u1ec9 5g<br \/>\n&#8211; K\u1ebft n\u1ed1i Bluetooth V4.1 cho t\u1ed1c \u0111\u1ed9 ph\u1ea3n h\u1ed3i nhanh, kh\u00f4ng c\u00f3 \u0111\u1ed9 tr\u1ec5<br \/>\n&#8211; Ph\u1ea1m vi k\u1ebft n\u1ed1i l\u00ean t\u1edbi 10m<br \/>\n&#8211; Dung l\u01b0\u1ee3ng pin c\u1ee7a tai nghe l\u00e0 60 mAh<br \/>\n&#8211; Dung l\u01b0\u1ee3ng pin c\u1ee7a Dock s\u1ea1c l\u00ean t\u1edbi 950 mAh<br \/>\n&#8211; Th\u1eddi gian s\u1eed d\u1ee5ng li\u00ean t\u1ee5c kho\u1ea3ng 2h30 ph\u00fat<br \/>\n&#8211; Th\u1eddi gian ch\u1edd l\u00ean t\u1edbi 100h<br \/>\n&#8211; Thao t\u00e1c nghe g\u1ecdi, chuy\u1ec3n nh\u1ea1c ngay tr\u00ean tai nghe<br \/>\n&#8211; H\u1ed7 tr\u1ee3 m\u1ecdi thi\u1ebft b\u1ecb c\u00f3 s\u1eed d\u1ee5ng Bluetooth<\/p>\n<p><strong>H\u01b0\u1edbng d\u1eabn k\u1ebft n\u1ed1i 2 tai Bluetooth i7S v\u1edbi nhau \u0111\u1ec3 c\u00f3 th\u1ec3 nghe nh\u1ea1c 2 b\u00ean tai tr\u00ean c\u00f9ng 1 thi\u1ebft b\u1ecb :<\/strong><\/p>\n<p>\u0110\u1ea7u ti\u00ean b\u1ea1n b\u1eadt 2 tai l\u00ean sau \u0111\u00f3 n\u00f3 s\u1ebd nh\u00e1y xanh \u0111\u1ecf. Sau \u0111\u00f3 b\u1ea1n k\u1ebft n\u1ed1i 2 tai nghe v\u1edbi nhau b\u1eb1ng c\u00e1ch ch\u1ecdn 1 b\u00ean tai nghe b\u1ea5t k\u00ec v\u00e0 b\u1ea5m li\u00ean t\u1ee5c 2 l\u1ea7n v\u00e0o n\u00fat ngu\u1ed3n. Sau \u0111\u00f3 b\u1ea1n \u0111\u1ee3i cho \u0111\u1ebfn khi ch\u1ec9 c\u00f2n 1 b\u00ean tai s\u00e1ng \u0111\u00e8n l\u00e0 b\u1ea1n \u0111\u00e3 k\u1ebft n\u1ed1i 2 tai nghe l\u1ea1i v\u1edbi nhau. M\u1edf bluetooth l\u00ean \u0111\u1ec3 ki\u1ec3m tra xem ch\u1ec9 c\u00f2n 1 thi\u1ebft b\u1ecb \u0111ang ph\u00e1t bluetooth.<\/p>\n<p>Qu\u00fd kh\u00e1ch h\u00e0ng c\u00f3 th\u1ec3 xem video h\u01b0\u1edbng d\u1eabn k\u1ebft n\u1ed1i tai nghe kh\u00f4ng d\u00e2y I7S t\u1ea1i \u0111\u00e2y : <a href=\"http:\/\/shop2.khowebseotop.vn\/video-huong-dan-su-dung-va-ket-noi-tai-nghe-bluetooth-i7s\/\"><em><strong>Video h\u01b0\u1edbng d\u1eabn s\u1eed d\u1ee5ng v\u00e0 k\u1ebft n\u1ed1i tai nghe bluetooth I7S<\/strong><\/em><\/a><\/p>\n<p><strong>Xem th\u00eam : <a href=\"http:\/\/shop2.khowebseotop.vn\/do-cong-nghe\/\">\u0110\u1ed3 c\u00f4ng ngh\u1ec7 ti\u1ec7n \u00edch<\/a><\/strong><\/p>\n","protected":false},"excerpt":{"rendered":"<ul>\n<li>Thi\u1ebft k\u1ebf s\u00e0nh \u0111i\u1ec7u, g\u1ecdn nh\u1eb9 v\u00e0 c\u1ef1c k\u1ef3 kh\u00f3 r\u1edbt.<\/li>\n<li>\u00c2m thanh \u1ed5n \u0111\u1ecbnh cho \u0111\u00e0m tho\u1ea1i v\u00e0 nghe nh\u1ea1c, h\u1ea1n ch\u1ebf \u0111au tai so v\u1edbi c\u00e1c lo\u1ea1i tai nghe th\u00f4ng th\u01b0\u1eddng kh\u00e1c<\/li>\n<li>\u0110\u1ebf s\u1ea1c pin ki\u00eam h\u1ed9p \u0111\u1ef1ng tai nghe ti\u1ec7n l\u1ee3i. dung l\u01b0\u1ee3ng 500mAh c\u00f3 th\u1ec3 s\u1ea1c cho tai nghe 4-5 l\u1ea7n.<\/li>\n<li>K\u1ebft n\u1ed1i Bluetooth 4.1 g\u1ecdn g\u00e0ng, hi\u1ec7n \u0111\u1ea1i, ph\u1ea1m vi k\u1ebft n\u1ed1i l\u00ean t\u1edbi 10m<\/li>\n<li>Th\u1eddi gian nghe nh\u1ea1c, \u0111\u00e0m tho\u1ea1i li\u00ean t\u1ee5c kho\u1ea3ng 1-2 gi\u1edd (ph\u1ee5 thu\u1ed9c m\u1ee9c \u00e2m l\u01b0\u1ee3ng s\u1eed d\u1ee5ng) th\u1eddi gian ch\u1edd 100 gi\u1edd.<\/li>\n<li>N\u00fat b\u1ea5m \u0111\u01a1n gi\u1ea3n, d\u1ec5 s\u1eed d\u1ee5ng. Ch\u1ea5t li\u1ec7u nh\u1ef1a cao c\u1ea5p b\u1ec1n \u0111\u1eb9p.<\/li>\n<li>B\u1ea3o h\u00e0nh l\u1ed7i k\u0129 thu\u1eadt 12 th\u00e1ng tr\u00ean h\u1ec7 th\u1ed1ng c\u1ee7a Vuatienich.vn<\/li>\n<\/ul>\n","protected":false},"featured_media":1468,"comment_status":"open","ping_status":"closed","template":"","meta":[],"_links":{"self":[{"href":"https:\/\/renren.vn\/w\/bachhoa12011\/wp-json\/wp\/v2\/product\/1467"}],"collection":[{"href":"https:\/\/renren.vn\/w\/bachhoa12011\/wp-json\/wp\/v2\/product"}],"about":[{"href":"https:\/\/renren.vn\/w\/bachhoa12011\/wp-json\/wp\/v2\/types\/product"}],"replies":[{"embeddable":true,"href":"https:\/\/renren.vn\/w\/bachhoa12011\/wp-json\/wp\/v2\/comments?post=1467"}],"wp:featuredmedia":[{"embeddable":true,"href":"https:\/\/renren.vn\/w\/bachhoa12011\/wp-json\/wp\/v2\/media\/1468"}],"wp:attachment":[{"href":"https:\/\/renren.vn\/w\/bachhoa12011\/wp-json\/wp\/v2\/media?parent=1467"}],"curies":[{"name":"wp","href":"https:\/\/api.w.org\/{rel}","templated":true}]}}