{"id":1455,"date":"2018-12-07T10:28:29","date_gmt":"2018-12-07T03:28:29","guid":{"rendered":"http:\/\/shop2.khowebseotop.vn\/?post_type=product&#038;p=1455"},"modified":"2018-12-07T10:28:29","modified_gmt":"2018-12-07T03:28:29","slug":"bo-do-choi-ghep-hat-nhua-creative-mosaic-cho-be","status":"publish","type":"product","link":"https:\/\/renren.vn\/w\/bachhoa12011\/san-pham\/bo-do-choi-ghep-hat-nhua-creative-mosaic-cho-be\/","title":{"rendered":"B\u1ed9 \u0111\u1ed3 ch\u01a1i gh\u00e9p h\u1ea1t nh\u1ef1a Creative Mosaic cho b\u00e9"},"content":{"rendered":"<h2>B\u1ed9 \u0111\u1ed3 ch\u01a1i gh\u00e9p h\u1ea1t nh\u1ef1a Creative Mosaic cho b\u00e9<\/h2>\n<p><strong>B\u1ed9 \u0111\u1ed3 ch\u01a1i gh\u00e9p h\u1ea1t nh\u1ef1a cho b\u00e9<\/strong> gi\u00e1 khuy\u1ebfn m\u00e3i c\u1ef1c s\u1ed1c ch\u1ec9 c\u00f2n 65.000 vn\u0111. B\u1ed9 \u0111\u1ed3 ch\u01a1i gh\u00e9p h\u1ea1t nh\u1ef1a cho b\u00e9 l\u1eafp gh\u00e9p s\u00e1ng t\u1ea1o \u0111\u1ee7 c\u00e1c h\u00ecnh b\u00e9 th\u00edch, gi\u00fap b\u00e9 gi\u1ea3i tr\u00ed v\u1eeba h\u1ecdc v\u1eeba ch\u01a1i tha h\u1ed3 s\u00e1ng t\u1ea1o.<\/p>\n<p><a href=\"http:\/\/shop2.khowebseotop.vn\/wp-content\/uploads\/2018\/12\/bo-do-choi-ghep-hat-nhua-Creative-Mosaic-cho-be-1.jpg\"><img loading=\"lazy\" class=\"alignnone size-full wp-image-1356\" src=\"http:\/\/shop2.khowebseotop.vn\/wp-content\/uploads\/2018\/12\/bo-do-choi-ghep-hat-nhua-Creative-Mosaic-cho-be-1.jpg\" alt=\"B\u1ed9 \u0111\u1ed3 ch\u01a1i gh\u00e9p h\u1ea1t nh\u1ef1a Creative Mosaic cho b\u00e9\" width=\"600\" height=\"600\" srcset=\"https:\/\/renren.vn\/w\/bachhoa12011\/wp-content\/uploads\/2018\/12\/bo-do-choi-ghep-hat-nhua-Creative-Mosaic-cho-be-1.jpg 600w, https:\/\/renren.vn\/w\/bachhoa12011\/wp-content\/uploads\/2018\/12\/bo-do-choi-ghep-hat-nhua-Creative-Mosaic-cho-be-1-510x510.jpg 510w, https:\/\/renren.vn\/w\/bachhoa12011\/wp-content\/uploads\/2018\/12\/bo-do-choi-ghep-hat-nhua-Creative-Mosaic-cho-be-1-150x150.jpg 150w, https:\/\/renren.vn\/w\/bachhoa12011\/wp-content\/uploads\/2018\/12\/bo-do-choi-ghep-hat-nhua-Creative-Mosaic-cho-be-1-300x300.jpg 300w, https:\/\/renren.vn\/w\/bachhoa12011\/wp-content\/uploads\/2018\/12\/bo-do-choi-ghep-hat-nhua-Creative-Mosaic-cho-be-1-100x100.jpg 100w\" sizes=\"(max-width: 600px) 100vw, 600px\" \/><\/a><\/p>\n<p><strong>B\u1ed9 \u0111\u1ed3 ch\u01a1i gh\u00e9p h\u1ea1t nh\u1ef1a Creative Mosaic<\/strong> g\u1ed3m 296 h\u1ea1t nh\u1ef1a v\u1edbi nhi\u1ec1u k\u00edch c\u1ee1, m\u00e0u s\u1eafc cho b\u00e9 th\u1ecfa s\u1ee9c x\u1ebfp h\u00ecnh nh\u01b0 h\u00ecnh hoa, ng\u00f4i nh\u00e0\u2026 theo tr\u00ed t\u01b0\u1edfng t\u01b0\u1ee3ng c\u1ee7a b\u00e9 y\u00eau. B\u1ea3ng x\u1ebfp h\u00ecnh s\u1ebd cho b\u00e9 th\u1ecfa s\u1ee9c th\u1ec3 hi\u1ec7n tr\u00ed t\u01b0\u1edfng t\u01b0\u1ee3ng c\u1ee7a m\u00ecnh, ph\u00e1t huy kh\u1ea3 n\u0103ng s\u00e1ng t\u1ea1o v\u00e0 ph\u00e2n bi\u1ec7t m\u00e0u s\u1eafc\u2026 B\u1ed9 \u0111\u1ed3 ch\u01a1i \u0111\u01b0\u1ee3c l\u00e0m b\u1eb1ng ch\u1ea5t li\u1ec7u nh\u1ef1a cao c\u1ea5p, th\u00e2n thi\u1ec7n v\u1edbi m\u00f4i tr\u01b0\u1eddng, an to\u00e0n cho s\u1ee9c kh\u1ecfe c\u1ee7a b\u00e9 y\u00eau n\u00ean b\u1ed1 m\u1eb9 ho\u00e0n to\u00e0n y\u00ean t\u00e2m.<\/p>\n<p><a href=\"http:\/\/shop2.khowebseotop.vn\/wp-content\/uploads\/2018\/12\/bo-do-choi-ghep-hat-nhua-Creative-Mosaic-cho-be-2.jpg\"><img loading=\"lazy\" class=\"alignnone size-full wp-image-1357\" src=\"http:\/\/shop2.khowebseotop.vn\/wp-content\/uploads\/2018\/12\/bo-do-choi-ghep-hat-nhua-Creative-Mosaic-cho-be-2.jpg\" alt=\"B\u00e1n s\u1ec9 B\u1ed9 \u0111\u1ed3 ch\u01a1i gh\u00e9p h\u1ea1t nh\u1ef1a Creative Mosaic cho b\u00e9\" width=\"600\" height=\"600\" srcset=\"https:\/\/renren.vn\/w\/bachhoa12011\/wp-content\/uploads\/2018\/12\/bo-do-choi-ghep-hat-nhua-Creative-Mosaic-cho-be-2.jpg 600w, https:\/\/renren.vn\/w\/bachhoa12011\/wp-content\/uploads\/2018\/12\/bo-do-choi-ghep-hat-nhua-Creative-Mosaic-cho-be-2-510x510.jpg 510w, https:\/\/renren.vn\/w\/bachhoa12011\/wp-content\/uploads\/2018\/12\/bo-do-choi-ghep-hat-nhua-Creative-Mosaic-cho-be-2-150x150.jpg 150w, https:\/\/renren.vn\/w\/bachhoa12011\/wp-content\/uploads\/2018\/12\/bo-do-choi-ghep-hat-nhua-Creative-Mosaic-cho-be-2-300x300.jpg 300w, https:\/\/renren.vn\/w\/bachhoa12011\/wp-content\/uploads\/2018\/12\/bo-do-choi-ghep-hat-nhua-Creative-Mosaic-cho-be-2-100x100.jpg 100w\" sizes=\"(max-width: 600px) 100vw, 600px\" \/><\/a><\/p>\n<h3>\u0110\u1eb7c \u0111i\u1ec3m n\u1ed5i b\u1eadt c\u1ee7a b\u1ed9 \u0111\u1ed3 ch\u01a1i gh\u00e9p h\u1ea1t nh\u1ef1a Creative Mosaic :<\/h3>\n<ul>\n<li>H\u00ecnh gh\u00e9p nhi\u1ec1u m\u00e0u s\u1eafc k\u00edch th\u00edch tr\u00ed s\u00e1ng t\u1ea1o v\u00e0 kh\u1ea3 n\u0103ng t\u01b0\u1edfng t\u01b0\u1ee3ng phong ph\u00fa c\u1ee7a tr\u1ebb.<\/li>\n<li>B\u00e9 tha h\u1ed3 gh\u00e9p v\u00e0 x\u1ebfp c\u00e1c n\u00fat h\u00ecnh c\u00e2y n\u1eafm th\u00e0nh nhi\u1ec1u h\u00ecnh th\u00f9 kh\u00e1c nhau t\u00f9y tr\u00ed t\u01b0\u1edfng t\u01b0\u1ee3ng c\u1ee7a b\u00e9.<\/li>\n<li>N\u00fat h\u00ecnh c\u00e2y n\u1ea5m c\u00f3 3 k\u00edch th\u01b0\u1edbc v\u00e0 m\u00e0u s\u1eafc s\u1eb7c s\u1ee1.<\/li>\n<li>C\u00f3 k\u00e8m m\u1ed9t t\u1edd g\u1ee3i \u00fd c\u00e1c h\u00ecnh gi\u00fap b\u00e9 d\u1ec5 t\u01b0\u1edfng t\u01b0\u1ee3ng \u0111\u1ec3 gh\u00e9p.<\/li>\n<li>H\u1ed9p \u0111\u1ed3 ch\u01a1i thi\u1ebft k\u1ebf \u0111\u1eb7c bi\u1ec7t, v\u1eeba l\u00e0m t\u1ea5m v\u00e1n \u0111\u1ec3 gh\u00e9p, v\u1eeba c\u00f3 th\u1ec3 \u0111\u1ef1ng c\u00e1c n\u00fat c\u00e2y n\u1ea5m sau khi d\u00f9ng, t\u1ea1o cho b\u00e9 th\u00f3i quen g\u1ecdn g\u00e0ng sau khi ch\u01a1i.<\/li>\n<li>H\u1ed9p c\u00f3 quai x\u00e1ch, d\u1ec5 d\u00e0ng cho b\u00e9 mang theo khi \u0111i ch\u01a1i.<\/li>\n<\/ul>\n<p><a href=\"http:\/\/shop2.khowebseotop.vn\/wp-content\/uploads\/2018\/12\/bo-do-choi-ghep-hat-nhua-Creative-Mosaic-cho-be-3.jpg\"><img loading=\"lazy\" class=\"alignnone size-full wp-image-1358\" src=\"http:\/\/shop2.khowebseotop.vn\/wp-content\/uploads\/2018\/12\/bo-do-choi-ghep-hat-nhua-Creative-Mosaic-cho-be-3.jpg\" alt=\"B\u00e1n s\u1ec9 B\u1ed9 \u0111\u1ed3 ch\u01a1i gh\u00e9p h\u1ea1t nh\u1ef1a Creative Mosaic cho b\u00e9\" width=\"600\" height=\"600\" srcset=\"https:\/\/renren.vn\/w\/bachhoa12011\/wp-content\/uploads\/2018\/12\/bo-do-choi-ghep-hat-nhua-Creative-Mosaic-cho-be-3.jpg 600w, https:\/\/renren.vn\/w\/bachhoa12011\/wp-content\/uploads\/2018\/12\/bo-do-choi-ghep-hat-nhua-Creative-Mosaic-cho-be-3-510x510.jpg 510w, https:\/\/renren.vn\/w\/bachhoa12011\/wp-content\/uploads\/2018\/12\/bo-do-choi-ghep-hat-nhua-Creative-Mosaic-cho-be-3-150x150.jpg 150w, https:\/\/renren.vn\/w\/bachhoa12011\/wp-content\/uploads\/2018\/12\/bo-do-choi-ghep-hat-nhua-Creative-Mosaic-cho-be-3-300x300.jpg 300w, https:\/\/renren.vn\/w\/bachhoa12011\/wp-content\/uploads\/2018\/12\/bo-do-choi-ghep-hat-nhua-Creative-Mosaic-cho-be-3-100x100.jpg 100w\" sizes=\"(max-width: 600px) 100vw, 600px\" \/><\/a><\/p>\n<p><strong>Th\u00f4ng tin s\u1ea3n ph\u1ea9m :<\/strong><\/p>\n<p>\u2013 Bao g\u1ed3m 296 h\u1ea1t cho b\u00e9 l\u1eafp gh\u00e9p<br \/>\n\u2013 Ch\u1ea5t li\u1ec7u: Nh\u1ef1a<br \/>\n\u2013 K\u00edch th\u01b0\u1edbc: 23.5*30.0*4.0 cm<\/p>\n<p><a href=\"http:\/\/shop2.khowebseotop.vn\/wp-content\/uploads\/2018\/12\/bo-do-choi-ghep-hat-nhua-Creative-Mosaic-cho-be-4.jpg\"><img loading=\"lazy\" class=\"alignnone size-full wp-image-1359\" src=\"http:\/\/shop2.khowebseotop.vn\/wp-content\/uploads\/2018\/12\/bo-do-choi-ghep-hat-nhua-Creative-Mosaic-cho-be-4.jpg\" alt=\"B\u00e1n bu\u00f4n B\u1ed9 \u0111\u1ed3 ch\u01a1i gh\u00e9p h\u1ea1t nh\u1ef1a Creative Mosaic cho b\u00e9\" width=\"600\" height=\"600\" srcset=\"https:\/\/renren.vn\/w\/bachhoa12011\/wp-content\/uploads\/2018\/12\/bo-do-choi-ghep-hat-nhua-Creative-Mosaic-cho-be-4.jpg 600w, https:\/\/renren.vn\/w\/bachhoa12011\/wp-content\/uploads\/2018\/12\/bo-do-choi-ghep-hat-nhua-Creative-Mosaic-cho-be-4-510x510.jpg 510w, https:\/\/renren.vn\/w\/bachhoa12011\/wp-content\/uploads\/2018\/12\/bo-do-choi-ghep-hat-nhua-Creative-Mosaic-cho-be-4-150x150.jpg 150w, https:\/\/renren.vn\/w\/bachhoa12011\/wp-content\/uploads\/2018\/12\/bo-do-choi-ghep-hat-nhua-Creative-Mosaic-cho-be-4-300x300.jpg 300w, https:\/\/renren.vn\/w\/bachhoa12011\/wp-content\/uploads\/2018\/12\/bo-do-choi-ghep-hat-nhua-Creative-Mosaic-cho-be-4-100x100.jpg 100w\" sizes=\"(max-width: 600px) 100vw, 600px\" \/><\/a><\/p>\n<p>B\u1ed9 \u0111\u1ed3 ch\u01a1i gh\u00e9p h\u1ea1t nh\u1ef1a cho b\u00e9 &#8211; C\u00f3 r\u1ea5t nhi\u1ec1u \u0111i\u1ec1u b\u1ed5 \u00edch v\u00e0 l\u00fd th\u00fa \u0111ang ch\u1edd c\u00e1c b\u00e9 c\u00f9ng kh\u00e1m ph\u00e1. M\u00f3n qu\u00e0 b\u1ed5 \u00edch m\u00e0 c\u00e1c \u00f4ng b\u1ed1 b\u00e0 m\u1eb9 d\u00e0nh t\u1eb7ng cho b\u00e9<\/p>\n<p><a href=\"http:\/\/shop2.khowebseotop.vn\/wp-content\/uploads\/2018\/12\/bo-do-choi-ghep-hat-nhua-Creative-Mosaic-cho-be-5.jpg\"><img loading=\"lazy\" class=\"alignnone size-full wp-image-1360\" src=\"http:\/\/shop2.khowebseotop.vn\/wp-content\/uploads\/2018\/12\/bo-do-choi-ghep-hat-nhua-Creative-Mosaic-cho-be-5.jpg\" alt=\"B\u00e1n bu\u00f4n B\u1ed9 \u0111\u1ed3 ch\u01a1i gh\u00e9p h\u1ea1t nh\u1ef1a Creative Mosaic cho b\u00e9\" width=\"600\" height=\"600\" srcset=\"https:\/\/renren.vn\/w\/bachhoa12011\/wp-content\/uploads\/2018\/12\/bo-do-choi-ghep-hat-nhua-Creative-Mosaic-cho-be-5.jpg 600w, https:\/\/renren.vn\/w\/bachhoa12011\/wp-content\/uploads\/2018\/12\/bo-do-choi-ghep-hat-nhua-Creative-Mosaic-cho-be-5-510x510.jpg 510w, https:\/\/renren.vn\/w\/bachhoa12011\/wp-content\/uploads\/2018\/12\/bo-do-choi-ghep-hat-nhua-Creative-Mosaic-cho-be-5-150x150.jpg 150w, https:\/\/renren.vn\/w\/bachhoa12011\/wp-content\/uploads\/2018\/12\/bo-do-choi-ghep-hat-nhua-Creative-Mosaic-cho-be-5-300x300.jpg 300w, https:\/\/renren.vn\/w\/bachhoa12011\/wp-content\/uploads\/2018\/12\/bo-do-choi-ghep-hat-nhua-Creative-Mosaic-cho-be-5-100x100.jpg 100w\" sizes=\"(max-width: 600px) 100vw, 600px\" \/><\/a><\/p>\n<p>Xem th\u00eam : <a href=\"http:\/\/shop2.khowebseotop.vn\/do-cho-me-va-be\/do-choi-cho-be\/\">\u0110\u1ed3 ch\u01a1i cho b\u00e9<\/a><\/p>\n","protected":false},"excerpt":{"rendered":"<ul>\n<li>H\u00ecnh gh\u00e9p nhi\u1ec1u m\u00e0u s\u1eafc k\u00edch th\u00edch tr\u00ed s\u00e1ng t\u1ea1o v\u00e0 kh\u1ea3 n\u0103ng t\u01b0\u1edfng t\u01b0\u1ee3ng phong ph\u00fa c\u1ee7a tr\u1ebb.<\/li>\n<li>B\u00e9 tha h\u1ed3 gh\u00e9p v\u00e0 x\u1ebfp c\u00e1c n\u00fat h\u00ecnh c\u00e2y n\u1eafm th\u00e0nh nhi\u1ec1u h\u00ecnh th\u00f9 kh\u00e1c nhau t\u00f9y tr\u00ed t\u01b0\u1edfng t\u01b0\u1ee3ng c\u1ee7a b\u00e9.<\/li>\n<li>N\u00fat h\u00ecnh c\u00e2y n\u1ea5m c\u00f3 3 k\u00edch th\u01b0\u1edbc v\u00e0 m\u00e0u s\u1eafc s\u1eb7c s\u1ee1.<\/li>\n<li>C\u00f3 k\u00e8m m\u1ed9t t\u1edd g\u1ee3i \u00fd c\u00e1c h\u00ecnh gi\u00fap b\u00e9 d\u1ec5 t\u01b0\u1edfng t\u01b0\u1ee3ng \u0111\u1ec3 gh\u00e9p.<\/li>\n<\/ul>\n","protected":false},"featured_media":1356,"comment_status":"open","ping_status":"closed","template":"","meta":[],"_links":{"self":[{"href":"https:\/\/renren.vn\/w\/bachhoa12011\/wp-json\/wp\/v2\/product\/1455"}],"collection":[{"href":"https:\/\/renren.vn\/w\/bachhoa12011\/wp-json\/wp\/v2\/product"}],"about":[{"href":"https:\/\/renren.vn\/w\/bachhoa12011\/wp-json\/wp\/v2\/types\/product"}],"replies":[{"embeddable":true,"href":"https:\/\/renren.vn\/w\/bachhoa12011\/wp-json\/wp\/v2\/comments?post=1455"}],"wp:featuredmedia":[{"embeddable":true,"href":"https:\/\/renren.vn\/w\/bachhoa12011\/wp-json\/wp\/v2\/media\/1356"}],"wp:attachment":[{"href":"https:\/\/renren.vn\/w\/bachhoa12011\/wp-json\/wp\/v2\/media?parent=1455"}],"curies":[{"name":"wp","href":"https:\/\/api.w.org\/{rel}","templated":true}]}}