{"id":1454,"date":"2018-12-07T10:22:52","date_gmt":"2018-12-07T03:22:52","guid":{"rendered":"http:\/\/shop2.khowebseotop.vn\/?post_type=product&#038;p=1454"},"modified":"2018-12-07T10:22:52","modified_gmt":"2018-12-07T03:22:52","slug":"dan-organ-dien-tu-co-mic-cho-be","status":"publish","type":"product","link":"https:\/\/renren.vn\/w\/bachhoa12011\/san-pham\/dan-organ-dien-tu-co-mic-cho-be\/","title":{"rendered":"\u0110\u00e0n organ \u0111i\u1ec7n t\u1eed c\u00f3 mic cho b\u00e9"},"content":{"rendered":"<h2>\u0110\u00e0n organ \u0111i\u1ec7n t\u1eed c\u00f3 mic cho b\u00e9<\/h2>\n<p>Ngay t\u1eeb nh\u1ecf, b\u00e9 \u0111\u00e3 th\u00edch v\u00e0 h\u1ecdc c\u00e1ch l\u00e0m quen v\u1edbi \u00e2m nh\u1ea1c. Vi\u1ec7c cho b\u00e9 s\u1edbm ti\u1ebfp x\u00fac v\u00e0 ch\u01a1i c\u00e1c d\u1ee5ng c\u1ee5 \u00e2m nh\u1ea1c nh\u01b0 \u0111\u00e0n, tr\u1ed1ng, s\u00e1o,.. l\u00e0 m\u1ed9t \u0111i\u1ec1u c\u1ea7n thi\u1ebft trong vi\u1ec7c ph\u00e1t tri\u1ec3n n\u0103ng khi\u1ebfu ngh\u1ec7 thu\u1eadt c\u0169ng nh\u01b0 t\u01b0 duy ng\u00f4n ng\u1eef c\u1ee7a b\u00e9. Vua ti\u1ec7n \u00edch xin gi\u1edbi thi\u1ec7u \u0111\u1ebfn b\u1ea1n <em><strong>\u0111\u00e0n organ \u0111i\u1ec7n t\u1eed c\u00f3 mic<\/strong><\/em> , h\u1ed7 tr\u1ee3 cho b\u00e9 trong b\u01b0\u1edbc \u0111\u1ea7u h\u1ecdc \u0111\u00e0n, th\u00edch \u1ee9ng v\u1edbi \u00e2m nh\u1ea1c.<\/p>\n<p><a href=\"http:\/\/shop2.khowebseotop.vn\/wp-content\/uploads\/2018\/12\/dan-organ-dien-tu-co-mic-cho-be-1.jpg\"><img loading=\"lazy\" class=\"alignnone size-full wp-image-1371\" src=\"http:\/\/shop2.khowebseotop.vn\/wp-content\/uploads\/2018\/12\/dan-organ-dien-tu-co-mic-cho-be-1.jpg\" alt=\"\u0110\u00e0n organ \u0111i\u1ec7n t\u1eed c\u00f3 mic cho b\u00e9\" width=\"600\" height=\"600\" srcset=\"https:\/\/renren.vn\/w\/bachhoa12011\/wp-content\/uploads\/2018\/12\/dan-organ-dien-tu-co-mic-cho-be-1.jpg 600w, https:\/\/renren.vn\/w\/bachhoa12011\/wp-content\/uploads\/2018\/12\/dan-organ-dien-tu-co-mic-cho-be-1-510x510.jpg 510w, https:\/\/renren.vn\/w\/bachhoa12011\/wp-content\/uploads\/2018\/12\/dan-organ-dien-tu-co-mic-cho-be-1-150x150.jpg 150w, https:\/\/renren.vn\/w\/bachhoa12011\/wp-content\/uploads\/2018\/12\/dan-organ-dien-tu-co-mic-cho-be-1-300x300.jpg 300w, https:\/\/renren.vn\/w\/bachhoa12011\/wp-content\/uploads\/2018\/12\/dan-organ-dien-tu-co-mic-cho-be-1-100x100.jpg 100w\" sizes=\"(max-width: 600px) 100vw, 600px\" \/><\/a><\/p>\n<p><strong>\u0110\u00e0n organ \u0111i\u1ec7n t\u1eed c\u00f3 micro<\/strong> cho b\u00e9 y\u00eau th\u1ecfa s\u1ee9c \u0111\u00e0n h\u00e1t v\u1edbi ki\u1ec3u d\u00e1ng phong c\u00e1ch chuy\u00ean nghi\u1ec7p, \u00e2m thanh s\u1ed1ng \u0111\u1ed9ng gi\u00fap c\u00e1c b\u00e9 y\u00eau nh\u00e0 b\u1ea1n ph\u00e1t tri\u1ec3n s\u1edbm v\u1ec1 n\u0103ng khi\u1ebfu v\u00e0 kh\u1ea3 n\u0103ng c\u1ea3m th\u1ee5 \u00e2m nh\u1ea1c ngay t\u1eeb nh\u1ecf. S\u1ea3n ph\u1ea9m l\u00e0 m\u1ed9t trong nh\u1eefng \u0111\u1ed3 ch\u01a1i \u0111ang \u0111\u01b0\u1ee3c \u01b0a chu\u1ed9ng nh\u1ea5t hi\u1ec7n nay.<\/p>\n<p><a href=\"http:\/\/shop2.khowebseotop.vn\/wp-content\/uploads\/2018\/12\/dan-organ-dien-tu-co-mic-cho-be-2.jpg\"><img loading=\"lazy\" class=\"alignnone size-full wp-image-1372\" src=\"http:\/\/shop2.khowebseotop.vn\/wp-content\/uploads\/2018\/12\/dan-organ-dien-tu-co-mic-cho-be-2.jpg\" alt=\"B\u00e1n s\u1ec9 \u0110\u00e0n organ \u0111i\u1ec7n t\u1eed c\u00f3 mic cho b\u00e9\" width=\"600\" height=\"600\" srcset=\"https:\/\/renren.vn\/w\/bachhoa12011\/wp-content\/uploads\/2018\/12\/dan-organ-dien-tu-co-mic-cho-be-2.jpg 600w, https:\/\/renren.vn\/w\/bachhoa12011\/wp-content\/uploads\/2018\/12\/dan-organ-dien-tu-co-mic-cho-be-2-510x510.jpg 510w, https:\/\/renren.vn\/w\/bachhoa12011\/wp-content\/uploads\/2018\/12\/dan-organ-dien-tu-co-mic-cho-be-2-150x150.jpg 150w, https:\/\/renren.vn\/w\/bachhoa12011\/wp-content\/uploads\/2018\/12\/dan-organ-dien-tu-co-mic-cho-be-2-300x300.jpg 300w, https:\/\/renren.vn\/w\/bachhoa12011\/wp-content\/uploads\/2018\/12\/dan-organ-dien-tu-co-mic-cho-be-2-100x100.jpg 100w\" sizes=\"(max-width: 600px) 100vw, 600px\" \/><\/a><\/p>\n<h3>\u0110\u1eb7c \u0111i\u1ec3m n\u1ed5i b\u1eadt c\u1ee7a \u0111\u00e0n organ \u0111i\u1ec7n t\u1eed c\u00f3 mic :<\/h3>\n<ul>\n<li>M\u00e0u s\u1eafc b\u1eaft m\u1eaft, h\u00ecnh trang tr\u00ed ng\u1ed9 ngh\u0129nh ph\u00f9 h\u1ee3p v\u1edbi l\u1ee9a tu\u1ed5i c\u1ee7a tr\u1ebb<\/li>\n<li>\u0110\u00e0n organ \u0111i\u1ec7n t\u1eed c\u00f3 mic cho b\u00e9 l\u00e0 d\u1ee5ng c\u1ee5 h\u1eefu \u00edch cho b\u00e9 trong nh\u1eefng ng\u00e0y \u0111\u1ea7u l\u00e0m quen v\u1edbi \u00e2m nh\u1ea1c ho\u1eb7c m\u1edbi h\u1ecdc \u0111\u00e0n organ.<\/li>\n<li>Ki\u1ec3u d\u00e1ng nh\u01b0 m\u1ed9t chi\u1ebfc \u0111\u00e0n th\u1eadt v\u1edbi 37 ph\u00edm \u0111\u00e0n v\u00e0 c\u00e1c ch\u1ebf \u0111\u1ed9 c\u00f3 s\u1eb5n trong m\u00e1y.<\/li>\n<li>C\u00f3 loa to, r\u00f5 r\u00e0ng, ch\u1ea5t l\u01b0\u1ee3ng \u00e2m thanh t\u1ed1t.<\/li>\n<li>C\u00f3 mic k\u00e8m theo gi\u00fap b\u00e9 v\u1eeba \u0111\u00e0n v\u1eeba h\u00e1t.<\/li>\n<li>K\u00edch th\u01b0\u1edbc nh\u1ecf g\u1ecdn, cho b\u00e9 d\u1ec5 d\u00e0ng mang theo s\u1eed d\u1ee5ng m\u1ecdi l\u00fac m\u1ecdi n\u01a1i.<\/li>\n<li>C\u00e1c ph\u00edm \u0111\u00e0n \u0111\u01b0\u1ee3c thi\u1ebft k\u1ebf gi\u1ed1ng h\u1ec7t nh\u01b0 m\u1ed9t chi\u1ebfc Organ th\u1eadt.<\/li>\n<\/ul>\n<p><a href=\"http:\/\/shop2.khowebseotop.vn\/wp-content\/uploads\/2018\/12\/dan-organ-dien-tu-co-mic-cho-be-3.jpg\"><img loading=\"lazy\" class=\"alignnone size-full wp-image-1373\" src=\"http:\/\/shop2.khowebseotop.vn\/wp-content\/uploads\/2018\/12\/dan-organ-dien-tu-co-mic-cho-be-3.jpg\" alt=\"B\u00e1n s\u1ec9 \u0110\u00e0n organ \u0111i\u1ec7n t\u1eed c\u00f3 mic cho b\u00e9\" width=\"600\" height=\"600\" srcset=\"https:\/\/renren.vn\/w\/bachhoa12011\/wp-content\/uploads\/2018\/12\/dan-organ-dien-tu-co-mic-cho-be-3.jpg 600w, https:\/\/renren.vn\/w\/bachhoa12011\/wp-content\/uploads\/2018\/12\/dan-organ-dien-tu-co-mic-cho-be-3-510x510.jpg 510w, https:\/\/renren.vn\/w\/bachhoa12011\/wp-content\/uploads\/2018\/12\/dan-organ-dien-tu-co-mic-cho-be-3-150x150.jpg 150w, https:\/\/renren.vn\/w\/bachhoa12011\/wp-content\/uploads\/2018\/12\/dan-organ-dien-tu-co-mic-cho-be-3-300x300.jpg 300w, https:\/\/renren.vn\/w\/bachhoa12011\/wp-content\/uploads\/2018\/12\/dan-organ-dien-tu-co-mic-cho-be-3-100x100.jpg 100w\" sizes=\"(max-width: 600px) 100vw, 600px\" \/><\/a><\/p>\n<p><strong>Th\u00f4ng tin s\u1ea3n ph\u1ea9m :<\/strong><\/p>\n<p>\u2013 G\u1ed3m: 1 \u0111\u00e0n, 1 micro<br \/>\n\u2013 K\u00edch th\u01b0\u1edbc: 43 x 16 x 5 cm<br \/>\n\u2013 \u0110\u00e0n s\u1eed d\u1ee5ng 4 pin AA (s\u1ea3n ph\u1ea9m kh\u00f4ng bao g\u1ed3m pin)<br \/>\n\u2013 Ch\u1ea5t li\u1ec7u: nh\u1ef1a<br \/>\n\u2013 M\u00e0u s\u1eafc: xanh ,h\u1ed3ng<\/p>\n<p><a href=\"http:\/\/shop2.khowebseotop.vn\/wp-content\/uploads\/2018\/12\/dan-organ-dien-tu-co-mic-cho-be-4.jpg\"><img loading=\"lazy\" class=\"alignnone size-full wp-image-1374\" src=\"http:\/\/shop2.khowebseotop.vn\/wp-content\/uploads\/2018\/12\/dan-organ-dien-tu-co-mic-cho-be-4.jpg\" alt=\"B\u00e1n bu\u00f4n \u0110\u00e0n organ \u0111i\u1ec7n t\u1eed c\u00f3 mic cho b\u00e9\" width=\"600\" height=\"600\" srcset=\"https:\/\/renren.vn\/w\/bachhoa12011\/wp-content\/uploads\/2018\/12\/dan-organ-dien-tu-co-mic-cho-be-4.jpg 600w, https:\/\/renren.vn\/w\/bachhoa12011\/wp-content\/uploads\/2018\/12\/dan-organ-dien-tu-co-mic-cho-be-4-510x510.jpg 510w, https:\/\/renren.vn\/w\/bachhoa12011\/wp-content\/uploads\/2018\/12\/dan-organ-dien-tu-co-mic-cho-be-4-150x150.jpg 150w, https:\/\/renren.vn\/w\/bachhoa12011\/wp-content\/uploads\/2018\/12\/dan-organ-dien-tu-co-mic-cho-be-4-300x300.jpg 300w, https:\/\/renren.vn\/w\/bachhoa12011\/wp-content\/uploads\/2018\/12\/dan-organ-dien-tu-co-mic-cho-be-4-100x100.jpg 100w\" sizes=\"(max-width: 600px) 100vw, 600px\" \/><\/a><\/p>\n<p><a href=\"http:\/\/shop2.khowebseotop.vn\/wp-content\/uploads\/2018\/12\/dan-organ-dien-tu-co-mic-cho-be-5.jpg\"><img loading=\"lazy\" class=\"alignnone size-full wp-image-1375\" src=\"http:\/\/shop2.khowebseotop.vn\/wp-content\/uploads\/2018\/12\/dan-organ-dien-tu-co-mic-cho-be-5.jpg\" alt=\"B\u00e1n bu\u00f4n \u0110\u00e0n organ \u0111i\u1ec7n t\u1eed c\u00f3 mic cho b\u00e9\" width=\"600\" height=\"600\" srcset=\"https:\/\/renren.vn\/w\/bachhoa12011\/wp-content\/uploads\/2018\/12\/dan-organ-dien-tu-co-mic-cho-be-5.jpg 600w, https:\/\/renren.vn\/w\/bachhoa12011\/wp-content\/uploads\/2018\/12\/dan-organ-dien-tu-co-mic-cho-be-5-510x510.jpg 510w, https:\/\/renren.vn\/w\/bachhoa12011\/wp-content\/uploads\/2018\/12\/dan-organ-dien-tu-co-mic-cho-be-5-150x150.jpg 150w, https:\/\/renren.vn\/w\/bachhoa12011\/wp-content\/uploads\/2018\/12\/dan-organ-dien-tu-co-mic-cho-be-5-300x300.jpg 300w, https:\/\/renren.vn\/w\/bachhoa12011\/wp-content\/uploads\/2018\/12\/dan-organ-dien-tu-co-mic-cho-be-5-100x100.jpg 100w\" sizes=\"(max-width: 600px) 100vw, 600px\" \/><\/a><\/p>\n<p>\u0110\u1ec3 s\u1edf h\u1eefu ngay s\u1ea3n ph\u1ea9m tuy\u1ec7t v\u1eddi n\u00e0y b\u1ea1n h\u00e3y li\u00ean h\u1ec7 ngay v\u1edbi ch\u00fang t\u00f4i \u0111\u1ec3 nh\u1eadn \u0111\u01b0\u1ee3c nhi\u1ec1u \u01b0u \u0111\u00e3i h\u1ea5p d\u1eabn nh\u00e9 !<\/p>\n<p>Xem th\u00eam : <a href=\"http:\/\/shop2.khowebseotop.vn\/do-cho-me-va-be\/do-choi-cho-be\/\">\u0110\u1ed3 ch\u01a1i cho b\u00e9<\/a><\/p>\n","protected":false},"excerpt":{"rendered":"<ul>\n<li>M\u00e0u s\u1eafc b\u1eaft m\u1eaft, h\u00ecnh trang tr\u00ed ng\u1ed9 ngh\u0129nh ph\u00f9 h\u1ee3p v\u1edbi l\u1ee9a tu\u1ed5i c\u1ee7a tr\u1ebb<\/li>\n<li>\u0110\u00e0n organ \u0111i\u1ec7n t\u1eed c\u00f3 mic cho b\u00e9 l\u00e0 d\u1ee5ng c\u1ee5 h\u1eefu \u00edch cho b\u00e9 trong nh\u1eefng ng\u00e0y \u0111\u1ea7u l\u00e0m quen v\u1edbi \u00e2m nh\u1ea1c ho\u1eb7c m\u1edbi h\u1ecdc \u0111\u00e0n organ.<\/li>\n<li>Ki\u1ec3u d\u00e1ng nh\u01b0 m\u1ed9t chi\u1ebfc \u0111\u00e0n th\u1eadt v\u1edbi 37 ph\u00edm \u0111\u00e0n v\u00e0 c\u00e1c ch\u1ebf \u0111\u1ed9 c\u00f3 s\u1eb5n trong m\u00e1y.<\/li>\n<li>C\u00f3 loa to, r\u00f5 r\u00e0ng, ch\u1ea5t l\u01b0\u1ee3ng \u00e2m thanh t\u1ed1t.<\/li>\n<li>C\u00f3 mic k\u00e8m theo gi\u00fap b\u00e9 v\u1eeba \u0111\u00e0n v\u1eeba h\u00e1t.<\/li>\n<\/ul>\n","protected":false},"featured_media":1371,"comment_status":"open","ping_status":"closed","template":"","meta":[],"_links":{"self":[{"href":"https:\/\/renren.vn\/w\/bachhoa12011\/wp-json\/wp\/v2\/product\/1454"}],"collection":[{"href":"https:\/\/renren.vn\/w\/bachhoa12011\/wp-json\/wp\/v2\/product"}],"about":[{"href":"https:\/\/renren.vn\/w\/bachhoa12011\/wp-json\/wp\/v2\/types\/product"}],"replies":[{"embeddable":true,"href":"https:\/\/renren.vn\/w\/bachhoa12011\/wp-json\/wp\/v2\/comments?post=1454"}],"wp:featuredmedia":[{"embeddable":true,"href":"https:\/\/renren.vn\/w\/bachhoa12011\/wp-json\/wp\/v2\/media\/1371"}],"wp:attachment":[{"href":"https:\/\/renren.vn\/w\/bachhoa12011\/wp-json\/wp\/v2\/media?parent=1454"}],"curies":[{"name":"wp","href":"https:\/\/api.w.org\/{rel}","templated":true}]}}