{"id":1447,"date":"2018-12-07T10:15:21","date_gmt":"2018-12-07T03:15:21","guid":{"rendered":"http:\/\/shop2.khowebseotop.vn\/?post_type=product&#038;p=1447"},"modified":"2018-12-07T10:15:21","modified_gmt":"2018-12-07T03:15:21","slug":"bo-be-khuon-cat-nan-cho-be-thoa-suc-sang-tao","status":"publish","type":"product","link":"https:\/\/renren.vn\/w\/bachhoa12011\/san-pham\/bo-be-khuon-cat-nan-cho-be-thoa-suc-sang-tao\/","title":{"rendered":"B\u1ed9 b\u1ec3 khu\u00f4n c\u00e1t n\u1eb7n cho b\u00e9 th\u1ecfa s\u1ee9c s\u00e1ng t\u1ea1o"},"content":{"rendered":"<h2>B\u1ed9 b\u1ec3 khu\u00f4n c\u00e1t n\u1eb7n cho b\u00e9 th\u1ecfa s\u1ee9c s\u00e1ng t\u1ea1o<\/h2>\n<p><strong>B\u1ed9 \u0111\u1ec3 khu\u00f4n c\u00e1t n\u1eb7n cho b\u00e9<\/strong> s\u1ebd l\u00e0 m\u1ed9t kh\u00f4ng gian c\u1ed5 t\u00edch cho b\u00e9 v\u1edbi c\u00e1t n\u1eb7n si\u00eau m\u1ecbn, si\u00eau nh\u1eb9. B\u1ed9 b\u1ec3 bao g\u1ed3m 1 b\u1ec3, 30 chi ti\u1ebft k\u00e8m b\u01a1m v\u00e0 1.5kg gi\u00fap b\u00e9 c\u00f3 th\u1ec3 n\u1eb7n th\u00e0nh nh\u1eefng chi ti\u1ebft \u0111\u1ed9c \u0111\u00e1o nh\u01b0 l\u00e2u \u0111\u00e0i, c\u00e1c h\u00ecnh con v\u1eadt, t\u1eeb \u0111\u00f3 ph\u00e1t tri\u1ec3n tr\u00ed th\u00f4ng minh, s\u00e1ng t\u1ea1o c\u1ee7a tr\u1ebb.<\/p>\n<p><a href=\"http:\/\/shop2.khowebseotop.vn\/wp-content\/uploads\/2018\/12\/Bo-be-khuon-cat-nan-cho-be-1.jpg\"><img loading=\"lazy\" class=\"alignnone size-full wp-image-1351\" src=\"http:\/\/shop2.khowebseotop.vn\/wp-content\/uploads\/2018\/12\/Bo-be-khuon-cat-nan-cho-be-1.jpg\" alt=\"B\u1ed9 b\u1ec3 khu\u00f4n c\u00e1t n\u1eb7n cho b\u00e9 th\u1ecfa s\u1ee9c s\u00e1ng t\u1ea1o\" width=\"600\" height=\"539\" srcset=\"https:\/\/renren.vn\/w\/bachhoa12011\/wp-content\/uploads\/2018\/12\/Bo-be-khuon-cat-nan-cho-be-1.jpg 600w, https:\/\/renren.vn\/w\/bachhoa12011\/wp-content\/uploads\/2018\/12\/Bo-be-khuon-cat-nan-cho-be-1-510x458.jpg 510w, https:\/\/renren.vn\/w\/bachhoa12011\/wp-content\/uploads\/2018\/12\/Bo-be-khuon-cat-nan-cho-be-1-300x270.jpg 300w\" sizes=\"(max-width: 600px) 100vw, 600px\" \/><\/a><\/p>\n<p>Qu\u00e1 tr\u00ecnh ch\u01a1i gi\u00fap k\u00edch th\u00edch gi\u00e1c quan, t\u0103ng c\u01b0\u1eddng c\u00e1c c\u1ea3m gi\u00e1c, s\u00e1ng t\u1ea1o v\u00e0 linh ho\u1ea1t c\u1ee7a tr\u1ebb. V\u1edbi c\u00e1t n\u1eb7n si\u00eau m\u1ecbn, nh\u1eb9 tr\u1ebb s\u1ebd v\u00f4 c\u00f9ng th\u00edch th\u00fa ch\u01a1i, th\u1ecfa s\u1ee9c s\u00e1ng t\u1ea1o, s\u1ea3n ph\u1ea9m an to\u00e0n cho b\u00e9 n\u00ean c\u00e1c m\u1eb9 c\u00f3 th\u1ec3 y\u00ean t\u00e2m cho b\u00e9 s\u1eed d\u1ee5ng<\/p>\n<p><a href=\"http:\/\/shop2.khowebseotop.vn\/wp-content\/uploads\/2018\/12\/Bo-be-khuon-cat-nan-cho-be-2.jpg\"><img loading=\"lazy\" class=\"alignnone size-full wp-image-1352\" src=\"http:\/\/shop2.khowebseotop.vn\/wp-content\/uploads\/2018\/12\/Bo-be-khuon-cat-nan-cho-be-2.jpg\" alt=\"B\u00e1n s\u1ec9 B\u1ed9 b\u1ec3 khu\u00f4n c\u00e1t n\u1eb7n cho b\u00e9 th\u1ecfa s\u1ee9c s\u00e1ng t\u1ea1o\" width=\"600\" height=\"473\" srcset=\"https:\/\/renren.vn\/w\/bachhoa12011\/wp-content\/uploads\/2018\/12\/Bo-be-khuon-cat-nan-cho-be-2.jpg 600w, https:\/\/renren.vn\/w\/bachhoa12011\/wp-content\/uploads\/2018\/12\/Bo-be-khuon-cat-nan-cho-be-2-510x402.jpg 510w, https:\/\/renren.vn\/w\/bachhoa12011\/wp-content\/uploads\/2018\/12\/Bo-be-khuon-cat-nan-cho-be-2-300x237.jpg 300w\" sizes=\"(max-width: 600px) 100vw, 600px\" \/><\/a><\/p>\n<h3>\u0110\u1eb7c \u0111i\u1ec3m n\u1ed5i b\u1eadt c\u1ee7a b\u1ed9 b\u1ec3 khu\u00f4n c\u00e1t n\u1eb7n :<\/h3>\n<ul>\n<li>B\u1ed9 \u0111\u1ed3 ch\u01a1i g\u1ed3m: C\u00e1c khu\u00f4n n\u1eb7n h\u00ecnh sinh v\u1eadt bi\u1ec3n, l\u00e2u \u0111\u00e0i, hoa, \u00f4 t\u00f4,.. + x\u1ebbng x\u00fac, \u0111\u1ed3 c\u1eaft \u0111\u1ea5t n\u1eb7n, \u1ed1ng b\u01a1m h\u01a1i v\u00e0 \u0111\u00e1t n\u1eb7n.<\/li>\n<li>Thi\u1ebft k\u1ebf c\u00e1t n\u1eb7n si\u00eau nh\u1eb9, m\u1ecbn, t\u1ea1o kh\u00f4ng gian ch\u01a1i v\u00f4 c\u00f9ng s\u1ea1ch s\u1ebd, an to\u00e0n m\u00e0 v\u1eabn kh\u00f4ng k\u00e9m ph\u1ea7n th\u00fa v\u1ecb v\u00e0 l\u00f4i cu\u1ed1n.<\/li>\n<li>Gi\u00fap b\u00e9 t\u1ef1 s\u00e1ng t\u1ea1o th\u00eam nhi\u1ec1u m\u00f4 h\u00ecnh, nh\u1eefng chi ti\u1ebft ki\u1ebfn tr\u00fac l\u00e2u \u0111\u00e0i \u0111\u1ed9c \u0111\u00e1o b\u1eb1ng c\u00e1t n\u1eb7n t\u1eeb tr\u00ed t\u01b0\u1edfng t\u01b0\u1edfng c\u1ee7a b\u00e9.<\/li>\n<li>K\u00edch th\u00edch c\u00e1c gi\u00e1c quan, gi\u00fap t\u0103ng c\u01b0\u1eddng nh\u1eadn th\u1ee9c c\u1ea3m gi\u00e1c, k\u1ef9 n\u0103ng v\u1eadn \u0111\u1ed9ng v\u00e0 t\u1ef1 do s\u00e1ng t\u1ea1o.<\/li>\n<li>\u0110\u1ef1ng trong h\u1ed9p g\u1ecdn nh\u1eb9 c\u00f3 quai x\u00e1ch ti\u1ec7n d\u1ee5ng.<\/li>\n<li>C\u00f3 nhi\u1ec1u m\u00e0u c\u00e1t cho m\u1eb9 v\u00e0 b\u00e9 l\u1ef1a ch\u1ecdn: Xanh d\u01b0\u01a1ng, t\u00edm, xanh n\u00f5n chu\u1ed1i, cam.<\/li>\n<\/ul>\n<p><a href=\"http:\/\/shop2.khowebseotop.vn\/wp-content\/uploads\/2018\/12\/Bo-be-khuon-cat-nan-cho-be-3.jpg\"><img loading=\"lazy\" class=\"alignnone size-full wp-image-1353\" src=\"http:\/\/shop2.khowebseotop.vn\/wp-content\/uploads\/2018\/12\/Bo-be-khuon-cat-nan-cho-be-3.jpg\" alt=\"B\u00e1n s\u1ec9 B\u1ed9 b\u1ec3 khu\u00f4n c\u00e1t n\u1eb7n cho b\u00e9 th\u1ecfa s\u1ee9c s\u00e1ng t\u1ea1o\" width=\"600\" height=\"600\" srcset=\"https:\/\/renren.vn\/w\/bachhoa12011\/wp-content\/uploads\/2018\/12\/Bo-be-khuon-cat-nan-cho-be-3.jpg 600w, https:\/\/renren.vn\/w\/bachhoa12011\/wp-content\/uploads\/2018\/12\/Bo-be-khuon-cat-nan-cho-be-3-510x510.jpg 510w, https:\/\/renren.vn\/w\/bachhoa12011\/wp-content\/uploads\/2018\/12\/Bo-be-khuon-cat-nan-cho-be-3-150x150.jpg 150w, https:\/\/renren.vn\/w\/bachhoa12011\/wp-content\/uploads\/2018\/12\/Bo-be-khuon-cat-nan-cho-be-3-300x300.jpg 300w, https:\/\/renren.vn\/w\/bachhoa12011\/wp-content\/uploads\/2018\/12\/Bo-be-khuon-cat-nan-cho-be-3-100x100.jpg 100w\" sizes=\"(max-width: 600px) 100vw, 600px\" \/><\/a><\/p>\n<p><strong>Th\u00f4ng tin s\u1ea3n ph\u1ea9m :<\/strong><\/p>\n<p>\u2013 K\u00edch th\u01b0\u1edbc: 25 x 22 x 17cm<br \/>\n\u2013 Ch\u1ea5t li\u1ec7u: C\u00e1t vi sinh t\u1ef1 nhi\u00ean 98%<br \/>\n\u2013 M\u00e0u s\u1eafc: m\u00e0u c\u00e1t t\u1ef1 nhi\u00ean<\/p>\n<p><a href=\"http:\/\/shop2.khowebseotop.vn\/wp-content\/uploads\/2018\/12\/Bo-be-khuon-cat-nan-cho-be-4.jpg\"><img loading=\"lazy\" class=\"alignnone size-full wp-image-1354\" src=\"http:\/\/shop2.khowebseotop.vn\/wp-content\/uploads\/2018\/12\/Bo-be-khuon-cat-nan-cho-be-4.jpg\" alt=\"B\u00e1n bu\u00f4n B\u1ed9 b\u1ec3 khu\u00f4n c\u00e1t n\u1eb7n cho b\u00e9 th\u1ecfa s\u1ee9c s\u00e1ng t\u1ea1o\" width=\"600\" height=\"600\" srcset=\"https:\/\/renren.vn\/w\/bachhoa12011\/wp-content\/uploads\/2018\/12\/Bo-be-khuon-cat-nan-cho-be-4.jpg 600w, https:\/\/renren.vn\/w\/bachhoa12011\/wp-content\/uploads\/2018\/12\/Bo-be-khuon-cat-nan-cho-be-4-510x510.jpg 510w, https:\/\/renren.vn\/w\/bachhoa12011\/wp-content\/uploads\/2018\/12\/Bo-be-khuon-cat-nan-cho-be-4-150x150.jpg 150w, https:\/\/renren.vn\/w\/bachhoa12011\/wp-content\/uploads\/2018\/12\/Bo-be-khuon-cat-nan-cho-be-4-300x300.jpg 300w, https:\/\/renren.vn\/w\/bachhoa12011\/wp-content\/uploads\/2018\/12\/Bo-be-khuon-cat-nan-cho-be-4-100x100.jpg 100w\" sizes=\"(max-width: 600px) 100vw, 600px\" \/><\/a><\/p>\n<p>S\u1ea3n ph\u1ea9m ph\u00f9 h\u1ee3p v\u1edbi b\u00e9 t\u1eeb 3 tu\u1ed5i tr\u1edf l\u00ean, ng\u01b0\u1eddi l\u1edbn c\u00f3 th\u1ec3 ch\u01a1i \u0111\u1ec3 gi\u1ea3m c\u0103ng th\u1eb3ng, stress, c\u00f3 th\u1ec3 ch\u01a1i c\u00f9ng con \u0111\u1ec3 g\u1ea7n g\u0169i v\u1edbi con h\u01a1n.<\/p>\n<p><a href=\"http:\/\/shop2.khowebseotop.vn\/wp-content\/uploads\/2018\/12\/Bo-be-khuon-cat-nan-cho-be-5.jpg\"><img loading=\"lazy\" class=\"alignnone size-full wp-image-1355\" src=\"http:\/\/shop2.khowebseotop.vn\/wp-content\/uploads\/2018\/12\/Bo-be-khuon-cat-nan-cho-be-5.jpg\" alt=\"B\u00e1n bu\u00f4n B\u1ed9 b\u1ec3 khu\u00f4n c\u00e1t n\u1eb7n cho b\u00e9 th\u1ecfa s\u1ee9c s\u00e1ng t\u1ea1o\" width=\"600\" height=\"800\" srcset=\"https:\/\/renren.vn\/w\/bachhoa12011\/wp-content\/uploads\/2018\/12\/Bo-be-khuon-cat-nan-cho-be-5.jpg 600w, https:\/\/renren.vn\/w\/bachhoa12011\/wp-content\/uploads\/2018\/12\/Bo-be-khuon-cat-nan-cho-be-5-510x680.jpg 510w, https:\/\/renren.vn\/w\/bachhoa12011\/wp-content\/uploads\/2018\/12\/Bo-be-khuon-cat-nan-cho-be-5-225x300.jpg 225w\" sizes=\"(max-width: 600px) 100vw, 600px\" \/><\/a><\/p>\n<p><strong>Xem th\u00eam : <a href=\"http:\/\/shop2.khowebseotop.vn\/do-cho-me-va-be\/do-choi-cho-be\/\">\u0110\u1ed3 ch\u01a1i cho b\u00e9<\/a><\/strong><\/p>\n","protected":false},"excerpt":{"rendered":"<ul>\n<li>B\u1ed9 \u0111\u1ed3 ch\u01a1i g\u1ed3m: C\u00e1c khu\u00f4n n\u1eb7n h\u00ecnh sinh v\u1eadt bi\u1ec3n, l\u00e2u \u0111\u00e0i, hoa, \u00f4 t\u00f4,.. + x\u1ebbng x\u00fac, \u0111\u1ed3 c\u1eaft \u0111\u1ea5t n\u1eb7n, \u1ed1ng b\u01a1m h\u01a1i v\u00e0 \u0111\u00e1t n\u1eb7n.<\/li>\n<li>Thi\u1ebft k\u1ebf c\u00e1t n\u1eb7n si\u00eau nh\u1eb9, m\u1ecbn, t\u1ea1o kh\u00f4ng gian ch\u01a1i v\u00f4 c\u00f9ng s\u1ea1ch s\u1ebd, an to\u00e0n m\u00e0 v\u1eabn kh\u00f4ng k\u00e9m ph\u1ea7n th\u00fa v\u1ecb v\u00e0 l\u00f4i cu\u1ed1n.<\/li>\n<li>Gi\u00fap b\u00e9 t\u1ef1 s\u00e1ng t\u1ea1o th\u00eam nhi\u1ec1u m\u00f4 h\u00ecnh, nh\u1eefng chi ti\u1ebft ki\u1ebfn tr\u00fac l\u00e2u \u0111\u00e0i \u0111\u1ed9c \u0111\u00e1o b\u1eb1ng c\u00e1t n\u1eb7n t\u1eeb tr\u00ed t\u01b0\u1edfng t\u01b0\u1edfng c\u1ee7a b\u00e9.<\/li>\n<li>K\u00edch th\u00edch c\u00e1c gi\u00e1c quan, gi\u00fap t\u0103ng c\u01b0\u1eddng nh\u1eadn th\u1ee9c c\u1ea3m gi\u00e1c, k\u1ef9 n\u0103ng v\u1eadn \u0111\u1ed9ng v\u00e0 t\u1ef1 do s\u00e1ng t\u1ea1o.<\/li>\n<\/ul>\n","protected":false},"featured_media":1353,"comment_status":"open","ping_status":"closed","template":"","meta":[],"_links":{"self":[{"href":"https:\/\/renren.vn\/w\/bachhoa12011\/wp-json\/wp\/v2\/product\/1447"}],"collection":[{"href":"https:\/\/renren.vn\/w\/bachhoa12011\/wp-json\/wp\/v2\/product"}],"about":[{"href":"https:\/\/renren.vn\/w\/bachhoa12011\/wp-json\/wp\/v2\/types\/product"}],"replies":[{"embeddable":true,"href":"https:\/\/renren.vn\/w\/bachhoa12011\/wp-json\/wp\/v2\/comments?post=1447"}],"wp:featuredmedia":[{"embeddable":true,"href":"https:\/\/renren.vn\/w\/bachhoa12011\/wp-json\/wp\/v2\/media\/1353"}],"wp:attachment":[{"href":"https:\/\/renren.vn\/w\/bachhoa12011\/wp-json\/wp\/v2\/media?parent=1447"}],"curies":[{"name":"wp","href":"https:\/\/api.w.org\/{rel}","templated":true}]}}