{"id":1445,"date":"2018-12-07T08:34:09","date_gmt":"2018-12-07T01:34:09","guid":{"rendered":"http:\/\/shop2.khowebseotop.vn\/?post_type=product&#038;p=1445"},"modified":"2018-12-07T08:34:09","modified_gmt":"2018-12-07T01:34:09","slug":"do-choi-be-phao-cau-ca-cho-be","status":"publish","type":"product","link":"https:\/\/renren.vn\/w\/bachhoa12011\/san-pham\/do-choi-be-phao-cau-ca-cho-be\/","title":{"rendered":"\u0110\u1ed3 ch\u01a1i b\u1ec3 phao c\u00e2u c\u00e1 cho b\u00e9"},"content":{"rendered":"<h2>\u0110\u1ed3 ch\u01a1i b\u1ec3 phao c\u00e2u c\u00e1 cho b\u00e9<\/h2>\n<p><strong>\u0110\u1ed3 ch\u01a1i b\u1ec3 phao c\u00e2u c\u00e1<\/strong> gi\u00fap c\u00e1c b\u00e9 c\u00f3 th\u1ec3 vui ch\u01a1i th\u1ecfa th\u00edch v\u1edbi chi\u1ebfc c\u1ea7n c\u00e2u v\u00e0 nh\u1eefng con c\u00e1, t\u00f4m, cua, m\u1ef1c\u2026 b\u1eb1ng nh\u1ef1a, r\u1ea5t an to\u00e0n m\u00e0 l\u1ea1i k\u00edch th\u00edch s\u1ef1 ph\u00e1t tri\u1ec3n cho b\u00e9 v\u1ec1 th\u1ec3 tr\u1ea1ng l\u1eabn tr\u00ed th\u00f4ng minh.<\/p>\n<p><a href=\"http:\/\/shop2.khowebseotop.vn\/wp-content\/uploads\/2018\/12\/be-phao-cau-ca-cho-be-gia-re-1.jpg\"><img loading=\"lazy\" class=\"alignnone size-full wp-image-1346\" src=\"http:\/\/shop2.khowebseotop.vn\/wp-content\/uploads\/2018\/12\/be-phao-cau-ca-cho-be-gia-re-1.jpg\" alt=\"\u0110\u1ed3 ch\u01a1i b\u1ec3 phao c\u00e2u c\u00e1 cho b\u00e9\" width=\"600\" height=\"258\" srcset=\"https:\/\/renren.vn\/w\/bachhoa12011\/wp-content\/uploads\/2018\/12\/be-phao-cau-ca-cho-be-gia-re-1.jpg 600w, https:\/\/renren.vn\/w\/bachhoa12011\/wp-content\/uploads\/2018\/12\/be-phao-cau-ca-cho-be-gia-re-1-510x219.jpg 510w, https:\/\/renren.vn\/w\/bachhoa12011\/wp-content\/uploads\/2018\/12\/be-phao-cau-ca-cho-be-gia-re-1-300x129.jpg 300w\" sizes=\"(max-width: 600px) 100vw, 600px\" \/><\/a><\/p>\n<p><strong>\u0110\u1ed3 ch\u01a1i b\u1ec3 phao c\u00e2u c\u00e1 cho b\u00e9<\/strong> \u0111\u01b0\u1ee3c l\u00e0m t\u1eeb ch\u1ea5t li\u1ec7u nh\u1ef1a cao c\u1ea5p, an to\u00e0n gi\u00fap b\u00e9 v\u1eeba ch\u01a1i v\u1eeba th\u1ecfa s\u1ee9c s\u00e1ng t\u1ea1o, r\u00e8n luy\u1ec7n s\u1ef1 kh\u00e9o l\u00e9o, \u00f3c quan s\u00e1t t\u1eeb nh\u1ecf. B\u1ed9 \u0110\u1ed3 Ch\u01a1i B\u1ec3 Phao C\u00e2u C\u00e1 T\u1ea1i Nh\u00e0 Cho B\u00e9 gi\u00fap b\u00e9 y\u00eau luy\u1ec7n t\u1eadp s\u1ef1 kh\u00e9o l\u00e9o c\u1ee7a \u0111\u00f4i tay, s\u1ef1 nh\u1ea1y b\u00e9n c\u1ee7a \u0111\u00f4i m\u1eaft v\u00e0 t\u0103ng cao t\u00ednh ki\u00ean tr\u00ec. B\u00e9 y\u00eau c\u00f3 th\u1ec3 tha h\u1ed3 v\u1eeba vui ch\u01a1i, v\u1eeba h\u1ecdc t\u1eadp.<\/p>\n<p><a href=\"http:\/\/shop2.khowebseotop.vn\/wp-content\/uploads\/2018\/12\/be-phao-cau-ca-cho-be-gia-re-5.jpg\"><img loading=\"lazy\" class=\"alignnone size-full wp-image-1350\" src=\"http:\/\/shop2.khowebseotop.vn\/wp-content\/uploads\/2018\/12\/be-phao-cau-ca-cho-be-gia-re-5.jpg\" alt=\"\u0110\u1ed3 ch\u01a1i b\u1ec3 phao c\u00e2u c\u00e1 cho b\u00e9\" width=\"600\" height=\"600\" srcset=\"https:\/\/renren.vn\/w\/bachhoa12011\/wp-content\/uploads\/2018\/12\/be-phao-cau-ca-cho-be-gia-re-5.jpg 600w, https:\/\/renren.vn\/w\/bachhoa12011\/wp-content\/uploads\/2018\/12\/be-phao-cau-ca-cho-be-gia-re-5-510x510.jpg 510w, https:\/\/renren.vn\/w\/bachhoa12011\/wp-content\/uploads\/2018\/12\/be-phao-cau-ca-cho-be-gia-re-5-150x150.jpg 150w, https:\/\/renren.vn\/w\/bachhoa12011\/wp-content\/uploads\/2018\/12\/be-phao-cau-ca-cho-be-gia-re-5-300x300.jpg 300w, https:\/\/renren.vn\/w\/bachhoa12011\/wp-content\/uploads\/2018\/12\/be-phao-cau-ca-cho-be-gia-re-5-100x100.jpg 100w\" sizes=\"(max-width: 600px) 100vw, 600px\" \/><\/a><\/p>\n<h3>\u0110i\u1ec3m n\u1ed5i b\u1eadt c\u1ee7a \u0110\u1ed3 ch\u01a1i b\u1ec3 phao c\u00e2u c\u00e1 cho b\u00e9<\/h3>\n<p>&#8211; \u0110\u1ed3 ch\u01a1i b\u1ec3 phao c\u00e2u c\u00e1 \u0111\u01b0\u1ee3c l\u00e0m t\u1eeb ch\u1ea5t li\u1ec7u nh\u1ef1a cao c\u1ea5p kh\u00f4ng ch\u1ee9a BPA \u2013 an to\u00e0n tuy\u1ec7t \u0111\u1ed1i cho b\u00e9 s\u1eed d\u1ee5ng. B\u00ean c\u1ea1nh \u0111\u00f3 c\u00f2n gi\u00fap s\u1ea3n ph\u1ea9m c\u00f3 \u0111\u1ed9 c\u1ee9ng c\u00e1p v\u00e0 \u0111\u1ed9 b\u1ec1n cao.<\/p>\n<p>&#8211; B\u1ed9 s\u1ea3n ph\u1ea9m bao g\u1ed3m: 1 b\u1ec3 phao, 1 b\u01a1m, 2 c\u1ea7n c\u00e2u, 2 v\u1ee3t, 1 con thuy\u1ec1n, 22 sinh v\u1eadt bi\u1ec3n c\u00e1c lo\u1ea1i v\u00e0 1 gi\u1ecf \u0111\u1ef1ng.<\/p>\n<p>&#8211; \u0110\u1ed3 ch\u01a1i c\u00e2u c\u00e1 kh\u00f4ng ch\u1ec9 gi\u00fap b\u00e9 gi\u1ea3i tr\u00ed m\u00e0 c\u00f2n mang t\u00ednh ch\u1ea5t gi\u00e1o d\u1ee5c. B\u00e9 c\u00f3 th\u1ec3 t\u00ecm hi\u1ec3u nhi\u1ec1u h\u01a1n v\u1ec1 c\u00e1c lo\u1ea1i sinh v\u1eadt bi\u1ec3n, luy\u1ec7n t\u1eadp c\u00e1ch c\u00e2u c\u00e1, s\u1ef1 kh\u00e9o l\u00e9o c\u1ee7a \u0111\u00f4i tay v\u00e0 s\u1ef1 nh\u1ea1y b\u00e9n quan s\u00e1t c\u1ee7a \u0111\u00f4i m\u1eaft.<\/p>\n<p>&#8211; B\u1ed9 \u0111\u1ed3 ch\u01a1i c\u00f3 thi\u1ebft k\u1ebf \u0111\u1eb9p m\u1eaft v\u1edbi nhi\u1ec1u m\u00e0u s\u1eafc s\u1ed1ng \u0111\u1ed9ng. Thu h\u00fat s\u1ef1 ch\u00fa \u00fd v\u00e0 k\u00edch th\u00edch s\u1ef1 h\u1ee9ng th\u00fa vui ch\u01a1i c\u1ee7a c\u00e1c b\u00e9.<\/p>\n<p><a href=\"http:\/\/shop2.khowebseotop.vn\/wp-content\/uploads\/2018\/12\/be-phao-cau-ca-cho-be-gia-re-3.jpg\"><img loading=\"lazy\" class=\"alignnone size-full wp-image-1348\" src=\"http:\/\/shop2.khowebseotop.vn\/wp-content\/uploads\/2018\/12\/be-phao-cau-ca-cho-be-gia-re-3.jpg\" alt=\"B\u00e1n bu\u00f4n \u0110\u1ed3 ch\u01a1i b\u1ec3 phao c\u00e2u c\u00e1 cho b\u00e9\" width=\"600\" height=\"600\" srcset=\"https:\/\/renren.vn\/w\/bachhoa12011\/wp-content\/uploads\/2018\/12\/be-phao-cau-ca-cho-be-gia-re-3.jpg 600w, https:\/\/renren.vn\/w\/bachhoa12011\/wp-content\/uploads\/2018\/12\/be-phao-cau-ca-cho-be-gia-re-3-510x510.jpg 510w, https:\/\/renren.vn\/w\/bachhoa12011\/wp-content\/uploads\/2018\/12\/be-phao-cau-ca-cho-be-gia-re-3-150x150.jpg 150w, https:\/\/renren.vn\/w\/bachhoa12011\/wp-content\/uploads\/2018\/12\/be-phao-cau-ca-cho-be-gia-re-3-300x300.jpg 300w, https:\/\/renren.vn\/w\/bachhoa12011\/wp-content\/uploads\/2018\/12\/be-phao-cau-ca-cho-be-gia-re-3-100x100.jpg 100w\" sizes=\"(max-width: 600px) 100vw, 600px\" \/><\/a><\/p>\n<p>&#8211; \u0110i k\u00e8m b\u01a1m tay c\u00f3 c\u00e1c lo\u1ea1i nh\u01b0 t\u00f4m, r\u00f9a, cua, \u1ed1c, s\u00f2, c\u00e1 nhi\u1ec1u m\u00e0u s\u1eafc. C\u00e1 \u0111\u01b0\u1ee3c l\u00e0m b\u1eb1ng nh\u1ef1a n\u00ean n\u00ean c\u00f3 \u0111\u1ed9 b\u1ec1n cao. Cho v\u00e0o n\u01b0\u1edbc nam ch\u00e2m kh\u00f4ng b\u1ecb g\u1ec9. C\u1ea7n c\u00e2u r\u00fat ng\u1eafn k\u00e9o d\u00e0i \u0111\u01b0\u1ee3c.<\/p>\n<p>&#8211; B\u1ec3 c\u00e2u c\u00e1 c\u00f3 b\u1ec3 b\u01a1m h\u01a1i \u0111\u1ee7 k\u00edch c\u1ee1 r\u1ea5t ti\u1ec7n lo\u1ea1i v\u00e0 c\u01a1 \u0111\u1ed9ng. D\u00f9ng xong c\u00f3 th\u1ec3 g\u1ea5p g\u1ecdn mang \u0111i \u0111\u00e2u t\u00f9y th\u00edch<\/p>\n<p>&#8211; Gi\u00fap tr\u1ebb r\u00e8n luy\u1ec7n s\u1ef1 nhanh nh\u1eb9n, kh\u00e9o l\u00e9o \u0111\u1ed3ng th\u1eddi r\u00e8n luy\u1ec7n tr\u00ed nh\u1edb, t\u01b0 duy logic, tinh th\u1ea7n l\u00e0m vi\u1ec7c theo nh\u00f3m.<\/p>\n<p>&#8211; Phao c\u00e2u c\u00e1 nh\u1ef1a, b\u1ec3 c\u00e2u c\u00e1 phao d\u00f9ng b\u01a1m h\u01a1i, nhi\u1ec1u c\u1ee1, nh\u1eb9, ti\u1ec7n l\u1ee3i, d\u00f9ng xong c\u00f3 th\u1ec3 g\u1ea5p g\u1ecdn, v\u1eadn chuy\u1ec3n d\u1ec5 d\u00e0ng ph\u00f9 h\u1ee3p gia \u0111\u00ecnh, khu vui ch\u01a1i di \u0111\u1ed9ng.<\/p>\n<p><a href=\"http:\/\/shop2.khowebseotop.vn\/wp-content\/uploads\/2018\/12\/be-phao-cau-ca-cho-be-gia-re-4.jpg\"><img loading=\"lazy\" class=\"alignnone size-full wp-image-1349\" src=\"http:\/\/shop2.khowebseotop.vn\/wp-content\/uploads\/2018\/12\/be-phao-cau-ca-cho-be-gia-re-4.jpg\" alt=\"B\u00e1n bu\u00f4n \u0110\u1ed3 ch\u01a1i b\u1ec3 phao c\u00e2u c\u00e1 cho b\u00e9\" width=\"600\" height=\"600\" srcset=\"https:\/\/renren.vn\/w\/bachhoa12011\/wp-content\/uploads\/2018\/12\/be-phao-cau-ca-cho-be-gia-re-4.jpg 600w, https:\/\/renren.vn\/w\/bachhoa12011\/wp-content\/uploads\/2018\/12\/be-phao-cau-ca-cho-be-gia-re-4-510x510.jpg 510w, https:\/\/renren.vn\/w\/bachhoa12011\/wp-content\/uploads\/2018\/12\/be-phao-cau-ca-cho-be-gia-re-4-150x150.jpg 150w, https:\/\/renren.vn\/w\/bachhoa12011\/wp-content\/uploads\/2018\/12\/be-phao-cau-ca-cho-be-gia-re-4-300x300.jpg 300w, https:\/\/renren.vn\/w\/bachhoa12011\/wp-content\/uploads\/2018\/12\/be-phao-cau-ca-cho-be-gia-re-4-100x100.jpg 100w\" sizes=\"(max-width: 600px) 100vw, 600px\" \/><\/a><\/p>\n<p><strong>Th\u00f4ng tin s\u1ea3n ph\u1ea9m :<\/strong><\/p>\n<p>\u2013 Ch\u1ea5t li\u1ec7u: Nh\u1ef1a<br \/>\n\u2013 K\u00edch th\u01b0\u1edbc gi\u1ecf: 25x17x12cm ( d\u00e0i x r\u1ed9ng x cao)<br \/>\n\u2013 Tr\u1ecdng l\u01b0\u1ee3ng t\u1ecbnh: 420g<br \/>\n\u2013 M\u00e0u s\u1eafc: \u0110a d\u1ea1ng, giao m\u00e0u ng\u1eabu nhi\u00ean<\/p>\n<p>V\u1edbi s\u1ea3n ph\u1ea9m n\u00e0y, c\u00e1c ph\u1ee5 huynh c\u0169ng c\u00f3 th\u00eam \u0111\u01b0\u1ee3c th\u1eddi gian r\u1ea3nh r\u1ed7i \u0111\u1ec3 l\u00e0m vi\u1ec7c nh\u00e0 kh\u00e1c, b\u1edfi n\u00f3 gi\u00fap b\u00e9 kh\u00f4ng qu\u1ea5y kh\u00f3c ngh\u1ecbch ng\u1ee3m linh tinh n\u1eefa.<\/p>\n<p>Xem th\u00eam : <a href=\"http:\/\/shop2.khowebseotop.vn\/do-cho-me-va-be\/do-choi-cho-be\/\">\u0110\u1ed3 ch\u01a1i cho b\u00e9<\/a><\/p>\n","protected":false},"excerpt":{"rendered":"<ul>\n<li>Gi\u00fap tr\u1ebb r\u00e8n luy\u1ec7n s\u1ef1 nhanh nh\u1eb9n, kh\u00e9o l\u00e9o \u0111\u1ed3ng th\u1eddi r\u00e8n luy\u1ec7n t\u00ednh ki\u00ean tr\u00ec c\u1ee7a b\u00e9 ngay t\u1eeb nh\u1ecf.<\/li>\n<li>B\u1ec3 c\u00e1 c\u00f3 th\u1ec3 b\u01a1m h\u01a1i v\u00e0 \u0111\u1ed5 n\u01b0\u1edbc cho b\u00e9 th\u1ecfa s\u1ee9c c\u00e2u c\u00e1.<\/li>\n<li>M\u1ed3i c\u1ea7n c\u00e2u g\u1eafn nam ch\u00e2m gi\u00fap b\u00e9 d\u1ec5 c\u00e2u c\u00e1.<\/li>\n<li>Sinh v\u1eadt bi\u1ec3n v\u1edbi nhi\u1ec1u lo\u1ea1i, m\u00e0u s\u1eafc phong ph\u00fa.<\/li>\n<li>Ch\u1ea5t li\u1ec7u PP kh\u00f4ng g\u00e2y h\u1ea1i cho s\u1ee9c kh\u1ecfe cho b\u00e9.<\/li>\n<\/ul>\n","protected":false},"featured_media":1350,"comment_status":"open","ping_status":"closed","template":"","meta":[],"_links":{"self":[{"href":"https:\/\/renren.vn\/w\/bachhoa12011\/wp-json\/wp\/v2\/product\/1445"}],"collection":[{"href":"https:\/\/renren.vn\/w\/bachhoa12011\/wp-json\/wp\/v2\/product"}],"about":[{"href":"https:\/\/renren.vn\/w\/bachhoa12011\/wp-json\/wp\/v2\/types\/product"}],"replies":[{"embeddable":true,"href":"https:\/\/renren.vn\/w\/bachhoa12011\/wp-json\/wp\/v2\/comments?post=1445"}],"wp:featuredmedia":[{"embeddable":true,"href":"https:\/\/renren.vn\/w\/bachhoa12011\/wp-json\/wp\/v2\/media\/1350"}],"wp:attachment":[{"href":"https:\/\/renren.vn\/w\/bachhoa12011\/wp-json\/wp\/v2\/media?parent=1445"}],"curies":[{"name":"wp","href":"https:\/\/api.w.org\/{rel}","templated":true}]}}