{"id":1444,"date":"2018-12-07T08:24:39","date_gmt":"2018-12-07T01:24:39","guid":{"rendered":"http:\/\/shop2.khowebseotop.vn\/?post_type=product&#038;p=1444"},"modified":"2018-12-07T08:24:39","modified_gmt":"2018-12-07T01:24:39","slug":"may-bay-dieu-khien-tu-xa-no-901-cho-be","status":"publish","type":"product","link":"https:\/\/renren.vn\/w\/bachhoa12011\/san-pham\/may-bay-dieu-khien-tu-xa-no-901-cho-be\/","title":{"rendered":"M\u00e1y bay \u0111i\u1ec1u khi\u1ec3n t\u1eeb xa No.901 cho b\u00e9"},"content":{"rendered":"<h2>M\u00e1y bay \u0111i\u1ec1u khi\u1ec3n t\u1eeb xa No.901 cho b\u00e9<\/h2>\n<p><strong>M\u00e1y bay \u0111i\u1ec1u khi\u1ec3n t\u1eeb xa No.901<\/strong> l\u00e0 s\u1ea3n ph\u1ea9m \u0111\u1ed3 ch\u01a1i gi\u00e1 r\u1ebb nh\u01b0ng r\u1ea5t \u0111\u01b0\u1ee3c \u01b0a chu\u1ed9ng t\u1ea1i c\u00e1c n\u01b0\u1edbc Ch\u00e2u \u00c2u nh\u01b0 Anh v\u00e0 T\u00e2y Ban Nha. V\u1edbi nh\u1eefng t\u00ednh n\u0103ng nh\u01b0 ch\u1ed1ng ch\u1ecbu va \u0111\u1eadp, th\u1eddi gian bay k\u00e9o d\u00e0i, No.901 ch\u00ednh l\u00e0 s\u1ea3n ph\u1ea9m m\u00e1y bay \u0111i\u1ec1u khi\u1ec3n t\u1eeb xa gi\u00e1 r\u1ebb t\u1ed1t nh\u1ea5t.<\/p>\n<p><a href=\"http:\/\/shop2.khowebseotop.vn\/wp-content\/uploads\/2018\/12\/may-bay-dieu-khien-tu-xa-901-cho-be-4.jpg\"><img loading=\"lazy\" class=\"alignnone size-full wp-image-1400\" src=\"http:\/\/shop2.khowebseotop.vn\/wp-content\/uploads\/2018\/12\/may-bay-dieu-khien-tu-xa-901-cho-be-4.jpg\" alt=\"M\u00e1y bay \u0111i\u1ec1u khi\u1ec3n t\u1eeb xa No.901 cho b\u00e9\" width=\"600\" height=\"600\" srcset=\"https:\/\/renren.vn\/w\/bachhoa12011\/wp-content\/uploads\/2018\/12\/may-bay-dieu-khien-tu-xa-901-cho-be-4.jpg 600w, https:\/\/renren.vn\/w\/bachhoa12011\/wp-content\/uploads\/2018\/12\/may-bay-dieu-khien-tu-xa-901-cho-be-4-510x510.jpg 510w, https:\/\/renren.vn\/w\/bachhoa12011\/wp-content\/uploads\/2018\/12\/may-bay-dieu-khien-tu-xa-901-cho-be-4-150x150.jpg 150w, https:\/\/renren.vn\/w\/bachhoa12011\/wp-content\/uploads\/2018\/12\/may-bay-dieu-khien-tu-xa-901-cho-be-4-300x300.jpg 300w, https:\/\/renren.vn\/w\/bachhoa12011\/wp-content\/uploads\/2018\/12\/may-bay-dieu-khien-tu-xa-901-cho-be-4-100x100.jpg 100w\" sizes=\"(max-width: 600px) 100vw, 600px\" \/><\/a><\/p>\n<p><strong>M\u00e1y bay \u0111i\u1ec1u khi\u1ec3n t\u1eeb xa No.901<\/strong> d\u00e0i 15cm, n\u1eb1m g\u1ecdn trong l\u00f2ng b\u00e0n tay, v\u1edbi h\u1ec7 th\u1ed1ng GYRO c\u00e2n b\u1eb1ng gi\u00fap b\u00e9 y\u00eau d\u1ec5 d\u00e0ng s\u1eed d\u1ee5ng. \u0110\u00e2y l\u00e0 m\u1ed9t m\u00e1y bay mini c\u00f3 h\u1ec7 c\u0103n b\u1eb1ng t\u1ef1 \u0111\u1ed9ng b\u1eb1ng Gyro c\u00f3 gi\u00e1 r\u1ebb nh\u1ea5t th\u1ebf gi\u1edbi hi\u1ec7n nay.<\/p>\n<p><a href=\"http:\/\/shop2.khowebseotop.vn\/wp-content\/uploads\/2018\/12\/may-bay-dieu-khien-tu-xa-901-cho-be-3.jpg\"><img loading=\"lazy\" class=\"alignnone size-full wp-image-1399\" src=\"http:\/\/shop2.khowebseotop.vn\/wp-content\/uploads\/2018\/12\/may-bay-dieu-khien-tu-xa-901-cho-be-3.jpg\" alt=\"B\u00e1n s\u1ec9 M\u00e1y bay \u0111i\u1ec1u khi\u1ec3n t\u1eeb xa No.901 cho b\u00e9\" width=\"600\" height=\"398\" srcset=\"https:\/\/renren.vn\/w\/bachhoa12011\/wp-content\/uploads\/2018\/12\/may-bay-dieu-khien-tu-xa-901-cho-be-3.jpg 600w, https:\/\/renren.vn\/w\/bachhoa12011\/wp-content\/uploads\/2018\/12\/may-bay-dieu-khien-tu-xa-901-cho-be-3-510x338.jpg 510w, https:\/\/renren.vn\/w\/bachhoa12011\/wp-content\/uploads\/2018\/12\/may-bay-dieu-khien-tu-xa-901-cho-be-3-300x199.jpg 300w\" sizes=\"(max-width: 600px) 100vw, 600px\" \/><\/a><\/p>\n<h3>\u0110\u1eb7c \u0111i\u1ec3m n\u1ed5i b\u1eadt c\u1ee7a m\u00e1y bay \u0111i\u1ec1u khi\u1ec3n t\u1eeb xa No.901 :<\/h3>\n<ul>\n<li>M\u00e1y bay mini \u0111i\u1ec1u khi\u1ec3n t\u1eeb xa sinh \u0111\u1ed9ng, l\u1ea1 m\u1eaft, cho b\u00e9 nh\u1eefng gi\u1edd vui ch\u01a1i \u0111\u1ea7y th\u00fa v\u1ecb.<\/li>\n<li>M\u00e1y bay \u0111i\u1ec1u khi\u1ec3n t\u1eeb xa No.901 c\u00f3 kh\u1ea3 n\u0103ng ch\u1ecbu va \u0111\u1eadp m\u1ea1nh, th\u1eddi gian s\u1eed d\u1ee5ng 5-7 ph\u00fat<\/li>\n<li>Thi\u1ebft k\u1ebf th\u00f4ng minh, s\u1ea1c pin tr\u1ef1c ti\u1ebfp cho m\u00e1y bay t\u1eeb gi\u1eafc c\u1eafm tr\u00ean b\u1ed9 \u0111i\u1ec1u khi\u1ec3n.<\/li>\n<li>Thi\u1ebft k\u1ebf 4 c\u00e1nh qu\u1ea1t, c\u00e1c thao t\u00e1c l\u1ed9n, xoay \u0111a d\u1ea1ng, nh\u1ecbp nh\u00e0ng.<\/li>\n<li>B\u1ea3ng \u0111i\u1ec1u khi\u1ec3n v\u1edbi c\u00e1c n\u00fat \u0111i\u1ec1u khi\u1ec3n d\u1ec5 d\u00e0ng, s\u1eed d\u1ee5ng 4 pin AA 1.5V (ch\u01b0a bao g\u1ed3m pin).<\/li>\n<li>Ch\u1ea5t li\u1ec7u nh\u1ef1a, th\u00edch h\u1ee3p cho b\u00e9 14 tu\u1ed5i tr\u1edf l\u00ean.<\/li>\n<\/ul>\n<p><a href=\"http:\/\/shop2.khowebseotop.vn\/wp-content\/uploads\/2018\/12\/may-bay-dieu-khien-tu-xa-901-cho-be-1.jpg\"><img loading=\"lazy\" class=\"alignnone size-full wp-image-1397\" src=\"http:\/\/shop2.khowebseotop.vn\/wp-content\/uploads\/2018\/12\/may-bay-dieu-khien-tu-xa-901-cho-be-1.jpg\" alt=\"B\u00e1n s\u1ec9 M\u00e1y bay \u0111i\u1ec1u khi\u1ec3n t\u1eeb xa No.901 cho b\u00e9\" width=\"600\" height=\"422\" srcset=\"https:\/\/renren.vn\/w\/bachhoa12011\/wp-content\/uploads\/2018\/12\/may-bay-dieu-khien-tu-xa-901-cho-be-1.jpg 600w, https:\/\/renren.vn\/w\/bachhoa12011\/wp-content\/uploads\/2018\/12\/may-bay-dieu-khien-tu-xa-901-cho-be-1-510x359.jpg 510w, https:\/\/renren.vn\/w\/bachhoa12011\/wp-content\/uploads\/2018\/12\/may-bay-dieu-khien-tu-xa-901-cho-be-1-300x211.jpg 300w\" sizes=\"(max-width: 600px) 100vw, 600px\" \/><\/a><\/p>\n<p><strong>Th\u00f4ng tin s\u1ea3n ph\u1ea9m :<\/strong><\/p>\n<p>\u2013 K\u00edch th\u01b0\u1edbc m\u00e1y bay: 15x3x9.5cm<br \/>\n\u2013 K\u00edch th\u01b0\u1edbc b\u1ed9 \u0111i\u1ec1u khi\u1ec3n : 17,5\u00d75.3\u00d720.5cm<br \/>\n\u2013 Tr\u1ecdng l\u01b0\u1ee3ng : 0,5 KG<br \/>\n\u2013 \u0110\u1ea1t ti\u00eau chu\u1ea9n : DC4806 19-2008<br \/>\n\u2013 V\u1eadt li\u1ec7u : Nh\u1ef1a ABS<br \/>\n\u2013 Ngu\u1ed3n \u0111i\u1ec7n : 4 Pin AAA<\/p>\n<p><a href=\"http:\/\/shop2.khowebseotop.vn\/wp-content\/uploads\/2018\/12\/may-bay-dieu-khien-tu-xa-901-cho-be-2.jpg\"><img loading=\"lazy\" class=\"alignnone size-full wp-image-1398\" src=\"http:\/\/shop2.khowebseotop.vn\/wp-content\/uploads\/2018\/12\/may-bay-dieu-khien-tu-xa-901-cho-be-2.jpg\" alt=\"B\u00e1n bu\u00f4n M\u00e1y bay \u0111i\u1ec1u khi\u1ec3n t\u1eeb xa No.901 cho b\u00e9\" width=\"600\" height=\"401\" srcset=\"https:\/\/renren.vn\/w\/bachhoa12011\/wp-content\/uploads\/2018\/12\/may-bay-dieu-khien-tu-xa-901-cho-be-2.jpg 600w, https:\/\/renren.vn\/w\/bachhoa12011\/wp-content\/uploads\/2018\/12\/may-bay-dieu-khien-tu-xa-901-cho-be-2-510x341.jpg 510w, https:\/\/renren.vn\/w\/bachhoa12011\/wp-content\/uploads\/2018\/12\/may-bay-dieu-khien-tu-xa-901-cho-be-2-300x201.jpg 300w\" sizes=\"(max-width: 600px) 100vw, 600px\" \/><\/a><\/p>\n<p><a href=\"http:\/\/shop2.khowebseotop.vn\/wp-content\/uploads\/2018\/12\/may-bay-dieu-khien-tu-xa-901-cho-be-5.jpg\"><img loading=\"lazy\" class=\"alignnone size-full wp-image-1401\" src=\"http:\/\/shop2.khowebseotop.vn\/wp-content\/uploads\/2018\/12\/may-bay-dieu-khien-tu-xa-901-cho-be-5.jpg\" alt=\"B\u00e1n bu\u00f4n M\u00e1y bay \u0111i\u1ec1u khi\u1ec3n t\u1eeb xa No.901 cho b\u00e9\" width=\"600\" height=\"450\" srcset=\"https:\/\/renren.vn\/w\/bachhoa12011\/wp-content\/uploads\/2018\/12\/may-bay-dieu-khien-tu-xa-901-cho-be-5.jpg 600w, https:\/\/renren.vn\/w\/bachhoa12011\/wp-content\/uploads\/2018\/12\/may-bay-dieu-khien-tu-xa-901-cho-be-5-510x383.jpg 510w, https:\/\/renren.vn\/w\/bachhoa12011\/wp-content\/uploads\/2018\/12\/may-bay-dieu-khien-tu-xa-901-cho-be-5-300x225.jpg 300w\" sizes=\"(max-width: 600px) 100vw, 600px\" \/><\/a><\/p>\n<p><strong>M\u1ed9t s\u1ed1 l\u01b0u \u00fd khi s\u1eed d\u1ee5ng s\u1ea3n ph\u1ea9m :<\/strong><\/p>\n<p>1. Do s\u1ea3n ph\u1ea9m l\u00e0 m\u00e1y bay mini, n\u00ean \u0111\u1ed9 c\u00e2n b\u1eb1ng c\u1ee7a m\u00e1y bay ch\u1ec9 t\u01b0\u01a1ng \u0111\u1ed1i, n\u00ean khi m\u1edbi ch\u01a1i, b\u1ea1n ch\u01b0a quen \u0111i\u1ec1u khi\u1ec3n m\u00e1y bay b\u1ea1n s\u1ebd l\u00e0m m\u00e1y bay r\u01a1i nhi\u1ec1u l\u1ea7n, nh\u01b0ng b\u1ea1n y\u00ean t\u00e2m m\u00e1y bay c\u00f3 kh\u1ea3 n\u0103ng ch\u1ecbu va \u0111\u1eadp m\u1ea1nh n\u00ean b\u1ea1n kh\u00f4ng lo b\u1ecb h\u01b0 h\u1ecfng nh\u00e9<\/p>\n<p>2. S\u1ea3n ph\u1ea9m c\u00f3 th\u1ec3 \u0111i\u1ec1u h\u01b0\u1edbng sang tr\u00e1i hay sang ph\u1ea3i nh\u01b0ng \u0111\u1ec3 l\u00e0m \u0111\u01b0\u1ee3c \u0111i\u1ec1u n\u00e0y, b\u1ea1n c\u1ea7n ph\u1ea3i \u0111i\u1ec1u khi\u1ec3n th\u00e0nh th\u1ea1o \u0111\u1ec3 m\u00e1y bay c\u00f3 th\u1ec3 bay th\u0103ng b\u1eb1ng tr\u00ean kh\u00f4ng trung, sau \u0111\u00f3 b\u1ea1n \u1ea5n v\u00e0o n\u00fat R hay L r\u1ed3i \u0111\u1ed3ng th\u1eddi g\u1ea1t c\u1ea7n \u0111i\u1ec1u khi\u1ec3n ph\u00eda tay tr\u00e1i \u0111\u1ec3 m\u00e1y bay bay sang h\u01b0\u1edbng b\u00ean ph\u1ea3i hay b\u00ean tr\u00e1i. Do \u0111\u00f3 b\u1ea1n ph\u1ea3i c\u1ea7n ch\u01a1i nhi\u1ec1u l\u1ea7n m\u1edbi \u0111i\u1ec1u ch\u1ec9nh \u0111\u01b0\u1ee3c nh\u00e9.<\/p>\n<p>Xem th\u00eam : <a href=\"http:\/\/shop2.khowebseotop.vn\/do-cho-me-va-be\/do-choi-cho-be\/\">\u0110\u1ed3 ch\u01a1i cho b\u00e9<\/a><\/p>\n","protected":false},"excerpt":{"rendered":"<p>. M\u00e1y bay \u0111i\u1ec1u khi\u1ec3n t\u1eeb xa No.901 c\u00f3 kh\u1ea3 n\u0103ng ch\u1ecbu va \u0111\u1eadp m\u1ea1nh, th\u1eddi gian s\u1eed d\u1ee5ng 5-7 ph\u00fat<br \/>\n. R\u1ea5t d\u1ec5 \u0111i\u1ec1u khi\u1ec3n, \u0111\u1ed9 cao \u0111\u1ea1t \u0111\u01b0\u1ee3c kh\u00e1 l\u1edbn \u0111\u1ed1i v\u1edbi m\u1ed9t s\u1ea3n ph\u1ea9m m\u00e1y bay \u0111\u1ed3 ch\u01a1i gi\u00e1 r\u1ebb<br \/>\n. Thi\u1ebft k\u1ebf th\u00f4ng minh, s\u1ea1c pin tr\u1ef1c ti\u1ebfp cho m\u00e1y bay t\u1eeb gi\u1eafc c\u1eafm tr\u00ean b\u1ed9 \u0111i\u1ec1u khi\u1ec3n.<\/p>\n","protected":false},"featured_media":1399,"comment_status":"open","ping_status":"closed","template":"","meta":[],"_links":{"self":[{"href":"https:\/\/renren.vn\/w\/bachhoa12011\/wp-json\/wp\/v2\/product\/1444"}],"collection":[{"href":"https:\/\/renren.vn\/w\/bachhoa12011\/wp-json\/wp\/v2\/product"}],"about":[{"href":"https:\/\/renren.vn\/w\/bachhoa12011\/wp-json\/wp\/v2\/types\/product"}],"replies":[{"embeddable":true,"href":"https:\/\/renren.vn\/w\/bachhoa12011\/wp-json\/wp\/v2\/comments?post=1444"}],"wp:featuredmedia":[{"embeddable":true,"href":"https:\/\/renren.vn\/w\/bachhoa12011\/wp-json\/wp\/v2\/media\/1399"}],"wp:attachment":[{"href":"https:\/\/renren.vn\/w\/bachhoa12011\/wp-json\/wp\/v2\/media?parent=1444"}],"curies":[{"name":"wp","href":"https:\/\/api.w.org\/{rel}","templated":true}]}}