{"id":1437,"date":"2018-12-06T17:49:03","date_gmt":"2018-12-06T10:49:03","guid":{"rendered":"http:\/\/shop2.khowebseotop.vn\/?post_type=product&#038;p=1437"},"modified":"2018-12-06T17:49:03","modified_gmt":"2018-12-06T10:49:03","slug":"camera-ip-wifi-v380-the-he-moi","status":"publish","type":"product","link":"https:\/\/renren.vn\/w\/bachhoa12011\/san-pham\/camera-ip-wifi-v380-the-he-moi\/","title":{"rendered":"Camera IP Wifi V380 th\u1ebf h\u1ec7 m\u1edbi"},"content":{"rendered":"<h2>Camera IP Wifi V380 th\u1ebf h\u1ec7 m\u1edbi<\/h2>\n<p><strong>Camera IP Wifi V380<\/strong> c\u00f3 \u0111\u1ed9 ph\u00e2n gi\u1ea3i Full HD 720P, v\u1edbi t\u00ednh n\u0103ng ph\u00e1t hi\u1ec7n th\u00f4ng minh, h\u1ed7 tr\u1ee3 ph\u1ea1m vi t\u1ea7m nh\u00ecn ban \u0111\u00eam v\u00e0 ph\u1ea1m vi h\u1ed3ng ngo\u1ea1i 10m. V\u1edbi thi\u1ebft k\u1ebf 7 \u0111\u00e8n h\u1ed3ng ngo\u1ea1i, camera ghi l\u1ea1i ch\u1ea5t l\u01b0\u1ee3ng h\u00ecnh \u1ea3nh ban \u0111\u00eam r\u00f5 n\u00e9t, trung th\u1ef1c, gi\u00fap b\u1ea1n y\u00ean t\u00e2m ng\u1ee7 ngon.<\/p>\n<p><strong>VIDEO REVIEW S\u1ea2N PH\u1ea8M CAMERA IP V380 :<\/strong><\/p>\n<p><iframe src=\"\/wp-content\/uploads\/2018\/12\/Camera-IP-Wifi-V380-the-he-moi-4.jpg\"><img loading=\"lazy\" class=\"alignnone size-full wp-image-1439\" src=\"http:\/\/shop2.khowebseotop.vn\/wp-content\/uploads\/2018\/12\/Camera-IP-Wifi-V380-the-he-moi-4.jpg\" alt=\"Camera IP Wifi V380 th\u1ebf h\u1ec7 m\u1edbi\" width=\"900\" height=\"900\" srcset=\"https:\/\/renren.vn\/w\/bachhoa12011\/wp-content\/uploads\/2018\/12\/Camera-IP-Wifi-V380-the-he-moi-4.jpg 900w, https:\/\/renren.vn\/w\/bachhoa12011\/wp-content\/uploads\/2018\/12\/Camera-IP-Wifi-V380-the-he-moi-4-510x510.jpg 510w, https:\/\/renren.vn\/w\/bachhoa12011\/wp-content\/uploads\/2018\/12\/Camera-IP-Wifi-V380-the-he-moi-4-150x150.jpg 150w, https:\/\/renren.vn\/w\/bachhoa12011\/wp-content\/uploads\/2018\/12\/Camera-IP-Wifi-V380-the-he-moi-4-300x300.jpg 300w, https:\/\/renren.vn\/w\/bachhoa12011\/wp-content\/uploads\/2018\/12\/Camera-IP-Wifi-V380-the-he-moi-4-768x768.jpg 768w, https:\/\/renren.vn\/w\/bachhoa12011\/wp-content\/uploads\/2018\/12\/Camera-IP-Wifi-V380-the-he-moi-4-100x100.jpg 100w\" sizes=\"(max-width: 900px) 100vw, 900px\" \/><\/a><\/p>\n<h3>T\u00ednh n\u0103ng n\u1ed5i b\u1eadt c\u1ee7a\u00a0camera IP Wifi V380<\/h3>\n<ul>\n<li>C\u00e0i \u0111\u1eb7t \u0111\u01b0\u1ee3c ch\u1ebf \u0111\u1ed9 quay t\u1ea1i c\u00e1c \u0111i\u1ec3m y\u00eau c\u1ea7u.<\/li>\n<li>Kho\u1ea3ng c\u00e1ch b\u1eaft s\u00f3ng wifi l\u00ean t\u1edbi 25 m\u00e9t.<\/li>\n<li>C\u00e0i \u0111\u1eb7t v\u00e0 s\u1eed d\u1ee5ng \u0111\u01a1n gi\u1ea3n, C\u00f3 Micro h\u1ed7 tr\u1ee3 \u0111\u00e0m tho\u1ea1i 2 chi\u1ec1u ti\u1ec7n l\u1ee3i<\/li>\n<\/ul>\n<p><a href=\"http:\/\/shop2.khowebseotop.vn\/wp-content\/uploads\/2018\/12\/Camera-IP-Wifi-V380-the-he-moi-1.jpg\"><img loading=\"lazy\" class=\"alignnone size-full wp-image-1435\" src=\"http:\/\/shop2.khowebseotop.vn\/wp-content\/uploads\/2018\/12\/Camera-IP-Wifi-V380-the-he-moi-1.jpg\" alt=\"B\u00e1n s\u1ec9 Camera IP Wifi V380 th\u1ebf h\u1ec7 m\u1edbi\" width=\"900\" height=\"900\" srcset=\"https:\/\/renren.vn\/w\/bachhoa12011\/wp-content\/uploads\/2018\/12\/Camera-IP-Wifi-V380-the-he-moi-1.jpg 900w, https:\/\/renren.vn\/w\/bachhoa12011\/wp-content\/uploads\/2018\/12\/Camera-IP-Wifi-V380-the-he-moi-1-510x510.jpg 510w, https:\/\/renren.vn\/w\/bachhoa12011\/wp-content\/uploads\/2018\/12\/Camera-IP-Wifi-V380-the-he-moi-1-150x150.jpg 150w, https:\/\/renren.vn\/w\/bachhoa12011\/wp-content\/uploads\/2018\/12\/Camera-IP-Wifi-V380-the-he-moi-1-300x300.jpg 300w, https:\/\/renren.vn\/w\/bachhoa12011\/wp-content\/uploads\/2018\/12\/Camera-IP-Wifi-V380-the-he-moi-1-768x768.jpg 768w, https:\/\/renren.vn\/w\/bachhoa12011\/wp-content\/uploads\/2018\/12\/Camera-IP-Wifi-V380-the-he-moi-1-100x100.jpg 100w\" sizes=\"(max-width: 900px) 100vw, 900px\" \/><\/a><\/p>\n<ul>\n<li>K\u1ebft n\u1ed1i d\u1ec5 d\u00e0ng v\u1edbi wifi, kh\u00f4ng c\u1ea7n ch\u1ea1y d\u00e2y, kh\u00f4ng c\u1ea7n c\u00e0i t\u00ean mi\u1ec1n, kh\u00f4ng m\u1ea5t ph\u00ed duy tr\u00ec.<\/li>\n<li>Xem tr\u1ef1c ti\u1ebfp h\u00ecnh \u1ea3nh qua \u0111i\u1ec7n tho\u1ea1i, m\u00e1y t\u00ednh b\u1ea3ng, laptop, tr\u00ean PC xem qua ph\u1ea7n m\u1ec1m th\u00f4ng minh<\/li>\n<li>Ch\u1ea5t l\u01b0\u1ee3ng h\u00ecnh \u1ea3nh s\u1eafc n\u00e9t, \u00e2m thanh r\u00f5 r\u00e0ng c\u00f3 l\u1ecdc \u00e2m.<\/li>\n<li>C\u1ea3m bi\u1ebfn h\u1ed3ng ngo\u1ea1i t\u1ef1 \u0111\u1ed9ng ti\u1ec7n l\u1ee3i, t\u1ef1 \u0111\u1ed9ng chuy\u1ec3n ng\u00e0y v\u00e0 \u0111\u00eam, gi\u00fap m\u00e0u s\u1eafc v\u00e0 h\u00ecnh \u1ea3nh s\u1eafc n\u00e9t, \u0111\u1eb9p.<\/li>\n<li>H\u1ed7 tr\u1ee3 th\u1ebb nh\u1edb t\u1ed1i \u0111a l\u00ean \u0111\u1ebfn 64GB<\/li>\n<\/ul>\n<p><a href=\"http:\/\/shop2.khowebseotop.vn\/wp-content\/uploads\/2018\/12\/Camera-IP-Wifi-V380-the-he-moi-3.jpg\"><img loading=\"lazy\" class=\"alignnone size-full wp-image-1438\" src=\"http:\/\/shop2.khowebseotop.vn\/wp-content\/uploads\/2018\/12\/Camera-IP-Wifi-V380-the-he-moi-3.jpg\" alt=\"B\u00e1n s\u1ec9 Camera IP Wifi V380 th\u1ebf h\u1ec7 m\u1edbi\" width=\"900\" height=\"900\" srcset=\"https:\/\/renren.vn\/w\/bachhoa12011\/wp-content\/uploads\/2018\/12\/Camera-IP-Wifi-V380-the-he-moi-3.jpg 900w, https:\/\/renren.vn\/w\/bachhoa12011\/wp-content\/uploads\/2018\/12\/Camera-IP-Wifi-V380-the-he-moi-3-510x510.jpg 510w, https:\/\/renren.vn\/w\/bachhoa12011\/wp-content\/uploads\/2018\/12\/Camera-IP-Wifi-V380-the-he-moi-3-150x150.jpg 150w, https:\/\/renren.vn\/w\/bachhoa12011\/wp-content\/uploads\/2018\/12\/Camera-IP-Wifi-V380-the-he-moi-3-300x300.jpg 300w, https:\/\/renren.vn\/w\/bachhoa12011\/wp-content\/uploads\/2018\/12\/Camera-IP-Wifi-V380-the-he-moi-3-768x768.jpg 768w, https:\/\/renren.vn\/w\/bachhoa12011\/wp-content\/uploads\/2018\/12\/Camera-IP-Wifi-V380-the-he-moi-3-100x100.jpg 100w\" sizes=\"(max-width: 900px) 100vw, 900px\" \/><\/a><\/p>\n<ul>\n<li>Kh\u00f4ng c\u1ea7n d\u00e2y, kh\u00f4ng c\u1ea7n s\u1eed d\u1ee5ng t\u00ean mi\u1ec1n \u0111\u1ec3 truy c\u1eadp Camera<\/li>\n<li>H\u1ed7 tr\u1ee3 ph\u00e1t hi\u1ec7n chuy\u1ec3n \u0111\u1ed9ng v\u00e0 b\u00e1o \u0111\u1ed9ng qua email, \u1ee9ng d\u1ee5ng\u2026<\/li>\n<li>\u00c2m thanh hai chi\u1ec1u, \u0111\u01b0\u1ee3c x\u00e2y d\u1ef1ng trong loa, microphone, 1 k\u00eanh \u00e2m thanh \u0111\u1ea7u v\u00e0o, 1 k\u00eanh \u0111\u1ea7u ra \u00e2m thanh giao di\u1ec7n.<\/li>\n<li>Ch\u1ebf \u0111\u1ed9 theo d\u00f5i Pan- v\u00e0- tilt camera, Xoay ngang 355 \u0111\u1ed9, d\u1ecdc 120 \u0111\u1ed9, \u0111i\u1ec1u khi\u1ec3n ho\u1eb7c c\u00e0i \u0111\u1eb7t qua Smartphone \u0111a d\u1ea1ng, d\u1ec5 d\u00e0ng<\/li>\n<li>H\u1ed7 tr\u1ee3 \u0110\u1ed9 ph\u00e2n gi\u1ea3i 720P 1280 * 720 (1.0MP)<\/li>\n<li>S\u1eed d\u1ee5ng ngu\u1ed3n \u0111i\u1ec7n 5V-2A v\u1edbi Jack c\u1eafm th\u00f4ng d\u1ee5ng. C\u00f3 th\u1ec3 c\u1eafm v\u00e0o Pin d\u1ef1 ph\u00f2ng \u0111\u1ec3 s\u1eed d\u1ee5ng \u0111\u01b0\u1ee3c khi kh\u00f4ng c\u00f3 ngu\u1ed3n \u0111i\u1ec7n.<\/li>\n<\/ul>\n<p><a href=\"http:\/\/shop2.khowebseotop.vn\/wp-content\/uploads\/2018\/12\/Camera-IP-Wifi-V380-the-he-moi-5.jpg\"><img loading=\"lazy\" class=\"alignnone size-full wp-image-1440\" src=\"http:\/\/shop2.khowebseotop.vn\/wp-content\/uploads\/2018\/12\/Camera-IP-Wifi-V380-the-he-moi-5.jpg\" alt=\"B\u00e1n bu\u00f4n Camera IP Wifi V380 th\u1ebf h\u1ec7 m\u1edbi\" width=\"900\" height=\"900\" srcset=\"https:\/\/renren.vn\/w\/bachhoa12011\/wp-content\/uploads\/2018\/12\/Camera-IP-Wifi-V380-the-he-moi-5.jpg 900w, https:\/\/renren.vn\/w\/bachhoa12011\/wp-content\/uploads\/2018\/12\/Camera-IP-Wifi-V380-the-he-moi-5-510x510.jpg 510w, https:\/\/renren.vn\/w\/bachhoa12011\/wp-content\/uploads\/2018\/12\/Camera-IP-Wifi-V380-the-he-moi-5-150x150.jpg 150w, https:\/\/renren.vn\/w\/bachhoa12011\/wp-content\/uploads\/2018\/12\/Camera-IP-Wifi-V380-the-he-moi-5-300x300.jpg 300w, https:\/\/renren.vn\/w\/bachhoa12011\/wp-content\/uploads\/2018\/12\/Camera-IP-Wifi-V380-the-he-moi-5-768x768.jpg 768w, https:\/\/renren.vn\/w\/bachhoa12011\/wp-content\/uploads\/2018\/12\/Camera-IP-Wifi-V380-the-he-moi-5-100x100.jpg 100w\" sizes=\"(max-width: 900px) 100vw, 900px\" \/><\/a><\/p>\n<p><strong>Camera IP Wifi V380<\/strong> s\u1eed d\u1ee5ng ph\u1ea7n m\u1ec1m V380 ch\u00ednh h\u00e3ng t\u01b0\u01a1ng th\u00edch v\u1edbi t\u1ea5t c\u1ea3 c\u00e1c h\u1ec7 \u0111i\u1ec1u h\u00e0nh Windown, Android, IOS,\u2026v\u1edbi t\u1ea5t c\u1ea3 c\u00e1c \u01b0u \u0111i\u1ec3m c\u1ea7n c\u00f3 c\u1ee7a m\u1ed9t camera th\u00f4ng minh nh\u01b0 \u0111\u00e0m tho\u1ea1i 2 chi\u1ec1u, nh\u1eadn di\u1ec7n chuy\u1ec3n \u0111\u1ed9ng l\u1ea1, g\u1eedi c\u1ea3nh b\u1ea3o v\u1ec1 email hay \u0111i\u1ec7n tho\u1ea1i\u2026<\/p>\n<p>\u0110\u01b0\u1ee3c trau tru\u1ed1t ngay t\u1eeb kh\u00e2u thi\u1ebft k\u1ebf, Camera V380 gi\u1ed1ng nh\u01b0 m\u1ed9t robot thu nh\u1ecf, b\u1ea1n c\u00f3 th\u1ec3 \u0111\u1eb7t \u1edf b\u1ea5t c\u1ee9 g\u00f3c n\u00e0o trong ng\u00f4i nh\u00e0, v\u1edbi kho\u1ea3ng c\u00e1ch b\u1eaft s\u00f3ng wifi l\u00ean t\u1edbi 25m, v\u1eeba gi\u00e1m s\u00e1t th\u00f4ng minh, v\u1eeba c\u00f3 t\u00e1c d\u1ee5ng v\u1ec1 m\u1eb7t th\u1ea9m m\u1ef9.<\/p>\n<p><a href=\"http:\/\/shop2.khowebseotop.vn\/wp-content\/uploads\/2018\/12\/Camera-IP-Wifi-V380-the-he-moi-2.jpg\"><img loading=\"lazy\" class=\"alignnone wp-image-1436 size-full\" src=\"http:\/\/shop2.khowebseotop.vn\/wp-content\/uploads\/2018\/12\/Camera-IP-Wifi-V380-the-he-moi-2.jpg\" alt=\"B\u00e1n bu\u00f4n Camera IP Wifi V380 th\u1ebf h\u1ec7 m\u1edbi\" width=\"900\" height=\"900\" srcset=\"https:\/\/renren.vn\/w\/bachhoa12011\/wp-content\/uploads\/2018\/12\/Camera-IP-Wifi-V380-the-he-moi-2.jpg 900w, https:\/\/renren.vn\/w\/bachhoa12011\/wp-content\/uploads\/2018\/12\/Camera-IP-Wifi-V380-the-he-moi-2-510x510.jpg 510w, https:\/\/renren.vn\/w\/bachhoa12011\/wp-content\/uploads\/2018\/12\/Camera-IP-Wifi-V380-the-he-moi-2-150x150.jpg 150w, https:\/\/renren.vn\/w\/bachhoa12011\/wp-content\/uploads\/2018\/12\/Camera-IP-Wifi-V380-the-he-moi-2-300x300.jpg 300w, https:\/\/renren.vn\/w\/bachhoa12011\/wp-content\/uploads\/2018\/12\/Camera-IP-Wifi-V380-the-he-moi-2-768x768.jpg 768w, https:\/\/renren.vn\/w\/bachhoa12011\/wp-content\/uploads\/2018\/12\/Camera-IP-Wifi-V380-the-he-moi-2-100x100.jpg 100w\" sizes=\"(max-width: 900px) 100vw, 900px\" \/><\/a><\/p>\n<h4><strong>TH\u00d4NG S\u1ed0 K\u0128 THU\u1eacT CAMERA IP WIFI V380 :<\/strong><\/h4>\n<p>&#8211; C\u1ea3m bi\u1ebfn h\u00ecnh \u1ea3nh: 8135S + 9712Sensor (720P 1280 * 720)<br \/>\n&#8211; \u1ed0ng k\u00ednh: 3.6mm<br \/>\n&#8211; \u0110\u1ed9 ph\u00e2n gi\u1ea3i: 1280 x 720 (1.0MP)<br \/>\n&#8211; G\u00f3c quay: Horizontal: 0 \u00b0 -355 \u00b0,<br \/>\n&#8211; D\u1ecdc: -20 \u00b0 (gi\u1ea3m) &#8211; 90 \u00b0<br \/>\n&#8211; Chi\u1ebfu s\u00e1ng t\u1ed1i thi\u1ec3u: 0.02Lux @ (F2.0, AGC ON), 0Lux v\u1edbi IR<br \/>\n&#8211; IR-cut, \u0111\u00f4i l\u1ecdc t\u1ef1 \u0111\u1ed9ng chuy\u1ec3n m\u1ea1ch, 5-10M (ph\u1ee5 thu\u1ed9c) kho\u1ea3ng c\u00e1ch h\u1ed3ng ngo\u1ea1i<br \/>\n&#8211; Chu\u1ea9n n\u00e9n: H.264<br \/>\n&#8211; Video frame Rate : 30FPS<br \/>\n&#8211; Video t\u1ed1c \u0111\u1ed9 d\u1eef li\u1ec7u n\u00e9n: HD (720p) th\u1ea1o (VGA)<br \/>\n&#8211; Audio chu\u1ea9n n\u00e9n: AOPCM, t\u1ed1c \u0111\u1ed9 d\u1eef li\u1ec7u: Adaptive<br \/>\n&#8211; Giao th\u1ee9c m\u1ea1ng kh\u00f4ng d\u00e2y: Wi-Fi (IEEE802.11b)<br \/>\n&#8211; B\u1ed9 nh\u1edb: Micro SD th\u1ebb nh\u1edb, t\u1ed1i \u0111a 32GB<br \/>\n&#8211; Ngu\u1ed3n cung c\u1ea5p: DC 5V 1A<\/p>\n<p><em><strong>Tham kh\u1ea3o : <a href=\"http:\/\/shop2.khowebseotop.vn\/video-huong-dan-cai-dat-camera-ip-wifi-v380\/\">H\u01b0\u1edbng d\u1eabn c\u00e0i \u0111\u1eb7t v\u00e0 s\u1eed d\u1ee5ng Camera V380<\/a><\/strong><\/em><\/p>\n<p><strong>Xem th\u00eam : <a href=\"http:\/\/shop2.khowebseotop.vn\/do-gia-dung-tien-ich\/\">\u0110\u1ed3 gia d\u1ee5ng ti\u1ec7n \u00edch<\/a><\/strong><\/p>\n","protected":false},"excerpt":{"rendered":"<p><strong>Camera V380 c\u00f3 \u0111\u1ed9 ph\u00e2n gi\u1ea3i Full HD 720P<\/strong>, v\u1edbi t\u00ednh n\u0103ng ph\u00e1t hi\u1ec7n th\u00f4ng minh, h\u1ed7 tr\u1ee3 ph\u1ea1m vi t\u1ea7m nh\u00ecn ban \u0111\u00eam v\u00e0 ph\u1ea1m vi h\u1ed3ng ngo\u1ea1i 10m. V\u1edbi thi\u1ebft k\u1ebf 7 \u0111\u00e8n h\u1ed3ng ngo\u1ea1i, camera ghi l\u1ea1i ch\u1ea5t l\u01b0\u1ee3ng h\u00ecnh \u1ea3nh ban \u0111\u00eam r\u00f5 n\u00e9t, trung th\u1ef1c, gi\u00fap b\u1ea1n y\u00ean t\u00e2m ng\u1ee7 ngon.<\/p>\n","protected":false},"featured_media":1439,"comment_status":"open","ping_status":"closed","template":"","meta":[],"_links":{"self":[{"href":"https:\/\/renren.vn\/w\/bachhoa12011\/wp-json\/wp\/v2\/product\/1437"}],"collection":[{"href":"https:\/\/renren.vn\/w\/bachhoa12011\/wp-json\/wp\/v2\/product"}],"about":[{"href":"https:\/\/renren.vn\/w\/bachhoa12011\/wp-json\/wp\/v2\/types\/product"}],"replies":[{"embeddable":true,"href":"https:\/\/renren.vn\/w\/bachhoa12011\/wp-json\/wp\/v2\/comments?post=1437"}],"wp:featuredmedia":[{"embeddable":true,"href":"https:\/\/renren.vn\/w\/bachhoa12011\/wp-json\/wp\/v2\/media\/1439"}],"wp:attachment":[{"href":"https:\/\/renren.vn\/w\/bachhoa12011\/wp-json\/wp\/v2\/media?parent=1437"}],"curies":[{"name":"wp","href":"https:\/\/api.w.org\/{rel}","templated":true}]}}