{"id":1409,"date":"2018-12-06T15:51:41","date_gmt":"2018-12-06T08:51:41","guid":{"rendered":"http:\/\/shop2.khowebseotop.vn\/?post_type=product&#038;p=1409"},"modified":"2018-12-06T15:51:42","modified_gmt":"2018-12-06T08:51:42","slug":"leu-cong-chua-hoang-tu-cho-be-yeu","status":"publish","type":"product","link":"https:\/\/renren.vn\/w\/bachhoa12011\/san-pham\/leu-cong-chua-hoang-tu-cho-be-yeu\/","title":{"rendered":"L\u1ec1u c\u00f4ng ch\u00faa ho\u00e0ng t\u1eed cho b\u00e9 y\u00eau"},"content":{"rendered":"<h2>L\u1ec1u c\u00f4ng ch\u00faa ho\u00e0ng t\u1eed cho b\u00e9 y\u00eau<\/h2>\n<p><strong>L\u1ec1u c\u00f4ng ch\u00faa ho\u00e0ng t\u1eed cho b\u00e9<\/strong> \u0111\u01b0\u1ee3c thi\u1ebft k\u1ebf xinh x\u1eafn m\u00f4 ph\u1ecfng nh\u1eefng t\u00f2a l\u00e2u \u0111\u00e0i tr\u00e1ng l\u1ec7 trong c\u00e2u chuy\u1ec7n c\u1ed5 t\u00edch ch\u1ea5t li\u1ec7u v\u1ea3i cao c\u1ea5p v\u00e0 khung th\u00e9p d\u1ebbo b\u1ec1n ch\u1eafc c\u00f3 \u0111\u1ed9 \u0111\u00e0i h\u1ed3i cao t\u1ea1o kh\u00f4ng gian ch\u01a1i th\u00fa v\u1ecb cho c\u00e1c b\u00e9 ngay t\u1ea1i nh\u00e0 hay mang theo m\u1ed7i khi \u0111i du l\u1ecbch, d\u00e3 ngo\u1ea1i.<\/p>\n<p><a href=\"http:\/\/shop2.khowebseotop.vn\/wp-content\/uploads\/2018\/12\/leu-cong-chua-hoang-tu-cho-be-5.jpg\"><img loading=\"lazy\" class=\"alignnone size-full wp-image-1396\" src=\"http:\/\/shop2.khowebseotop.vn\/wp-content\/uploads\/2018\/12\/leu-cong-chua-hoang-tu-cho-be-5.jpg\" alt=\"L\u1ec1u c\u00f4ng ch\u00faa ho\u00e0ng t\u1eed cho b\u00e9 y\u00eau\" width=\"600\" height=\"600\" srcset=\"https:\/\/renren.vn\/w\/bachhoa12011\/wp-content\/uploads\/2018\/12\/leu-cong-chua-hoang-tu-cho-be-5.jpg 600w, https:\/\/renren.vn\/w\/bachhoa12011\/wp-content\/uploads\/2018\/12\/leu-cong-chua-hoang-tu-cho-be-5-510x510.jpg 510w, https:\/\/renren.vn\/w\/bachhoa12011\/wp-content\/uploads\/2018\/12\/leu-cong-chua-hoang-tu-cho-be-5-150x150.jpg 150w, https:\/\/renren.vn\/w\/bachhoa12011\/wp-content\/uploads\/2018\/12\/leu-cong-chua-hoang-tu-cho-be-5-300x300.jpg 300w, https:\/\/renren.vn\/w\/bachhoa12011\/wp-content\/uploads\/2018\/12\/leu-cong-chua-hoang-tu-cho-be-5-100x100.jpg 100w\" sizes=\"(max-width: 600px) 100vw, 600px\" \/><\/a><\/p>\n<p><strong>L\u1ec1u b\u00f3ng c\u00f4ng ch\u00faa ho\u00e0ng t\u1eed<\/strong> v\u1edbi m\u00e0u s\u1eafc t\u01b0\u01a1i s\u00e1ng t\u1ea1o cho b\u00e9 m\u1ed9t kh\u00f4ng gian vui ch\u01a1i v\u00f4 c\u00f9ng tho\u1ea3i m\u00e1i , h\u1ed7 tr\u1ee3 c\u00e1c m\u1eb9 trong vi\u1ec7c ch\u0103m s\u00f3c cho c\u00e1c b\u00e9.<\/p>\n<p><a href=\"http:\/\/shop2.khowebseotop.vn\/wp-content\/uploads\/2018\/12\/leu-cong-chua-hoang-tu-cho-be-1.jpg\"><img loading=\"lazy\" class=\"alignnone size-full wp-image-1393\" src=\"http:\/\/shop2.khowebseotop.vn\/wp-content\/uploads\/2018\/12\/leu-cong-chua-hoang-tu-cho-be-1.jpg\" alt=\"B\u00e1n s\u1ec9 L\u1ec1u c\u00f4ng ch\u00faa ho\u00e0ng t\u1eed cho b\u00e9 y\u00eau\" width=\"600\" height=\"405\" srcset=\"https:\/\/renren.vn\/w\/bachhoa12011\/wp-content\/uploads\/2018\/12\/leu-cong-chua-hoang-tu-cho-be-1.jpg 600w, https:\/\/renren.vn\/w\/bachhoa12011\/wp-content\/uploads\/2018\/12\/leu-cong-chua-hoang-tu-cho-be-1-510x344.jpg 510w, https:\/\/renren.vn\/w\/bachhoa12011\/wp-content\/uploads\/2018\/12\/leu-cong-chua-hoang-tu-cho-be-1-300x203.jpg 300w\" sizes=\"(max-width: 600px) 100vw, 600px\" \/><\/a><\/p>\n<h3>\u0110\u1eb7c \u0111i\u1ec3m n\u1ed5i b\u1eadt c\u1ee7a l\u1ec1u c\u00f4ng ch\u00faa ho\u00e0ng t\u1eed :<\/h3>\n<ul>\n<li>Thi\u1ebft k\u1ebf xinh x\u1eafn m\u00f4 ph\u1ecfng nh\u1eefng t\u00f2a l\u00e2u \u0111\u00e0i tr\u00e1ng l\u1ec7 trong c\u00e2u chuy\u1ec7n c\u1ed5 t\u00edch<\/li>\n<li>Ch\u1ea5t li\u1ec7u v\u1ea3i cao c\u1ea5p v\u00e0 khung th\u00e9p d\u1ebbo b\u1ec1n ch\u1eafc c\u00f3 \u0111\u1ed9 \u0111\u00e0i h\u1ed3i cao.<\/li>\n<li>L\u1ec1u c\u00f3 k\u00edch th\u01b0\u1edbc r\u1ed9ng r\u00e3i cho nhi\u1ec1u b\u00e9 c\u00f9ng ch\u01a1i<\/li>\n<li>Mang \u0111\u1ebfn kh\u00f4ng gian vui ch\u01a1i an to\u00e0n &amp; ph\u00e1t tri\u1ec3n tr\u00ed t\u01b0\u1edfng t\u01b0\u1ee3ng cho b\u00e9.<\/li>\n<li>\u0110\u1ed3 ch\u01a1i tr\u1ebb em L\u1ec1u c\u00f3 th\u1ec3 g\u1ea5p nh\u1ecf l\u1ea1i \u0111\u1ec3 g\u1ecdn trong t\u00fai d\u1ef1ng k\u00e8m theo r\u1ea5t ti\u1ec7n l\u1ee3i khi c\u1ea5t gi\u1eef hay v\u1eadn chuy\u1ec3n.<\/li>\n<li>L\u1ec1u c\u00f4ng ch\u00faa ho\u00e0ng t\u1eed cho b\u00e9 c\u00f3 2 m\u00e0u s\u1eafc kh\u00e1c nhau th\u00edch h\u1ee3p v\u1edbi c\u1ea3 b\u00e9 trai v\u00e0 b\u00e9 g\u00e1i<\/li>\n<\/ul>\n<p><a href=\"http:\/\/shop2.khowebseotop.vn\/wp-content\/uploads\/2018\/12\/leu-cong-chua-hoang-tu-cho-be-2.jpg\"><img loading=\"lazy\" class=\"alignnone size-full wp-image-1394\" src=\"http:\/\/shop2.khowebseotop.vn\/wp-content\/uploads\/2018\/12\/leu-cong-chua-hoang-tu-cho-be-2.jpg\" alt=\"B\u00e1n bu\u00f4n L\u1ec1u c\u00f4ng ch\u00faa ho\u00e0ng t\u1eed cho b\u00e9 y\u00eau\" width=\"600\" height=\"472\" srcset=\"https:\/\/renren.vn\/w\/bachhoa12011\/wp-content\/uploads\/2018\/12\/leu-cong-chua-hoang-tu-cho-be-2.jpg 600w, https:\/\/renren.vn\/w\/bachhoa12011\/wp-content\/uploads\/2018\/12\/leu-cong-chua-hoang-tu-cho-be-2-510x401.jpg 510w, https:\/\/renren.vn\/w\/bachhoa12011\/wp-content\/uploads\/2018\/12\/leu-cong-chua-hoang-tu-cho-be-2-300x236.jpg 300w\" sizes=\"(max-width: 600px) 100vw, 600px\" \/><\/a><\/p>\n<p><strong>Th\u00f4ng tin s\u1ea3n ph\u1ea9m :<\/strong><\/p>\n<p>\u2013 Ch\u1ea5t li\u1ec7u: v\u1ea3i d\u00f9 cao c\u1ea5p ch\u1eafc ch\u1eafn<br \/>\n\u2013 K\u00edch th\u01b0\u1edbc khi bung: 135x105cm.(\u0111\u01b0\u1eddng k\u00ednh 1.05m, cao 1.35m)<br \/>\n\u2013 C\u00f3 02 m\u1eabu: c\u00f4ng ch\u00faa, ho\u00e0ng t\u1eed<br \/>\n\u2013 Tr\u1ecdng l\u01b0\u1ee3ng: 1012gr<\/p>\n<p><a href=\"http:\/\/shop2.khowebseotop.vn\/wp-content\/uploads\/2018\/12\/leu-cong-chua-hoang-tu-cho-be-4.jpg\"><img loading=\"lazy\" class=\"alignnone size-full wp-image-1395\" src=\"http:\/\/shop2.khowebseotop.vn\/wp-content\/uploads\/2018\/12\/leu-cong-chua-hoang-tu-cho-be-4.jpg\" alt=\"B\u00e1n bu\u00f4n L\u1ec1u c\u00f4ng ch\u00faa ho\u00e0ng t\u1eed cho b\u00e9 y\u00eau\" width=\"600\" height=\"600\" srcset=\"https:\/\/renren.vn\/w\/bachhoa12011\/wp-content\/uploads\/2018\/12\/leu-cong-chua-hoang-tu-cho-be-4.jpg 600w, https:\/\/renren.vn\/w\/bachhoa12011\/wp-content\/uploads\/2018\/12\/leu-cong-chua-hoang-tu-cho-be-4-510x510.jpg 510w, https:\/\/renren.vn\/w\/bachhoa12011\/wp-content\/uploads\/2018\/12\/leu-cong-chua-hoang-tu-cho-be-4-150x150.jpg 150w, https:\/\/renren.vn\/w\/bachhoa12011\/wp-content\/uploads\/2018\/12\/leu-cong-chua-hoang-tu-cho-be-4-300x300.jpg 300w, https:\/\/renren.vn\/w\/bachhoa12011\/wp-content\/uploads\/2018\/12\/leu-cong-chua-hoang-tu-cho-be-4-100x100.jpg 100w\" sizes=\"(max-width: 600px) 100vw, 600px\" \/><\/a><\/p>\n<p>Nh\u00e0 l\u1ec1u cho b\u00e9 ti\u1ec7n d\u1ee5ng, m\u1eb9 c\u00f3 th\u1ec3 cho b\u00e9 \u0103n, ch\u01a1i, ng\u1ee7 m\u1ed9t c\u00e1ch an to\u00e0n, \u0111\u1eb7c bi\u1ec7t th\u00edch h\u1ee3p cho c\u00e1c bu\u1ed5i d\u00e3 ngo\u1ea1i<\/p>\n<p>Xem th\u00eam : <a href=\"http:\/\/shop2.khowebseotop.vn\/do-cho-me-va-be\/do-choi-cho-be\/\">\u0110\u1ed3 ch\u01a1i cho b\u00e9<\/a><\/p>\n","protected":false},"excerpt":{"rendered":"<ul>\n<li>Thi\u1ebft k\u1ebf xinh x\u1eafn m\u00f4 ph\u1ecfng nh\u1eefng t\u00f2a l\u00e2u \u0111\u00e0i tr\u00e1ng l\u1ec7 trong c\u00e2u chuy\u1ec7n c\u1ed5 t\u00edch<\/li>\n<li>Ch\u1ea5t li\u1ec7u v\u1ea3i cao c\u1ea5p v\u00e0 khung th\u00e9p d\u1ebbo b\u1ec1n ch\u1eafc c\u00f3 \u0111\u1ed9 \u0111\u00e0i h\u1ed3i cao.<\/li>\n<li>L\u1ec1u c\u00f3 k\u00edch th\u01b0\u1edbc r\u1ed9ng r\u00e3i cho nhi\u1ec1u b\u00e9 c\u00f9ng ch\u01a1i<\/li>\n<li>Mang \u0111\u1ebfn kh\u00f4ng gian vui ch\u01a1i an to\u00e0n &amp; ph\u00e1t tri\u1ec3n tr\u00ed t\u01b0\u1edfng t\u01b0\u1ee3ng cho b\u00e9.<\/li>\n<li>\u0110\u1ed3 ch\u01a1i tr\u1ebb em L\u1ec1u c\u00f3 th\u1ec3 g\u1ea5p nh\u1ecf l\u1ea1i \u0111\u1ec3 g\u1ecdn trong t\u00fai d\u1ef1ng k\u00e8m theo r\u1ea5t ti\u1ec7n l\u1ee3i khi c\u1ea5t gi\u1eef hay v\u1eadn chuy\u1ec3n.<\/li>\n<li>L\u1ec1u c\u00f4ng ch\u00faa ho\u00e0ng t\u1eed cho b\u00e9 c\u00f3 2 m\u00e0u s\u1eafc kh\u00e1c nhau th\u00edch h\u1ee3p v\u1edbi c\u1ea3 b\u00e9 trai v\u00e0 b\u00e9 g\u00e1i<\/li>\n<\/ul>\n","protected":false},"featured_media":1394,"comment_status":"open","ping_status":"closed","template":"","meta":[],"_links":{"self":[{"href":"https:\/\/renren.vn\/w\/bachhoa12011\/wp-json\/wp\/v2\/product\/1409"}],"collection":[{"href":"https:\/\/renren.vn\/w\/bachhoa12011\/wp-json\/wp\/v2\/product"}],"about":[{"href":"https:\/\/renren.vn\/w\/bachhoa12011\/wp-json\/wp\/v2\/types\/product"}],"replies":[{"embeddable":true,"href":"https:\/\/renren.vn\/w\/bachhoa12011\/wp-json\/wp\/v2\/comments?post=1409"}],"wp:featuredmedia":[{"embeddable":true,"href":"https:\/\/renren.vn\/w\/bachhoa12011\/wp-json\/wp\/v2\/media\/1394"}],"wp:attachment":[{"href":"https:\/\/renren.vn\/w\/bachhoa12011\/wp-json\/wp\/v2\/media?parent=1409"}],"curies":[{"name":"wp","href":"https:\/\/api.w.org\/{rel}","templated":true}]}}