{"id":1408,"date":"2018-12-06T15:45:19","date_gmt":"2018-12-06T08:45:19","guid":{"rendered":"http:\/\/shop2.khowebseotop.vn\/?post_type=product&#038;p=1408"},"modified":"2018-12-06T15:45:19","modified_gmt":"2018-12-06T08:45:19","slug":"do-choi-ke-chu-a-co-nhac-cho-be-2821","status":"publish","type":"product","link":"https:\/\/renren.vn\/w\/bachhoa12011\/san-pham\/do-choi-ke-chu-a-co-nhac-cho-be-2821\/","title":{"rendered":"\u0110\u1ed3 ch\u01a1i k\u1ec7 ch\u1eef A c\u00f3 nh\u1ea1c cho b\u00e9 2821"},"content":{"rendered":"<h2>\u0110\u1ed3 ch\u01a1i k\u1ec7 ch\u1eef A c\u00f3 nh\u1ea1c cho b\u00e9 2821<\/h2>\n<p>Vi\u1ec7c luy\u1ec7n t\u1eadp cho b\u00e9 kh\u00e1m ph\u00e1 th\u1ebf gi\u1edbi xung quanh ngay t\u1eeb nh\u1ecf l\u00e0 r\u1ea5t c\u1ea7n thi\u1ebft b\u1edfi l\u1ebd t\u1eeb 2 th\u00e1ng tu\u1ed5i b\u00e9 \u0111\u00e3 b\u1eaft \u0111\u1ea7u bi\u1ebft nghe nh\u00ecn theo nh\u1eefng t\u00edn hi\u1ec7u v\u00e0 h\u00ecnh \u1ea3nh m\u00e0 b\u00e9 th\u1ea5y, c\u1ea3m nh\u1eadn \u0111\u01b0\u1ee3c. <em><strong>\u0110\u1ed3 ch\u01a1i k\u1ec7 ch\u1eef A c\u00f3 nh\u1ea1c cho b\u00e9 2821<\/strong><\/em> l\u00e0 \u0111\u1ed3 d\u00f9ng \u0111a ch\u1ee9c n\u0103ng c\u00f3 th\u1ec3 s\u1eed d\u1ee5ng trong nhi\u1ec1u giai \u0111o\u1ea1n ph\u00e1t tri\u1ec3n c\u1ee7a tr\u1ebb, gi\u00fap c\u00e1c b\u00e9 ph\u00e1t tri\u1ec3n to\u00e0n di\u1ec7n ngay t\u1eeb khi c\u00f2n nh\u1ecf.<\/p>\n<p><a href=\"http:\/\/shop2.khowebseotop.vn\/wp-content\/uploads\/2018\/12\/do-choi-ke-chu-a-co-nhac-cho-be-1.jpg\"><img loading=\"lazy\" class=\"alignnone size-full wp-image-1385\" src=\"http:\/\/shop2.khowebseotop.vn\/wp-content\/uploads\/2018\/12\/do-choi-ke-chu-a-co-nhac-cho-be-1.jpg\" alt=\"\u0110\u1ed3 ch\u01a1i k\u1ec7 ch\u1eef A c\u00f3 nh\u1ea1c cho b\u00e9 2821\" width=\"600\" height=\"600\" srcset=\"https:\/\/renren.vn\/w\/bachhoa12011\/wp-content\/uploads\/2018\/12\/do-choi-ke-chu-a-co-nhac-cho-be-1.jpg 600w, https:\/\/renren.vn\/w\/bachhoa12011\/wp-content\/uploads\/2018\/12\/do-choi-ke-chu-a-co-nhac-cho-be-1-510x510.jpg 510w, https:\/\/renren.vn\/w\/bachhoa12011\/wp-content\/uploads\/2018\/12\/do-choi-ke-chu-a-co-nhac-cho-be-1-150x150.jpg 150w, https:\/\/renren.vn\/w\/bachhoa12011\/wp-content\/uploads\/2018\/12\/do-choi-ke-chu-a-co-nhac-cho-be-1-300x300.jpg 300w, https:\/\/renren.vn\/w\/bachhoa12011\/wp-content\/uploads\/2018\/12\/do-choi-ke-chu-a-co-nhac-cho-be-1-100x100.jpg 100w\" sizes=\"(max-width: 600px) 100vw, 600px\" \/><\/a><\/p>\n<p><strong>K\u1ec7 ch\u1eef A c\u00f3 nh\u1ea1c cho b\u00e9<\/strong> l\u00e0 s\u1ea3n ph\u1ea9m h\u1eefu \u00edch gi\u00fap b\u00e9 ph\u00e1t tri\u1ec3n kh\u1ea3 n\u0103ng t\u1eadp trung v\u00e0 ph\u00e2n bi\u1ec7t m\u00e0u s\u1eafc. H\u01a1n n\u1eefa k\u1ec7 ch\u1eef A c\u0169ng gi\u00fap cho c\u00e1c b\u00e9 t\u0103ng kh\u1ea3 n\u0103ng ph\u00e1n \u0111o\u00e1n, ph\u1ea3n x\u1ea1 khi c\u1ed1 ch\u1ea1m v\u00e0o nh\u1eefng \u0111\u1ed3 ch\u01a1i c\u00f3 m\u00e0u s\u1eafc b\u1eaft m\u1eaft treo tr\u00ean k\u1ec7.<\/p>\n<p><a href=\"http:\/\/shop2.khowebseotop.vn\/wp-content\/uploads\/2018\/12\/do-choi-ke-chu-a-co-nhac-cho-be-2.jpg\"><img loading=\"lazy\" class=\"alignnone size-full wp-image-1386\" src=\"http:\/\/shop2.khowebseotop.vn\/wp-content\/uploads\/2018\/12\/do-choi-ke-chu-a-co-nhac-cho-be-2.jpg\" alt=\"B\u00e1n s\u1ec9 \u0110\u1ed3 ch\u01a1i k\u1ec7 ch\u1eef A c\u00f3 nh\u1ea1c cho b\u00e9 2821\" width=\"600\" height=\"600\" srcset=\"https:\/\/renren.vn\/w\/bachhoa12011\/wp-content\/uploads\/2018\/12\/do-choi-ke-chu-a-co-nhac-cho-be-2.jpg 600w, https:\/\/renren.vn\/w\/bachhoa12011\/wp-content\/uploads\/2018\/12\/do-choi-ke-chu-a-co-nhac-cho-be-2-510x510.jpg 510w, https:\/\/renren.vn\/w\/bachhoa12011\/wp-content\/uploads\/2018\/12\/do-choi-ke-chu-a-co-nhac-cho-be-2-150x150.jpg 150w, https:\/\/renren.vn\/w\/bachhoa12011\/wp-content\/uploads\/2018\/12\/do-choi-ke-chu-a-co-nhac-cho-be-2-300x300.jpg 300w, https:\/\/renren.vn\/w\/bachhoa12011\/wp-content\/uploads\/2018\/12\/do-choi-ke-chu-a-co-nhac-cho-be-2-100x100.jpg 100w\" sizes=\"(max-width: 600px) 100vw, 600px\" \/><\/a><\/p>\n<p><strong>K\u1ec7 ch\u1eef A c\u00f3 nh\u1ea1c \u0111\u01b0\u1ee3c trang tr\u00ed v\u1edbi nhi\u1ec1u m\u00f3n \u0111\u1ed3 ch\u01a1i m\u00e0u s\u1eafc, v\u1edbi thi\u1ebft k\u1ebf ch\u1eef A \u1edf 2 ch\u00e2n k\u1ec7 v\u00e0 m\u1ed9t thanh ngang ch\u1eafc ch\u1eafn v\u00e0 si\u00eau nh\u1eb9, ph\u00f9 h\u1ee3p v\u1edbi c\u00e1c giai \u0111o\u1ea1n ph\u00e1t tri\u1ec3n kh\u00e1c nhau c\u1ee7a b\u00e9, gi\u00fap b\u00e9 v\u1eadn \u0111\u1ed9ng nhi\u1ec1u v\u00e0 t\u1ed1t h\u01a1n:<\/strong><\/p>\n<ul>\n<li>T\u1eeb 2 \u2013 6 th\u00e1ng tu\u1ed5i, b\u00e9 c\u00f3 th\u1ec3 n\u1eb1m v\u00e0 nh\u00ecn theo c\u00e1c con th\u00fa \u0111\u01b0\u1ee3c treo tr\u00ean thanh ngang c\u1ee7a k\u1ec7, gi\u00fap b\u00e9 t\u1eadp v\u1edbi t\u1ed1t h\u01a1n.<\/li>\n<li>T\u1eeb 6 \u2013 9 th\u00e1ng tu\u1ed5i, khi b\u00e9 bi\u1ebft ng\u1ed3i, b\u00e9 c\u00f3 th\u1ec3 t\u1ef1 do s\u1edd n\u1eafm v\u00e0o c\u00e1c m\u00f3n \u0111\u1ed3 x\u00fac x\u1eafc tr\u00ean k\u1ec7. C\u00e1c m\u00f3n \u0111\u1ed3 ch\u01a1i \u0111\u1ec1u \u0111\u01b0\u1ee3c s\u01a1n m\u00e0u kh\u00f4ng c\u00f3 ch\u00ec, c\u00e1c b\u00e9 c\u00f3 th\u1ec3 tho\u1ea3i m\u00e1i ng\u1eadm, c\u1eafn m\u00e0 kh\u00f4ng s\u1ee3 nguy hi\u1ec3m.<\/li>\n<li>T\u1eeb tr\u00ean 9 th\u00e1ng tu\u1ed5i, giai \u0111o\u1ea1n b\u00e9 ch\u1eadp ch\u1eefng v\u00e0 l\u1eabm ch\u1eabm \u0111i, b\u00e9 c\u00f3 th\u1ec3 \u0111\u1ee9ng v\u1ecbn v\u00e0o k\u1ec7 v\u00e0 tho\u1ea3i m\u00e1i ngh\u1ecbch c\u00e1c con th\u00fa m\u00e0u s\u1eafc.<\/li>\n<\/ul>\n<p><a href=\"http:\/\/shop2.khowebseotop.vn\/wp-content\/uploads\/2018\/12\/do-choi-ke-chu-a-co-nhac-cho-be-3.jpg\"><img loading=\"lazy\" class=\"alignnone size-full wp-image-1387\" src=\"http:\/\/shop2.khowebseotop.vn\/wp-content\/uploads\/2018\/12\/do-choi-ke-chu-a-co-nhac-cho-be-3.jpg\" alt=\"B\u00e1n s\u1ec9 \u0110\u1ed3 ch\u01a1i k\u1ec7 ch\u1eef A c\u00f3 nh\u1ea1c cho b\u00e9 2821\" width=\"600\" height=\"600\" srcset=\"https:\/\/renren.vn\/w\/bachhoa12011\/wp-content\/uploads\/2018\/12\/do-choi-ke-chu-a-co-nhac-cho-be-3.jpg 600w, https:\/\/renren.vn\/w\/bachhoa12011\/wp-content\/uploads\/2018\/12\/do-choi-ke-chu-a-co-nhac-cho-be-3-510x510.jpg 510w, https:\/\/renren.vn\/w\/bachhoa12011\/wp-content\/uploads\/2018\/12\/do-choi-ke-chu-a-co-nhac-cho-be-3-150x150.jpg 150w, https:\/\/renren.vn\/w\/bachhoa12011\/wp-content\/uploads\/2018\/12\/do-choi-ke-chu-a-co-nhac-cho-be-3-300x300.jpg 300w, https:\/\/renren.vn\/w\/bachhoa12011\/wp-content\/uploads\/2018\/12\/do-choi-ke-chu-a-co-nhac-cho-be-3-100x100.jpg 100w\" sizes=\"(max-width: 600px) 100vw, 600px\" \/><\/a><\/p>\n<h3>\u0110\u1eb7c \u0111i\u1ec3m n\u1ed5i b\u1eadt c\u1ee7a k\u1ec7 ch\u1eef A c\u00f3 nh\u1ea1c 2821 :<\/h3>\n<ul>\n<li>K\u1ec7 ch\u1eef A con v\u1eb9t n\u00e0y gi\u00fap b\u00e9 ph\u00e1t tri\u1ec3n kh\u1ea3 n\u0103ng nh\u1eadn bi\u1ebft m\u00e0u s\u1eafc, c\u00e1c con v\u1eadt.<\/li>\n<li>S\u1ea3n ph\u1ea9m gi\u00fap b\u00e9 \u0111\u1ecbnh h\u01b0\u1edbng c\u00e1c chuy\u1ec3n \u0111\u1ed9ng th\u00f4ng qua vi\u1ec7c di chuy\u1ec3n c\u00e1c b\u1ea1n nh\u1ecf tr\u00ean k\u1ec7.<\/li>\n<li>Gi\u00fap b\u00e9 k\u1ebft h\u1ee3p c\u00e1c ph\u1ea3n x\u1ea1 c\u1ee7a tay v\u00e0 m\u1eaft linh ho\u1ea1t.<\/li>\n<li>V\u1edbi chi\u1ebfc k\u1ec7 ch\u1eef A cho b\u00e9 n\u00e0y b\u00e9 c\u00f3 th\u1ec3 n\u1eb1m ho\u1eb7c ng\u1ed3i ch\u01a1i 1 m\u00ecnh t\u1ea1o cho b\u00e9 t\u00ednh t\u1ef1 l\u1eadp t\u1eeb r\u1ea5t nh\u1ecf.<\/li>\n<li>V\u1edbi c\u00e1c \u0111\u1ed3 v\u1eadt m\u00e0u s\u1eafc b\u1eaft m\u1eaft \u0111\u01b0\u1ee3c treo l\u01a1 l\u1eedng, b\u00e9 s\u1ebd c\u1ea3m th\u1ea5y th\u00edch th\u00fa v\u00e0 kh\u00f4ng bu\u1ed3n ch\u00e1n khi n\u1eb1m ch\u01a1i m\u1ed9t m\u00ecnh.<\/li>\n<li>C\u00f3 th\u1ec3 th\u00e1o r\u1eddi khi kh\u00f4ng s\u1eed d\u1ee5ng, ti\u1ebft ki\u1ec7m kh\u00f4ng gian cho ng\u00f4i nh\u00e0 c\u1ee7a b\u1ea1n.<\/li>\n<\/ul>\n<p><a href=\"http:\/\/shop2.khowebseotop.vn\/wp-content\/uploads\/2018\/12\/do-choi-ke-chu-a-co-nhac-cho-be-4.jpg\"><img loading=\"lazy\" class=\"alignnone size-full wp-image-1388\" src=\"http:\/\/shop2.khowebseotop.vn\/wp-content\/uploads\/2018\/12\/do-choi-ke-chu-a-co-nhac-cho-be-4.jpg\" alt=\"B\u00e1n bu\u00f4n \u0110\u1ed3 ch\u01a1i k\u1ec7 ch\u1eef A c\u00f3 nh\u1ea1c cho b\u00e9 2821\" width=\"600\" height=\"600\" srcset=\"https:\/\/renren.vn\/w\/bachhoa12011\/wp-content\/uploads\/2018\/12\/do-choi-ke-chu-a-co-nhac-cho-be-4.jpg 600w, https:\/\/renren.vn\/w\/bachhoa12011\/wp-content\/uploads\/2018\/12\/do-choi-ke-chu-a-co-nhac-cho-be-4-510x510.jpg 510w, https:\/\/renren.vn\/w\/bachhoa12011\/wp-content\/uploads\/2018\/12\/do-choi-ke-chu-a-co-nhac-cho-be-4-150x150.jpg 150w, https:\/\/renren.vn\/w\/bachhoa12011\/wp-content\/uploads\/2018\/12\/do-choi-ke-chu-a-co-nhac-cho-be-4-300x300.jpg 300w, https:\/\/renren.vn\/w\/bachhoa12011\/wp-content\/uploads\/2018\/12\/do-choi-ke-chu-a-co-nhac-cho-be-4-100x100.jpg 100w\" sizes=\"(max-width: 600px) 100vw, 600px\" \/><\/a><\/p>\n<p><strong>Th\u00f4ng tin s\u1ea3n ph\u1ea9m :<\/strong><\/p>\n<p>\u2013 S\u1ea3n xu\u1ea5t t\u1ea1i: Trung Qu\u1ed1c<br \/>\n\u2013 \u0110\u1ed9 tu\u1ed5i: 3 th\u00e1ng tu\u1ed5i tr\u1edf l\u00ean<br \/>\n\u2013 K\u00edch th\u01b0\u1edbc: (D x R x C cm): 64 x 53 x 57<br \/>\n\u2013 Tr\u1ecdng l\u01b0\u1ee3ng: 1,2kg<\/p>\n<p><strong>C\u1ea6N L\u01afU \u00dd G\u00cc KHI S\u1eec D\u1ee4NG K\u1ec6 CH\u1eee A \u0110A N\u0102NG 2821 CHO B\u00c9<\/strong><\/p>\n<p>&#8211; M\u1eb9 n\u00ean th\u01b0\u1eddng xuy\u00ean \u0111\u1ed5i ch\u1ed7 ho\u1eb7c thay c\u00e1c m\u00f3n \u0111\u1ed3 ch\u01a1i kh\u00e1c nhau v\u00e0o k\u1ec7 cho b\u00e9, gi\u00fap b\u00e9 t\u0103ng c\u01b0\u1eddng nh\u1eadn th\u1ee9c v\u00e0 ph\u00e1t tri\u1ec3n t\u1ed1t h\u01a1n.<br \/>\n&#8211; V\u1ec7 sinh c\u00e1c m\u00f3n \u0111\u1ed3 ch\u01a1i th\u01b0\u1eddng xuy\u00ean n\u1ebfu b\u00e9 th\u00edch ng\u1eadm hay c\u1ea7m n\u1eafm v\u1edbi Dung d\u1ecbch v\u1ec7 sinh b\u00ecnh s\u1eefa.<br \/>\n&#8211; K\u1ec7 c\u00f3 th\u1ec3 d\u1ec5 d\u00e0ng th\u00e1o d\u1eddi v\u00e0 g\u1ea5p g\u1ecdn, ti\u1ec7n l\u1ee3i cho di chuy\u1ec3n v\u00e0 c\u1ea5t gi\u1eef.<\/p>\n<p><strong>Xem th\u00eam : <a href=\"http:\/\/shop2.khowebseotop.vn\/do-cho-me-va-be\/do-choi-cho-be\/\">\u0110\u1ed3 ch\u01a1i cho b\u00e9<\/a><\/strong><\/p>\n","protected":false},"excerpt":{"rendered":"<ul>\n<li>K\u1ec7 ch\u1eef A con v\u1eb9t n\u00e0y gi\u00fap b\u00e9 ph\u00e1t tri\u1ec3n kh\u1ea3 n\u0103ng nh\u1eadn bi\u1ebft m\u00e0u s\u1eafc, c\u00e1c con v\u1eadt.<\/li>\n<li>S\u1ea3n ph\u1ea9m gi\u00fap b\u00e9 \u0111\u1ecbnh h\u01b0\u1edbng c\u00e1c chuy\u1ec3n \u0111\u1ed9ng th\u00f4ng qua vi\u1ec7c di chuy\u1ec3n c\u00e1c b\u1ea1n nh\u1ecf tr\u00ean k\u1ec7.<\/li>\n<li>Gi\u00fap b\u00e9 k\u1ebft h\u1ee3p c\u00e1c ph\u1ea3n x\u1ea1 c\u1ee7a tay v\u00e0 m\u1eaft linh ho\u1ea1t.<\/li>\n<li>V\u1edbi chi\u1ebfc k\u1ec7 ch\u1eef A cho b\u00e9 n\u00e0y b\u00e9 c\u00f3 th\u1ec3 n\u1eb1m ho\u1eb7c ng\u1ed3i ch\u01a1i 1 m\u00ecnh t\u1ea1o cho b\u00e9 t\u00ednh t\u1ef1 l\u1eadp t\u1eeb r\u1ea5t nh\u1ecf.<\/li>\n<li>V\u1edbi c\u00e1c \u0111\u1ed3 v\u1eadt m\u00e0u s\u1eafc b\u1eaft m\u1eaft \u0111\u01b0\u1ee3c treo l\u01a1 l\u1eedng, b\u00e9 s\u1ebd c\u1ea3m th\u1ea5y th\u00edch th\u00fa v\u00e0 kh\u00f4ng bu\u1ed3n ch\u00e1n khi n\u1eb1m ch\u01a1i m\u1ed9t m\u00ecnh.<\/li>\n<li>C\u00f3 th\u1ec3 th\u00e1o r\u1eddi khi kh\u00f4ng s\u1eed d\u1ee5ng, ti\u1ebft ki\u1ec7m kh\u00f4ng gian cho ng\u00f4i nh\u00e0 c\u1ee7a b\u1ea1n.<\/li>\n<\/ul>\n","protected":false},"featured_media":1385,"comment_status":"open","ping_status":"closed","template":"","meta":[],"_links":{"self":[{"href":"https:\/\/renren.vn\/w\/bachhoa12011\/wp-json\/wp\/v2\/product\/1408"}],"collection":[{"href":"https:\/\/renren.vn\/w\/bachhoa12011\/wp-json\/wp\/v2\/product"}],"about":[{"href":"https:\/\/renren.vn\/w\/bachhoa12011\/wp-json\/wp\/v2\/types\/product"}],"replies":[{"embeddable":true,"href":"https:\/\/renren.vn\/w\/bachhoa12011\/wp-json\/wp\/v2\/comments?post=1408"}],"wp:featuredmedia":[{"embeddable":true,"href":"https:\/\/renren.vn\/w\/bachhoa12011\/wp-json\/wp\/v2\/media\/1385"}],"wp:attachment":[{"href":"https:\/\/renren.vn\/w\/bachhoa12011\/wp-json\/wp\/v2\/media?parent=1408"}],"curies":[{"name":"wp","href":"https:\/\/api.w.org\/{rel}","templated":true}]}}