{"id":1334,"date":"2018-12-06T14:36:49","date_gmt":"2018-12-06T07:36:49","guid":{"rendered":"http:\/\/shop2.khowebseotop.vn\/?post_type=product&#038;p=1334"},"modified":"2018-12-06T14:45:18","modified_gmt":"2018-12-06T07:45:18","slug":"max-sport-con-lan-tap-co-bung-4-banh-cao-cap","status":"publish","type":"product","link":"https:\/\/renren.vn\/w\/bachhoa12011\/san-pham\/max-sport-con-lan-tap-co-bung-4-banh-cao-cap\/","title":{"rendered":"Max Sport &#8211; Con l\u0103n t\u1eadp c\u01a1 b\u1ee5ng 4 b\u00e1nh cao c\u1ea5p"},"content":{"rendered":"<h2>Max Sport &#8211; Con l\u0103n t\u1eadp c\u01a1 b\u1ee5ng 4 b\u00e1nh cao c\u1ea5p<\/h2>\n<p>Luy\u1ec7n t\u1eadp th\u1ec3 d\u1ee5c th\u01b0\u1eddng xuy\u00ean gi\u00fap kh\u00ed huy\u1ebft l\u01b0u th\u00f4ng, c\u01a1 th\u1ec3 kh\u1ecfe m\u1ea1nh v\u00e0 t\u00e2m tr\u1ea1ng vui v\u1ebb. M\u1ed7i ng\u01b0\u1eddi c\u1ea7n t\u1eadp th\u1ec3 d\u1ee5c \u00edt nh\u1ea5t 30 ph\u00fat m\u1ed7i ng\u00e0y. M\u1ed7i l\u1ee9a tu\u1ed5i v\u00e0 \u0111\u1ed1i t\u01b0\u1ee3ng kh\u00e1c nhau n\u00ean ch\u1ecdn m\u00f4n th\u1ec3 thao ph\u00f9 h\u1ee3p v\u1edbi s\u1edf th\u00edch v\u00e0 kh\u1ea3 n\u0103ng c\u1ee7a m\u00ecnh.<\/p>\n<p>B\u1ea1n mong mu\u1ed1n gi\u1ea3m c\u00e2n, t\u0103ng c\u00e2n hay r\u00e8n luy\u1ec7n s\u1ef1 d\u1ebbo dai \u0111\u1ec1u c\u00f3 th\u1ec3 th\u1ef1c hi\u1ec7n khi luy\u1ec7n t\u1eadp v\u1edbi nh\u1eefng d\u1ee5ng c\u1ee5 h\u1ed7 tr\u1ee3 chuy\u00ean nghi\u1ec7p v\u00e0 ph\u00f9 h\u1ee3p. <em><strong>Con l\u0103n t\u1eadp c\u01a1 b\u1ee5ng 4 b\u00e1nh<\/strong><\/em> l\u00e0 d\u1ee5ng c\u1ee5 gi\u00fap b\u1ea1n th\u1ef1c hi\u1ec7n \u01b0\u1edbc m\u01a1 c\u01a1 b\u1ee5ng 6 m\u00fai, th\u00fac \u0111\u1ea9y qu\u00e1 tr\u00ecnh gi\u1ea3m m\u1ee1 v\u00e0 h\u00ecnh th\u00e0nh c\u00e1c c\u01a1 nhanh ch\u00f3ng.<\/p>\n<p><a href=\"http:\/\/shop2.khowebseotop.vn\/wp-content\/uploads\/2018\/12\/Con-lan-tap-co-bung-4-banh-2.jpg\"><img loading=\"lazy\" class=\"alignnone size-full wp-image-1208\" src=\"http:\/\/shop2.khowebseotop.vn\/wp-content\/uploads\/2018\/12\/Con-lan-tap-co-bung-4-banh-2.jpg\" alt=\"Con l\u0103n t\u1eadp c\u01a1 b\u1ee5ng 4 b\u00e1nh cao c\u1ea5p\" width=\"600\" height=\"600\" srcset=\"https:\/\/renren.vn\/w\/bachhoa12011\/wp-content\/uploads\/2018\/12\/Con-lan-tap-co-bung-4-banh-2.jpg 600w, https:\/\/renren.vn\/w\/bachhoa12011\/wp-content\/uploads\/2018\/12\/Con-lan-tap-co-bung-4-banh-2-510x510.jpg 510w, https:\/\/renren.vn\/w\/bachhoa12011\/wp-content\/uploads\/2018\/12\/Con-lan-tap-co-bung-4-banh-2-150x150.jpg 150w, https:\/\/renren.vn\/w\/bachhoa12011\/wp-content\/uploads\/2018\/12\/Con-lan-tap-co-bung-4-banh-2-300x300.jpg 300w, https:\/\/renren.vn\/w\/bachhoa12011\/wp-content\/uploads\/2018\/12\/Con-lan-tap-co-bung-4-banh-2-100x100.jpg 100w\" sizes=\"(max-width: 600px) 100vw, 600px\" \/><\/a><\/p>\n<p><strong>Con l\u0103n t\u1eadp c\u01a1 b\u1ee5ng 4 b\u00e1nh<\/strong> \u0111\u01b0\u1ee3c thi\u1ebft k\u1ebf theo c\u01a1 ch\u1ebf ch\u1ed1ng \u0111\u1ea9y l\u00e0m s\u0103n ch\u1eafc c\u01a1 b\u1ee5ng, gi\u00fap gi\u1ea3m c\u00e2n \u0111\u1eb9p d\u00e1ng m\u1ed9t c\u00e1ch hi\u1ec7u qu\u1ea3 ngay t\u1ea1i nh\u00e0. S\u1ea3n ph\u1ea9m c\u1ea5u t\u1ea1o kh\u00e1 \u0111\u01a1n gi\u1ea3n, g\u1ecdn nh\u1eb9 v\u00e0 d\u1ec5 d\u00e0ng s\u1eed d\u1ee5ng. 4 b\u00e1nh xe ch\u1eafc ch\u1eafn, c\u00e2n b\u1eb1ng \u0111\u01b0\u1ee3c li\u00ean k\u1ebft v\u1edbi nhau b\u1edfi khung ch\u1ecbu l\u1ef1c cao c\u1ea5p. C\u1ea5u t\u1ea1o \u0111\u01a1n gi\u1ea3n nh\u01b0ng \u0111a n\u0103ng, c\u00f3 th\u1ec3 t\u1eadp cho nhi\u1ec1u b\u1ed9 ph\u1eadn c\u01a1 th\u1ec3: b\u1ee5ng, eo, tay, \u0111\u00f9i, l\u01b0ng. Ph\u00f9 h\u1ee3p cho t\u1ea5t c\u1ea3 m\u1ecdi \u0111\u1ed1i t\u01b0\u1ee3ng s\u1eed d\u1ee5ng.<\/p>\n<p><a href=\"http:\/\/shop2.khowebseotop.vn\/wp-content\/uploads\/2018\/12\/Con-lan-tap-co-bung-4-banh-3.jpg\"><img loading=\"lazy\" class=\"alignnone size-full wp-image-1209\" src=\"http:\/\/shop2.khowebseotop.vn\/wp-content\/uploads\/2018\/12\/Con-lan-tap-co-bung-4-banh-3.jpg\" alt=\"Con l\u0103n t\u1eadp c\u01a1 b\u1ee5ng 4 b\u00e1nh cao c\u1ea5p\" width=\"600\" height=\"780\" srcset=\"https:\/\/renren.vn\/w\/bachhoa12011\/wp-content\/uploads\/2018\/12\/Con-lan-tap-co-bung-4-banh-3.jpg 600w, https:\/\/renren.vn\/w\/bachhoa12011\/wp-content\/uploads\/2018\/12\/Con-lan-tap-co-bung-4-banh-3-510x663.jpg 510w, https:\/\/renren.vn\/w\/bachhoa12011\/wp-content\/uploads\/2018\/12\/Con-lan-tap-co-bung-4-banh-3-231x300.jpg 231w\" sizes=\"(max-width: 600px) 100vw, 600px\" \/><\/a><\/p>\n<p><strong>\u0110\u1eb7c \u0111i\u1ec3m n\u1ed5i b\u1eadt c\u1ee7a con l\u0103n t\u1eadp c\u01a1 b\u1ee5ng 4 b\u00e1nh :<\/strong><\/p>\n<p>\u2013 \u0110\u01b0\u1ee3c thi\u1ebft k\u1ebf theo c\u01a1 ch\u1ebf ch\u1ed1ng \u0111\u1ea9y c\u0103ng c\u01a1 b\u1ee5ng v\u1edbi tay c\u1ea7m ch\u1eafc ch\u1eafn.<br \/>\n\u2013 B\u00ean trong m\u00e1y t\u1eadp \u0111\u01b0\u1ee3c l\u00e0m b\u1eb1ng ch\u1ea5t li\u1ec7u PU cao c\u1ea5p gi\u00fap b\u1ea1n ho\u00e0n to\u00e0n y\u00ean t\u00e2m m\u1ed7i khi luy\u1ec7n t\u1eadp.<br \/>\n\u2013 Tay n\u1eafm \u0111\u01b0\u1ee3c thi\u1ebft k\u1ebf b\u1eb1ng th\u00e9p inox b\u1ecdc m\u00fat cao c\u00e2p ch\u1ed1ng tr\u01a1n tr\u01b0\u1ee3t.<br \/>\n\u2013 B\u00e1nh \u0111\u01b0\u1ee3c l\u00e0m li\u00ean k\u1ebft v\u1edbi v\u00f2ng bi b\u00ean trong l\u00e0m t\u0103ng \u0111\u1ed9 b\u1ec1n c\u1ee7a s\u1ea3n ph\u1ea9m khi t\u1eadp kh\u00f4ng b\u1ecb ch\u1ec7ch b\u00e1nh ho\u1eb7c g\u1eaby.<br \/>\n\u2013 Thi\u1ebft k\u1ebf v\u1edbi 4 b\u00e1nh xe ch\u1eafc ch\u1eafn, h\u1ec7 th\u1ed1ng khung ch\u1ecbu l\u1ef1c nh\u1ecf nh\u01b0ng c\u1ef1c k\u1ef3 ch\u1eafc ch\u1eafn.<br \/>\n\u2013 S\u1ea3n ph\u1ea9m c\u1ea5u t\u1ea1o kh\u00e1 \u0111\u01a1n gi\u1ea3n, g\u1ecdn nh\u1eb9 v\u00e0 d\u1ec5 s\u1eed d\u1ee5ng.<br \/>\n\u2013 V\u1edbi nhi\u1ec1u t\u01b0 th\u1ebf t\u1eadp gi\u00fap mang l\u1ea1i cho ng\u01b0\u1eddi s\u1eed d\u1ee5ng th\u00e2n h\u00ecnh thon g\u1ecdn, c\u01a1 b\u1ee5ng s\u0103n ch\u1eafc, s\u1ee9c kh\u1ecfe d\u1ebbo dai.<\/p>\n<p><a href=\"http:\/\/shop2.khowebseotop.vn\/wp-content\/uploads\/2018\/12\/Con-lan-tap-co-bung-4-banh-4.jpg\"><img loading=\"lazy\" class=\"alignnone size-full wp-image-1210\" src=\"http:\/\/shop2.khowebseotop.vn\/wp-content\/uploads\/2018\/12\/Con-lan-tap-co-bung-4-banh-4.jpg\" alt=\"B\u00e1n s\u1ec9 Con l\u0103n t\u1eadp c\u01a1 b\u1ee5ng 4 b\u00e1nh cao c\u1ea5p\" width=\"600\" height=\"592\" srcset=\"https:\/\/renren.vn\/w\/bachhoa12011\/wp-content\/uploads\/2018\/12\/Con-lan-tap-co-bung-4-banh-4.jpg 600w, https:\/\/renren.vn\/w\/bachhoa12011\/wp-content\/uploads\/2018\/12\/Con-lan-tap-co-bung-4-banh-4-510x503.jpg 510w, https:\/\/renren.vn\/w\/bachhoa12011\/wp-content\/uploads\/2018\/12\/Con-lan-tap-co-bung-4-banh-4-300x296.jpg 300w, https:\/\/renren.vn\/w\/bachhoa12011\/wp-content\/uploads\/2018\/12\/Con-lan-tap-co-bung-4-banh-4-100x100.jpg 100w\" sizes=\"(max-width: 600px) 100vw, 600px\" \/><\/a><\/p>\n<p><strong>Th\u00f4ng tin s\u1ea3n ph\u1ea9m :<\/strong><\/p>\n<p>&#8211; K\u00edch th\u01b0\u1edbc : Tay c\u1ea7m 23 cm x B\u00e1nh xe tr\u01b0\u1edbc 11 cm x B\u00e1nh xe sau 17 cm<br \/>\n&#8211; Ch\u1ea5t li\u1ec7u: Nh\u1ef1a PU, PVC cao c\u1ea5p, tay c\u1ea7m l\u00e0m b\u1eb1ng Inox b\u1ecdc m\u00fat cao su.<br \/>\n&#8211; K\u00e8m theo b\u1ed9 d\u1ee5ng c\u1ee5 b\u00e1nh xe t\u1eadp th\u1ec3 d\u1ee5c l\u00e0 m\u1ed9t th\u1ea3m t\u1eadp mini \u0111\u1ec3 l\u00f3t \u0111\u1ea7u g\u1ed1i r\u1ea5t ti\u1ec7n l\u1ee3i khi t\u1eadp luy\u1ec7n.<\/p>\n<p><a href=\"http:\/\/shop2.khowebseotop.vn\/wp-content\/uploads\/2018\/12\/Con-lan-tap-co-bung-4-banh-5.jpg\"><img loading=\"lazy\" class=\"alignnone size-full wp-image-1211\" src=\"http:\/\/shop2.khowebseotop.vn\/wp-content\/uploads\/2018\/12\/Con-lan-tap-co-bung-4-banh-5.jpg\" alt=\"B\u00e1n s\u1ec9 Con l\u0103n t\u1eadp c\u01a1 b\u1ee5ng 4 b\u00e1nh cao c\u1ea5p\" width=\"600\" height=\"599\" srcset=\"https:\/\/renren.vn\/w\/bachhoa12011\/wp-content\/uploads\/2018\/12\/Con-lan-tap-co-bung-4-banh-5.jpg 600w, https:\/\/renren.vn\/w\/bachhoa12011\/wp-content\/uploads\/2018\/12\/Con-lan-tap-co-bung-4-banh-5-510x509.jpg 510w, https:\/\/renren.vn\/w\/bachhoa12011\/wp-content\/uploads\/2018\/12\/Con-lan-tap-co-bung-4-banh-5-150x150.jpg 150w, https:\/\/renren.vn\/w\/bachhoa12011\/wp-content\/uploads\/2018\/12\/Con-lan-tap-co-bung-4-banh-5-300x300.jpg 300w, https:\/\/renren.vn\/w\/bachhoa12011\/wp-content\/uploads\/2018\/12\/Con-lan-tap-co-bung-4-banh-5-100x100.jpg 100w\" sizes=\"(max-width: 600px) 100vw, 600px\" \/><\/a><\/p>\n<p><a href=\"http:\/\/shop2.khowebseotop.vn\/wp-content\/uploads\/2018\/12\/Con-lan-tap-co-bung-4-banh-6.jpg\"><img loading=\"lazy\" class=\"alignnone size-full wp-image-1212\" src=\"http:\/\/shop2.khowebseotop.vn\/wp-content\/uploads\/2018\/12\/Con-lan-tap-co-bung-4-banh-6.jpg\" alt=\"B\u00e1n bu\u00f4n Con l\u0103n t\u1eadp c\u01a1 b\u1ee5ng 4 b\u00e1nh cao c\u1ea5p\" width=\"600\" height=\"589\" srcset=\"https:\/\/renren.vn\/w\/bachhoa12011\/wp-content\/uploads\/2018\/12\/Con-lan-tap-co-bung-4-banh-6.jpg 600w, https:\/\/renren.vn\/w\/bachhoa12011\/wp-content\/uploads\/2018\/12\/Con-lan-tap-co-bung-4-banh-6-510x501.jpg 510w, https:\/\/renren.vn\/w\/bachhoa12011\/wp-content\/uploads\/2018\/12\/Con-lan-tap-co-bung-4-banh-6-300x295.jpg 300w\" sizes=\"(max-width: 600px) 100vw, 600px\" \/><\/a><\/p>\n<p><a href=\"http:\/\/shop2.khowebseotop.vn\/wp-content\/uploads\/2018\/12\/Con-lan-tap-co-bung-4-banh-1.jpg\"><img loading=\"lazy\" class=\"alignnone size-full wp-image-1207\" src=\"http:\/\/shop2.khowebseotop.vn\/wp-content\/uploads\/2018\/12\/Con-lan-tap-co-bung-4-banh-1.jpg\" alt=\"B\u00e1n bu\u00f4n Con l\u0103n t\u1eadp c\u01a1 b\u1ee5ng 4 b\u00e1nh cao c\u1ea5p\" width=\"600\" height=\"600\" srcset=\"https:\/\/renren.vn\/w\/bachhoa12011\/wp-content\/uploads\/2018\/12\/Con-lan-tap-co-bung-4-banh-1.jpg 600w, https:\/\/renren.vn\/w\/bachhoa12011\/wp-content\/uploads\/2018\/12\/Con-lan-tap-co-bung-4-banh-1-510x510.jpg 510w, https:\/\/renren.vn\/w\/bachhoa12011\/wp-content\/uploads\/2018\/12\/Con-lan-tap-co-bung-4-banh-1-150x150.jpg 150w, https:\/\/renren.vn\/w\/bachhoa12011\/wp-content\/uploads\/2018\/12\/Con-lan-tap-co-bung-4-banh-1-300x300.jpg 300w, https:\/\/renren.vn\/w\/bachhoa12011\/wp-content\/uploads\/2018\/12\/Con-lan-tap-co-bung-4-banh-1-100x100.jpg 100w\" sizes=\"(max-width: 600px) 100vw, 600px\" \/><\/a><\/p>\n<h4>H\u01b0\u1edbng d\u1eabn t\u1eadp luy\u1ec7n v\u1edbi Con l\u0103n t\u1eadp b\u1ee5ng 4 b\u00e1nh :<\/h4>\n<p>\u2013 Qu\u1ef3 g\u1ed1i l\u00ean t\u1ea5m th\u1ea3m, \u0111\u1eb7t hai tay l\u00ean Con l\u0103n t\u1eadp b\u1ee5ng<br \/>\n\u2013 D\u00f9ng l\u1ef1c tr\u01b0\u1ee3t con l\u0103n l\u00ean ph\u00eda tr\u01b0\u1edbc sao cho c\u0103ng h\u1ebft th\u00e2n ng\u01b0\u1eddi<br \/>\n\u2013 K\u00e9o con l\u0103n v\u1ec1 g\u1ea7n v\u1edbi th\u00e2n ng\u01b0\u1eddi<br \/>\n\u2013 L\u1ea7n l\u01b0\u1ee3t th\u1ef1c hi\u1ec7n \u0111\u1ed9ng t\u00e1c n\u00e0y trong 10 ph\u00fat, l\u1eb7p l\u1ea1i m\u1ed7i ng\u00e0y, b\u1ea1n s\u1ebd s\u1edbm \u0111\u00e1nh b\u1ea1i \u0111\u01b0\u1ee3c l\u1edbp m\u1ee1 th\u1eeba c\u00f3 \u0111\u01b0\u1ee3c v\u00f2ng eo s\u0103n ch\u1eafc, c\u00e1c c\u01a1 vai, tay, li\u00ean s\u01b0\u1eddn s\u1ebd ph\u00e1t tri\u1ec3n r\u00f5 r\u1ec7t.<br \/>\n\u2013 \u0110\u1eb7c bi\u1ec7t, \u0111\u1ed1i v\u1edbi c\u00e1c b\u1ea1n n\u1eef, t\u1eadp luy\u1ec7n v\u1edbi con l\u0103n t\u1eadp b\u1ee5ng m\u1ed7i ng\u00e0y s\u1ebd gi\u00fap v\u00f2ng 1 v\u00e0 3 n\u1edf nang h\u01a1n. N\u00ean s\u1eed d\u1ee5ng th\u01b0\u1eddng xuy\u00ean \u0111\u1ec3 \u0111\u1eb7t \u0111\u01b0\u1ee3c k\u1ebft qu\u1ea3 t\u1ed1t nh\u1ea5t.\u200b<\/p>\n<p>Li\u00ean h\u1ec7 ngay v\u1edbi Vua ti\u1ec7n \u00edch \u0111\u1ec3 s\u1edf h\u1eefu cho m\u00ecnh s\u1ea3n ph\u1ea9m t\u1eadp c\u01a1 b\u1ee5ng t\u1ea1i nh\u00e0 \u0111\u1ed9c \u0111\u00e1o n\u00e0y nh\u00e9 .<\/p>\n<p><strong>Tham kh\u1ea3o th\u00eam :<\/strong><\/p>\n<p><strong><a href=\"http:\/\/shop2.khowebseotop.vn\/con-lan-tap-co-bung-gym-roller-the-he-moi\/\">Con l\u0103n t\u1eadp c\u01a1 b\u1ee5ng Gym Roller<\/a><\/strong><\/p>\n<p><strong><a href=\"http:\/\/shop2.khowebseotop.vn\/con-lan-tap-co-bung-giam-mo-ab-wheel-cao-cap\/\">Con l\u0103n t\u1eadp c\u01a1 b\u1ee5ng gi\u1ea3m m\u1ee1 AB Wheel<\/a><\/strong><\/p>\n<p><strong><a href=\"http:\/\/shop2.khowebseotop.vn\/con-lan-tap-co-bung-3-banh-chinh-hang\/\">Con l\u0103n t\u1eadp c\u01a1 b\u1ee5ng 3 b\u00e1nh ch\u00ednh h\u00e3ng<\/a><\/strong><\/p>\n","protected":false},"excerpt":{"rendered":"<ul>\n<li>Ch\u1ee9c n\u0103ng t\u1eadp t\u1eadp, t\u1eadp ch\u1ed1ng \u0111\u1ea9y b\u00ean c\u1ea1nh \u0111\u00f3 c\u00f2n t\u00e1c d\u1ee5ng hi\u1ec7u qu\u1ea3 t\u1edbi c\u00e1c c\u01a1 vai, c\u01a1 li\u00ean s\u01b0\u1eddn hay x\u00f4 vai hi\u1ec7u qu\u1ea3.<\/li>\n<li>T\u1eadp v\u1edbi con l\u0103n t\u1eadp b\u1ee5ng 4 b\u00e1nh gi\u00fap b\u1ea1n \u0111\u1ed1t ch\u00e1y m\u1ee1 th\u1eeba v\u00e0 r\u00e8n luy\u1ec7n cho c\u01a1 b\u1eafp s\u0103n ch\u1eafc v\u00e0 h\u00ecnh th\u00e0nh c\u00e1c c\u01a1. S\u1edf h\u1eefu c\u01a1 b\u1ee5ng s\u00e1u m\u00fai v\u00e0 c\u01a1 ng\u1ef1c n\u1edf nang kh\u00f4ng kh\u00f3.<\/li>\n<li>4 b\u00e1nh xe c\u1ee7a con l\u0103n t\u1eadp b\u1ee5ng 4 b\u00e1nh v\u1edbi l\u1edbp b\u1ecdc b\u00ean ngo\u00e0i c\u00f3 v\u00e2n ma s\u00e1t n\u00ean h\u1ea1n ch\u1ebf tr\u01a1n tr\u01b0\u1ee3t khi \u0111\u1ea9y hay k\u00e9o.<\/li>\n<li>Tay c\u1ea7m c\u00f3 l\u00f3t \u00eam \u00e1i, \u0111\u1ee7 r\u1ed9ng mang l\u1ea1i c\u1ea3m gi\u00e1c tho\u1ea3i m\u00e1i v\u00e0 ch\u1eafc tay khi th\u1ef1c hi\u1ec7n b\u00e0i t\u1eadp.<\/li>\n<\/ul>\n","protected":false},"featured_media":1209,"comment_status":"open","ping_status":"closed","template":"","meta":[],"_links":{"self":[{"href":"https:\/\/renren.vn\/w\/bachhoa12011\/wp-json\/wp\/v2\/product\/1334"}],"collection":[{"href":"https:\/\/renren.vn\/w\/bachhoa12011\/wp-json\/wp\/v2\/product"}],"about":[{"href":"https:\/\/renren.vn\/w\/bachhoa12011\/wp-json\/wp\/v2\/types\/product"}],"replies":[{"embeddable":true,"href":"https:\/\/renren.vn\/w\/bachhoa12011\/wp-json\/wp\/v2\/comments?post=1334"}],"wp:featuredmedia":[{"embeddable":true,"href":"https:\/\/renren.vn\/w\/bachhoa12011\/wp-json\/wp\/v2\/media\/1209"}],"wp:attachment":[{"href":"https:\/\/renren.vn\/w\/bachhoa12011\/wp-json\/wp\/v2\/media?parent=1334"}],"curies":[{"name":"wp","href":"https:\/\/api.w.org\/{rel}","templated":true}]}}