{"id":1330,"date":"2018-12-06T14:21:34","date_gmt":"2018-12-06T07:21:34","guid":{"rendered":"http:\/\/shop2.khowebseotop.vn\/?post_type=product&#038;p=1330"},"modified":"2018-12-06T14:24:01","modified_gmt":"2018-12-06T07:24:01","slug":"con-lan-tap-co-bung-3-banh-chinh-hang","status":"publish","type":"product","link":"https:\/\/renren.vn\/w\/bachhoa12011\/san-pham\/con-lan-tap-co-bung-3-banh-chinh-hang\/","title":{"rendered":"Con l\u0103n t\u1eadp c\u01a1 b\u1ee5ng 3 b\u00e1nh ch\u00ednh h\u00e3ng"},"content":{"rendered":"<h2>Con l\u0103n t\u1eadp c\u01a1 b\u1ee5ng 3 b\u00e1nh ch\u00ednh h\u00e3ng<\/h2>\n<p>Cu\u1ed9c s\u1ed1ng hi\u1ec7n \u0111\u1ea1i v\u1edbi b\u1ed9n v\u1ec1 c\u00f4ng vi\u1ec7c, h\u1ecdc t\u1eadp khi\u1ebfn b\u1ea1n kh\u00f4ng c\u00f3 nhi\u1ec1u th\u1eddi gian t\u1eadp luy\u1ec7n, c\u00f9ng v\u1edbi \u0111\u00f3 l\u00e0 ch\u1ebf \u0111\u1ed9 \u0103n kh\u00f4ng c\u00e2n \u0111\u1ed1i, ti\u1ec7c t\u00f9ng, r\u01b0\u1ee3u th\u01b0\u1eddng xuy\u00ean, \u00edt v\u1eadn \u0111\u1ed9ng khi\u1ebfn v\u00f2ng 2 ph\u00e1t \u201ct\u01b0\u1edbng\u201d l\u00e0m b\u1ea1n m\u1ea5t t\u1ef1 tin.<\/p>\n<p>GYM, v\u00e0 Ph\u00f2ng T\u1eadp th\u01b0\u1eddng t\u1ed1n k\u00e9m th\u1eddi gian, chi ph\u00ed v\u00e0 lu\u00f4n \u0111\u00f4ng ng\u01b0\u1eddi khi\u1ebfn b\u1ea1n tr\u1edf n\u00ean l\u01b0\u1eddi nh\u00e1c.<\/p>\n<p>B\u1ea1n mu\u1ed1n t\u00ecm cho m\u00ecnh 1 d\u1ee5ng c\u1ee5 t\u1eadp v\u00f2ng b\u1ee5ng, con l\u0103n t\u1eadp b\u1ee5ng n\u00e0o t\u1ed1t ? <em><strong>Con l\u0103n t\u1eadp c\u01a1 b\u1ee5ng 3 b\u00e1nh AB Slimmer<\/strong><\/em> ch\u00ednh l\u00e0 gi\u1ea3i ph\u00e1p m\u00e0 Vua ti\u1ec7n \u00edch mu\u1ed1n mang \u0111\u1ebfn cho b\u1ea1n.<\/p>\n<p><a href=\"http:\/\/shop2.khowebseotop.vn\/wp-content\/uploads\/2018\/12\/Con-lan-tap-co-bung-3-banh-cao-cap-1.jpg\"><img loading=\"lazy\" class=\"alignnone size-full wp-image-1199\" src=\"http:\/\/shop2.khowebseotop.vn\/wp-content\/uploads\/2018\/12\/Con-lan-tap-co-bung-3-banh-cao-cap-1.jpg\" alt=\"Con l\u0103n t\u1eadp c\u01a1 b\u1ee5ng 3 b\u00e1nh ch\u00ednh h\u00e3ng\" width=\"600\" height=\"640\" srcset=\"https:\/\/renren.vn\/w\/bachhoa12011\/wp-content\/uploads\/2018\/12\/Con-lan-tap-co-bung-3-banh-cao-cap-1.jpg 600w, https:\/\/renren.vn\/w\/bachhoa12011\/wp-content\/uploads\/2018\/12\/Con-lan-tap-co-bung-3-banh-cao-cap-1-510x544.jpg 510w, https:\/\/renren.vn\/w\/bachhoa12011\/wp-content\/uploads\/2018\/12\/Con-lan-tap-co-bung-3-banh-cao-cap-1-281x300.jpg 281w\" sizes=\"(max-width: 600px) 100vw, 600px\" \/><\/a><\/p>\n<p><strong>Con l\u0103n t\u1eadp c\u01a1 b\u1ee5ng 3 b\u00e1nh<\/strong> \u0111\u01b0\u1ee3c thi\u1ebft k\u1ebf v\u1edbi t\u00ednh n\u0103ng v\u01b0\u1ee3t tr\u1ed9i h\u1ed7 tr\u1ee3 t\u1eadp b\u1ee5ng v\u00e0 t\u1eadp ch\u1ed1ng \u0111\u1ea9y mang l\u1ea1i cho b\u1ea1n m\u1ed9t th\u00e2n h\u00ecnh ho\u00e0n h\u1ea3o m\u00e0 kh\u00f4ng c\u1ea7n \u0111\u1ebfn ph\u00f2ng t\u1eadp Gym. H\u00e3y nhanh tay s\u1edf h\u1eefu ngay thi\u1ebft b\u1ecb luy\u1ec7n t\u1eadp tuy\u1ec7t v\u1eddi n\u00e0y c\u1ee7a Vua ti\u1ec7n \u00edch .<\/p>\n<p><a href=\"http:\/\/shop2.khowebseotop.vn\/wp-content\/uploads\/2018\/12\/Con-lan-tap-co-bung-3-banh-cao-cap-2.jpg\"><img loading=\"lazy\" class=\"alignnone size-full wp-image-1200\" src=\"http:\/\/shop2.khowebseotop.vn\/wp-content\/uploads\/2018\/12\/Con-lan-tap-co-bung-3-banh-cao-cap-2.jpg\" alt=\"Con l\u0103n t\u1eadp c\u01a1 b\u1ee5ng 3 b\u00e1nh ch\u00ednh h\u00e3ng\" width=\"600\" height=\"712\" srcset=\"https:\/\/renren.vn\/w\/bachhoa12011\/wp-content\/uploads\/2018\/12\/Con-lan-tap-co-bung-3-banh-cao-cap-2.jpg 600w, https:\/\/renren.vn\/w\/bachhoa12011\/wp-content\/uploads\/2018\/12\/Con-lan-tap-co-bung-3-banh-cao-cap-2-510x605.jpg 510w, https:\/\/renren.vn\/w\/bachhoa12011\/wp-content\/uploads\/2018\/12\/Con-lan-tap-co-bung-3-banh-cao-cap-2-253x300.jpg 253w\" sizes=\"(max-width: 600px) 100vw, 600px\" \/><\/a><\/p>\n<h3>\u0110\u1eb7c \u0111i\u1ec3m n\u1ed5i b\u1eadt c\u1ee7a con l\u0103n t\u1eadp c\u01a1 b\u1ee5ng 3 b\u00e1nh AB Slimmer :<\/h3>\n<ul>\n<li>K\u00edch th\u01b0\u1edbc: 23 x 33 x 10 cm<\/li>\n<li>Tr\u1ecdng l\u01b0\u1ee3ng: 1,4Kg<\/li>\n<li>B\u00e1nh xe c\u00f3 v\u00e2n ma s\u00e1t ch\u1ed1ng tr\u01a1n khi t\u1eadp.<\/li>\n<li>Thi\u1ebft k\u1ebf 3 b\u00e1nh xe theo h\u00ecnh tam gi\u00e1c t\u1ea1o th\u1ebf c\u00e2n b\u1eb1ng khi luy\u1ec7n t\u1eadp \u0111\u1ec3 \u0111\u1ea1t hi\u1ec7u qu\u1ea3 cao.<\/li>\n<li>Tay c\u1eb1m l\u00ean \u0111\u1ebfn 33 cm, c\u00f3 m\u00fat l\u00f3t tay m\u1ec1m m\u1ea1i, t\u1ea1o c\u1ea3m gi\u00e1c tho\u1ea3i m\u00e1i cho ng\u01b0\u1eddi t\u1eadp.<\/li>\n<li>S\u1ea3n ph\u1ea9m k\u00e8m theo b\u1ed9 d\u1ee5ng c\u1ee5 b\u00e1nh xe t\u1eadp th\u1ec3 d\u1ee5c l\u00e0 mi\u1ebfng nh\u1ef1a m\u1ec1m l\u00f3t v\u00e0o \u0111\u1ea7u g\u1ed1i v\u00e0 mi\u1ebfng \u0111\u1ebf nh\u1ef1a 20 x 7cm b\u1ea1n s\u1ebd s\u1eed d\u1ee5ng khi b\u1ea1n t\u1eadp th\u1ec3 d\u1ee5c.<\/li>\n<\/ul>\n<p><a href=\"http:\/\/shop2.khowebseotop.vn\/wp-content\/uploads\/2018\/12\/Con-lan-tap-co-bung-3-banh-cao-cap-3.jpg\"><img loading=\"lazy\" class=\"alignnone size-full wp-image-1201\" src=\"http:\/\/shop2.khowebseotop.vn\/wp-content\/uploads\/2018\/12\/Con-lan-tap-co-bung-3-banh-cao-cap-3.jpg\" alt=\"Con l\u0103n t\u1eadp c\u01a1 b\u1ee5ng 3 b\u00e1nh ch\u00ednh h\u00e3ng\" width=\"600\" height=\"456\" srcset=\"https:\/\/renren.vn\/w\/bachhoa12011\/wp-content\/uploads\/2018\/12\/Con-lan-tap-co-bung-3-banh-cao-cap-3.jpg 600w, https:\/\/renren.vn\/w\/bachhoa12011\/wp-content\/uploads\/2018\/12\/Con-lan-tap-co-bung-3-banh-cao-cap-3-510x388.jpg 510w, https:\/\/renren.vn\/w\/bachhoa12011\/wp-content\/uploads\/2018\/12\/Con-lan-tap-co-bung-3-banh-cao-cap-3-300x228.jpg 300w\" sizes=\"(max-width: 600px) 100vw, 600px\" \/><\/a><\/p>\n<h3>T\u00ednh n\u0103ng c\u1ee7a con l\u0103n t\u1eadp b\u1ee5ng 3 b\u00e1nh :<\/h3>\n<ul>\n<li>H\u1ed7 tr\u1ee3 t\u1eadp luy\u1ec7n c\u00e1c b\u00e0i t\u1eadp c\u01a1 b\u1ee5ng , c\u01a1 vai, c\u01a1 li\u00ean s\u01b0\u1eddn, hay x\u00f4 r\u1ea5t hi\u1ec7u qu\u1ea3 v\u1edbi duy nh\u1ea5t 1 b\u01b0\u1edbc c\u01a1 b\u1ea3n.<\/li>\n<li>\u0110\u1ed1t ch\u00e1y l\u01b0\u1ee3ng l\u1edbn m\u1ee1 th\u1eeba, th\u00fac \u0111\u1ea9y qu\u00e1 tr\u00ecnh gi\u1ea3m c\u00e2n v\u00e0 h\u00ecnh th\u00e0nh c\u00e1c c\u01a1.<\/li>\n<li>S\u1ea3n ph\u1ea9m k\u00e8m theo b\u1ed9 d\u1ee5ng c\u1ee5 b\u00e1nh xe t\u1eadp th\u1ec3 d\u1ee5c l\u00e0 mi\u1ebfng nh\u1ef1a m\u1ec1m l\u00f3t v\u00e0o \u0111\u1ea7u g\u1ed1i v\u00e0 mi\u1ebfng \u0111\u1ebf nh\u1ef1a 20 x 7cm b\u1ea1n s\u1ebd s\u1eed d\u1ee5ng khi b\u1ea1n t\u1eadp th\u1ec3 d\u1ee5c.<\/li>\n<\/ul>\n<p><a href=\"http:\/\/shop2.khowebseotop.vn\/wp-content\/uploads\/2018\/12\/Con-lan-tap-co-bung-3-banh-cao-cap-4.jpg\"><img loading=\"lazy\" class=\"alignnone size-full wp-image-1202\" src=\"http:\/\/shop2.khowebseotop.vn\/wp-content\/uploads\/2018\/12\/Con-lan-tap-co-bung-3-banh-cao-cap-4.jpg\" alt=\"B\u00e1n s\u1ec9 Con l\u0103n t\u1eadp c\u01a1 b\u1ee5ng 3 b\u00e1nh ch\u00ednh h\u00e3ng\" width=\"600\" height=\"446\" srcset=\"https:\/\/renren.vn\/w\/bachhoa12011\/wp-content\/uploads\/2018\/12\/Con-lan-tap-co-bung-3-banh-cao-cap-4.jpg 600w, https:\/\/renren.vn\/w\/bachhoa12011\/wp-content\/uploads\/2018\/12\/Con-lan-tap-co-bung-3-banh-cao-cap-4-510x379.jpg 510w, https:\/\/renren.vn\/w\/bachhoa12011\/wp-content\/uploads\/2018\/12\/Con-lan-tap-co-bung-3-banh-cao-cap-4-300x223.jpg 300w\" sizes=\"(max-width: 600px) 100vw, 600px\" \/><\/a><\/p>\n<p><a href=\"http:\/\/shop2.khowebseotop.vn\/wp-content\/uploads\/2018\/12\/Con-lan-tap-co-bung-3-banh-cao-cap-5.jpg\"><img loading=\"lazy\" class=\"alignnone size-full wp-image-1203\" src=\"http:\/\/shop2.khowebseotop.vn\/wp-content\/uploads\/2018\/12\/Con-lan-tap-co-bung-3-banh-cao-cap-5.jpg\" alt=\"B\u00e1n s\u1ec9 Con l\u0103n t\u1eadp c\u01a1 b\u1ee5ng 3 b\u00e1nh ch\u00ednh h\u00e3ng\" width=\"600\" height=\"300\" srcset=\"https:\/\/renren.vn\/w\/bachhoa12011\/wp-content\/uploads\/2018\/12\/Con-lan-tap-co-bung-3-banh-cao-cap-5.jpg 600w, https:\/\/renren.vn\/w\/bachhoa12011\/wp-content\/uploads\/2018\/12\/Con-lan-tap-co-bung-3-banh-cao-cap-5-510x255.jpg 510w, https:\/\/renren.vn\/w\/bachhoa12011\/wp-content\/uploads\/2018\/12\/Con-lan-tap-co-bung-3-banh-cao-cap-5-300x150.jpg 300w\" sizes=\"(max-width: 600px) 100vw, 600px\" \/><\/a><\/p>\n<p><a href=\"http:\/\/shop2.khowebseotop.vn\/wp-content\/uploads\/2018\/12\/Con-lan-tap-co-bung-3-banh-cao-cap-6.jpg\"><img loading=\"lazy\" class=\"alignnone size-full wp-image-1204\" src=\"http:\/\/shop2.khowebseotop.vn\/wp-content\/uploads\/2018\/12\/Con-lan-tap-co-bung-3-banh-cao-cap-6.jpg\" alt=\"B\u00e1n s\u1ec9 Con l\u0103n t\u1eadp c\u01a1 b\u1ee5ng 3 b\u00e1nh ch\u00ednh h\u00e3ng\" width=\"600\" height=\"600\" srcset=\"https:\/\/renren.vn\/w\/bachhoa12011\/wp-content\/uploads\/2018\/12\/Con-lan-tap-co-bung-3-banh-cao-cap-6.jpg 600w, https:\/\/renren.vn\/w\/bachhoa12011\/wp-content\/uploads\/2018\/12\/Con-lan-tap-co-bung-3-banh-cao-cap-6-510x510.jpg 510w, https:\/\/renren.vn\/w\/bachhoa12011\/wp-content\/uploads\/2018\/12\/Con-lan-tap-co-bung-3-banh-cao-cap-6-150x150.jpg 150w, https:\/\/renren.vn\/w\/bachhoa12011\/wp-content\/uploads\/2018\/12\/Con-lan-tap-co-bung-3-banh-cao-cap-6-300x300.jpg 300w, https:\/\/renren.vn\/w\/bachhoa12011\/wp-content\/uploads\/2018\/12\/Con-lan-tap-co-bung-3-banh-cao-cap-6-100x100.jpg 100w\" sizes=\"(max-width: 600px) 100vw, 600px\" \/><\/a><\/p>\n<p><a href=\"http:\/\/shop2.khowebseotop.vn\/wp-content\/uploads\/2018\/12\/Con-lan-tap-co-bung-3-banh-cao-cap-7.jpg\"><img loading=\"lazy\" class=\"alignnone size-full wp-image-1205\" src=\"http:\/\/shop2.khowebseotop.vn\/wp-content\/uploads\/2018\/12\/Con-lan-tap-co-bung-3-banh-cao-cap-7.jpg\" alt=\"B\u00e1n bu\u00f4n Con l\u0103n t\u1eadp c\u01a1 b\u1ee5ng 3 b\u00e1nh ch\u00ednh h\u00e3ng\" width=\"600\" height=\"610\" srcset=\"https:\/\/renren.vn\/w\/bachhoa12011\/wp-content\/uploads\/2018\/12\/Con-lan-tap-co-bung-3-banh-cao-cap-7.jpg 600w, https:\/\/renren.vn\/w\/bachhoa12011\/wp-content\/uploads\/2018\/12\/Con-lan-tap-co-bung-3-banh-cao-cap-7-510x519.jpg 510w, https:\/\/renren.vn\/w\/bachhoa12011\/wp-content\/uploads\/2018\/12\/Con-lan-tap-co-bung-3-banh-cao-cap-7-295x300.jpg 295w\" sizes=\"(max-width: 600px) 100vw, 600px\" \/><\/a><\/p>\n<p><a href=\"http:\/\/shop2.khowebseotop.vn\/wp-content\/uploads\/2018\/12\/Con-lan-tap-co-bung-3-banh-cao-cap-8.jpg\"><img loading=\"lazy\" class=\"alignnone size-full wp-image-1206\" src=\"http:\/\/shop2.khowebseotop.vn\/wp-content\/uploads\/2018\/12\/Con-lan-tap-co-bung-3-banh-cao-cap-8.jpg\" alt=\"B\u00e1n bu\u00f4n Con l\u0103n t\u1eadp c\u01a1 b\u1ee5ng 3 b\u00e1nh ch\u00ednh h\u00e3ng\" width=\"600\" height=\"610\" srcset=\"https:\/\/renren.vn\/w\/bachhoa12011\/wp-content\/uploads\/2018\/12\/Con-lan-tap-co-bung-3-banh-cao-cap-8.jpg 600w, https:\/\/renren.vn\/w\/bachhoa12011\/wp-content\/uploads\/2018\/12\/Con-lan-tap-co-bung-3-banh-cao-cap-8-510x519.jpg 510w, https:\/\/renren.vn\/w\/bachhoa12011\/wp-content\/uploads\/2018\/12\/Con-lan-tap-co-bung-3-banh-cao-cap-8-295x300.jpg 295w\" sizes=\"(max-width: 600px) 100vw, 600px\" \/><\/a><\/p>\n<p>&nbsp;<\/p>\n<h4><strong>H\u01b0\u1edbng d\u1eabn t\u1eadp luy\u1ec7n v\u1edbi Con l\u0103n t\u1eadp b\u1ee5ng<\/strong><\/h4>\n<p>Qu\u1ef3 g\u1ed1i l\u00ean t\u1ea5m th\u1ea3m, \u0111\u1eb7t hai tay l\u00ean Con l\u0103n t\u1eadp b\u1ee5ng &#8211; 3 b\u00e1nh<\/p>\n<p>D\u00f9ng l\u1ef1c tr\u01b0\u1ee3t con l\u0103n l\u00ean ph\u00eda tr\u01b0\u1edbc sao cho c\u0103ng h\u1ebft th\u00e2n ng\u01b0\u1eddi<\/p>\n<p>K\u00e9o con l\u0103n v\u1ec1 g\u1ea7n v\u1edbi th\u00e2n ng\u01b0\u1eddi<\/p>\n<p>L\u1ea7n l\u01b0\u1ee3t th\u1ef1c hi\u1ec7n \u0111\u1ed9ng t\u00e1c n\u00e0y trong 10 ph\u00fat, l\u1eb7p l\u1ea1i m\u1ed7i ng\u00e0y, b\u1ea1n s\u1ebd s\u1edbm \u0111\u00e1nh b\u1ea1i \u0111\u01b0\u1ee3c l\u1edbp m\u1ee1 th\u1eeba c\u00f3 \u0111\u01b0\u1ee3c v\u00f2ng eo s\u0103n ch\u1eafc, c\u00e1c c\u01a1 vai, tay, li\u00ean s\u01b0\u1eddn s\u1ebd ph\u00e1t tri\u1ec3n r\u00f5 r\u1ec7t.<\/p>\n<p>\u0110\u1eb7c bi\u1ec7t, \u0111\u1ed1i v\u1edbi c\u00e1c b\u1ea1n n\u1eef, t\u1eadp luy\u1ec7n v\u1edbi con l\u0103n t\u1eadp b\u1ee5ng &#8211; 3 b\u00e1nh m\u1ed7i ng\u00e0y s\u1ebd gi\u00fap v\u00f2ng 1 v\u00e0 3 n\u1edf nang h\u01a1n. N\u00ean s\u1eed d\u1ee5ng th\u01b0\u1eddng xuy\u00ean \u0111\u1ec3 \u0111\u1eb7t \u0111\u01b0\u1ee3c k\u1ebft qu\u1ea3 t\u1ed1t nh\u1ea5t.<\/p>\n<p><strong>Tham kh\u1ea3o th\u00eam :<\/strong><\/p>\n<p><strong><a href=\"http:\/\/shop2.khowebseotop.vn\/con-lan-tap-co-bung-gym-roller-the-he-moi\/\">Con l\u0103n t\u1eadp c\u01a1 b\u1ee5ng Gym Roller th\u1ebf h\u1ec7 m\u1edbi<\/a><\/strong><\/p>\n<p><strong><a href=\"http:\/\/shop2.khowebseotop.vn\/con-lan-tap-co-bung-giam-mo-ab-wheel-cao-cap\/\">Con l\u0103n t\u1eadp c\u01a1 b\u1ee5ng gi\u1ea3m m\u1ee1 AB Wheel cao c\u1ea5p<\/a><\/strong><\/p>\n","protected":false},"excerpt":{"rendered":"<ul>\n<li>H\u1ed7 tr\u1ee3 t\u1eadp luy\u1ec7n c\u00e1c b\u00e0i t\u1eadp c\u01a1 b\u1ee5ng , c\u01a1 vai, c\u01a1 li\u00ean s\u01b0\u1eddn, hay x\u00f4 r\u1ea5t hi\u1ec7u qu\u1ea3 v\u1edbi duy nh\u1ea5t 1 b\u01b0\u1edbc c\u01a1 b\u1ea3n.<\/li>\n<li>\u0110\u1ed1t ch\u00e1y l\u01b0\u1ee3ng l\u1edbn m\u1ee1 th\u1eeba, th\u00fac \u0111\u1ea9y qu\u00e1 tr\u00ecnh gi\u1ea3m c\u00e2n v\u00e0 h\u00ecnh th\u00e0nh c\u00e1c c\u01a1.<\/li>\n<li>S\u1ea3n ph\u1ea9m k\u00e8m theo b\u1ed9 d\u1ee5ng c\u1ee5 b\u00e1nh xe t\u1eadp th\u1ec3 d\u1ee5c l\u00e0 mi\u1ebfng nh\u1ef1a m\u1ec1m l\u00f3t v\u00e0o \u0111\u1ea7u g\u1ed1i v\u00e0 mi\u1ebfng \u0111\u1ebf nh\u1ef1a 20 x 7cm b\u1ea1n s\u1ebd s\u1eed d\u1ee5ng khi b\u1ea1n t\u1eadp th\u1ec3 d\u1ee5c.<\/li>\n<\/ul>\n","protected":false},"featured_media":1199,"comment_status":"open","ping_status":"closed","template":"","meta":[],"_links":{"self":[{"href":"https:\/\/renren.vn\/w\/bachhoa12011\/wp-json\/wp\/v2\/product\/1330"}],"collection":[{"href":"https:\/\/renren.vn\/w\/bachhoa12011\/wp-json\/wp\/v2\/product"}],"about":[{"href":"https:\/\/renren.vn\/w\/bachhoa12011\/wp-json\/wp\/v2\/types\/product"}],"replies":[{"embeddable":true,"href":"https:\/\/renren.vn\/w\/bachhoa12011\/wp-json\/wp\/v2\/comments?post=1330"}],"wp:featuredmedia":[{"embeddable":true,"href":"https:\/\/renren.vn\/w\/bachhoa12011\/wp-json\/wp\/v2\/media\/1199"}],"wp:attachment":[{"href":"https:\/\/renren.vn\/w\/bachhoa12011\/wp-json\/wp\/v2\/media?parent=1330"}],"curies":[{"name":"wp","href":"https:\/\/api.w.org\/{rel}","templated":true}]}}