{"id":1321,"date":"2018-12-06T11:44:42","date_gmt":"2018-12-06T04:44:42","guid":{"rendered":"http:\/\/shop2.khowebseotop.vn\/?post_type=product&#038;p=1321"},"modified":"2018-12-06T14:24:17","modified_gmt":"2018-12-06T07:24:17","slug":"con-lan-tap-co-bung-giam-mo-ab-wheel-cao-cap","status":"publish","type":"product","link":"https:\/\/renren.vn\/w\/bachhoa12011\/san-pham\/con-lan-tap-co-bung-giam-mo-ab-wheel-cao-cap\/","title":{"rendered":"Con l\u0103n t\u1eadp c\u01a1 b\u1ee5ng gi\u1ea3m m\u1ee1 AB Wheel cao c\u1ea5p"},"content":{"rendered":"<h2>Con l\u0103n t\u1eadp c\u01a1 b\u1ee5ng gi\u1ea3m m\u1ee1 AB Wheel cao c\u1ea5p<\/h2>\n<p><strong>D\u1ee5ng c\u1ee5 t\u1eadp c\u01a1 b\u1ee5ng t\u1ea1i nh\u00e0<\/strong> \u0111ang \u0111\u01b0\u1ee3c r\u1ea5t nhi\u1ec1u ng\u01b0\u1eddi l\u1ef1a ch\u1ecdn \u0111\u1ec3 t\u1eadp luy\u1ec7n, b\u1edfi t\u00ednh ti\u1ec7n \u00edch s\u1ea3n ph\u1ea9m r\u1ea5t cao t\u1eeb vi\u1ec7c ti\u1ebft ki\u1ec7m chi ph\u00ed, ch\u1ee7 \u0111\u1ed9ng trong th\u1eddi gian v\u00e0 c\u0169ng kh\u00f4ng k\u00e9n ch\u1ecdn kh\u00f4ng gian. Trong s\u1ed1 \u0111\u00f3 c\u00f3 s\u1ea3n ph\u1ea9m Con l\u0103n t\u1eadp c\u01a1 b\u1ee5ng gi\u1ea3m m\u1ee1 AB Wheel cao c\u1ea5p l\u00e0 d\u1ee5ng c\u1ee5 \u0111ang \u0111\u01b0\u1ee3c r\u1ea5t nhi\u1ec1u kh\u00e1ch h\u00e0ng \u01b0a chu\u1ed9ng v\u00e0 t\u00ecm ki\u1ebfm.\u0110\u1ebfn v\u1edbi ch\u00fang t\u00f4i b\u1ea1n s\u1ebd d\u1ec5 d\u00e0ng s\u1edf h\u1eefu s\u1ea3n ph\u1ea9m cho ri\u00eang m\u00ecnh.<\/p>\n<p><a href=\"http:\/\/shop2.khowebseotop.vn\/wp-content\/uploads\/2018\/12\/Con-lan-tap-co-bung-giam-mo-AB-Wheel-cao-cap-1.jpg\"><img loading=\"lazy\" class=\"alignnone size-full wp-image-1188\" src=\"http:\/\/shop2.khowebseotop.vn\/wp-content\/uploads\/2018\/12\/Con-lan-tap-co-bung-giam-mo-AB-Wheel-cao-cap-1.jpg\" alt=\"Con l\u0103n t\u1eadp c\u01a1 b\u1ee5ng gi\u1ea3m m\u1ee1 AB Wheel cao c\u1ea5p\" width=\"800\" height=\"800\" srcset=\"https:\/\/renren.vn\/w\/bachhoa12011\/wp-content\/uploads\/2018\/12\/Con-lan-tap-co-bung-giam-mo-AB-Wheel-cao-cap-1.jpg 800w, https:\/\/renren.vn\/w\/bachhoa12011\/wp-content\/uploads\/2018\/12\/Con-lan-tap-co-bung-giam-mo-AB-Wheel-cao-cap-1-510x510.jpg 510w, https:\/\/renren.vn\/w\/bachhoa12011\/wp-content\/uploads\/2018\/12\/Con-lan-tap-co-bung-giam-mo-AB-Wheel-cao-cap-1-150x150.jpg 150w, https:\/\/renren.vn\/w\/bachhoa12011\/wp-content\/uploads\/2018\/12\/Con-lan-tap-co-bung-giam-mo-AB-Wheel-cao-cap-1-300x300.jpg 300w, https:\/\/renren.vn\/w\/bachhoa12011\/wp-content\/uploads\/2018\/12\/Con-lan-tap-co-bung-giam-mo-AB-Wheel-cao-cap-1-768x768.jpg 768w, https:\/\/renren.vn\/w\/bachhoa12011\/wp-content\/uploads\/2018\/12\/Con-lan-tap-co-bung-giam-mo-AB-Wheel-cao-cap-1-100x100.jpg 100w\" sizes=\"(max-width: 800px) 100vw, 800px\" \/><\/a><\/p>\n<h3>T\u1ea1i sao b\u1ea1n n\u00ean l\u1ef1a ch\u1ecdn Con l\u0103n t\u1eadp c\u01a1 b\u1ee5ng gi\u1ea3m m\u1ee1 AB Wheel<\/h3>\n<p>&#8211; Hi\u1ec7u qu\u1ea3 t\u00e1c \u0111\u1ed9ng \u0111\u1ebfn c\u01a1 th\u1ec3 b\u1ea1n nhanh ch\u00f3ng v\u1edbi ph\u01b0\u01a1ng ph\u00e1p \u0111\u1ed1t ch\u00e1y l\u01b0\u1ee3ng m\u1ee1 d\u01b0 th\u1eeba trong c\u01a1 th\u1ec3 b\u1ea1n v\u00e0 ng\u0103n ch\u1eb7n s\u1ef1 ph\u00e1t tri\u1ec3n c\u1ee7a c\u00e1c t\u1ebf b\u00e0o m\u1ee1 m\u1edbi t\u1eeb \u0111\u00f3 s\u1ebd gi\u00fap cho c\u01a1 th\u1ec3 b\u1ea1n tr\u1edf l\u00ean s\u0103n ch\u1eafc.<\/p>\n<p>&#8211; Ti\u1ebft ki\u1ec7m t\u1ed1i \u0111a kh\u00f4ng gian v\u00e0 th\u1eddi gian b\u1edfi k\u00edch th\u01b0\u1edbc nh\u1ecf g\u1ecdn n\u00ean b\u1ea1n c\u00f3 th\u1ec3 ch\u1ecdn t\u1eadp \u1edf nhi\u1ec1u v\u1ecb tr\u00ed nh\u01b0 \u1edf ngay t\u1ea1i ph\u00f2ng ng\u1ee7, ph\u00f2ng kh\u00e1ch hay t\u1ea1i c\u00e1c c\u00f4ng vi\u00ean g\u1ea7n nh\u00e0\u2026B\u1ea1n ch\u1ec9 c\u1ea7n b\u1ecf ch\u00fat th\u1eddi gian ng\u1eafn ng\u1ee7i cho m\u1ed7i ng\u00e0y l\u00e0 s\u1ebd \u0111em l\u1ea1i hi\u1ec7u qu\u1ea3 \u0111\u00e1ng mong \u0111\u1ee3i.<\/p>\n<p>&#8211; \u0110a d\u1ea1ng trong c\u00e1c b\u00e0i t\u1eadp: b\u1ea1n c\u00f3 th\u1ec3 s\u00e1ng t\u1ea1o nhi\u1ec1u \u0111\u1ed9ng t\u00e1c \u0111\u1ec3 ph\u00f9 h\u1ee3p cho m\u1ee5c \u0111\u00edch t\u1eadp luy\u1ec7n c\u1ee7a m\u00ecnh v\u1edbi c\u00e1c b\u00e0i t\u1eadp v\u1ec1 b\u1ee5ng, l\u01b0ng , tay, vai\u2026\u0111\u1ec3 c\u00f3 \u0111\u01b0\u1ee3c body ho\u00e0n h\u1ea3o nh\u1ea5t.<\/p>\n<p>&#8211; Ho\u1ea1t \u0111\u1ed9ng theo c\u01a1 ch\u1ebf ng\u01b0\u1eddi t\u1eadp t\u1ef1 \u0111\u1ea9y v\u00e0 l\u00f9i m\u00e0 kh\u00f4ng s\u1eed d\u1ee5ng b\u00e1nh r\u0103ng l\u00f2 x\u00f2 nh\u01b0 nhi\u1ec1u s\u1ea3n ph\u1ea9m kh\u00e1c \u0111\u1ec3 t\u1eeb \u0111\u00f3 qu\u00e1 tr\u00ecnh v\u1eadn \u0111\u1ed9ng c\u1ee7a b\u1ea1n s\u1ebd \u0111\u1ed1t ch\u00e1y nhi\u1ec1u v\u00e0 nhanh t\u1eeb \u0111\u00f3 hi\u1ec7u qu\u1ea3 b\u00e0i t\u1eadp s\u1ebd r\u1ea5t cao.<\/p>\n<p><a href=\"http:\/\/shop2.khowebseotop.vn\/wp-content\/uploads\/2018\/12\/Con-lan-tap-co-bung-giam-mo-AB-Wheel-cao-cap-3.jpg\"><img loading=\"lazy\" class=\"alignnone size-full wp-image-1190\" src=\"http:\/\/shop2.khowebseotop.vn\/wp-content\/uploads\/2018\/12\/Con-lan-tap-co-bung-giam-mo-AB-Wheel-cao-cap-3.jpg\" alt=\"B\u00e1n s\u1ec9 Con l\u0103n t\u1eadp c\u01a1 b\u1ee5ng gi\u1ea3m m\u1ee1 AB Wheel cao c\u1ea5p\" width=\"800\" height=\"800\" srcset=\"https:\/\/renren.vn\/w\/bachhoa12011\/wp-content\/uploads\/2018\/12\/Con-lan-tap-co-bung-giam-mo-AB-Wheel-cao-cap-3.jpg 800w, https:\/\/renren.vn\/w\/bachhoa12011\/wp-content\/uploads\/2018\/12\/Con-lan-tap-co-bung-giam-mo-AB-Wheel-cao-cap-3-510x510.jpg 510w, https:\/\/renren.vn\/w\/bachhoa12011\/wp-content\/uploads\/2018\/12\/Con-lan-tap-co-bung-giam-mo-AB-Wheel-cao-cap-3-150x150.jpg 150w, https:\/\/renren.vn\/w\/bachhoa12011\/wp-content\/uploads\/2018\/12\/Con-lan-tap-co-bung-giam-mo-AB-Wheel-cao-cap-3-300x300.jpg 300w, https:\/\/renren.vn\/w\/bachhoa12011\/wp-content\/uploads\/2018\/12\/Con-lan-tap-co-bung-giam-mo-AB-Wheel-cao-cap-3-768x768.jpg 768w, https:\/\/renren.vn\/w\/bachhoa12011\/wp-content\/uploads\/2018\/12\/Con-lan-tap-co-bung-giam-mo-AB-Wheel-cao-cap-3-100x100.jpg 100w\" sizes=\"(max-width: 800px) 100vw, 800px\" \/><\/a><\/p>\n<p>&#8211; C\u1ea5u t\u1ea1o \u0111\u01b0\u1ee3c c\u1ea3i ti\u1ebfn r\u00f5 r\u1ec7t v\u1edbi 2 b\u00e1nh \u0111\u01b0\u1ee3c \u0111\u1eb7t s\u00e1t nhau \u0111\u1ec3 gi\u00fap c\u00e2n \u0111\u1ed1i v\u00e0 t\u1ea1o s\u1ef1 v\u1eefng ch\u1eafc trong qu\u00e1 tr\u00ecnh t\u1eadp luy\u1ec7n.<\/p>\n<p>&#8211; Ph\u1ea7n tay c\u1ea7m c\u1ee7a d\u1ee5ng c\u1ee5 \u0111\u01b0\u1ee3c b\u1ecdc m\u00fat x\u1ed1p d\u00e0y d\u1eb7c t\u1ea1o \u0111\u1ed9 \u00eam \u00e1i v\u00e0 th\u1ea5m h\u00fat nhanh ch\u00f3ng s\u1ebd h\u1ed7 tr\u1ee3 hi\u1ec7u qu\u1ea3 cho b\u00e0i t\u1eadp c\u1ee7a b\u1ea1n.<\/p>\n<p>&#8211; B\u1ed9 d\u1ee5ng c\u1ee5 c\u00f3 \u0111i k\u00e8m th\u00eam mi\u1ebfng l\u00f3t g\u1ed1i gi\u00fap b\u1ea1n tr\u00e1nh b\u1ecb ti\u1ebfp x\u00fac v\u1edbi s\u00e0n nh\u00e0, ch\u1ed1ng tr\u01a1n tr\u01b0\u1ee3t v\u00e0 g\u00e2y t\u1ed5n th\u01b0\u01a1ng khi t\u1eadp luy\u1ec7n.<\/p>\n<p>&#8211; Tr\u1ee5c th\u00e9p ch\u1eafc ch\u1eafn kh\u00f4ng g\u1ec9.<\/p>\n<p>&#8211; Th\u00e1o l\u1eafp \u0111\u01a1n gi\u1ea3n nhanh ch\u00f3ng.<\/p>\n<p><a href=\"http:\/\/shop2.khowebseotop.vn\/wp-content\/uploads\/2018\/12\/Con-lan-tap-co-bung-giam-mo-AB-Wheel-cao-cap-2.jpg\"><img loading=\"lazy\" class=\"alignnone size-full wp-image-1189\" src=\"http:\/\/shop2.khowebseotop.vn\/wp-content\/uploads\/2018\/12\/Con-lan-tap-co-bung-giam-mo-AB-Wheel-cao-cap-2.jpg\" alt=\"B\u00e1n s\u1ec9 Con l\u0103n t\u1eadp c\u01a1 b\u1ee5ng gi\u1ea3m m\u1ee1 AB Wheel cao c\u1ea5p\" width=\"800\" height=\"800\" srcset=\"https:\/\/renren.vn\/w\/bachhoa12011\/wp-content\/uploads\/2018\/12\/Con-lan-tap-co-bung-giam-mo-AB-Wheel-cao-cap-2.jpg 800w, https:\/\/renren.vn\/w\/bachhoa12011\/wp-content\/uploads\/2018\/12\/Con-lan-tap-co-bung-giam-mo-AB-Wheel-cao-cap-2-510x510.jpg 510w, https:\/\/renren.vn\/w\/bachhoa12011\/wp-content\/uploads\/2018\/12\/Con-lan-tap-co-bung-giam-mo-AB-Wheel-cao-cap-2-150x150.jpg 150w, https:\/\/renren.vn\/w\/bachhoa12011\/wp-content\/uploads\/2018\/12\/Con-lan-tap-co-bung-giam-mo-AB-Wheel-cao-cap-2-300x300.jpg 300w, https:\/\/renren.vn\/w\/bachhoa12011\/wp-content\/uploads\/2018\/12\/Con-lan-tap-co-bung-giam-mo-AB-Wheel-cao-cap-2-768x768.jpg 768w, https:\/\/renren.vn\/w\/bachhoa12011\/wp-content\/uploads\/2018\/12\/Con-lan-tap-co-bung-giam-mo-AB-Wheel-cao-cap-2-100x100.jpg 100w\" sizes=\"(max-width: 800px) 100vw, 800px\" \/><\/a><\/p>\n<h3>\u0110\u1eb7c \u0111i\u1ec3m n\u1ed5i b\u1eadt c\u1ee7a Con l\u0103n t\u1eadp c\u01a1 b\u1ee5ng gi\u1ea3m m\u1ee1 AB Wheel<\/h3>\n<ul>\n<li>Thi\u1ebft k\u1ebf \u0111\u01a1n gi\u1ea3n, g\u1ecdn nh\u1eb9, ng\u01b0\u1eddi t\u1eadp c\u00f3 th\u1ec3 t\u1ef1 th\u00e1o l\u1eafp v\u00e0 s\u1eed d\u1ee5ng.<\/li>\n<li>M\u00e1y t\u1eadp b\u1ee5ng gi\u00fap l\u00e0m gi\u1ea3m m\u1ee1 th\u1eeba, s\u0103n ch\u1eafc v\u00f9ng b\u1ee5ng hi\u1ec7u qu\u1ea3, \u0111em l\u1ea1i v\u00f2ng eo thon g\u1ecdn h\u01a1n.<\/li>\n<li>B\u1ed9 d\u1ee5ng c\u1ee5 bao g\u1ed3m: Con l\u0103n t\u1eadp b\u1ee5ng v\u00e0 th\u1ea3m l\u00f3t ph\u1ea7n \u0111\u1ea7u g\u1ed1i \u0111\u01a1n gi\u1ea3n n\u00ean b\u1ea1n c\u00f3 th\u1ec3 mang theo b\u1ea5t c\u1ee9 \u0111\u00e2u \u0111\u1ec3 c\u00f3 bu\u1ed5i t\u1eadp luy\u1ec7n ho\u00e0n h\u1ea3o.<\/li>\n<\/ul>\n<p><a href=\"http:\/\/shop2.khowebseotop.vn\/wp-content\/uploads\/2018\/12\/Con-lan-tap-co-bung-giam-mo-AB-Wheel-cao-cap-4.jpg\"><img loading=\"lazy\" class=\"alignnone size-full wp-image-1191\" src=\"http:\/\/shop2.khowebseotop.vn\/wp-content\/uploads\/2018\/12\/Con-lan-tap-co-bung-giam-mo-AB-Wheel-cao-cap-4.jpg\" alt=\"B\u00e1n bu\u00f4n Con l\u0103n t\u1eadp c\u01a1 b\u1ee5ng gi\u1ea3m m\u1ee1 AB Wheel cao c\u1ea5p\" width=\"800\" height=\"800\" srcset=\"https:\/\/renren.vn\/w\/bachhoa12011\/wp-content\/uploads\/2018\/12\/Con-lan-tap-co-bung-giam-mo-AB-Wheel-cao-cap-4.jpg 800w, https:\/\/renren.vn\/w\/bachhoa12011\/wp-content\/uploads\/2018\/12\/Con-lan-tap-co-bung-giam-mo-AB-Wheel-cao-cap-4-510x510.jpg 510w, https:\/\/renren.vn\/w\/bachhoa12011\/wp-content\/uploads\/2018\/12\/Con-lan-tap-co-bung-giam-mo-AB-Wheel-cao-cap-4-150x150.jpg 150w, https:\/\/renren.vn\/w\/bachhoa12011\/wp-content\/uploads\/2018\/12\/Con-lan-tap-co-bung-giam-mo-AB-Wheel-cao-cap-4-300x300.jpg 300w, https:\/\/renren.vn\/w\/bachhoa12011\/wp-content\/uploads\/2018\/12\/Con-lan-tap-co-bung-giam-mo-AB-Wheel-cao-cap-4-768x768.jpg 768w, https:\/\/renren.vn\/w\/bachhoa12011\/wp-content\/uploads\/2018\/12\/Con-lan-tap-co-bung-giam-mo-AB-Wheel-cao-cap-4-100x100.jpg 100w\" sizes=\"(max-width: 800px) 100vw, 800px\" \/><\/a><\/p>\n<p><strong>Th\u00f4ng tin s\u1ea3n ph\u1ea9m :<\/strong><\/p>\n<p>&#8211; Xu\u1ea5t x\u1ee9: \u0110\u00e0i Loan<br \/>\n&#8211; Ch\u1ea5t li\u1ec7u: nh\u1ef1a ABS ch\u1ecbu l\u1ef1c t\u1ed1t, b\u00e1nh xe b\u1ecdc ch\u1ea5t li\u1ec7u PVC t\u0103ng \u0111\u1ed9 ma s\u00e1t v\u00e0 b\u00e1n s\u00e0n<br \/>\n&#8211; Tr\u1ecdng l\u01b0\u1ee3ng: 1.1kg<br \/>\n&#8211; Gi\u1edbi h\u1ea1n ng\u01b0\u1eddi t\u1eadp: 110kg.<br \/>\n&#8211; B\u1ed9 full s\u1ea3n ph\u1ea9m: Con l\u0103n t\u1eadp b\u1ee5ng v\u00e0 th\u1ea3m l\u00f3t \u0111\u1ea7u g\u1ed1i<\/p>\n<p><a href=\"http:\/\/shop2.khowebseotop.vn\/wp-content\/uploads\/2018\/12\/Con-lan-tap-co-bung-giam-mo-AB-Wheel-cao-cap-5.jpg\"><img loading=\"lazy\" class=\"alignnone size-full wp-image-1192\" src=\"http:\/\/shop2.khowebseotop.vn\/wp-content\/uploads\/2018\/12\/Con-lan-tap-co-bung-giam-mo-AB-Wheel-cao-cap-5.jpg\" alt=\"B\u00e1n bu\u00f4n Con l\u0103n t\u1eadp c\u01a1 b\u1ee5ng gi\u1ea3m m\u1ee1 AB Wheel cao c\u1ea5p\" width=\"800\" height=\"800\" srcset=\"https:\/\/renren.vn\/w\/bachhoa12011\/wp-content\/uploads\/2018\/12\/Con-lan-tap-co-bung-giam-mo-AB-Wheel-cao-cap-5.jpg 800w, https:\/\/renren.vn\/w\/bachhoa12011\/wp-content\/uploads\/2018\/12\/Con-lan-tap-co-bung-giam-mo-AB-Wheel-cao-cap-5-510x510.jpg 510w, https:\/\/renren.vn\/w\/bachhoa12011\/wp-content\/uploads\/2018\/12\/Con-lan-tap-co-bung-giam-mo-AB-Wheel-cao-cap-5-150x150.jpg 150w, https:\/\/renren.vn\/w\/bachhoa12011\/wp-content\/uploads\/2018\/12\/Con-lan-tap-co-bung-giam-mo-AB-Wheel-cao-cap-5-300x300.jpg 300w, https:\/\/renren.vn\/w\/bachhoa12011\/wp-content\/uploads\/2018\/12\/Con-lan-tap-co-bung-giam-mo-AB-Wheel-cao-cap-5-768x768.jpg 768w, https:\/\/renren.vn\/w\/bachhoa12011\/wp-content\/uploads\/2018\/12\/Con-lan-tap-co-bung-giam-mo-AB-Wheel-cao-cap-5-100x100.jpg 100w\" sizes=\"(max-width: 800px) 100vw, 800px\" \/><\/a><\/p>\n<h4><strong>H\u01b0\u1edbng d\u1eabn c\u00e1ch t\u1eadp con l\u0103n t\u1eadp b\u1ee5ng AB Wheel \u0111em l\u1ea1i hi\u1ec7u qu\u1ea3 t\u1ed1t nh\u1ea5t<\/strong><\/h4>\n<p>\u0110\u1ec3 s\u1eed d\u1ee5ng con l\u0103n t\u1eadp b\u1ee5ng n\u00e0y, tr\u01b0\u1edbc ti\u00ean b\u1ea1n qu\u1ef3 g\u1ed1i d\u01b0\u1edbi mi\u1ebfng l\u00f3t, 2 tay ch\u1ed1ng tr\u00ean con l\u0103n. Sau \u0111\u00f3, t\u1eeb t\u1eeb \u0111\u1ea9y con l\u0103n v\u1ec1 ph\u00eda tr\u01b0\u1edbc theo h\u01b0\u1edbng th\u1eb3ng \u0111\u1ee9ng, sau \u0111\u00f3 b\u1ea1n d\u00f9ng s\u1ee9c \u1edf b\u1ee5ng \u0111\u1ec3 g\u1eadp ng\u01b0\u1eddi l\u00ean. N\u1ebfu b\u1ea1n m\u1edbi s\u1eed d\u1ee5ng m\u00e1y t\u1eadp c\u01a1 b\u1ee5ng, h\u00e3y \u0111\u1ec3 c\u01a1 th\u1ec3 l\u00e0m quen v\u1edbi \u0111\u1ed9ng t\u00e1c nh\u1eb9 nh\u00e0ng n\u00e0y tr\u01b0\u1edbc. \u0110\u1ea9y bao nhi\u00eau c\u00e1i t\u00f9y s\u1ee9c c\u1ee7a m\u00ecnh. Sau kho\u1ea3ng 5-7 ng\u00e0y, c\u01a1 th\u1ec3 b\u1ea1n \u0111\u00e3 quen d\u1ea7n th\u00ec b\u1ea1n t\u0103ng c\u01b0\u1eddng \u0111\u1ed9 t\u1eadp cao h\u01a1n.<\/p>\n<p>B\u1ea1n c\u00f3 th\u1ec3 tham kh\u1ea3o theo b\u00e0i t\u1eadp c\u01b0\u1eddng \u0111\u1ed9 cao sau: T\u1eadp 8-10 chi\u1ebfc nh\u1eb9 nh\u00e0ng kh\u1edfi \u0111\u1ed9ng. Sau \u0111\u00f3, b\u1ea1n t\u1eadp ti\u1ebfp 10-20 c\u00e1i (t\u00f9y theo s\u1ee9c) xu\u1ed1ng s\u00e2u (th\u00e2n g\u1ea7n s\u00e1t \u0111\u1ea5t). Ti\u1ebfp \u0111\u00f3 b\u1ea1n t\u1eadp 5-10 c\u00e1i nh\u1eb9 nh\u00e0ng. Ngh\u1ec9 ng\u01a1i 1 ph\u00fat r\u1ed3i l\u1ea1i ti\u1ebfp t\u1ee5c l\u1eb7p l\u1ea1i nh\u01b0 v\u1eady.<\/p>\n<p>Ngo\u00e0i ra, b\u1ea1n c\u00f3 th\u1ec3 t\u1eadp \u0111\u1ea9y b\u00e1nh xe theo h\u01b0\u1edbng ch\u00e9o \u0111\u1ec3 t\u1eadp v\u00f9ng eo: H\u00f4ng gi\u1eef nguy\u00ean t\u01b0 th\u1ebf th\u1eb3ng, thay v\u00ec \u0111\u1ea9y th\u1eb3ng th\u00ec b\u1ea1n \u0111\u1ea9y ch\u00e9o sang 2 b\u00ean.<\/p>\n<p>Ch\u00fa \u00fd t\u1ed1c \u0111\u1ed9 t\u1eadp luy\u1ec7n kh\u00f4ng c\u1ea7n nhanh. T\u1eadp luy\u1ec7n t\u1eeb t\u1eeb s\u1ebd t\u1ed1t h\u01a1n. M\u1ed7i ng\u00e0y b\u1ea1n n\u00ean n\u00ean t\u1eadp 2 l\u1ea7n, d\u00e0nh ra 15 ph\u00fat v\u00e0o s\u00e1ng v\u00e0 t\u1ed1i tr\u01b0\u1edbc khi \u0103n b\u1ea1n nh\u00e9. \u0110\u1ed3ng th\u1eddi k\u1ebft h\u1ee3p ch\u1ebf \u0111\u1ed9 \u0103n u\u1ed1ng khoa h\u1ecdc \u0111\u1ec3 vi\u1ec7c luy\u1ec7n t\u1eadp hi\u1ec7u qu\u1ea3 nh\u00e9.<\/p>\n<p>&gt;&gt;Tham kh\u1ea3o &#8221; <a href=\"http:\/\/shop2.khowebseotop.vn\/tap-luyen-cac-bai-tap-co-ban-voi-may-tap-co-bung\/\"><em>T\u1eadp luy\u1ec7n c\u00e1c b\u00e0i t\u1eadp c\u01a1 b\u1ea3n v\u1edbi m\u00e1y t\u1eadp c\u01a1 b\u1ee5ng<\/em><\/a> &#8221; \u0111\u1ec3 bi\u1ebft th\u00eam nhi\u1ec1u b\u00e0i t\u1eadp b\u1ed5 \u00edch v\u1edbi con l\u0103n t\u1eadp c\u01a1 b\u1ee5ng nh\u00e9.<\/p>\n<p>Xem th\u00eam : <a href=\"http:\/\/shop2.khowebseotop.vn\/cham-soc-suc-khoe-lam-dep\/dung-cu-lam-dep\/\">D\u1ee5ng c\u1ee5 l\u00e0m \u0111\u1eb9p<\/a><\/p>\n","protected":false},"excerpt":{"rendered":"<ul>\n<li>Thi\u1ebft k\u1ebf \u0111\u01a1n gi\u1ea3n, g\u1ecdn nh\u1eb9, ng\u01b0\u1eddi t\u1eadp c\u00f3 th\u1ec3 t\u1ef1 th\u00e1o l\u1eafp v\u00e0 s\u1eed d\u1ee5ng.<\/li>\n<li>M\u00e1y t\u1eadp b\u1ee5ng gi\u00fap l\u00e0m gi\u1ea3m m\u1ee1 th\u1eeba, s\u0103n ch\u1eafc v\u00f9ng b\u1ee5ng hi\u1ec7u qu\u1ea3, \u0111em l\u1ea1i v\u00f2ng eo thon g\u1ecdn h\u01a1n.<\/li>\n<li>B\u1ed9 d\u1ee5ng c\u1ee5 bao g\u1ed3m: Con l\u0103n t\u1eadp b\u1ee5ng v\u00e0 th\u1ea3m l\u00f3t ph\u1ea7n \u0111\u1ea7u g\u1ed1i \u0111\u01a1n gi\u1ea3n n\u00ean b\u1ea1n c\u00f3 th\u1ec3 mang theo b\u1ea5t c\u1ee9 \u0111\u00e2u \u0111\u1ec3 c\u00f3 bu\u1ed5i t\u1eadp luy\u1ec7n ho\u00e0n h\u1ea3o.<\/li>\n<\/ul>\n","protected":false},"featured_media":1188,"comment_status":"open","ping_status":"closed","template":"","meta":[],"_links":{"self":[{"href":"https:\/\/renren.vn\/w\/bachhoa12011\/wp-json\/wp\/v2\/product\/1321"}],"collection":[{"href":"https:\/\/renren.vn\/w\/bachhoa12011\/wp-json\/wp\/v2\/product"}],"about":[{"href":"https:\/\/renren.vn\/w\/bachhoa12011\/wp-json\/wp\/v2\/types\/product"}],"replies":[{"embeddable":true,"href":"https:\/\/renren.vn\/w\/bachhoa12011\/wp-json\/wp\/v2\/comments?post=1321"}],"wp:featuredmedia":[{"embeddable":true,"href":"https:\/\/renren.vn\/w\/bachhoa12011\/wp-json\/wp\/v2\/media\/1188"}],"wp:attachment":[{"href":"https:\/\/renren.vn\/w\/bachhoa12011\/wp-json\/wp\/v2\/media?parent=1321"}],"curies":[{"name":"wp","href":"https:\/\/api.w.org\/{rel}","templated":true}]}}