{"id":1298,"date":"2018-12-06T10:05:02","date_gmt":"2018-12-06T03:05:02","guid":{"rendered":"http:\/\/shop2.khowebseotop.vn\/?post_type=product&#038;p=1298"},"modified":"2018-12-06T11:09:46","modified_gmt":"2018-12-06T04:09:46","slug":"dai-gen-bung-miss-belt-cao-cap","status":"publish","type":"product","link":"https:\/\/renren.vn\/w\/bachhoa12011\/san-pham\/dai-gen-bung-miss-belt-cao-cap\/","title":{"rendered":"\u0110ai gen b\u1ee5ng Miss Belt cao c\u1ea5p"},"content":{"rendered":"<h2>\u0110ai gen b\u1ee5ng Miss Belt cao c\u1ea5p<\/h2>\n<p>C\u00f4ng vi\u1ec7c n\u01a1i v\u0103n ph\u00f2ng l\u00e0m b\u1ea1n b\u1ecb m\u1ee1 th\u1eeba v\u00f9ng b\u1ee5ng, m\u00f4ng nh\u01b0ng b\u1ea1n l\u1ea1i kh\u00f4ng c\u00f3 nhi\u1ec1u th\u1eddi gian cho vi\u1ec7c t\u1eadp th\u1ec3 d\u1ee5c . V\u1edbi chi\u1ebfc <em><strong>Gen n\u1ecbt b\u1ee5ng thon g\u1ecdn Miss Belt<\/strong><\/em> n\u00e0y, b\u1ea1n s\u1ebd th\u1ea5y th\u1eadt tho\u1ea3i m\u00e1i v\u00e0 t\u1ef1 tin khi di\u1ec7n c\u00e1c lo\u1ea1i trang ph\u1ee5c b\u00f3 s\u00e1t ng\u01b0\u1eddi nh\u01b0 v\u00e1y b\u00f3, \u00e1o d\u00e0i, qu\u1ea7n jean\u2026<\/p>\n<p><a href=\"http:\/\/shop2.khowebseotop.vn\/wp-content\/uploads\/2018\/12\/Dai-gen-bung-Miss-Belt-cao-cap-5.jpg\"><img loading=\"lazy\" class=\"alignnone size-full wp-image-1187\" src=\"http:\/\/shop2.khowebseotop.vn\/wp-content\/uploads\/2018\/12\/Dai-gen-bung-Miss-Belt-cao-cap-5.jpg\" alt=\"\u0110ai gen b\u1ee5ng Miss Belt cao c\u1ea5p\" width=\"800\" height=\"1094\" srcset=\"https:\/\/renren.vn\/w\/bachhoa12011\/wp-content\/uploads\/2018\/12\/Dai-gen-bung-Miss-Belt-cao-cap-5.jpg 800w, https:\/\/renren.vn\/w\/bachhoa12011\/wp-content\/uploads\/2018\/12\/Dai-gen-bung-Miss-Belt-cao-cap-5-510x697.jpg 510w, https:\/\/renren.vn\/w\/bachhoa12011\/wp-content\/uploads\/2018\/12\/Dai-gen-bung-Miss-Belt-cao-cap-5-219x300.jpg 219w, https:\/\/renren.vn\/w\/bachhoa12011\/wp-content\/uploads\/2018\/12\/Dai-gen-bung-Miss-Belt-cao-cap-5-768x1050.jpg 768w, https:\/\/renren.vn\/w\/bachhoa12011\/wp-content\/uploads\/2018\/12\/Dai-gen-bung-Miss-Belt-cao-cap-5-749x1024.jpg 749w\" sizes=\"(max-width: 800px) 100vw, 800px\" \/><\/a><\/p>\n<p><strong>\u0110ai gen b\u1ee5ng Miss Belt<\/strong> s\u1ebd nh\u1eb9 nh\u00e0ng b\u00f3 s\u00e1t c\u01a1 th\u1ec3 b\u1ea1n, gi\u00fap che b\u1edbt nh\u1eefng khuy\u1ebft \u0111i\u1ec3m, l\u00e0m thon g\u1ecdn ph\u1ea7n b\u1ee5ng, t\u1ea1o n\u00ean nh\u1eefng \u0111\u01b0\u1eddng cong quy\u1ebfn r\u0169 \u0111\u1ea7y n\u1eef t\u00ednh.<\/p>\n<p><strong>Gen n\u1ecbt b\u1ee5ng thon eo Miss Belt<\/strong> \u0111\u01b0\u1ee3c may b\u1eb1ng v\u1ea3i cotton v\u00e0 s\u1ee3i tre t\u1ed5ng h\u1ee3p, \u0111eo v\u00e0o d\u1ec5 d\u00e0ng , nhanh ch\u00f3ng, ch\u1ea5t li\u1ec7u m\u1ecbn m\u00e0ng v\u00e0 r\u1ea5t tho\u00e1ng m\u00e1t, co gi\u00e3n t\u1ed1t, r\u1ea5t tho\u1ea3i m\u00e1i v\u00e0 kh\u00f4ng g\u00e2y kh\u00f3 ch\u1ecbu khi \u0111eo li\u00ean t\u1ee5c nhi\u1ec1u gi\u1edd li\u1ec1n.<\/p>\n<p><a href=\"http:\/\/shop2.khowebseotop.vn\/wp-content\/uploads\/2018\/12\/Dai-gen-bung-Miss-Belt-cao-cap-3.jpg\"><img loading=\"lazy\" class=\"alignnone size-full wp-image-1185\" src=\"http:\/\/shop2.khowebseotop.vn\/wp-content\/uploads\/2018\/12\/Dai-gen-bung-Miss-Belt-cao-cap-3.jpg\" alt=\"B\u00e1n s\u1ec9 \u0110ai gen b\u1ee5ng Miss Belt cao c\u1ea5p\" width=\"800\" height=\"800\" srcset=\"https:\/\/renren.vn\/w\/bachhoa12011\/wp-content\/uploads\/2018\/12\/Dai-gen-bung-Miss-Belt-cao-cap-3.jpg 800w, https:\/\/renren.vn\/w\/bachhoa12011\/wp-content\/uploads\/2018\/12\/Dai-gen-bung-Miss-Belt-cao-cap-3-510x510.jpg 510w, https:\/\/renren.vn\/w\/bachhoa12011\/wp-content\/uploads\/2018\/12\/Dai-gen-bung-Miss-Belt-cao-cap-3-150x150.jpg 150w, https:\/\/renren.vn\/w\/bachhoa12011\/wp-content\/uploads\/2018\/12\/Dai-gen-bung-Miss-Belt-cao-cap-3-300x300.jpg 300w, https:\/\/renren.vn\/w\/bachhoa12011\/wp-content\/uploads\/2018\/12\/Dai-gen-bung-Miss-Belt-cao-cap-3-768x768.jpg 768w, https:\/\/renren.vn\/w\/bachhoa12011\/wp-content\/uploads\/2018\/12\/Dai-gen-bung-Miss-Belt-cao-cap-3-100x100.jpg 100w\" sizes=\"(max-width: 800px) 100vw, 800px\" \/><\/a><\/p>\n<h3>C\u00f4ng d\u1ee5ng c\u1ee7a gen n\u1ecbt b\u1ee5ng Miss Belt :<\/h3>\n<p>\u2013 Gi\u1ea3m m\u1ee1 b\u1ee5ng nhanh ch\u00f3ng, \u0111\u1ecbnh h\u00ecnh c\u1ed9t s\u1ed1ng kh\u00f4ng b\u1ecb cong, ng\u0103n ng\u1eeba \u0111au c\u1ed9t s\u1ed1ng<br \/>\n\u2013 \u0110\u1ed1t ch\u00e1y m\u1ee1 th\u1eeba \u1edf v\u00f9ng eo nhanh ch\u00f3ng<br \/>\n\u2013 H\u1ed7 tr\u1ee3 ho\u00e0n to\u00e0n t\u1eeb v\u00f9ng d\u01b0\u1edbi ng\u1ef1c, t\u1edbi m\u00f4ng v\u00e0 h\u00f4ng gi\u00fap \u0111\u00e0o th\u1ea3i s\u1ef1 t\u00edch n\u01b0\u1edbc, gi\u00fap tu\u1ea7n ho\u00e0n m\u00e1u.<br \/>\n\u2013 Ph\u1ee5c h\u1ed3i v\u00e0 s\u0103n ch\u1eafc da v\u00e0 c\u01a1 \u1edf v\u00f9ng eo.<br \/>\n\u2013 X\u00f3a m\u1edd v\u1ebft r\u1ea1n n\u1ee9t da cho ph\u1ee5 n\u1eef sau khi sinh.<br \/>\n\u2013 Gi\u00fap l\u1ea5y l\u1ea1i v\u00f3c d\u00e1ng thon g\u1ecdn v\u00e0 l\u00e0m m\u1ecbn da b\u1ee5ng cho ph\u1ee5 n\u1eef sau khi sinh.<br \/>\n\u2013 N\u00e2ng \u0111\u1ee1 v\u00f9ng l\u01b0ng trong khi cho b\u00fa, \u0111\u1ecbnh h\u00ecnh c\u1ed9t s\u1ed1ng kh\u00f4ng b\u1ecb cong, ph\u00f2ng ng\u1eeba \u0111au c\u1ed9t s\u1ed1ng.<br \/>\n\u2013 Mang l\u1ea1i hi\u1ec7u qu\u1ea3 \u0111\u1ed1t ch\u00e1y m\u1ee1 eo nhanh g\u1ea5p 3 l\u1ea7n.<\/p>\n<p><a href=\"http:\/\/shop2.khowebseotop.vn\/wp-content\/uploads\/2018\/12\/Dai-gen-bung-Miss-Belt-cao-cap-2.jpg\"><img loading=\"lazy\" class=\"alignnone size-full wp-image-1184\" src=\"http:\/\/shop2.khowebseotop.vn\/wp-content\/uploads\/2018\/12\/Dai-gen-bung-Miss-Belt-cao-cap-2.jpg\" alt=\"B\u00e1n s\u1ec9 \u0110ai gen b\u1ee5ng Miss Belt cao c\u1ea5p\" width=\"800\" height=\"800\" srcset=\"https:\/\/renren.vn\/w\/bachhoa12011\/wp-content\/uploads\/2018\/12\/Dai-gen-bung-Miss-Belt-cao-cap-2.jpg 800w, https:\/\/renren.vn\/w\/bachhoa12011\/wp-content\/uploads\/2018\/12\/Dai-gen-bung-Miss-Belt-cao-cap-2-510x510.jpg 510w, https:\/\/renren.vn\/w\/bachhoa12011\/wp-content\/uploads\/2018\/12\/Dai-gen-bung-Miss-Belt-cao-cap-2-150x150.jpg 150w, https:\/\/renren.vn\/w\/bachhoa12011\/wp-content\/uploads\/2018\/12\/Dai-gen-bung-Miss-Belt-cao-cap-2-300x300.jpg 300w, https:\/\/renren.vn\/w\/bachhoa12011\/wp-content\/uploads\/2018\/12\/Dai-gen-bung-Miss-Belt-cao-cap-2-768x768.jpg 768w, https:\/\/renren.vn\/w\/bachhoa12011\/wp-content\/uploads\/2018\/12\/Dai-gen-bung-Miss-Belt-cao-cap-2-100x100.jpg 100w\" sizes=\"(max-width: 800px) 100vw, 800px\" \/><\/a><\/p>\n<h3>\u0110\u1eb7c \u0111i\u1ec3m n\u1ed5i b\u1eadt c\u1ee7a \u0111ai gen b\u1ee5ng Miss Belt<\/h3>\n<ul>\n<li>\u0110ai qu\u1ea5n b\u1ee5ng \u0111\u01b0\u1ee3c may b\u1eb1ng v\u1ea3i cotton v\u00e0 s\u1ee3i tre t\u1ed5ng h\u1ee3p, \u0111eo v\u00e0o d\u1ec5 d\u00e0ng , nhanh ch\u00f3ng, ch\u1ea5t li\u1ec7u m\u1ecbn m\u00e0ng v\u00e0 r\u1ea5t tho\u00e1ng m\u00e1t, co gi\u00e3n t\u1ed1t, r\u1ea5t tho\u1ea3i m\u00e1i v\u00e0 kh\u00f4ng g\u00e2y kh\u00f3 ch\u1ecbu khi \u0111eo li\u00ean t\u1ee5c nhi\u1ec1u gi\u1edd li\u1ec1n.<\/li>\n<li>Ngo\u00e0i ra \u0111ai c\u00f2n n\u00e2ng \u0111\u1ee1 v\u00f9ng l\u01b0ng trong khi cho b\u00fa, \u0111\u1ecbnh h\u00ecnh c\u1ed9t s\u1ed1ng kh\u00f4ng b\u1ecb cong, ph\u00f2ng ng\u1eeba \u0111au c\u1ed9t s\u1ed1ng.<\/li>\n<li>Khi mang \u0110ai qu\u1ea5n b\u1ee5ng thon g\u1ecdn Miss Belt l\u00fac t\u1eadp th\u1ec3 d\u1ee5c th\u1ec3 thao s\u1ebd mang l\u1ea1i hi\u1ec7u qu\u1ea3 \u0111\u1ed1t ch\u00e1y m\u1ee1 eo nhanh g\u1ea5p 3 l\u1ea7n.<\/li>\n<li>B\u00ean c\u1ea1nh vi\u1ec7c t\u1ea1o v\u00f3c d\u00e1ng thon g\u1ecdn, chi\u1ebfc gen b\u1ee5ng cho gi\u00fap c\u01a1 th\u1ec3 b\u1ea1n \u0111\u1ecbnh h\u00ecnh v\u00f3c d\u00e1ng v\u00e0 c\u1ea3i thi\u1ec7n v\u00f3c d\u00e1ng v\u1ec1 l\u00e2u d\u00e0i.<\/li>\n<li>\u0110\u1eb7c bi\u1ec7t \u0111ai \u0111\u01b0\u1ee3c thi\u1ebft k\u1ebf thon eo d\u1ec5 d\u00e0ng s\u1eed d\u1ee5ng mang theo m\u1ecdi l\u00fac m\u1ecdi n\u01a1i.<\/li>\n<li>Ch\u1ea5t v\u1ea3i cotton co d\u00e3n v\u00e0 tr\u1ecdng l\u01b0\u1ee3ng nh\u1eb9 gi\u00fap b\u1ea1n tho\u1ea3i m\u00e1i trong t\u1eebng ho\u1ea1t \u0111\u1ed9ng khi \u0111eo<\/li>\n<\/ul>\n<p><a href=\"http:\/\/shop2.khowebseotop.vn\/wp-content\/uploads\/2018\/12\/Dai-gen-bung-Miss-Belt-cao-cap-1.jpg\"><img loading=\"lazy\" class=\"alignnone size-full wp-image-1183\" src=\"http:\/\/shop2.khowebseotop.vn\/wp-content\/uploads\/2018\/12\/Dai-gen-bung-Miss-Belt-cao-cap-1.jpg\" alt=\"B\u00e1n bu\u00f4n \u0110ai gen b\u1ee5ng Miss Belt cao c\u1ea5p\" width=\"800\" height=\"1005\" srcset=\"https:\/\/renren.vn\/w\/bachhoa12011\/wp-content\/uploads\/2018\/12\/Dai-gen-bung-Miss-Belt-cao-cap-1.jpg 800w, https:\/\/renren.vn\/w\/bachhoa12011\/wp-content\/uploads\/2018\/12\/Dai-gen-bung-Miss-Belt-cao-cap-1-510x641.jpg 510w, https:\/\/renren.vn\/w\/bachhoa12011\/wp-content\/uploads\/2018\/12\/Dai-gen-bung-Miss-Belt-cao-cap-1-239x300.jpg 239w, https:\/\/renren.vn\/w\/bachhoa12011\/wp-content\/uploads\/2018\/12\/Dai-gen-bung-Miss-Belt-cao-cap-1-768x965.jpg 768w\" sizes=\"(max-width: 800px) 100vw, 800px\" \/><\/a><\/p>\n<p><strong>K\u00edch c\u1ee1:<\/strong><\/p>\n<p>S\/M ph\u00f9 h\u1ee3p v\u1edbi v\u00f2ng hai t\u1eeb 63-76 cm<br \/>\nL\/XL ph\u00f9 h\u1ee3p v\u1edbi v\u00f2ng hai t\u1eeb 79-91cm<\/p>\n<p><strong>Th\u00f4ng tin s\u1ea3n ph\u1ea9m :<\/strong><\/p>\n<p>&#8211; M\u00e0u s\u1eafc: \u0110en, da<br \/>\n&#8211; Chi\u1ec1u cao: 22,5 cm<br \/>\n&#8211; Chi\u1ec1u ngang: 95 cm<br \/>\n&#8211; Ch\u1ea5t li\u1ec7u: s\u1ee3i cotton t\u1ed5ng h\u1ee3p<br \/>\n&#8211; K\u00edch th\u01b0\u1edbc: S, M, L, XL<\/p>\n<p><a href=\"http:\/\/shop2.khowebseotop.vn\/wp-content\/uploads\/2018\/12\/Dai-gen-bung-Miss-Belt-cao-cap-4.jpg\"><img loading=\"lazy\" class=\"alignnone size-full wp-image-1186\" src=\"http:\/\/shop2.khowebseotop.vn\/wp-content\/uploads\/2018\/12\/Dai-gen-bung-Miss-Belt-cao-cap-4.jpg\" alt=\"B\u00e1n bu\u00f4n \u0110ai gen b\u1ee5ng Miss Belt cao c\u1ea5p\" width=\"800\" height=\"600\" srcset=\"https:\/\/renren.vn\/w\/bachhoa12011\/wp-content\/uploads\/2018\/12\/Dai-gen-bung-Miss-Belt-cao-cap-4.jpg 800w, https:\/\/renren.vn\/w\/bachhoa12011\/wp-content\/uploads\/2018\/12\/Dai-gen-bung-Miss-Belt-cao-cap-4-510x383.jpg 510w, https:\/\/renren.vn\/w\/bachhoa12011\/wp-content\/uploads\/2018\/12\/Dai-gen-bung-Miss-Belt-cao-cap-4-300x225.jpg 300w, https:\/\/renren.vn\/w\/bachhoa12011\/wp-content\/uploads\/2018\/12\/Dai-gen-bung-Miss-Belt-cao-cap-4-768x576.jpg 768w\" sizes=\"(max-width: 800px) 100vw, 800px\" \/><\/a><\/p>\n<p><strong>C\u00e1ch \u0111\u1eb7t mua \u0111ai n\u1ecbt b\u1ee5ng Miss Belt<\/strong><\/p>\n<p>\u0110\u1ec3 \u0111\u1eb7t mua \u0111ai n\u1ecbt b\u1ee5ng Miss Belt, b\u1ea1n c\u00f3 th\u1ec3 \u0111\u1eb7t mua h\u00e0ng online t\u1ea1i website vuatienich.vn ho\u1eb7c li\u00ean h\u1ec7 tr\u1ef1c ti\u1ebfp v\u1edbi ch\u00fang t\u00f4i qua c\u00e1c s\u1ed1 Hotline \u0111\u1ec3 \u0111\u01b0\u1ee3c h\u1ed7 tr\u1ee3 \u0111\u1eb7t h\u00e0ng s\u01a1m nh\u1ea5t .<\/p>\n<p>Xem th\u00eam : <a href=\"http:\/\/shop2.khowebseotop.vn\/cham-soc-suc-khoe-lam-dep\/dai-gen-bung\/\">\u0110ai gen b\u1ee5ng<\/a><\/p>\n","protected":false},"excerpt":{"rendered":"<ul>\n<li>\u0110ai qu\u1ea5n b\u1ee5ng \u0111\u01b0\u1ee3c may b\u1eb1ng v\u1ea3i cotton v\u00e0 s\u1ee3i tre t\u1ed5ng h\u1ee3p, \u0111eo v\u00e0o d\u1ec5 d\u00e0ng , nhanh ch\u00f3ng, ch\u1ea5t li\u1ec7u m\u1ecbn m\u00e0ng v\u00e0 r\u1ea5t tho\u00e1ng m\u00e1t, co gi\u00e3n t\u1ed1t, r\u1ea5t tho\u1ea3i m\u00e1i v\u00e0 kh\u00f4ng g\u00e2y kh\u00f3 ch\u1ecbu khi \u0111eo li\u00ean t\u1ee5c nhi\u1ec1u gi\u1edd li\u1ec1n.<\/li>\n<li>Ngo\u00e0i ra \u0111ai c\u00f2n n\u00e2ng \u0111\u1ee1 v\u00f9ng l\u01b0ng trong khi cho b\u00fa, \u0111\u1ecbnh h\u00ecnh c\u1ed9t s\u1ed1ng kh\u00f4ng b\u1ecb cong, ph\u00f2ng ng\u1eeba \u0111au c\u1ed9t s\u1ed1ng.<\/li>\n<li>Khi mang \u0110ai qu\u1ea5n b\u1ee5ng thon g\u1ecdn Miss Belt l\u00fac t\u1eadp th\u1ec3 d\u1ee5c th\u1ec3 thao s\u1ebd mang l\u1ea1i hi\u1ec7u qu\u1ea3 \u0111\u1ed1t ch\u00e1y m\u1ee1 eo nhanh g\u1ea5p 3 l\u1ea7n.<\/li>\n<li>B\u00ean c\u1ea1nh vi\u1ec7c t\u1ea1o v\u00f3c d\u00e1ng thon g\u1ecdn, chi\u1ebfc gen b\u1ee5ng cho gi\u00fap c\u01a1 th\u1ec3 b\u1ea1n \u0111\u1ecbnh h\u00ecnh v\u00f3c d\u00e1ng v\u00e0 c\u1ea3i thi\u1ec7n v\u00f3c d\u00e1ng v\u1ec1 l\u00e2u d\u00e0i.<\/li>\n<li>\u0110\u1eb7c bi\u1ec7t \u0111ai \u0111\u01b0\u1ee3c thi\u1ebft k\u1ebf thon eo d\u1ec5 d\u00e0ng s\u1eed d\u1ee5ng mang theo m\u1ecdi l\u00fac m\u1ecdi n\u01a1i.<\/li>\n<\/ul>\n","protected":false},"featured_media":1184,"comment_status":"open","ping_status":"closed","template":"","meta":[],"_links":{"self":[{"href":"https:\/\/renren.vn\/w\/bachhoa12011\/wp-json\/wp\/v2\/product\/1298"}],"collection":[{"href":"https:\/\/renren.vn\/w\/bachhoa12011\/wp-json\/wp\/v2\/product"}],"about":[{"href":"https:\/\/renren.vn\/w\/bachhoa12011\/wp-json\/wp\/v2\/types\/product"}],"replies":[{"embeddable":true,"href":"https:\/\/renren.vn\/w\/bachhoa12011\/wp-json\/wp\/v2\/comments?post=1298"}],"wp:featuredmedia":[{"embeddable":true,"href":"https:\/\/renren.vn\/w\/bachhoa12011\/wp-json\/wp\/v2\/media\/1184"}],"wp:attachment":[{"href":"https:\/\/renren.vn\/w\/bachhoa12011\/wp-json\/wp\/v2\/media?parent=1298"}],"curies":[{"name":"wp","href":"https:\/\/api.w.org\/{rel}","templated":true}]}}