{"id":1170,"date":"2018-12-04T22:06:12","date_gmt":"2018-12-04T15:06:12","guid":{"rendered":"http:\/\/shop2.khowebseotop.vn\/?post_type=product&#038;p=1170"},"modified":"2018-12-05T22:16:41","modified_gmt":"2018-12-05T15:16:41","slug":"khay-dung-mut-xoay-hinh-canh-hoa-doc-dao","status":"publish","type":"product","link":"https:\/\/renren.vn\/w\/bachhoa12011\/san-pham\/khay-dung-mut-xoay-hinh-canh-hoa-doc-dao\/","title":{"rendered":"Khay \u0111\u1ef1ng m\u1ee9t xoay h\u00ecnh c\u00e1nh hoa \u0111\u1ed9c \u0111\u00e1o"},"content":{"rendered":"<h2>Khay \u0111\u1ef1ng m\u1ee9t xoay h\u00ecnh c\u00e1nh hoa \u0111\u1ed9c \u0111\u00e1o<\/h2>\n<p>Khay \u0111\u1ef1ng m\u1ee9t xoay h\u00ecnh c\u00e1nh hoa l\u00e0 s\u1ea3n ph\u1ea9m kh\u00f4ng th\u1ec3 thi\u1ebfu trong nh\u1eefng ng\u00e0y \u0111\u1ea7u xu\u00e2n, n\u00f3 kh\u00f4ng ch\u1ec9 l\u00e0 khay \u0111\u1ef1ng th\u00f4ng th\u01b0\u1eddng m\u00e0 n\u00f3 c\u00f2n l\u00e0 m\u1ed9t m\u00f3n qu\u00e0, \u0111\u1ed3 trang tr\u00ed tuy\u1ec7t \u0111\u1eb9p.<\/p>\n<p><a href=\"http:\/\/shop2.khowebseotop.vn\/wp-content\/uploads\/2018\/12\/Khay-dung-mut-xoay-hinh-canh-hoa-1.jpg\"><img loading=\"lazy\" class=\"alignnone size-full wp-image-1171\" src=\"http:\/\/shop2.khowebseotop.vn\/wp-content\/uploads\/2018\/12\/Khay-dung-mut-xoay-hinh-canh-hoa-1.jpg\" alt=\"Khay \u0111\u1ef1ng m\u1ee9t xoay h\u00ecnh c\u00e1nh hoa \u0111\u1ed9c \u0111\u00e1o\" width=\"800\" height=\"748\" srcset=\"https:\/\/renren.vn\/w\/bachhoa12011\/wp-content\/uploads\/2018\/12\/Khay-dung-mut-xoay-hinh-canh-hoa-1.jpg 800w, https:\/\/renren.vn\/w\/bachhoa12011\/wp-content\/uploads\/2018\/12\/Khay-dung-mut-xoay-hinh-canh-hoa-1-510x477.jpg 510w, https:\/\/renren.vn\/w\/bachhoa12011\/wp-content\/uploads\/2018\/12\/Khay-dung-mut-xoay-hinh-canh-hoa-1-300x281.jpg 300w, https:\/\/renren.vn\/w\/bachhoa12011\/wp-content\/uploads\/2018\/12\/Khay-dung-mut-xoay-hinh-canh-hoa-1-768x718.jpg 768w\" sizes=\"(max-width: 800px) 100vw, 800px\" \/><\/a><\/p>\n<h3>\u0110\u1eb7c \u0111i\u1ec3m n\u1ed5i b\u1eadt c\u1ee7a khay \u0111\u1ef1ng m\u1ee9t xoay h\u00ecnh c\u00e1nh hoa :<\/h3>\n<p>Khay g\u1ed3m 5 h\u0169 nh\u1ecf tr\u00f2n xinh x\u1eafn n\u1eb1m \u1ea9n trong h\u1ed9p l\u1edbn h\u00ecnh hoa gi\u00fap b\u1ea1n b\u1ea3o qu\u1ea3n m\u1ee9t b\u00e1nh lu\u00f4n \u0111\u01b0\u1ee3c th\u01a1m ngon v\u00e0 v\u1ec7 sinh.<\/p>\n<p>Khay \u0111\u1ef1ng m\u1ee9t xoay h\u00ecnh c\u00e1nh hoa thi\u1ebft k\u1ebf th\u00f4ng minh ph\u1ea7n n\u1eafp h\u1ed9p c\u00f3 1 \u0111\u1ea7u n\u1eafm, ch\u1ec9 c\u1ea7n xoay \u0111\u1ea7u n\u1eafm \u0111\u00f3 5 khay \u1ea9n trong h\u1ed9p s\u1ebd \u0111\u1ed3ng lo\u1ea1t m\u1edf ra, nh\u00ecn r\u1ea5t \u0111\u1eb9p m\u0103t, t\u1ea1o \u1ea5n t\u01b0\u1ee3ng cho ng\u01b0\u1eddi nh\u00ecn.<\/p>\n<p>Th\u1ec3 t\u00edch l\u1edbn c\u00f3 th\u1ec3 s\u1eed d\u1ee5ng \u0111\u1ef1ng c\u00e1c lo\u1ea1i th\u1ef1c ph\u1ea9m; \u0111\u1ed3 \u0103n nh\u01b0 b\u00e1nh; m\u1ee9t; k\u1eb9o; h\u1ea1t d\u01b0a\u2026<\/p>\n<p>S\u1ea3n ph\u1ea9m c\u00f2n l\u00e0 v\u1eadt trang tr\u00ed v\u00f4 c\u00f9ng \u0111\u1eb9p m\u1eaft v\u00e0 trang nh\u00e3 cho kh\u00f4ng gian t\u1ebft nh\u00e0 b\u1ea1n.<\/p>\n<p>\u0110\u00e2y l\u00e0 m\u00f3n qu\u00e0 \u0111\u1ed9c \u0111\u00e1o d\u00e0nh t\u1eb7ng b\u1ea1n b\u00e8 , ng\u01b0\u1eddi th\u00e2n nh\u00e2n d\u1ecbp t\u1ebft xu\u00e2n v\u1ec1.<\/p>\n<p><a href=\"http:\/\/shop2.khowebseotop.vn\/wp-content\/uploads\/2018\/12\/Khay-dung-mut-xoay-hinh-canh-hoa-2.jpg\"><img loading=\"lazy\" class=\"alignnone size-full wp-image-1172\" src=\"http:\/\/shop2.khowebseotop.vn\/wp-content\/uploads\/2018\/12\/Khay-dung-mut-xoay-hinh-canh-hoa-2.jpg\" alt=\"B\u00e1n s\u1ec9 Khay \u0111\u1ef1ng m\u1ee9t xoay h\u00ecnh c\u00e1nh hoa \u0111\u1ed9c \u0111\u00e1o\" width=\"800\" height=\"648\" srcset=\"https:\/\/renren.vn\/w\/bachhoa12011\/wp-content\/uploads\/2018\/12\/Khay-dung-mut-xoay-hinh-canh-hoa-2.jpg 800w, https:\/\/renren.vn\/w\/bachhoa12011\/wp-content\/uploads\/2018\/12\/Khay-dung-mut-xoay-hinh-canh-hoa-2-510x413.jpg 510w, https:\/\/renren.vn\/w\/bachhoa12011\/wp-content\/uploads\/2018\/12\/Khay-dung-mut-xoay-hinh-canh-hoa-2-300x243.jpg 300w, https:\/\/renren.vn\/w\/bachhoa12011\/wp-content\/uploads\/2018\/12\/Khay-dung-mut-xoay-hinh-canh-hoa-2-768x622.jpg 768w\" sizes=\"(max-width: 800px) 100vw, 800px\" \/><\/a><\/p>\n<p><strong>Th\u00f4ng tin s\u1ea3n ph\u1ea9m :<\/strong><\/p>\n<p>&#8211; Ch\u1ea5t li\u1ec7u : Nh\u1ef1a ABS<br \/>\n&#8211; K\u00edch th\u01b0\u1edbc : 42 x 27 x 8.5 cm<br \/>\n&#8211; Tr\u1ecdng l\u01b0\u1ee3ng : 875g<\/p>\n<p><a href=\"http:\/\/shop2.khowebseotop.vn\/wp-content\/uploads\/2018\/12\/Khay-dung-mut-xoay-hinh-canh-hoa-3.jpg\"><img loading=\"lazy\" class=\"alignnone size-full wp-image-1173\" src=\"http:\/\/shop2.khowebseotop.vn\/wp-content\/uploads\/2018\/12\/Khay-dung-mut-xoay-hinh-canh-hoa-3.jpg\" alt=\"B\u00e1n s\u1ec9 Khay \u0111\u1ef1ng m\u1ee9t xoay h\u00ecnh c\u00e1nh hoa \u0111\u1ed9c \u0111\u00e1o\" width=\"800\" height=\"889\" srcset=\"https:\/\/renren.vn\/w\/bachhoa12011\/wp-content\/uploads\/2018\/12\/Khay-dung-mut-xoay-hinh-canh-hoa-3.jpg 800w, https:\/\/renren.vn\/w\/bachhoa12011\/wp-content\/uploads\/2018\/12\/Khay-dung-mut-xoay-hinh-canh-hoa-3-510x567.jpg 510w, https:\/\/renren.vn\/w\/bachhoa12011\/wp-content\/uploads\/2018\/12\/Khay-dung-mut-xoay-hinh-canh-hoa-3-270x300.jpg 270w, https:\/\/renren.vn\/w\/bachhoa12011\/wp-content\/uploads\/2018\/12\/Khay-dung-mut-xoay-hinh-canh-hoa-3-768x853.jpg 768w\" sizes=\"(max-width: 800px) 100vw, 800px\" \/><\/a><\/p>\n<p><a href=\"http:\/\/shop2.khowebseotop.vn\/wp-content\/uploads\/2018\/12\/Khay-dung-mut-xoay-hinh-canh-hoa-4.jpg\"><img loading=\"lazy\" class=\"alignnone size-full wp-image-1174\" src=\"http:\/\/shop2.khowebseotop.vn\/wp-content\/uploads\/2018\/12\/Khay-dung-mut-xoay-hinh-canh-hoa-4.jpg\" alt=\"B\u00e1n bu\u00f4n Khay \u0111\u1ef1ng m\u1ee9t xoay h\u00ecnh c\u00e1nh hoa \u0111\u1ed9c \u0111\u00e1o\" width=\"800\" height=\"734\" srcset=\"https:\/\/renren.vn\/w\/bachhoa12011\/wp-content\/uploads\/2018\/12\/Khay-dung-mut-xoay-hinh-canh-hoa-4.jpg 800w, https:\/\/renren.vn\/w\/bachhoa12011\/wp-content\/uploads\/2018\/12\/Khay-dung-mut-xoay-hinh-canh-hoa-4-510x468.jpg 510w, https:\/\/renren.vn\/w\/bachhoa12011\/wp-content\/uploads\/2018\/12\/Khay-dung-mut-xoay-hinh-canh-hoa-4-300x275.jpg 300w, https:\/\/renren.vn\/w\/bachhoa12011\/wp-content\/uploads\/2018\/12\/Khay-dung-mut-xoay-hinh-canh-hoa-4-768x705.jpg 768w\" sizes=\"(max-width: 800px) 100vw, 800px\" \/><\/a><\/p>\n<p>Xem th\u00eam : <a href=\"http:\/\/shop2.khowebseotop.vn\/do-gia-dung-tien-ich\/\">\u0110\u1ed3 gia d\u1ee5ng ti\u1ec7n \u00edch<\/a><\/p>\n","protected":false},"excerpt":{"rendered":"<p>Khay g\u1ed3m 5 h\u0169 nh\u1ecf tr\u00f2n xinh x\u1eafn n\u1eb1m \u1ea9n trong h\u1ed9p l\u1edbn h\u00ecnh hoa gi\u00fap b\u1ea1n b\u1ea3o qu\u1ea3n m\u1ee9t b\u00e1nh lu\u00f4n \u0111\u01b0\u1ee3c th\u01a1m ngon v\u00e0 v\u1ec7 sinh.<\/p>\n<p>Khay \u0111\u1ef1ng m\u1ee9t xoay h\u00ecnh c\u00e1nh hoa thi\u1ebft k\u1ebf th\u00f4ng minh ph\u1ea7n n\u1eafp h\u1ed9p c\u00f3 1 \u0111\u1ea7u n\u1eafm, ch\u1ec9 c\u1ea7n xoay \u0111\u1ea7u n\u1eafm \u0111\u00f3 5 khay \u1ea9n trong h\u1ed9p s\u1ebd \u0111\u1ed3ng lo\u1ea1t m\u1edf ra, nh\u00ecn r\u1ea5t \u0111\u1eb9p m\u0103t, t\u1ea1o \u1ea5n t\u01b0\u1ee3ng cho ng\u01b0\u1eddi nh\u00ecn.<\/p>\n<p>Th\u1ec3 t\u00edch l\u1edbn c\u00f3 th\u1ec3 s\u1eed d\u1ee5ng \u0111\u1ef1ng c\u00e1c lo\u1ea1i th\u1ef1c ph\u1ea9m; \u0111\u1ed3 \u0103n nh\u01b0 b\u00e1nh; m\u1ee9t; k\u1eb9o; h\u1ea1t d\u01b0a\u2026<\/p>\n<p>S\u1ea3n ph\u1ea9m c\u00f2n l\u00e0 v\u1eadt trang tr\u00ed v\u00f4 c\u00f9ng \u0111\u1eb9p m\u1eaft v\u00e0 trang nh\u00e3 cho kh\u00f4ng gian t\u1ebft nh\u00e0 b\u1ea1n.<\/p>\n<p>\u0110\u00e2y l\u00e0 m\u00f3n qu\u00e0 \u0111\u1ed9c \u0111\u00e1o d\u00e0nh t\u1eb7ng b\u1ea1n b\u00e8 , ng\u01b0\u1eddi th\u00e2n nh\u00e2n d\u1ecbp t\u1ebft xu\u00e2n v\u1ec1.<\/p>\n","protected":false},"featured_media":1172,"comment_status":"open","ping_status":"closed","template":"","meta":[],"_links":{"self":[{"href":"https:\/\/renren.vn\/w\/bachhoa12011\/wp-json\/wp\/v2\/product\/1170"}],"collection":[{"href":"https:\/\/renren.vn\/w\/bachhoa12011\/wp-json\/wp\/v2\/product"}],"about":[{"href":"https:\/\/renren.vn\/w\/bachhoa12011\/wp-json\/wp\/v2\/types\/product"}],"replies":[{"embeddable":true,"href":"https:\/\/renren.vn\/w\/bachhoa12011\/wp-json\/wp\/v2\/comments?post=1170"}],"wp:featuredmedia":[{"embeddable":true,"href":"https:\/\/renren.vn\/w\/bachhoa12011\/wp-json\/wp\/v2\/media\/1172"}],"wp:attachment":[{"href":"https:\/\/renren.vn\/w\/bachhoa12011\/wp-json\/wp\/v2\/media?parent=1170"}],"curies":[{"name":"wp","href":"https:\/\/api.w.org\/{rel}","templated":true}]}}