{"id":1108,"date":"2018-12-04T11:45:37","date_gmt":"2018-12-04T04:45:37","guid":{"rendered":"http:\/\/shop2.khowebseotop.vn\/?post_type=product&#038;p=1108"},"modified":"2018-12-05T22:16:07","modified_gmt":"2018-12-05T15:16:07","slug":"diem-xang-vinh-cuu-kem-moc-khoa-dang-cap","status":"publish","type":"product","link":"https:\/\/renren.vn\/w\/bachhoa12011\/san-pham\/diem-xang-vinh-cuu-kem-moc-khoa-dang-cap\/","title":{"rendered":"Di\u00eam x\u0103ng v\u0129nh c\u1eedu k\u00e8m m\u00f3c kh\u00f3a \u0111\u1eb3ng c\u1ea5p"},"content":{"rendered":"<h2>Di\u00eam x\u0103ng v\u0129nh c\u1eedu k\u00e8m m\u00f3c kh\u00f3a \u0111\u1eb3ng c\u1ea5p<\/h2>\n<h3>???? ???? ???? <strong>Di\u00eam x\u0103ng v\u0129nh c\u1eedu k\u00e8m m\u00f3c kh\u00f3a \u0111\u1eb3ng c\u1ea5p Honest \u2013 Que di\u00eam b\u1ea5t ch\u1ea5p m\u1ecdi th\u1eddi ti\u1ebft<\/strong><\/h3>\n<p>???? DI\u00caM V\u00d4 H\u1ea0N \u2013 QU\u1eb8T H\u00c0NG NGH\u00ccN L\u1ea6N V\u1eaaN S\u00c1NG \u2013 PHAO C\u1ee8U SINH TRONG M\u1eccI T\u00ccNH HU\u1ed0NG<\/p>\n<p>???? \u0110\u1ed8C \u2013 \u0110\u1eb8P \u2013 CH\u1ea4T \u2013 M\u00ccNH B\u1ea0N C\u00d3 ????<br \/>\n\u2014\u2014\u2014\u2014\u2014\u2014\u2014\u2014\u2014\u2014\u2014\u2014\u2014\u2013<\/p>\n<h3>\u0110\u1eb7c \u0111i\u1ec3m n\u1ed5i b\u1eadt c\u1ee7a Di\u00eam x\u0103ng v\u0129nh c\u1eedu k\u00e8m m\u00f3c kh\u00f3a Honest<\/h3>\n<p>\u2705 Thi\u1ebft k\u1ebf 3 trong 1 v\u1eeba l\u00e0 b\u1eadt l\u1eeda , v\u1eeba l\u00e0 m\u00f3c kh\u00f3a , v\u1eeba l\u00e0 m\u1edf bia<br \/>\n\u2705 Kh\u00f4ng th\u1ea5m n\u01b0\u1edbc, ho\u1ea1t \u0111\u1ed9ng t\u1ed1t c\u1ea3 khi \u01b0\u1edbt ho\u1eb7c l\u1ea1nh.<br \/>\n\u2705 S\u1eed d\u1ee5ng \u0111\u01b0\u1ee3c \u1edf m\u1ecdi n\u01a1i, m\u1ecdi l\u00fac v\u00e0 m\u1ecdi \u0111i\u1ec1u ki\u1ec7n: C\u1eafm tr\u1ea1i. \u0110i b\u1ed9 \u0111\u01b0\u1eddng d\u00e0i, \u0110i ph\u01b0\u1ee3t\u2026<br \/>\n\u2705 H\u00ecnh d\u1ea1ng nh\u1ecf, tr\u1ecdng l\u01b0\u1ee3ng nh\u1eb9, ti\u1ebft ki\u1ec7m kh\u00f4ng gian v\u00e0 d\u1ec5 mang theo b\u00ean m\u00ecnh nh\u01b0 l\u00e0 chi\u1ebfc m\u00f3c kh\u00f3a.<br \/>\n\u2705 \u0110\u01b0\u1ee3c ch\u1ebf t\u1ea1o t\u1eeb TH\u00c9P KH\u00d4NG R\u1ec8 ch\u1ea5t l\u01b0\u1ee3ng cao, \u0111\u1ea3m b\u1ea3o m\u1ed9t c\u00f4ng c\u1ee5 l\u00e2u d\u00e0i v\u00e0 b\u1ec1n b\u1ec9.<br \/>\n\u2705 B\u1eadt n\u1eafp chai bia, n\u01b0\u1edbc ng\u1ecdt\u2026..<br \/>\n\u2014\u2014\u2014\u2014\u2014\u2014\u2014\u2014\u2014\u2014\u2014\u2014\u2014\u2013<br \/>\n<strong>C\u00c1CH S\u1eec D\u1ee4NG DI\u00caM X\u0102NG V\u0128NH C\u1eecU K\u00c8M M\u00d3C KH\u00d3A :<\/strong><\/p>\n<p>1. Th\u00e1o thanh di\u00eam ra kh\u1ecfi h\u1ed9p \u0111\u1ef1ng.<br \/>\n2. C\u1ea1o m\u1eb7t \u0111\u00e1 \u0111en cho \u0111\u1ebfn khi n\u00f3 b\u00f3ng l\u00ean.<br \/>\n3. B\u01a1m nhi\u00ean li\u1ec7u cho h\u1ed9p di\u00eam.<br \/>\n4. Cho thanh di\u00eam tr\u1edf l\u1ea1i trong h\u1ed9p \u0111\u1ef1ng.<br \/>\n5. Qu\u1eb9t v\u00e0o b\u1ec1 m\u1eb7t \u0111\u00e1 cho t\u1edbi khi l\u1eeda l\u00ean.<\/p>\n<p>???? ???? ???? Cam k\u1ebft c\u1ee7a Shop:<\/p>\n<p>\u2705 V\u1eadn chuy\u1ec3n to\u00e0n qu\u1ed1c + thanh to\u00e1n T\u1ea0I NH\u00c0<br \/>\n\u2705 Gi\u1ed1ng h\u00ecnh 100% &#8211; Kh\u00f4ng gi\u1ed1ng HO\u00c0N L\u1ea0I TI\u1ec0N<br \/>\n????\u27a1\u27a1\u27a1\u3010\u0110\u1eb6T H\u00c0NG NGAY \u0110\u1ec2 NH\u1eacN \u01afU \u0110\u00c3I KH\u1ee6NG!\u3011<\/p>\n<p><a href=\"http:\/\/shop2.khowebseotop.vn\/wp-content\/uploads\/2018\/12\/Diem-xang-vinh-cuu-kem-moc-khoa-dang-cap-4.jpg\"><img loading=\"lazy\" class=\"alignnone size-full wp-image-1104\" src=\"http:\/\/shop2.khowebseotop.vn\/wp-content\/uploads\/2018\/12\/Diem-xang-vinh-cuu-kem-moc-khoa-dang-cap-4.jpg\" alt=\"\" width=\"750\" height=\"631\" srcset=\"https:\/\/renren.vn\/w\/bachhoa12011\/wp-content\/uploads\/2018\/12\/Diem-xang-vinh-cuu-kem-moc-khoa-dang-cap-4.jpg 750w, https:\/\/renren.vn\/w\/bachhoa12011\/wp-content\/uploads\/2018\/12\/Diem-xang-vinh-cuu-kem-moc-khoa-dang-cap-4-510x429.jpg 510w, https:\/\/renren.vn\/w\/bachhoa12011\/wp-content\/uploads\/2018\/12\/Diem-xang-vinh-cuu-kem-moc-khoa-dang-cap-4-300x252.jpg 300w\" sizes=\"(max-width: 750px) 100vw, 750px\" \/><\/a><\/p>\n<p><a href=\"http:\/\/shop2.khowebseotop.vn\/wp-content\/uploads\/2018\/12\/Diem-xang-vinh-cuu-kem-moc-khoa-dang-cap-7.jpg\"><img loading=\"lazy\" class=\"alignnone size-full wp-image-1107\" src=\"http:\/\/shop2.khowebseotop.vn\/wp-content\/uploads\/2018\/12\/Diem-xang-vinh-cuu-kem-moc-khoa-dang-cap-7.jpg\" alt=\"Di\u00eam x\u0103ng v\u0129nh c\u1eedu k\u00e8m m\u00f3c kh\u00f3a \u0111\u1eb3ng c\u1ea5p\" width=\"750\" height=\"558\" srcset=\"https:\/\/renren.vn\/w\/bachhoa12011\/wp-content\/uploads\/2018\/12\/Diem-xang-vinh-cuu-kem-moc-khoa-dang-cap-7.jpg 750w, https:\/\/renren.vn\/w\/bachhoa12011\/wp-content\/uploads\/2018\/12\/Diem-xang-vinh-cuu-kem-moc-khoa-dang-cap-7-510x379.jpg 510w, https:\/\/renren.vn\/w\/bachhoa12011\/wp-content\/uploads\/2018\/12\/Diem-xang-vinh-cuu-kem-moc-khoa-dang-cap-7-300x223.jpg 300w\" sizes=\"(max-width: 750px) 100vw, 750px\" \/><\/a><\/p>\n<p><a href=\"http:\/\/shop2.khowebseotop.vn\/wp-content\/uploads\/2018\/12\/Diem-xang-vinh-cuu-kem-moc-khoa-dang-cap-6.jpg\"><img loading=\"lazy\" class=\"alignnone size-full wp-image-1106\" src=\"http:\/\/shop2.khowebseotop.vn\/wp-content\/uploads\/2018\/12\/Diem-xang-vinh-cuu-kem-moc-khoa-dang-cap-6.jpg\" alt=\"Di\u00eam x\u0103ng v\u0129nh c\u1eedu k\u00e8m m\u00f3c kh\u00f3a \u0111\u1eb3ng c\u1ea5p\" width=\"750\" height=\"586\" srcset=\"https:\/\/renren.vn\/w\/bachhoa12011\/wp-content\/uploads\/2018\/12\/Diem-xang-vinh-cuu-kem-moc-khoa-dang-cap-6.jpg 750w, https:\/\/renren.vn\/w\/bachhoa12011\/wp-content\/uploads\/2018\/12\/Diem-xang-vinh-cuu-kem-moc-khoa-dang-cap-6-510x398.jpg 510w, https:\/\/renren.vn\/w\/bachhoa12011\/wp-content\/uploads\/2018\/12\/Diem-xang-vinh-cuu-kem-moc-khoa-dang-cap-6-300x234.jpg 300w\" sizes=\"(max-width: 750px) 100vw, 750px\" \/><\/a><\/p>\n<p><a href=\"http:\/\/shop2.khowebseotop.vn\/wp-content\/uploads\/2018\/12\/Diem-xang-vinh-cuu-kem-moc-khoa-dang-cap-5.jpg\"><img loading=\"lazy\" class=\"alignnone size-full wp-image-1105\" src=\"http:\/\/shop2.khowebseotop.vn\/wp-content\/uploads\/2018\/12\/Diem-xang-vinh-cuu-kem-moc-khoa-dang-cap-5.jpg\" alt=\"B\u00e1n s\u1ec9 Di\u00eam x\u0103ng v\u0129nh c\u1eedu k\u00e8m m\u00f3c kh\u00f3a \u0111\u1eb3ng c\u1ea5p\" width=\"750\" height=\"732\" srcset=\"https:\/\/renren.vn\/w\/bachhoa12011\/wp-content\/uploads\/2018\/12\/Diem-xang-vinh-cuu-kem-moc-khoa-dang-cap-5.jpg 750w, https:\/\/renren.vn\/w\/bachhoa12011\/wp-content\/uploads\/2018\/12\/Diem-xang-vinh-cuu-kem-moc-khoa-dang-cap-5-510x498.jpg 510w, https:\/\/renren.vn\/w\/bachhoa12011\/wp-content\/uploads\/2018\/12\/Diem-xang-vinh-cuu-kem-moc-khoa-dang-cap-5-300x293.jpg 300w\" sizes=\"(max-width: 750px) 100vw, 750px\" \/><\/a><\/p>\n<p><a href=\"http:\/\/shop2.khowebseotop.vn\/wp-content\/uploads\/2018\/12\/Diem-xang-vinh-cuu-kem-moc-khoa-dang-cap-2.jpg\"><img loading=\"lazy\" class=\"alignnone size-full wp-image-1102\" src=\"http:\/\/shop2.khowebseotop.vn\/wp-content\/uploads\/2018\/12\/Diem-xang-vinh-cuu-kem-moc-khoa-dang-cap-2.jpg\" alt=\"B\u00e1n s\u1ec9 Di\u00eam x\u0103ng v\u0129nh c\u1eedu k\u00e8m m\u00f3c kh\u00f3a \u0111\u1eb3ng c\u1ea5p\" width=\"750\" height=\"750\" srcset=\"https:\/\/renren.vn\/w\/bachhoa12011\/wp-content\/uploads\/2018\/12\/Diem-xang-vinh-cuu-kem-moc-khoa-dang-cap-2.jpg 750w, https:\/\/renren.vn\/w\/bachhoa12011\/wp-content\/uploads\/2018\/12\/Diem-xang-vinh-cuu-kem-moc-khoa-dang-cap-2-510x510.jpg 510w, https:\/\/renren.vn\/w\/bachhoa12011\/wp-content\/uploads\/2018\/12\/Diem-xang-vinh-cuu-kem-moc-khoa-dang-cap-2-150x150.jpg 150w, https:\/\/renren.vn\/w\/bachhoa12011\/wp-content\/uploads\/2018\/12\/Diem-xang-vinh-cuu-kem-moc-khoa-dang-cap-2-300x300.jpg 300w, https:\/\/renren.vn\/w\/bachhoa12011\/wp-content\/uploads\/2018\/12\/Diem-xang-vinh-cuu-kem-moc-khoa-dang-cap-2-100x100.jpg 100w\" sizes=\"(max-width: 750px) 100vw, 750px\" \/><\/a><\/p>\n<p><a href=\"http:\/\/shop2.khowebseotop.vn\/wp-content\/uploads\/2018\/12\/Diem-xang-vinh-cuu-kem-moc-khoa-dang-cap-1.jpg\"><img loading=\"lazy\" class=\"alignnone size-full wp-image-1101\" src=\"http:\/\/shop2.khowebseotop.vn\/wp-content\/uploads\/2018\/12\/Diem-xang-vinh-cuu-kem-moc-khoa-dang-cap-1.jpg\" alt=\"B\u00e1n bu\u00f4n Di\u00eam x\u0103ng v\u0129nh c\u1eedu k\u00e8m m\u00f3c kh\u00f3a \u0111\u1eb3ng c\u1ea5p\" width=\"750\" height=\"719\" srcset=\"https:\/\/renren.vn\/w\/bachhoa12011\/wp-content\/uploads\/2018\/12\/Diem-xang-vinh-cuu-kem-moc-khoa-dang-cap-1.jpg 750w, https:\/\/renren.vn\/w\/bachhoa12011\/wp-content\/uploads\/2018\/12\/Diem-xang-vinh-cuu-kem-moc-khoa-dang-cap-1-510x489.jpg 510w, https:\/\/renren.vn\/w\/bachhoa12011\/wp-content\/uploads\/2018\/12\/Diem-xang-vinh-cuu-kem-moc-khoa-dang-cap-1-300x288.jpg 300w\" sizes=\"(max-width: 750px) 100vw, 750px\" \/><\/a><\/p>\n<p><a href=\"http:\/\/shop2.khowebseotop.vn\/wp-content\/uploads\/2018\/12\/Diem-xang-vinh-cuu-kem-moc-khoa-dang-cap-3.jpg\"><img loading=\"lazy\" class=\"alignnone size-full wp-image-1103\" src=\"http:\/\/shop2.khowebseotop.vn\/wp-content\/uploads\/2018\/12\/Diem-xang-vinh-cuu-kem-moc-khoa-dang-cap-3.jpg\" alt=\"B\u00e1n bu\u00f4n Di\u00eam x\u0103ng v\u0129nh c\u1eedu k\u00e8m m\u00f3c kh\u00f3a \u0111\u1eb3ng c\u1ea5p\" width=\"750\" height=\"649\" srcset=\"https:\/\/renren.vn\/w\/bachhoa12011\/wp-content\/uploads\/2018\/12\/Diem-xang-vinh-cuu-kem-moc-khoa-dang-cap-3.jpg 750w, https:\/\/renren.vn\/w\/bachhoa12011\/wp-content\/uploads\/2018\/12\/Diem-xang-vinh-cuu-kem-moc-khoa-dang-cap-3-510x441.jpg 510w, https:\/\/renren.vn\/w\/bachhoa12011\/wp-content\/uploads\/2018\/12\/Diem-xang-vinh-cuu-kem-moc-khoa-dang-cap-3-300x260.jpg 300w\" sizes=\"(max-width: 750px) 100vw, 750px\" \/><\/a><\/p>\n<p>Xem th\u00eam : <a href=\"http:\/\/shop2.khowebseotop.vn\/do-gia-dung-tien-ich\/\">\u0110\u1ed3 gia d\u1ee5ng ti\u1ec7n \u00edch<\/a><\/p>\n","protected":false},"excerpt":{"rendered":"<p>\u2705 Thi\u1ebft k\u1ebf 3 trong 1 v\u1eeba l\u00e0 b\u1eadt l\u1eeda , v\u1eeba l\u00e0 m\u00f3c kh\u00f3a , v\u1eeba l\u00e0 m\u1edf bia<br \/>\n\u2705 Kh\u00f4ng th\u1ea5m n\u01b0\u1edbc, ho\u1ea1t \u0111\u1ed9ng t\u1ed1t c\u1ea3 khi \u01b0\u1edbt ho\u1eb7c l\u1ea1nh.<br \/>\n\u2705 S\u1eed d\u1ee5ng \u0111\u01b0\u1ee3c \u1edf m\u1ecdi n\u01a1i, m\u1ecdi l\u00fac v\u00e0 m\u1ecdi \u0111i\u1ec1u ki\u1ec7n: C\u1eafm tr\u1ea1i. \u0110i b\u1ed9 \u0111\u01b0\u1eddng d\u00e0i, \u0110i ph\u01b0\u1ee3t\u2026<br \/>\n\u2705 H\u00ecnh d\u1ea1ng nh\u1ecf, tr\u1ecdng l\u01b0\u1ee3ng nh\u1eb9, ti\u1ebft ki\u1ec7m kh\u00f4ng gian v\u00e0 d\u1ec5 mang theo b\u00ean m\u00ecnh nh\u01b0 l\u00e0 chi\u1ebfc m\u00f3c kh\u00f3a.<br \/>\n\u2705 \u0110\u01b0\u1ee3c ch\u1ebf t\u1ea1o t\u1eeb TH\u00c9P KH\u00d4NG R\u1ec8 ch\u1ea5t l\u01b0\u1ee3ng cao, \u0111\u1ea3m b\u1ea3o m\u1ed9t c\u00f4ng c\u1ee5 l\u00e2u d\u00e0i v\u00e0 b\u1ec1n b\u1ec9.<br \/>\n\u2705 B\u1eadt n\u1eafp chai bia, n\u01b0\u1edbc ng\u1ecdt\u2026..<\/p>\n","protected":false},"featured_media":1104,"comment_status":"open","ping_status":"closed","template":"","meta":[],"_links":{"self":[{"href":"https:\/\/renren.vn\/w\/bachhoa12011\/wp-json\/wp\/v2\/product\/1108"}],"collection":[{"href":"https:\/\/renren.vn\/w\/bachhoa12011\/wp-json\/wp\/v2\/product"}],"about":[{"href":"https:\/\/renren.vn\/w\/bachhoa12011\/wp-json\/wp\/v2\/types\/product"}],"replies":[{"embeddable":true,"href":"https:\/\/renren.vn\/w\/bachhoa12011\/wp-json\/wp\/v2\/comments?post=1108"}],"wp:featuredmedia":[{"embeddable":true,"href":"https:\/\/renren.vn\/w\/bachhoa12011\/wp-json\/wp\/v2\/media\/1104"}],"wp:attachment":[{"href":"https:\/\/renren.vn\/w\/bachhoa12011\/wp-json\/wp\/v2\/media?parent=1108"}],"curies":[{"name":"wp","href":"https:\/\/api.w.org\/{rel}","templated":true}]}}