{"id":1094,"date":"2018-12-06T17:24:34","date_gmt":"2018-12-06T10:24:34","guid":{"rendered":"http:\/\/shop2.khowebseotop.vn\/?post_type=product&#038;p=1094"},"modified":"2018-12-06T17:51:00","modified_gmt":"2018-12-06T10:51:00","slug":"den-trang-tri-slide-shower-12-ban-trinh-chieu-the-he-moi","status":"publish","type":"product","link":"https:\/\/renren.vn\/w\/bachhoa12011\/san-pham\/den-trang-tri-slide-shower-12-ban-trinh-chieu-the-he-moi\/","title":{"rendered":"\u0110\u00e8n trang tr\u00ed Slide Shower 12 b\u1ea3n tr\u00ecnh chi\u1ebfu th\u1ebf h\u1ec7 m\u1edbi"},"content":{"rendered":"<h2>\u0110\u00e8n trang tr\u00ed Slide Shower 12 b\u1ea3n tr\u00ecnh chi\u1ebfu th\u1ebf h\u1ec7 m\u1edbi<\/h2>\n<p>Gi\u00e1ng sinh \u0111\u1ebfn r\u1ed3i ! B\u1ea1n \u0111\u00e3 chu\u1ea9n b\u1ecb g\u00ec \u0111\u1ec3 trang ho\u00e0ng l\u1ea1i kh\u00f4ng gian cho ng\u00f4i nh\u00e0 c\u1ee7a m\u00ecnh . Vua ti\u1ec7n \u00edch xin gi\u1edbi thi\u1ec7u m\u1eabu <em><strong>\u0111\u00e8n trang tr\u00ed Laser Slide Shower th\u1ebf h\u1ec7 m\u1edbi n\u0103m 2019<\/strong><\/em> v\u1edbi 12 b\u1ea3n tr\u00ecnh chi\u1ebfu \u0111\u1ed9c \u0111\u00e1o kh\u00e1c nhau s\u1ebd khi\u1ebfn cho ng\u00f4i nh\u00e0 c\u1ee7a b\u1ea1n tr\u1edf n\u00ean n\u1ed5i b\u1eadt h\u01a1n bao gi\u1edd h\u1ebft .<\/p>\n<p><strong>CH\u01af\u01a0NG TR\u00ccNH KHUY\u1ebeN M\u00c3I GI\u1ea2M GI\u00c1 CH\u00c0O M\u1eeaNG GI\u00c1NG SINH V\u00c0 N\u0102M M\u1edaI KHI MUA \u0110\u00c8N TRANG TR\u00cd SLIDE SHOWER : GI\u00c1 T\u1eea 650K GI\u1ea2M C\u00d2N 499k. \u0110\u1eb6C BI\u1ec6T KHI MUA S\u1ea2N PH\u1ea8M TRONG TH\u1edcI GIAN N\u00c0Y QU\u00dd KH\u00c1CH H\u00c0NG C\u00d2N \u0110\u01af\u1ee2C MI\u1ec4N PH\u00cd V\u1eacN CHUY\u1ec2N .<\/strong><\/p>\n<p><a href=\"http:\/\/shop2.khowebseotop.vn\/wp-content\/uploads\/2018\/12\/Den-trang-tri-Slide-Shower-the-he-moi-2.jpg\"><img loading=\"lazy\" class=\"alignnone wp-image-1091 size-full\" src=\"http:\/\/shop2.khowebseotop.vn\/wp-content\/uploads\/2018\/12\/Den-trang-tri-Slide-Shower-the-he-moi-2.jpg\" alt=\"\u0110\u00e8n trang tr\u00ed Slide Shower 12 b\u1ea3n tr\u00ecnh chi\u1ebfu th\u1ebf h\u1ec7 m\u1edbi\" width=\"800\" height=\"800\" srcset=\"https:\/\/renren.vn\/w\/bachhoa12011\/wp-content\/uploads\/2018\/12\/Den-trang-tri-Slide-Shower-the-he-moi-2.jpg 800w, https:\/\/renren.vn\/w\/bachhoa12011\/wp-content\/uploads\/2018\/12\/Den-trang-tri-Slide-Shower-the-he-moi-2-510x510.jpg 510w, https:\/\/renren.vn\/w\/bachhoa12011\/wp-content\/uploads\/2018\/12\/Den-trang-tri-Slide-Shower-the-he-moi-2-150x150.jpg 150w, https:\/\/renren.vn\/w\/bachhoa12011\/wp-content\/uploads\/2018\/12\/Den-trang-tri-Slide-Shower-the-he-moi-2-300x300.jpg 300w, https:\/\/renren.vn\/w\/bachhoa12011\/wp-content\/uploads\/2018\/12\/Den-trang-tri-Slide-Shower-the-he-moi-2-768x768.jpg 768w, https:\/\/renren.vn\/w\/bachhoa12011\/wp-content\/uploads\/2018\/12\/Den-trang-tri-Slide-Shower-the-he-moi-2-100x100.jpg 100w\" sizes=\"(max-width: 800px) 100vw, 800px\" \/><\/a><\/p>\n<p><strong>VIDEO S\u1ea2N PH\u1ea8M :<\/strong><\/p>\n<p><iframe src=\"\/wp-content\/uploads\/2018\/12\/Den-trang-tri-Slide-Shower-the-he-moi-5.jpg\"><img loading=\"lazy\" class=\"alignnone wp-image-1096 size-full\" src=\"http:\/\/shop2.khowebseotop.vn\/wp-content\/uploads\/2018\/12\/Den-trang-tri-Slide-Shower-the-he-moi-5.jpg\" alt=\"\u0110\u00e8n trang tr\u00ed Slide Shower 12 b\u1ea3n tr\u00ecnh chi\u1ebfu th\u1ebf h\u1ec7 m\u1edbi\" width=\"800\" height=\"800\" srcset=\"https:\/\/renren.vn\/w\/bachhoa12011\/wp-content\/uploads\/2018\/12\/Den-trang-tri-Slide-Shower-the-he-moi-5.jpg 800w, https:\/\/renren.vn\/w\/bachhoa12011\/wp-content\/uploads\/2018\/12\/Den-trang-tri-Slide-Shower-the-he-moi-5-510x510.jpg 510w, https:\/\/renren.vn\/w\/bachhoa12011\/wp-content\/uploads\/2018\/12\/Den-trang-tri-Slide-Shower-the-he-moi-5-150x150.jpg 150w, https:\/\/renren.vn\/w\/bachhoa12011\/wp-content\/uploads\/2018\/12\/Den-trang-tri-Slide-Shower-the-he-moi-5-300x300.jpg 300w, https:\/\/renren.vn\/w\/bachhoa12011\/wp-content\/uploads\/2018\/12\/Den-trang-tri-Slide-Shower-the-he-moi-5-768x768.jpg 768w, https:\/\/renren.vn\/w\/bachhoa12011\/wp-content\/uploads\/2018\/12\/Den-trang-tri-Slide-Shower-the-he-moi-5-100x100.jpg 100w\" sizes=\"(max-width: 800px) 100vw, 800px\" \/><\/a><\/p>\n<p><strong>\u0110\u00e8n trang tr\u00ed Slide Shower<\/strong> c\u00f3 c\u00e1c slide \u0111\u1ea7y \u0111\u1ee7 m\u00e0u s\u1eafc ! Ch\u1ecdn t\u1eeb 6 trang tr\u00ecnh b\u00e0y Gi\u00e1ng sinh, 2 trang tr\u00ecnh b\u00e0y Halloween ho\u1eb7c 4 trang tr\u00ecnh b\u00e0y ng\u00e0y l\u1ec5. C\u00e1c trang tr\u00ecnh b\u00e0y ng\u00e0y l\u1ec5 c\u00f3 trang ph\u1ee5c Ph\u1ee5c sinh, trang tr\u00ecnh b\u00e0y y\u00eau n\u01b0\u1edbc, trang tr\u00ecnh b\u00e0y sinh nh\u1eadt v\u00e0 trang ph\u1ee5c Valentine. \u0110\u01b0\u1ee3c thi\u1ebft k\u1ebf v\u1edbi c\u00f4ng ngh\u1ec7 Slide Easy, \u0111\u00f3 l\u00e0 m\u1ed9t s\u1ef1 b\u00f9ng n\u1ed5 c\u1ee7a \u00e1nh s\u00e1ng v\u00e0 m\u00e0u s\u1eafc. M\u1ed9t \u0111\u1ed9ng c\u01a1 si\u00eau hi\u1ec7u qu\u1ea3 k\u1ebft h\u1ee3p v\u1edbi \u0111\u00e8n LED s\u00e1ng cho ph\u00e9p h\u00ecnh \u1ea3nh k\u1ef3 ngh\u1ec9 nh\u1ea3y m\u00faa tr\u00ean nh\u00e0 c\u1ee7a b\u1ea1n.<\/p>\n<p><a href=\"http:\/\/shop2.khowebseotop.vn\/wp-content\/uploads\/2018\/12\/Den-trang-tri-Slide-Shower-the-he-moi-4.jpg\"><img loading=\"lazy\" class=\"alignnone size-full wp-image-1095\" src=\"http:\/\/shop2.khowebseotop.vn\/wp-content\/uploads\/2018\/12\/Den-trang-tri-Slide-Shower-the-he-moi-4.jpg\" alt=\"B\u00e1n s\u1ec9 \u0110\u00e8n trang tr\u00ed Slide Shower 12 b\u1ea3n tr\u00ecnh chi\u1ebfu th\u1ebf h\u1ec7 m\u1edbi\" width=\"800\" height=\"800\" srcset=\"https:\/\/renren.vn\/w\/bachhoa12011\/wp-content\/uploads\/2018\/12\/Den-trang-tri-Slide-Shower-the-he-moi-4.jpg 800w, https:\/\/renren.vn\/w\/bachhoa12011\/wp-content\/uploads\/2018\/12\/Den-trang-tri-Slide-Shower-the-he-moi-4-510x510.jpg 510w, https:\/\/renren.vn\/w\/bachhoa12011\/wp-content\/uploads\/2018\/12\/Den-trang-tri-Slide-Shower-the-he-moi-4-150x150.jpg 150w, https:\/\/renren.vn\/w\/bachhoa12011\/wp-content\/uploads\/2018\/12\/Den-trang-tri-Slide-Shower-the-he-moi-4-300x300.jpg 300w, https:\/\/renren.vn\/w\/bachhoa12011\/wp-content\/uploads\/2018\/12\/Den-trang-tri-Slide-Shower-the-he-moi-4-768x768.jpg 768w, https:\/\/renren.vn\/w\/bachhoa12011\/wp-content\/uploads\/2018\/12\/Den-trang-tri-Slide-Shower-the-he-moi-4-100x100.jpg 100w\" sizes=\"(max-width: 800px) 100vw, 800px\" \/><\/a><\/p>\n<h3>\u0110\u1eb7c \u0111i\u1ec3m n\u1ed5i b\u1eadt c\u1ee7a \u0111\u00e8n trang tr\u00ed Slide Shower<\/h3>\n<p>\u2705 Trang ho\u00e0ng nh\u00e0 c\u1eeda c\u00f9ng 12 Slide v\u1edbi 6 ch\u1ee7 \u0111\u1ec1 : 2 ch\u1ee7 \u0111\u1ec1 Halloween &amp; 4 ch\u1ee7 \u0111\u1ec1 ng\u00e0y l\u1ec5<br \/>\n\u2705 V\u00f9ng bao ph\u1ee7 l\u1edbn &#8211; \u0110\u00e8n c\u00f3 t\u1ea7m bao ph\u1ee7 l\u00ean t\u1edbi 200m2<br \/>\n\u2705 D\u00f9ng \u0111\u01b0\u1ee3c ngo\u00e0i tr\u1eddi v\u00e0 trong nh\u00e0.<br \/>\n\u2705 Ch\u1ecbu \u0111\u01b0\u1ee3c nhi\u1ec7t \u0111\u1ed9 t\u1eeb -30\u00b0C &#8211; 100\u00b0C<br \/>\n\u2705 Bao g\u1ed3m 2 ch\u00e2n \u0111\u1ebf : ch\u00e2n \u0111\u1ebf c\u1eafm v\u00e0 ch\u00e2n \u0111\u1ebf \u0111\u1ec3 b\u00e0n<br \/>\n\u2705 2 ch\u00e2n \u0111\u1ebf \u0111i k\u00e8m gi\u00fap b\u1ea1n t\u00f9y bi\u1ebfn s\u1eed d\u1ee5ng trong m\u1ecdi kh\u00f4ng gian .<br \/>\n\u2705 \u0110\u1eb7c bi\u1ec7t \u0111\u00e8n r\u1ea5t Ti\u1ebft Ki\u1ec7m \u0111i\u1ec7n n\u0103ng ch\u1ec9 10W.<\/p>\n<p><a href=\"http:\/\/shop2.khowebseotop.vn\/wp-content\/uploads\/2018\/12\/Den-trang-tri-Slide-Shower-the-he-moi-3.jpg\"><img loading=\"lazy\" class=\"alignnone size-full wp-image-1097\" src=\"http:\/\/shop2.khowebseotop.vn\/wp-content\/uploads\/2018\/12\/Den-trang-tri-Slide-Shower-the-he-moi-3.jpg\" alt=\"\" width=\"800\" height=\"800\" srcset=\"https:\/\/renren.vn\/w\/bachhoa12011\/wp-content\/uploads\/2018\/12\/Den-trang-tri-Slide-Shower-the-he-moi-3.jpg 800w, https:\/\/renren.vn\/w\/bachhoa12011\/wp-content\/uploads\/2018\/12\/Den-trang-tri-Slide-Shower-the-he-moi-3-510x510.jpg 510w, https:\/\/renren.vn\/w\/bachhoa12011\/wp-content\/uploads\/2018\/12\/Den-trang-tri-Slide-Shower-the-he-moi-3-150x150.jpg 150w, https:\/\/renren.vn\/w\/bachhoa12011\/wp-content\/uploads\/2018\/12\/Den-trang-tri-Slide-Shower-the-he-moi-3-300x300.jpg 300w, https:\/\/renren.vn\/w\/bachhoa12011\/wp-content\/uploads\/2018\/12\/Den-trang-tri-Slide-Shower-the-he-moi-3-768x768.jpg 768w, https:\/\/renren.vn\/w\/bachhoa12011\/wp-content\/uploads\/2018\/12\/Den-trang-tri-Slide-Shower-the-he-moi-3-100x100.jpg 100w\" sizes=\"(max-width: 800px) 100vw, 800px\" \/><\/a><\/p>\n<p><a href=\"http:\/\/shop2.khowebseotop.vn\/wp-content\/uploads\/2018\/12\/Den-trang-tri-Slide-Shower-the-he-moi-1.jpg\"><img loading=\"lazy\" class=\"alignnone size-full wp-image-1090\" src=\"http:\/\/shop2.khowebseotop.vn\/wp-content\/uploads\/2018\/12\/Den-trang-tri-Slide-Shower-the-he-moi-1.jpg\" alt=\"\" width=\"800\" height=\"800\" srcset=\"https:\/\/renren.vn\/w\/bachhoa12011\/wp-content\/uploads\/2018\/12\/Den-trang-tri-Slide-Shower-the-he-moi-1.jpg 800w, https:\/\/renren.vn\/w\/bachhoa12011\/wp-content\/uploads\/2018\/12\/Den-trang-tri-Slide-Shower-the-he-moi-1-510x510.jpg 510w, https:\/\/renren.vn\/w\/bachhoa12011\/wp-content\/uploads\/2018\/12\/Den-trang-tri-Slide-Shower-the-he-moi-1-150x150.jpg 150w, https:\/\/renren.vn\/w\/bachhoa12011\/wp-content\/uploads\/2018\/12\/Den-trang-tri-Slide-Shower-the-he-moi-1-300x300.jpg 300w, https:\/\/renren.vn\/w\/bachhoa12011\/wp-content\/uploads\/2018\/12\/Den-trang-tri-Slide-Shower-the-he-moi-1-768x768.jpg 768w, https:\/\/renren.vn\/w\/bachhoa12011\/wp-content\/uploads\/2018\/12\/Den-trang-tri-Slide-Shower-the-he-moi-1-100x100.jpg 100w\" sizes=\"(max-width: 800px) 100vw, 800px\" \/><\/a><\/p>\n<p><strong>C\u00e1ch s\u1eed d\u1ee5ng :<\/strong><\/p>\n<p>Th\u1eadt \u0111\u01a1n gi\u1ea3n ! B\u1ea1n ch\u1ec9 c\u1ea7n g\u1eafn 1 trong 12 Slide v\u00e0o thanh tr\u00ecnh chi\u1ebfu v\u00e0 ch\u00e8n thanh tr\u00ecnh chi\u1ebfu v\u00e0o khe chi\u1ebfu . Sau \u0111\u00f3 b\u1eadt \u0111\u00e8n l\u00ean \u0111\u1ec3 c\u00f9ng t\u1eadn h\u01b0\u1edfng s\u1ef1 kh\u00e1c bi\u1ec7t .<\/p>\n<p><strong>L\u01b0u \u00fd :<\/strong> \u0110\u1ed9 bao ph\u1ee7 c\u1ee7a \u0111\u00e8n ph\u1ee5 thu\u1ed9c v\u00e0o kho\u1ea3ng c\u00e1ch t\u1eeb \u0111\u00e8n \u0111\u1ebfn \u0111i\u1ec3m chi\u1ebfu . Qu\u00fd kh\u00e1ch \u0111\u1ec3 c\u00e0ng xa \u0111\u1ed9 bao ph\u1ee7 c\u00e0ng r\u1ed9ng .<\/p>\n<p>Xem th\u00eam : <a href=\"http:\/\/shop2.khowebseotop.vn\/do-gia-dung-tien-ich\/\">\u0110\u1ed3 gia d\u1ee5ng ti\u1ec7n \u00edch<\/a><\/p>\n","protected":false},"excerpt":{"rendered":"<p>\u2705 Trang ho\u00e0ng nh\u00e0 c\u1eeda c\u00f9ng 12 Slide v\u1edbi 6 ch\u1ee7 \u0111\u1ec1 : 2 ch\u1ee7 \u0111\u1ec1 Halloween &#038; 4 ch\u1ee7 \u0111\u1ec1 ng\u00e0y l\u1ec5<br \/>\n\u2705 V\u00f9ng bao ph\u1ee7 l\u1edbn &#8211; \u0110\u00e8n c\u00f3 t\u1ea7m bao ph\u1ee7 l\u00ean t\u1edbi 200m2<br \/>\n\u2705 D\u00f9ng \u0111\u01b0\u1ee3c ngo\u00e0i tr\u1eddi v\u00e0 trong nh\u00e0.<br \/>\n\u2705 Ch\u1ecbu \u0111\u01b0\u1ee3c nhi\u1ec7t \u0111\u1ed9 t\u1eeb -30\u00b0C &#8211; 100\u00b0C<br \/>\n\u2705 Bao g\u1ed3m 2 ch\u00e2n \u0111\u1ebf : ch\u00e2n \u0111\u1ebf c\u1eafm v\u00e0 ch\u00e2n \u0111\u1ebf \u0111\u1ec3 b\u00e0n<br \/>\n\u2705 2 ch\u00e2n \u0111\u1ebf \u0111i k\u00e8m gi\u00fap b\u1ea1n t\u00f9y bi\u1ebfn s\u1eed d\u1ee5ng trong m\u1ecdi kh\u00f4ng gian .<br \/>\n\u2705 \u0110\u1eb7c bi\u1ec7t \u0111\u00e8n r\u1ea5t Ti\u1ebft Ki\u1ec7m \u0111i\u1ec7n n\u0103ng ch\u1ec9 10W.<\/p>\n","protected":false},"featured_media":1097,"comment_status":"open","ping_status":"closed","template":"","meta":[],"_links":{"self":[{"href":"https:\/\/renren.vn\/w\/bachhoa12011\/wp-json\/wp\/v2\/product\/1094"}],"collection":[{"href":"https:\/\/renren.vn\/w\/bachhoa12011\/wp-json\/wp\/v2\/product"}],"about":[{"href":"https:\/\/renren.vn\/w\/bachhoa12011\/wp-json\/wp\/v2\/types\/product"}],"replies":[{"embeddable":true,"href":"https:\/\/renren.vn\/w\/bachhoa12011\/wp-json\/wp\/v2\/comments?post=1094"}],"wp:featuredmedia":[{"embeddable":true,"href":"https:\/\/renren.vn\/w\/bachhoa12011\/wp-json\/wp\/v2\/media\/1097"}],"wp:attachment":[{"href":"https:\/\/renren.vn\/w\/bachhoa12011\/wp-json\/wp\/v2\/media?parent=1094"}],"curies":[{"name":"wp","href":"https:\/\/api.w.org\/{rel}","templated":true}]}}