{"id":98,"date":"2018-07-31T15:09:37","date_gmt":"2018-07-31T08:09:37","guid":{"rendered":"http:\/\/shop2.khowebseotop.vn\/?page_id=98"},"modified":"2018-11-24T16:35:15","modified_gmt":"2018-11-24T09:35:15","slug":"chinh-sach-dai-ly","status":"publish","type":"page","link":"https:\/\/renren.vn\/w\/bachhoa12011\/chinh-sach-dai-ly\/","title":{"rendered":"Ch\u00ednh s\u00e1ch \u0111\u1ea1i l\u00fd"},"content":{"rendered":"<p>V\u1edbi m\u1ee5c ti\u00eau t\u1ea1o ra nh\u1eefng tr\u1ea3i nghi\u1ec7m\u00a0mua s\u1eafm tr\u1ef1c tuy\u1ebfn\u00a0tuy\u1ec7t v\u1eddi, ch\u00fang t\u00f4i lu\u00f4n n\u1ed7 l\u1ef1c kh\u00f4ng ng\u1eebng nh\u1eb1m n\u00e2ng cao ch\u1ea5t l\u01b0\u1ee3ng d\u1ecbch v\u1ee5. Khi\u00a0mua h\u00e0ng qua m\u1ea1ng\u00a0t\u1ea1i Tiki.vn kh\u00e1ch h\u00e0ng s\u1ebd \u0111\u01b0\u1ee3c h\u01b0\u1edfng c\u00e1c ti\u1ec7n \u00edch nh\u01b0 sau:<\/p>\n<ul>\n<li>D\u1ecbch v\u1ee5 ch\u0103m s\u00f3c kh\u00e1ch h\u00e0ng t\u1eadn t\u00ecnh tr\u01b0\u1edbc-trong-sau khi mua h\u00e0ng, xuy\u00ean su\u1ed1t 7 ng\u00e0y\/tu\u1ea7n, t\u1eeb 8:00 \u0111\u1ebfn 21:00<\/li>\n<li>M\u1ee9c gi\u00e1 c\u1ea1nh tranh: h\u01a1n 90% s\u1ea3n ph\u1ea9m \u0111\u01b0\u1ee3c gi\u1ea3m gi\u00e1 t\u1eeb 10% tr\u1edf l\u00ean<\/li>\n<li>Giao h\u00e0ng mi\u1ec5n ph\u00ed (\u0111\u1ed1i v\u1edbi \u0111\u01a1n h\u00e0ng t\u1eeb 150.000\u0111 trong ph\u1ea1m vi TP.HCM v\u00e0 t\u1eeb 250.000\u0111 \u0111\u1ed1i v\u1edbi \u0111\u01a1n h\u00e0ng giao \u0111\u1ebfn c\u00e1c t\u1ec9nh th\u00e0nh kh\u00e1c thu\u1ed9c Vi\u1ec7t Nam)<\/li>\n<li>Ra m\u1eaft v\u00e0o th\u00e1ng 3 n\u0103m 2012, Lazada l\u00e0 \u0111\u1ecba ch\u1ec9 mua s\u1eafm v\u00e0 b\u00e1n h\u00e0ng tr\u1ef1c tuy\u1ebfn s\u1ed1 1 khu v\u1ef1c \u0110\u00f4ng Nam \u00c1 \u2013 hi\u1ec7n di\u1ec7n t\u1ea1i Indonesia, Malaysia, Philippines, Singapore, Th\u00e1i Lan v\u00e0 Vi\u1ec7t Nam. L\u00e0 doanh nghi\u1ec7p ti\u00ean phong trong l\u0129nh v\u1ef1c th\u01b0\u01a1ng m\u1ea1i \u0111i\u1ec7n t\u1eed t\u1ea1i \u0110\u00f4ng Nam \u00c1, Lazada \u0111\u00e3 k\u1ebft n\u1ed1i h\u01a1n 155,000 c\u00e1c nh\u00e0 b\u00e1n h\u00e0ng t\u1ea1i \u0111\u1ecba ph\u01b0\u01a1ng v\u00e0 b\u00ean ngo\u00e0i khu v\u1ef1c, c\u00f9ng v\u1edbi h\u01a1n 3,000 th\u01b0\u01a1ng hi\u1ec7u \u0111\u1ec3 ph\u1ee5c v\u1ee5 560 tri\u1ec7u kh\u00e1ch h\u00e0ng t\u1ea1i \u0110\u00f4ng Nam \u00c1 tr\u00ean n\u1ec1n t\u1ea3ng s\u00e0n giao d\u1ecbch (marketplace), c\u00f9ng v\u1edbi c\u00e1c gi\u1ea3i ph\u00e1p marketing, d\u1eef li\u1ec7u s\u1ed1 v\u00e0 nhi\u1ec1u d\u1ecbch v\u1ee5 th\u01b0\u01a1ng m\u1ea1i kh\u00e1c.\n<p data-spm-anchor-id=\"a2o4n.11531481.icms-5019644-1526365812889.i0.db802f249lHThY\">V\u1edbi h\u01a1n 300 tri\u1ec7u s\u1ea3n ph\u1ea9m, Lazada cung c\u1ea5p c\u00e1c s\u1ea3n ph\u1ea9m thu\u1ed9c nhi\u1ec1u ng\u00e0nh h\u00e0ng kh\u00e1c nhau t\u1eeb \u0111i\u1ec7n t\u1eed ti\u00eau d\u00f9ng t\u1edbi h\u00e0ng h\u00f3a nhu y\u1ebfu ph\u1ea9m, \u0111\u1ed3 ch\u01a1i, th\u1eddi trang, d\u1ee5ng c\u1ee5 th\u1ec3 thao v\u00e0 b\u00e1ch h\u00f3a ph\u1ea9m. L\u1ea5y tr\u1ecdng t\u00e2m v\u00e0o vi\u1ec7c \u0111em t\u1edbi cho kh\u00e1ch h\u00e0ng tr\u1ea3i nghi\u1ec7m mua s\u1eafm tuy\u1ec7t v\u1eddi, Lazada cho ph\u00e9p kh\u00e1ch h\u00e0ng thanh to\u00e1n d\u01b0\u1edbi nhi\u1ec1u h\u00ecnh th\u1ee9c kh\u00e1c nhau, bao g\u1ed3m c\u1ea3 thanh to\u00e1n ti\u1ec1n m\u1eb7t khi nh\u1eadn h\u00e0ng, c\u00e1c d\u1ecbch v\u1ee5 ch\u0103m s\u00f3c kh\u00e1ch h\u00e0ng chu \u0111\u00e1o v\u00e0 \u0111\u1ed5i tr\u1ea3 h\u00e0ng linh ho\u1ea1t, th\u00f4ng qua h\u1ec7 th\u1ed1ng giao nh\u1eadn c\u1ee7a ri\u00eang Lazada v\u00e0 h\u01a1n 100 \u0111\u1ed1i t\u00e1c v\u1eadn t\u1ea3i kh\u00e1c. T\u1eadp \u0111o\u00e0n Lazada hi\u1ec7n t\u1ea1i thu\u1ed9c s\u1edf h\u1eefu ch\u00ednh c\u1ee7a T\u1eadp \u0111o\u00e0n Alibaba (NYSE:BABA)<\/p>\n<\/li>\n<\/ul>\n","protected":false},"excerpt":{"rendered":"<p>V\u1edbi m\u1ee5c ti\u00eau t\u1ea1o ra nh\u1eefng tr\u1ea3i nghi\u1ec7m\u00a0mua s\u1eafm tr\u1ef1c tuy\u1ebfn\u00a0tuy\u1ec7t v\u1eddi, ch\u00fang t\u00f4i lu\u00f4n n\u1ed7 l\u1ef1c kh\u00f4ng ng\u1eebng nh\u1eb1m n\u00e2ng cao ch\u1ea5t l\u01b0\u1ee3ng d\u1ecbch v\u1ee5. Khi\u00a0mua h\u00e0ng qua m\u1ea1ng\u00a0t\u1ea1i Tiki.vn kh\u00e1ch h\u00e0ng s\u1ebd \u0111\u01b0\u1ee3c h\u01b0\u1edfng c\u00e1c ti\u1ec7n \u00edch nh\u01b0 sau: D\u1ecbch v\u1ee5 ch\u0103m s\u00f3c kh\u00e1ch h\u00e0ng t\u1eadn t\u00ecnh tr\u01b0\u1edbc-trong-sau khi mua h\u00e0ng, xuy\u00ean su\u1ed1t &#8230;<\/p>\n","protected":false},"author":3,"featured_media":0,"parent":0,"menu_order":0,"comment_status":"closed","ping_status":"closed","template":"page-right-sidebar.php","meta":[],"_links":{"self":[{"href":"https:\/\/renren.vn\/w\/bachhoa12011\/wp-json\/wp\/v2\/pages\/98"}],"collection":[{"href":"https:\/\/renren.vn\/w\/bachhoa12011\/wp-json\/wp\/v2\/pages"}],"about":[{"href":"https:\/\/renren.vn\/w\/bachhoa12011\/wp-json\/wp\/v2\/types\/page"}],"author":[{"embeddable":true,"href":"https:\/\/renren.vn\/w\/bachhoa12011\/wp-json\/wp\/v2\/users\/3"}],"replies":[{"embeddable":true,"href":"https:\/\/renren.vn\/w\/bachhoa12011\/wp-json\/wp\/v2\/comments?post=98"}],"version-history":[{"count":1,"href":"https:\/\/renren.vn\/w\/bachhoa12011\/wp-json\/wp\/v2\/pages\/98\/revisions"}],"predecessor-version":[{"id":1049,"href":"https:\/\/renren.vn\/w\/bachhoa12011\/wp-json\/wp\/v2\/pages\/98\/revisions\/1049"}],"wp:attachment":[{"href":"https:\/\/renren.vn\/w\/bachhoa12011\/wp-json\/wp\/v2\/media?parent=98"}],"curies":[{"name":"wp","href":"https:\/\/api.w.org\/{rel}","templated":true}]}}